{"id":1142,"date":"2022-02-03T10:46:03","date_gmt":"2022-02-03T09:46:03","guid":{"rendered":"https:\/\/villagesaintjoseph.org\/kerlevenez\/?page_id=1142"},"modified":"2022-02-03T10:48:29","modified_gmt":"2022-02-03T09:48:29","slug":"notre-newsletter","status":"publish","type":"page","link":"https:\/\/villagesaintjoseph.org\/kerlevenez\/notre-newsletter\/","title":{"rendered":"Notre newsletter"},"content":{"rendered":"\n<h2 class=\"wp-block-heading\">Inscrivez vous \u00e0 la newsletter de la Maison de Kerl\u00e9v\u00e9nez en remplissant le formulaire ci dessous<\/h2>\n\n\n<script>(function() {\n\twindow.mc4wp = window.mc4wp || {\n\t\tlisteners: [],\n\t\tforms: {\n\t\t\ton: function(evt, cb) {\n\t\t\t\twindow.mc4wp.listeners.push(\n\t\t\t\t\t{\n\t\t\t\t\t\tevent   : evt,\n\t\t\t\t\t\tcallback: cb\n\t\t\t\t\t}\n\t\t\t\t);\n\t\t\t}\n\t\t}\n\t}\n})();\n<\/script><!-- Mailchimp for WordPress v4.9.19 - https:\/\/wordpress.org\/plugins\/mailchimp-for-wp\/ --><form id=\"mc4wp-form-1\" class=\"mc4wp-form mc4wp-form-904\" method=\"post\" data-id=\"904\" data-name=\"Newsletter Kerlevenez\" ><div class=\"mc4wp-form-fields\"><!-- Begin Mailchimp Signup Form -->\r\n<link href=\"\/\/cdn-images.mailchimp.com\/embedcode\/classic-10_7_dtp.css\" rel=\"stylesheet\" type=\"text\/css\">\r\n<style type=\"text\/css\">\r\n\t#mc_embed_signup{background:#fff; clear:left; font:14px Helvetica,Arial,sans-serif; }\r\n\t\/* Add your own Mailchimp form style overrides in your site stylesheet or in this style block.\r\n\t   We recommend moving this block and the preceding CSS link to the HEAD of your HTML file. *\/\r\n<\/style>\r\n<div id=\"mc_embed_signup\">\r\n\r\n    <div id=\"mc_embed_signup_scroll\">\r\n\t\r\n<div class=\"indicates-required\"><span class=\"asterisk\">*<\/span> indicates required<\/div>\r\n<div class=\"mc-field-group\">\r\n\t<label for=\"mce-EMAIL\">Email Address  <span class=\"asterisk\">*<\/span>\r\n<\/label>\r\n\t<input type=\"email\" value=\"\" name=\"EMAIL\" class=\"required email\" id=\"mce-EMAIL\">\r\n<\/div>\r\n<div class=\"mc-field-group\">\r\n\t<label for=\"mce-NO\">NOM  <span class=\"asterisk\">*<\/span>\r\n<\/label>\r\n\t<input type=\"text\" value=\"\" name=\"NO\" class=\"required\" id=\"mce-NO\">\r\n<\/div>\r\n<div class=\"mc-field-group\">\r\n\t<label for=\"mce-PRENOM\">Pr\u00e9nom  <span class=\"asterisk\">*<\/span>\r\n<\/label>\r\n\t<input type=\"text\" value=\"\" name=\"PRENOM\" class=\"required\" id=\"mce-PRENOM\">\r\n<\/div>\r\n<div class=\"mc-field-group size1of2\">\r\n\t<label for=\"mce-TELEPHONE\">Num\u00e9ro de t\u00e9l\u00e9phone <\/label>\r\n\t<input type=\"text\" name=\"TELEPHONE\" class=\"\" value=\"\" id=\"mce-TELEPHONE\">\r\n<\/div>\r\n<div class=\"mc-address-group\">\r\n\t<div class=\"mc-field-group\">\r\n\t    <label for=\"mce-ADRESSE-addr1\">Adresse <\/label>\r\n\t\t<input type=\"text\" value=\"\" maxlength=\"70\" name=\"ADRESSE[addr1]\" id=\"mce-ADRESSE-addr1\" class=\"\">\r\n\t<\/div>\r\n\t<div class=\"mc-field-group\">\r\n\t    <label for=\"mce-ADRESSE-addr2\">Address Line 2<\/label>\r\n\t\t<input type=\"text\" value=\"\" maxlength=\"70\" name=\"ADRESSE[addr2]\" id=\"mce-ADRESSE-addr2\">\t\t\r\n\t<\/div>\r\n\t<div class=\"mc-field-group size1of2\">\r\n\t    <label for=\"mce-ADRESSE-city\">City<\/label>\r\n\t\t<input type=\"text\" value=\"\" maxlength=\"40\" name=\"ADRESSE[city]\" id=\"mce-ADRESSE-city\" class=\"\">\r\n\t<\/div>\r\n\t<div class=\"mc-field-group size1of2\">\r\n\t    <label for=\"mce-ADRESSE-state\">State\/Province\/Region<\/label>\r\n\t<input type=\"text\" value=\"\" maxlength=\"20\" name=\"ADRESSE[state]\" id=\"mce-ADRESSE-state\" class=\"\">\r\n\t<\/div>\r\n\t<div class=\"mc-field-group size1of2\">\r\n\t    <label for=\"mce-ADRESSE-zip\">Postal \/ Zip Code<\/label>\r\n\t\t<input type=\"text\" value=\"\" maxlength=\"10\" name=\"ADRESSE[zip]\" id=\"mce-ADRESSE-zip\" class=\"\">\r\n\t<\/div>\r\n\t<div class=\"mc-field-group size1of2\">\r\n\t    <label for=\"mce-ADRESSE-country\">Country<\/label>\r\n\t\t<select name=\"ADRESSE[country]\" id=\"mce-ADRESSE-country\" class=\"\"><option value=\"164\">USA<\/option><option value=\"286\">Aaland Islands<\/option><option value=\"274\">Afghanistan<\/option><option value=\"2\">Albania<\/option><option value=\"3\">Algeria<\/option><option value=\"178\">American Samoa<\/option><option value=\"4\">Andorra<\/option><option value=\"5\">Angola<\/option><option value=\"176\">Anguilla<\/option><option value=\"175\">Antigua And Barbuda<\/option><option value=\"6\">Argentina<\/option><option value=\"7\">Armenia<\/option><option value=\"179\">Aruba<\/option><option value=\"8\">Australia<\/option><option value=\"9\">Austria<\/option><option value=\"10\">Azerbaijan<\/option><option value=\"11\">Bahamas<\/option><option value=\"12\">Bahrain<\/option><option value=\"13\">Bangladesh<\/option><option value=\"14\">Barbados<\/option><option value=\"15\">Belarus<\/option><option value=\"16\">Belgium<\/option><option value=\"17\">Belize<\/option><option value=\"18\">Benin<\/option><option value=\"19\">Bermuda<\/option><option value=\"20\">Bhutan<\/option><option value=\"21\">Bolivia<\/option><option value=\"325\">Bonaire, Saint Eustatius and Saba<\/option><option value=\"22\">Bosnia and Herzegovina<\/option><option value=\"23\">Botswana<\/option><option value=\"181\">Bouvet Island<\/option><option value=\"24\">Brazil<\/option><option value=\"180\">Brunei Darussalam<\/option><option value=\"25\">Bulgaria<\/option><option value=\"26\">Burkina Faso<\/option><option value=\"27\">Burundi<\/option><option value=\"28\">Cambodia<\/option><option value=\"29\">Cameroon<\/option><option value=\"30\">Canada<\/option><option value=\"31\">Cape Verde<\/option><option value=\"32\">Cayman Islands<\/option><option value=\"33\">Central African Republic<\/option><option value=\"34\">Chad<\/option><option value=\"35\">Chile<\/option><option value=\"36\">China<\/option><option value=\"185\">Christmas Island<\/option><option value=\"37\">Colombia<\/option><option value=\"204\">Comoros<\/option><option value=\"38\">Congo<\/option><option value=\"183\">Cook Islands<\/option><option value=\"268\">Costa Rica<\/option><option value=\"275\">Cote D&rsquo;Ivoire<\/option><option value=\"40\">Croatia<\/option><option value=\"276\">Cuba<\/option><option value=\"298\">Curacao<\/option><option value=\"41\">Cyprus<\/option><option value=\"42\">Czech Republic<\/option><option value=\"318\">Democratic Republic of the Congo<\/option><option value=\"43\">Denmark<\/option><option value=\"44\">Djibouti<\/option><option value=\"289\">Dominica<\/option><option value=\"187\">Dominican Republic<\/option><option value=\"45\">Ecuador<\/option><option value=\"46\">Egypt<\/option><option value=\"47\">El Salvador<\/option><option value=\"48\">Equatorial Guinea<\/option><option value=\"49\">Eritrea<\/option><option value=\"50\">Estonia<\/option><option value=\"51\">Ethiopia<\/option><option value=\"189\">Falkland Islands<\/option><option value=\"191\">Faroe Islands<\/option><option value=\"52\">Fiji<\/option><option value=\"53\">Finland<\/option><option value=\"54\" selected>France<\/option><option value=\"193\">French Guiana<\/option><option value=\"277\">French Polynesia<\/option><option value=\"56\">Gabon<\/option><option value=\"57\">Gambia<\/option><option value=\"58\">Georgia<\/option><option value=\"59\">Germany<\/option><option value=\"60\">Ghana<\/option><option value=\"194\">Gibraltar<\/option><option value=\"61\">Greece<\/option><option value=\"195\">Greenland<\/option><option value=\"192\">Grenada<\/option><option value=\"196\">Guadeloupe<\/option><option value=\"62\">Guam<\/option><option value=\"198\">Guatemala<\/option><option value=\"270\">Guernsey<\/option><option value=\"63\">Guinea<\/option><option value=\"65\">Guyana<\/option><option value=\"200\">Haiti<\/option><option value=\"66\">Honduras<\/option><option value=\"67\">Hong Kong<\/option><option value=\"68\">Hungary<\/option><option value=\"69\">Iceland<\/option><option value=\"70\">India<\/option><option value=\"71\">Indonesia<\/option><option value=\"278\">Iran<\/option><option value=\"279\">Iraq<\/option><option value=\"74\">Ireland<\/option><option value=\"323\">Isle of Man<\/option><option value=\"75\">Israel<\/option><option value=\"76\">Italy<\/option><option value=\"202\">Jamaica<\/option><option value=\"78\">Japan<\/option><option value=\"288\">Jersey  (Channel Islands)<\/option><option value=\"79\">Jordan<\/option><option value=\"80\">Kazakhstan<\/option><option value=\"81\">Kenya<\/option><option value=\"203\">Kiribati<\/option><option value=\"82\">Kuwait<\/option><option value=\"83\">Kyrgyzstan<\/option><option value=\"84\">Lao People&rsquo;s Democratic Republic<\/option><option value=\"85\">Latvia<\/option><option value=\"86\">Lebanon<\/option><option value=\"87\">Lesotho<\/option><option value=\"88\">Liberia<\/option><option value=\"281\">Libya<\/option><option value=\"90\">Liechtenstein<\/option><option value=\"91\">Lithuania<\/option><option value=\"92\">Luxembourg<\/option><option value=\"208\">Macau<\/option><option value=\"93\">Macedonia<\/option><option value=\"94\">Madagascar<\/option><option value=\"95\">Malawi<\/option><option value=\"96\">Malaysia<\/option><option value=\"97\">Maldives<\/option><option value=\"98\">Mali<\/option><option value=\"99\">Malta<\/option><option value=\"207\">Marshall Islands<\/option><option value=\"210\">Martinique<\/option><option value=\"100\">Mauritania<\/option><option value=\"212\">Mauritius<\/option><option value=\"241\">Mayotte<\/option><option value=\"101\">Mexico<\/option><option value=\"102\">Moldova, Republic of<\/option><option value=\"103\">Monaco<\/option><option value=\"104\">Mongolia<\/option><option value=\"290\">Montenegro<\/option><option value=\"294\">Montserrat<\/option><option value=\"105\">Morocco<\/option><option value=\"106\">Mozambique<\/option><option value=\"242\">Myanmar<\/option><option value=\"107\">Namibia<\/option><option value=\"108\">Nepal<\/option><option value=\"109\">Netherlands<\/option><option value=\"110\">Netherlands Antilles<\/option><option value=\"213\">New Caledonia<\/option><option value=\"111\">New Zealand<\/option><option value=\"112\">Nicaragua<\/option><option value=\"113\">Niger<\/option><option value=\"114\">Nigeria<\/option><option value=\"217\">Niue<\/option><option value=\"214\">Norfolk Island<\/option><option value=\"272\">North Korea<\/option><option value=\"116\">Norway<\/option><option value=\"117\">Oman<\/option><option value=\"118\">Pakistan<\/option><option value=\"222\">Palau<\/option><option value=\"282\">Palestine<\/option><option value=\"119\">Panama<\/option><option value=\"219\">Papua New Guinea<\/option><option value=\"120\">Paraguay<\/option><option value=\"121\">Peru<\/option><option value=\"122\">Philippines<\/option><option value=\"221\">Pitcairn<\/option><option value=\"123\">Poland<\/option><option value=\"124\">Portugal<\/option><option value=\"126\">Qatar<\/option><option value=\"315\">Republic of Kosovo<\/option><option value=\"127\">Reunion<\/option><option value=\"128\">Romania<\/option><option value=\"129\">Russia<\/option><option value=\"130\">Rwanda<\/option><option value=\"205\">Saint Kitts and Nevis<\/option><option value=\"206\">Saint Lucia<\/option><option value=\"324\">Saint Martin<\/option><option value=\"237\">Saint Vincent and the Grenadines<\/option><option value=\"132\">Samoa (Independent)<\/option><option value=\"227\">San Marino<\/option><option value=\"255\">Sao Tome and Principe<\/option><option value=\"133\">Saudi Arabia<\/option><option value=\"134\">Senegal<\/option><option value=\"326\">Serbia<\/option><option value=\"135\">Seychelles<\/option><option value=\"136\">Sierra Leone<\/option><option value=\"137\">Singapore<\/option><option value=\"302\">Sint Maarten<\/option><option value=\"138\">Slovakia<\/option><option value=\"139\">Slovenia<\/option><option value=\"223\">Solomon Islands<\/option><option value=\"140\">Somalia<\/option><option value=\"141\">South Africa<\/option><option value=\"257\">South Georgia and the South Sandwich Islands<\/option><option value=\"142\">South Korea<\/option><option value=\"311\">South Sudan<\/option><option value=\"143\">Spain<\/option><option value=\"144\">Sri Lanka<\/option><option value=\"293\">Sudan<\/option><option value=\"146\">Suriname<\/option><option value=\"225\">Svalbard and Jan Mayen Islands<\/option><option value=\"147\">Swaziland<\/option><option value=\"148\">Sweden<\/option><option value=\"149\">Switzerland<\/option><option value=\"285\">Syria<\/option><option value=\"152\">Taiwan<\/option><option value=\"260\">Tajikistan<\/option><option value=\"153\">Tanzania<\/option><option value=\"154\">Thailand<\/option><option value=\"233\">Timor-Leste<\/option><option value=\"155\">Togo<\/option><option value=\"232\">Tonga<\/option><option value=\"234\">Trinidad and Tobago<\/option><option value=\"156\">Tunisia<\/option><option value=\"157\">Turkey<\/option><option value=\"158\">Turkmenistan<\/option><option value=\"287\">Turks &amp; Caicos Islands<\/option><option value=\"159\">Uganda<\/option><option value=\"161\">Ukraine<\/option><option value=\"162\">United Arab Emirates<\/option><option value=\"262\">United Kingdom<\/option><option value=\"163\">Uruguay<\/option><option value=\"165\">Uzbekistan<\/option><option value=\"239\">Vanuatu<\/option><option value=\"166\">Vatican City State (Holy See)<\/option><option value=\"167\">Venezuela<\/option><option value=\"168\">Vietnam<\/option><option value=\"169\">Virgin Islands (British)<\/option><option value=\"238\">Virgin Islands (U.S.)<\/option><option value=\"188\">Western Sahara<\/option><option value=\"170\">Yemen<\/option><option value=\"173\">Zambia<\/option><option value=\"174\">Zimbabwe<\/option><\/select>\r\n\t<\/div>\r\n<\/div>\r\n\t<div id=\"mce-responses\" class=\"clear foot\">\r\n\t\t<div class=\"response\" id=\"mce-error-response\" style=\"display:none\"><\/div>\r\n\t\t<div class=\"response\" id=\"mce-success-response\" style=\"display:none\"><\/div>\r\n\t<\/div>    <!-- real people should not fill this in and expect good things - do not remove this or risk form bot signups-->\r\n    <div style=\"position: absolute; left: -5000px;\" aria-hidden=\"true\"><input type=\"text\" name=\"b_5350f928286b006ccd244b386_2886bb85b3\" tabindex=\"-1\" value=\"\"><\/div>\r\n        <div class=\"optionalParent\">\r\n            <div class=\"clear foot\">\r\n                <input type=\"submit\" value=\"Subscribe\" name=\"subscribe\" id=\"mc-embedded-subscribe\" class=\"button\">\r\n                <p class=\"brandingLogo\"><a href=\"http:\/\/eepurl.com\/hTPWET\" title=\"Mailchimp - email marketing made easy and fun\"><img decoding=\"async\" src=\"https:\/\/eep.io\/mc-cdn-images\/template_images\/branding_logo_text_dark_dtp.svg\"><\/a><\/p>\r\n            <\/div>\r\n        <\/div>\r\n    <\/div>\r\n\r\n<\/div>\r\n<script type='text\/javascript' src='\/\/s3.amazonaws.com\/downloads.mailchimp.com\/js\/mc-validate.js'><\/script><script type='text\/javascript'>(function($) {window.fnames = new Array(); window.ftypes = new Array();fnames[0]='EMAIL';ftypes[0]='email';fnames[1]='NO';ftypes[1]='text';fnames[2]='PRENOM';ftypes[2]='text';fnames[4]='TELEPHONE';ftypes[4]='phone';fnames[3]='ADRESSE';ftypes[3]='address'; \/*\r\n * Translated default messages for the $ validation plugin.\r\n * Locale: FR\r\n *\/\r\n$.extend($.validator.messages, {\r\n        required: \"Ce champ est requis.\",\r\n        remote: \"Veuillez remplir ce champ pour continuer.\",\r\n        email: \"Veuillez entrer une adresse email valide.\",\r\n        url: \"Veuillez entrer une URL valide.\",\r\n        date: \"Veuillez entrer une date valide.\",\r\n        dateISO: \"Veuillez entrer une date valide (ISO).\",\r\n        number: \"Veuillez entrer un nombre valide.\",\r\n        digits: \"Veuillez entrer (seulement) une valeur num\u00e9rique.\",\r\n        creditcard: \"Veuillez entrer un num\u00e9ro de carte de cr\u00e9dit valide.\",\r\n        equalTo: \"Veuillez entrer une nouvelle fois la m\u00eame valeur.\",\r\n        accept: \"Veuillez entrer une valeur avec une extension valide.\",\r\n        maxlength: $.validator.format(\"Veuillez ne pas entrer plus de {0} caract\u00e8res.\"),\r\n        minlength: $.validator.format(\"Veuillez entrer au moins {0} caract\u00e8res.\"),\r\n        rangelength: $.validator.format(\"Veuillez entrer entre {0} et {1} caract\u00e8res.\"),\r\n        range: $.validator.format(\"Veuillez entrer une valeur entre {0} et {1}.\"),\r\n        max: $.validator.format(\"Veuillez entrer une valeur inf\u00e9rieure ou \u00e9gale \u00e0 {0}.\"),\r\n        min: $.validator.format(\"Veuillez entrer une valeur sup\u00e9rieure ou \u00e9gale \u00e0 {0}.\")\r\n});}(jQuery));var $mcj = jQuery.noConflict(true);<\/script>\r\n<!--End mc_embed_signup--><\/div><label style=\"display: none !important;\">Laissez ce champ vide si vous \u00eates humain\u00a0: <input type=\"text\" name=\"_mc4wp_honeypot\" value=\"\" tabindex=\"-1\" autocomplete=\"off\" \/><\/label><input type=\"hidden\" name=\"_mc4wp_timestamp\" value=\"1776759304\" \/><input type=\"hidden\" name=\"_mc4wp_form_id\" value=\"904\" \/><input type=\"hidden\" name=\"_mc4wp_form_element_id\" value=\"mc4wp-form-1\" \/><div class=\"mc4wp-response\"><\/div><\/form><!-- \/ Mailchimp for WordPress Plugin -->\n\n\n<p><\/p>\n","protected":false},"excerpt":{"rendered":"<p>Inscrivez vous \u00e0 la newsletter de la Maison de Kerl\u00e9v\u00e9nez en remplissant le formulaire ci dessous<\/p>\n","protected":false},"author":9,"featured_media":0,"parent":0,"menu_order":0,"comment_status":"closed","ping_status":"closed","template":"","meta":{"inline_featured_image":false,"footnotes":""},"class_list":["post-1142","page","type-page","status-publish","hentry"],"acf":[],"yoast_head":"<!-- This site is optimized with the Yoast SEO plugin v27.4 - https:\/\/yoast.com\/product\/yoast-seo-wordpress\/ -->\n<title>Notre newsletter - Maison de Kerl\u00e9v\u00e9nez<\/title>\n<meta name=\"description\" content=\"Inscrivez vous \u00e0 la newsletter de la Maison de Kerl\u00e9v\u00e9nez en remplissant le formulaire ci dessous\" \/>\n<meta name=\"robots\" content=\"index, follow, max-snippet:-1, max-image-preview:large, max-video-preview:-1\" \/>\n<link rel=\"canonical\" href=\"https:\/\/villagesaintjoseph.org\/kerlevenez\/notre-newsletter\/\" \/>\n<meta property=\"og:locale\" content=\"fr_FR\" \/>\n<meta property=\"og:type\" content=\"article\" \/>\n<meta property=\"og:title\" content=\"Notre newsletter - Maison de Kerl\u00e9v\u00e9nez\" \/>\n<meta property=\"og:description\" content=\"Inscrivez vous \u00e0 la newsletter de la Maison de Kerl\u00e9v\u00e9nez en remplissant le formulaire ci dessous\" \/>\n<meta property=\"og:url\" content=\"https:\/\/villagesaintjoseph.org\/kerlevenez\/notre-newsletter\/\" \/>\n<meta property=\"og:site_name\" content=\"Maison de Kerl\u00e9v\u00e9nez\" \/>\n<meta property=\"article:modified_time\" content=\"2022-02-03T09:48:29+00:00\" \/>\n<meta name=\"twitter:card\" content=\"summary_large_image\" \/>\n<meta name=\"twitter:label1\" content=\"Dur\u00e9e de lecture estim\u00e9e\" \/>\n\t<meta name=\"twitter:data1\" content=\"1 minute\" \/>\n<script type=\"application\/ld+json\" class=\"yoast-schema-graph\">{\"@context\":\"https:\\\/\\\/schema.org\",\"@graph\":[{\"@type\":\"WebPage\",\"@id\":\"https:\\\/\\\/villagesaintjoseph.org\\\/kerlevenez\\\/notre-newsletter\\\/\",\"url\":\"https:\\\/\\\/villagesaintjoseph.org\\\/kerlevenez\\\/notre-newsletter\\\/\",\"name\":\"Notre newsletter - Maison de Kerl\u00e9v\u00e9nez\",\"isPartOf\":{\"@id\":\"https:\\\/\\\/villagesaintjoseph.org\\\/kerlevenez\\\/#website\"},\"datePublished\":\"2022-02-03T09:46:03+00:00\",\"dateModified\":\"2022-02-03T09:48:29+00:00\",\"description\":\"Inscrivez vous \u00e0 la newsletter de la Maison de Kerl\u00e9v\u00e9nez en remplissant le formulaire ci dessous\",\"breadcrumb\":{\"@id\":\"https:\\\/\\\/villagesaintjoseph.org\\\/kerlevenez\\\/notre-newsletter\\\/#breadcrumb\"},\"inLanguage\":\"fr-FR\",\"potentialAction\":[{\"@type\":\"ReadAction\",\"target\":[\"https:\\\/\\\/villagesaintjoseph.org\\\/kerlevenez\\\/notre-newsletter\\\/\"]}]},{\"@type\":\"BreadcrumbList\",\"@id\":\"https:\\\/\\\/villagesaintjoseph.org\\\/kerlevenez\\\/notre-newsletter\\\/#breadcrumb\",\"itemListElement\":[{\"@type\":\"ListItem\",\"position\":1,\"name\":\"Accueil\",\"item\":\"https:\\\/\\\/villagesaintjoseph.org\\\/kerlevenez\\\/\"},{\"@type\":\"ListItem\",\"position\":2,\"name\":\"Notre newsletter\"}]},{\"@type\":\"WebSite\",\"@id\":\"https:\\\/\\\/villagesaintjoseph.org\\\/kerlevenez\\\/#website\",\"url\":\"https:\\\/\\\/villagesaintjoseph.org\\\/kerlevenez\\\/\",\"name\":\"Maison de Kerl\u00e9v\u00e9nez\",\"description\":\"\",\"potentialAction\":[{\"@type\":\"SearchAction\",\"target\":{\"@type\":\"EntryPoint\",\"urlTemplate\":\"https:\\\/\\\/villagesaintjoseph.org\\\/kerlevenez\\\/?s={search_term_string}\"},\"query-input\":{\"@type\":\"PropertyValueSpecification\",\"valueRequired\":true,\"valueName\":\"search_term_string\"}}],\"inLanguage\":\"fr-FR\"}]}<\/script>\n<!-- \/ Yoast SEO plugin. -->","yoast_head_json":{"title":"Notre newsletter - Maison de Kerl\u00e9v\u00e9nez","description":"Inscrivez vous \u00e0 la newsletter de la Maison de Kerl\u00e9v\u00e9nez en remplissant le formulaire ci dessous","robots":{"index":"index","follow":"follow","max-snippet":"max-snippet:-1","max-image-preview":"max-image-preview:large","max-video-preview":"max-video-preview:-1"},"canonical":"https:\/\/villagesaintjoseph.org\/kerlevenez\/notre-newsletter\/","og_locale":"fr_FR","og_type":"article","og_title":"Notre newsletter - Maison de Kerl\u00e9v\u00e9nez","og_description":"Inscrivez vous \u00e0 la newsletter de la Maison de Kerl\u00e9v\u00e9nez en remplissant le formulaire ci dessous","og_url":"https:\/\/villagesaintjoseph.org\/kerlevenez\/notre-newsletter\/","og_site_name":"Maison de Kerl\u00e9v\u00e9nez","article_modified_time":"2022-02-03T09:48:29+00:00","twitter_card":"summary_large_image","twitter_misc":{"Dur\u00e9e de lecture estim\u00e9e":"1 minute"},"schema":{"@context":"https:\/\/schema.org","@graph":[{"@type":"WebPage","@id":"https:\/\/villagesaintjoseph.org\/kerlevenez\/notre-newsletter\/","url":"https:\/\/villagesaintjoseph.org\/kerlevenez\/notre-newsletter\/","name":"Notre newsletter - Maison de Kerl\u00e9v\u00e9nez","isPartOf":{"@id":"https:\/\/villagesaintjoseph.org\/kerlevenez\/#website"},"datePublished":"2022-02-03T09:46:03+00:00","dateModified":"2022-02-03T09:48:29+00:00","description":"Inscrivez vous \u00e0 la newsletter de la Maison de Kerl\u00e9v\u00e9nez en remplissant le formulaire ci dessous","breadcrumb":{"@id":"https:\/\/villagesaintjoseph.org\/kerlevenez\/notre-newsletter\/#breadcrumb"},"inLanguage":"fr-FR","potentialAction":[{"@type":"ReadAction","target":["https:\/\/villagesaintjoseph.org\/kerlevenez\/notre-newsletter\/"]}]},{"@type":"BreadcrumbList","@id":"https:\/\/villagesaintjoseph.org\/kerlevenez\/notre-newsletter\/#breadcrumb","itemListElement":[{"@type":"ListItem","position":1,"name":"Accueil","item":"https:\/\/villagesaintjoseph.org\/kerlevenez\/"},{"@type":"ListItem","position":2,"name":"Notre newsletter"}]},{"@type":"WebSite","@id":"https:\/\/villagesaintjoseph.org\/kerlevenez\/#website","url":"https:\/\/villagesaintjoseph.org\/kerlevenez\/","name":"Maison de Kerl\u00e9v\u00e9nez","description":"","potentialAction":[{"@type":"SearchAction","target":{"@type":"EntryPoint","urlTemplate":"https:\/\/villagesaintjoseph.org\/kerlevenez\/?s={search_term_string}"},"query-input":{"@type":"PropertyValueSpecification","valueRequired":true,"valueName":"search_term_string"}}],"inLanguage":"fr-FR"}]}},"_links":{"self":[{"href":"https:\/\/villagesaintjoseph.org\/kerlevenez\/wp-json\/wp\/v2\/pages\/1142","targetHints":{"allow":["GET"]}}],"collection":[{"href":"https:\/\/villagesaintjoseph.org\/kerlevenez\/wp-json\/wp\/v2\/pages"}],"about":[{"href":"https:\/\/villagesaintjoseph.org\/kerlevenez\/wp-json\/wp\/v2\/types\/page"}],"author":[{"embeddable":true,"href":"https:\/\/villagesaintjoseph.org\/kerlevenez\/wp-json\/wp\/v2\/users\/9"}],"replies":[{"embeddable":true,"href":"https:\/\/villagesaintjoseph.org\/kerlevenez\/wp-json\/wp\/v2\/comments?post=1142"}],"version-history":[{"count":2,"href":"https:\/\/villagesaintjoseph.org\/kerlevenez\/wp-json\/wp\/v2\/pages\/1142\/revisions"}],"predecessor-version":[{"id":1144,"href":"https:\/\/villagesaintjoseph.org\/kerlevenez\/wp-json\/wp\/v2\/pages\/1142\/revisions\/1144"}],"wp:attachment":[{"href":"https:\/\/villagesaintjoseph.org\/kerlevenez\/wp-json\/wp\/v2\/media?parent=1142"}],"curies":[{"name":"wp","href":"https:\/\/api.w.org\/{rel}","templated":true}]}}