{"id":43,"date":"2021-04-30T15:35:56","date_gmt":"2021-04-30T13:35:56","guid":{"rendered":"https:\/\/kerlevenez.stjoseph.ovh\/?page_id=43"},"modified":"2022-01-24T08:43:50","modified_gmt":"2022-01-24T07:43:50","slug":"faire-un-don-a-la-maison-de-kerlevenez","status":"publish","type":"page","link":"https:\/\/villagesaintjoseph.org\/kerlevenez\/nous-aider\/faire-un-don-a-la-maison-de-kerlevenez\/","title":{"rendered":"Faire un don \u00e0 la Maison de Kerl\u00e9v\u00e9nez"},"content":{"rendered":"\n<p><strong>L\u2019association vit essentiellement de dons.<\/strong>&nbsp;Elle ne re\u00e7oit aucune subvention publique afin d\u2019accueillir librement toute personne. Les personnes accueillies sont \u00e9galement invit\u00e9es \u00e0 participer par le paiement d\u2019un loyer ainsi que des charges quotidiennes, ceci en fonction de leurs ressources. Une autre partie des recettes provient des diff\u00e9rents ateliers mis en place.&nbsp;<strong>Nous avons donc besoin de votre soutien<\/strong><\/p>\n","protected":false},"excerpt":{"rendered":"<p>L\u2019association vit essentiellement de dons.&nbsp;Elle ne re\u00e7oit aucune subvention publique afin d\u2019accueillir librement toute personne. Les personnes accueillies sont \u00e9galement invit\u00e9es \u00e0 participer par le paiement d\u2019un loyer ainsi que des charges quotidiennes, ceci en fonction de leurs ressources. Une autre partie des recettes provient des diff\u00e9rents ateliers mis en place.&nbsp;Nous avons donc besoin de [&hellip;]<\/p>\n","protected":false},"author":1,"featured_media":852,"parent":1046,"menu_order":0,"comment_status":"closed","ping_status":"closed","template":"templates-pages\/faire-un-don-maison.php","meta":{"inline_featured_image":false,"footnotes":""},"class_list":["post-43","page","type-page","status-publish","has-post-thumbnail","hentry"],"acf":[],"yoast_head":"<!-- This site is optimized with the Yoast SEO plugin v27.4 - https:\/\/yoast.com\/product\/yoast-seo-wordpress\/ -->\n<title>Faire un don \u00e0 la Maison de Kerl\u00e9v\u00e9nez - Maison de Kerl\u00e9v\u00e9nez<\/title>\n<meta name=\"description\" content=\"L\u2019association vit essentiellement de dons.&nbsp;Elle ne re\u00e7oit aucune subvention publique afin d\u2019accueillir librement toute personne. Les personnes\" \/>\n<meta name=\"robots\" content=\"index, follow, max-snippet:-1, max-image-preview:large, max-video-preview:-1\" \/>\n<link rel=\"canonical\" href=\"https:\/\/villagesaintjoseph.org\/kerlevenez\/nous-aider\/faire-un-don-a-la-maison-de-kerlevenez\/\" \/>\n<meta property=\"og:locale\" content=\"fr_FR\" \/>\n<meta property=\"og:type\" content=\"article\" \/>\n<meta property=\"og:title\" content=\"Faire un don \u00e0 la Maison de Kerl\u00e9v\u00e9nez - Maison de Kerl\u00e9v\u00e9nez\" \/>\n<meta property=\"og:description\" content=\"L\u2019association vit essentiellement de dons.&nbsp;Elle ne re\u00e7oit aucune subvention publique afin d\u2019accueillir librement toute personne. Les personnes\" \/>\n<meta property=\"og:url\" content=\"https:\/\/villagesaintjoseph.org\/kerlevenez\/nous-aider\/faire-un-don-a-la-maison-de-kerlevenez\/\" \/>\n<meta property=\"og:site_name\" content=\"Maison de Kerl\u00e9v\u00e9nez\" \/>\n<meta property=\"article:modified_time\" content=\"2022-01-24T07:43:50+00:00\" \/>\n<meta property=\"og:image\" content=\"https:\/\/villagesaintjoseph.org\/kerlevenez\/wp-content\/uploads\/sites\/2\/2021\/12\/20210423_104019_001-scaled.jpg\" \/>\n\t<meta property=\"og:image:width\" content=\"1920\" \/>\n\t<meta property=\"og:image:height\" content=\"2560\" \/>\n\t<meta property=\"og:image:type\" content=\"image\/jpeg\" \/>\n<meta name=\"twitter:card\" content=\"summary_large_image\" \/>\n<script type=\"application\/ld+json\" class=\"yoast-schema-graph\">{\"@context\":\"https:\\\/\\\/schema.org\",\"@graph\":[{\"@type\":\"WebPage\",\"@id\":\"https:\\\/\\\/villagesaintjoseph.org\\\/kerlevenez\\\/nous-aider\\\/faire-un-don-a-la-maison-de-kerlevenez\\\/\",\"url\":\"https:\\\/\\\/villagesaintjoseph.org\\\/kerlevenez\\\/nous-aider\\\/faire-un-don-a-la-maison-de-kerlevenez\\\/\",\"name\":\"Faire un don \u00e0 la Maison de Kerl\u00e9v\u00e9nez - Maison de Kerl\u00e9v\u00e9nez\",\"isPartOf\":{\"@id\":\"https:\\\/\\\/villagesaintjoseph.org\\\/kerlevenez\\\/#website\"},\"primaryImageOfPage\":{\"@id\":\"https:\\\/\\\/villagesaintjoseph.org\\\/kerlevenez\\\/nous-aider\\\/faire-un-don-a-la-maison-de-kerlevenez\\\/#primaryimage\"},\"image\":{\"@id\":\"https:\\\/\\\/villagesaintjoseph.org\\\/kerlevenez\\\/nous-aider\\\/faire-un-don-a-la-maison-de-kerlevenez\\\/#primaryimage\"},\"thumbnailUrl\":\"https:\\\/\\\/villagesaintjoseph.org\\\/kerlevenez\\\/wp-content\\\/uploads\\\/sites\\\/2\\\/2021\\\/12\\\/20210423_104019_001-scaled.jpg\",\"datePublished\":\"2021-04-30T13:35:56+00:00\",\"dateModified\":\"2022-01-24T07:43:50+00:00\",\"description\":\"L\u2019association vit essentiellement de dons.&nbsp;Elle ne re\u00e7oit aucune subvention publique afin d\u2019accueillir librement toute personne. Les personnes\",\"breadcrumb\":{\"@id\":\"https:\\\/\\\/villagesaintjoseph.org\\\/kerlevenez\\\/nous-aider\\\/faire-un-don-a-la-maison-de-kerlevenez\\\/#breadcrumb\"},\"inLanguage\":\"fr-FR\",\"potentialAction\":[{\"@type\":\"ReadAction\",\"target\":[\"https:\\\/\\\/villagesaintjoseph.org\\\/kerlevenez\\\/nous-aider\\\/faire-un-don-a-la-maison-de-kerlevenez\\\/\"]}]},{\"@type\":\"ImageObject\",\"inLanguage\":\"fr-FR\",\"@id\":\"https:\\\/\\\/villagesaintjoseph.org\\\/kerlevenez\\\/nous-aider\\\/faire-un-don-a-la-maison-de-kerlevenez\\\/#primaryimage\",\"url\":\"https:\\\/\\\/villagesaintjoseph.org\\\/kerlevenez\\\/wp-content\\\/uploads\\\/sites\\\/2\\\/2021\\\/12\\\/20210423_104019_001-scaled.jpg\",\"contentUrl\":\"https:\\\/\\\/villagesaintjoseph.org\\\/kerlevenez\\\/wp-content\\\/uploads\\\/sites\\\/2\\\/2021\\\/12\\\/20210423_104019_001-scaled.jpg\",\"width\":1920,\"height\":2560},{\"@type\":\"BreadcrumbList\",\"@id\":\"https:\\\/\\\/villagesaintjoseph.org\\\/kerlevenez\\\/nous-aider\\\/faire-un-don-a-la-maison-de-kerlevenez\\\/#breadcrumb\",\"itemListElement\":[{\"@type\":\"ListItem\",\"position\":1,\"name\":\"Accueil\",\"item\":\"https:\\\/\\\/villagesaintjoseph.org\\\/kerlevenez\\\/\"},{\"@type\":\"ListItem\",\"position\":2,\"name\":\"Nous aider\",\"item\":\"https:\\\/\\\/villagesaintjoseph.org\\\/kerlevenez\\\/nous-aider\\\/\"},{\"@type\":\"ListItem\",\"position\":3,\"name\":\"Faire un don \u00e0 la Maison de Kerl\u00e9v\u00e9nez\"}]},{\"@type\":\"WebSite\",\"@id\":\"https:\\\/\\\/villagesaintjoseph.org\\\/kerlevenez\\\/#website\",\"url\":\"https:\\\/\\\/villagesaintjoseph.org\\\/kerlevenez\\\/\",\"name\":\"Maison de Kerl\u00e9v\u00e9nez\",\"description\":\"\",\"potentialAction\":[{\"@type\":\"SearchAction\",\"target\":{\"@type\":\"EntryPoint\",\"urlTemplate\":\"https:\\\/\\\/villagesaintjoseph.org\\\/kerlevenez\\\/?s={search_term_string}\"},\"query-input\":{\"@type\":\"PropertyValueSpecification\",\"valueRequired\":true,\"valueName\":\"search_term_string\"}}],\"inLanguage\":\"fr-FR\"}]}<\/script>\n<!-- \/ Yoast SEO plugin. -->","yoast_head_json":{"title":"Faire un don \u00e0 la Maison de Kerl\u00e9v\u00e9nez - Maison de Kerl\u00e9v\u00e9nez","description":"L\u2019association vit essentiellement de dons.&nbsp;Elle ne re\u00e7oit aucune subvention publique afin d\u2019accueillir librement toute personne. Les personnes","robots":{"index":"index","follow":"follow","max-snippet":"max-snippet:-1","max-image-preview":"max-image-preview:large","max-video-preview":"max-video-preview:-1"},"canonical":"https:\/\/villagesaintjoseph.org\/kerlevenez\/nous-aider\/faire-un-don-a-la-maison-de-kerlevenez\/","og_locale":"fr_FR","og_type":"article","og_title":"Faire un don \u00e0 la Maison de Kerl\u00e9v\u00e9nez - Maison de Kerl\u00e9v\u00e9nez","og_description":"L\u2019association vit essentiellement de dons.&nbsp;Elle ne re\u00e7oit aucune subvention publique afin d\u2019accueillir librement toute personne. Les personnes","og_url":"https:\/\/villagesaintjoseph.org\/kerlevenez\/nous-aider\/faire-un-don-a-la-maison-de-kerlevenez\/","og_site_name":"Maison de Kerl\u00e9v\u00e9nez","article_modified_time":"2022-01-24T07:43:50+00:00","og_image":[{"width":1920,"height":2560,"url":"https:\/\/villagesaintjoseph.org\/kerlevenez\/wp-content\/uploads\/sites\/2\/2021\/12\/20210423_104019_001-scaled.jpg","type":"image\/jpeg"}],"twitter_card":"summary_large_image","schema":{"@context":"https:\/\/schema.org","@graph":[{"@type":"WebPage","@id":"https:\/\/villagesaintjoseph.org\/kerlevenez\/nous-aider\/faire-un-don-a-la-maison-de-kerlevenez\/","url":"https:\/\/villagesaintjoseph.org\/kerlevenez\/nous-aider\/faire-un-don-a-la-maison-de-kerlevenez\/","name":"Faire un don \u00e0 la Maison de Kerl\u00e9v\u00e9nez - Maison de Kerl\u00e9v\u00e9nez","isPartOf":{"@id":"https:\/\/villagesaintjoseph.org\/kerlevenez\/#website"},"primaryImageOfPage":{"@id":"https:\/\/villagesaintjoseph.org\/kerlevenez\/nous-aider\/faire-un-don-a-la-maison-de-kerlevenez\/#primaryimage"},"image":{"@id":"https:\/\/villagesaintjoseph.org\/kerlevenez\/nous-aider\/faire-un-don-a-la-maison-de-kerlevenez\/#primaryimage"},"thumbnailUrl":"https:\/\/villagesaintjoseph.org\/kerlevenez\/wp-content\/uploads\/sites\/2\/2021\/12\/20210423_104019_001-scaled.jpg","datePublished":"2021-04-30T13:35:56+00:00","dateModified":"2022-01-24T07:43:50+00:00","description":"L\u2019association vit essentiellement de dons.&nbsp;Elle ne re\u00e7oit aucune subvention publique afin d\u2019accueillir librement toute personne. Les personnes","breadcrumb":{"@id":"https:\/\/villagesaintjoseph.org\/kerlevenez\/nous-aider\/faire-un-don-a-la-maison-de-kerlevenez\/#breadcrumb"},"inLanguage":"fr-FR","potentialAction":[{"@type":"ReadAction","target":["https:\/\/villagesaintjoseph.org\/kerlevenez\/nous-aider\/faire-un-don-a-la-maison-de-kerlevenez\/"]}]},{"@type":"ImageObject","inLanguage":"fr-FR","@id":"https:\/\/villagesaintjoseph.org\/kerlevenez\/nous-aider\/faire-un-don-a-la-maison-de-kerlevenez\/#primaryimage","url":"https:\/\/villagesaintjoseph.org\/kerlevenez\/wp-content\/uploads\/sites\/2\/2021\/12\/20210423_104019_001-scaled.jpg","contentUrl":"https:\/\/villagesaintjoseph.org\/kerlevenez\/wp-content\/uploads\/sites\/2\/2021\/12\/20210423_104019_001-scaled.jpg","width":1920,"height":2560},{"@type":"BreadcrumbList","@id":"https:\/\/villagesaintjoseph.org\/kerlevenez\/nous-aider\/faire-un-don-a-la-maison-de-kerlevenez\/#breadcrumb","itemListElement":[{"@type":"ListItem","position":1,"name":"Accueil","item":"https:\/\/villagesaintjoseph.org\/kerlevenez\/"},{"@type":"ListItem","position":2,"name":"Nous aider","item":"https:\/\/villagesaintjoseph.org\/kerlevenez\/nous-aider\/"},{"@type":"ListItem","position":3,"name":"Faire un don \u00e0 la Maison de Kerl\u00e9v\u00e9nez"}]},{"@type":"WebSite","@id":"https:\/\/villagesaintjoseph.org\/kerlevenez\/#website","url":"https:\/\/villagesaintjoseph.org\/kerlevenez\/","name":"Maison de Kerl\u00e9v\u00e9nez","description":"","potentialAction":[{"@type":"SearchAction","target":{"@type":"EntryPoint","urlTemplate":"https:\/\/villagesaintjoseph.org\/kerlevenez\/?s={search_term_string}"},"query-input":{"@type":"PropertyValueSpecification","valueRequired":true,"valueName":"search_term_string"}}],"inLanguage":"fr-FR"}]}},"_links":{"self":[{"href":"https:\/\/villagesaintjoseph.org\/kerlevenez\/wp-json\/wp\/v2\/pages\/43","targetHints":{"allow":["GET"]}}],"collection":[{"href":"https:\/\/villagesaintjoseph.org\/kerlevenez\/wp-json\/wp\/v2\/pages"}],"about":[{"href":"https:\/\/villagesaintjoseph.org\/kerlevenez\/wp-json\/wp\/v2\/types\/page"}],"author":[{"embeddable":true,"href":"https:\/\/villagesaintjoseph.org\/kerlevenez\/wp-json\/wp\/v2\/users\/1"}],"replies":[{"embeddable":true,"href":"https:\/\/villagesaintjoseph.org\/kerlevenez\/wp-json\/wp\/v2\/comments?post=43"}],"version-history":[{"count":13,"href":"https:\/\/villagesaintjoseph.org\/kerlevenez\/wp-json\/wp\/v2\/pages\/43\/revisions"}],"predecessor-version":[{"id":1111,"href":"https:\/\/villagesaintjoseph.org\/kerlevenez\/wp-json\/wp\/v2\/pages\/43\/revisions\/1111"}],"up":[{"embeddable":true,"href":"https:\/\/villagesaintjoseph.org\/kerlevenez\/wp-json\/wp\/v2\/pages\/1046"}],"wp:featuredmedia":[{"embeddable":true,"href":"https:\/\/villagesaintjoseph.org\/kerlevenez\/wp-json\/wp\/v2\/media\/852"}],"wp:attachment":[{"href":"https:\/\/villagesaintjoseph.org\/kerlevenez\/wp-json\/wp\/v2\/media?parent=43"}],"curies":[{"name":"wp","href":"https:\/\/api.w.org\/{rel}","templated":true}]}}