{"id":54,"date":"2021-05-03T09:23:16","date_gmt":"2021-05-03T07:23:16","guid":{"rendered":"https:\/\/kerlevenez.stjoseph.ovh\/?page_id=54"},"modified":"2024-02-23T15:09:59","modified_gmt":"2024-02-23T14:09:59","slug":"organistation","status":"publish","type":"page","link":"https:\/\/villagesaintjoseph.org\/kerlevenez\/vous-accueillir\/organistation\/","title":{"rendered":"Une journ\u00e9e \u00e0 la Maison de Kerl\u00e9v\u00e9nez"},"content":{"rendered":"\n<p>Chaque journ\u00e9e, du lundi au vendredi, est rythm\u00e9e par des activit\u00e9s, des temps communautaires et une vie de pri\u00e8re propos\u00e9e. Malgr\u00e9 cela chaque journ\u00e9e est unique, la maison \u00e9tant ouverte \u00e0 tous, visiteurs ou amis de passage. Le WE est un temps de repos, avec quelques sorties parfois. &nbsp;<\/p>\n\n\n\n<div class=\"wp-block-pb-accordion-item c-accordion__item js-accordion-item no-js\" data-initially-open=\"false\" data-click-to-close=\"true\" data-auto-close=\"true\" data-scroll=\"false\" data-scroll-offset=\"0\"><h4 id=\"at-540\" class=\"c-accordion__title js-accordion-controller\" role=\"button\"> Lire la suite&#8230; <\/h4><div id=\"ac-540\" class=\"c-accordion__content\">\n<p>Une journ\u00e9e type au Village&nbsp;:<\/p>\n\n\n\n<p>8h30&nbsp;: Temps de partage \u00e0 la chapelle. Ce moment communautaire est essentiel pour commencer la journ\u00e9e.<\/p>\n\n\n\n<p>9h&nbsp;: programme de la journ\u00e9e, choix des activit\u00e9s du jour.<\/p>\n\n\n\n<p>9h30&nbsp;: Messe propos\u00e9e chez les s\u0153urs.<\/p>\n\n\n\n<p>10h-12h&nbsp;: Activit\u00e9s.<\/p>\n\n\n\n<p>12h30&nbsp;: Repas communautaire.<\/p>\n\n\n\n<p>15h-18h&nbsp;: Reprise des Activit\u00e9s.<\/p>\n\n\n\n<p>18h30-19h&nbsp;: Adoration propos\u00e9e \u00e0 la chapelle.<\/p>\n\n\n\n<p>19h30&nbsp;: repas communautaire.<\/p>\n<\/div><\/div>\n\n\n\n<figure class=\"wp-block-gallery has-nested-images columns-default is-cropped wp-block-gallery-1 is-layout-flex wp-block-gallery-is-layout-flex\">\n<figure class=\"wp-block-image size-large\"><img loading=\"lazy\" decoding=\"async\" width=\"768\" height=\"1024\" data-id=\"1250\" src=\"https:\/\/villagesaintjoseph.org\/kerlevenez\/wp-content\/uploads\/sites\/2\/2024\/02\/IMG_20230713_110444-768x1024.jpg\" alt=\"\" class=\"wp-image-1250\" srcset=\"https:\/\/villagesaintjoseph.org\/kerlevenez\/wp-content\/uploads\/sites\/2\/2024\/02\/IMG_20230713_110444-768x1024.jpg 768w, https:\/\/villagesaintjoseph.org\/kerlevenez\/wp-content\/uploads\/sites\/2\/2024\/02\/IMG_20230713_110444-225x300.jpg 225w, https:\/\/villagesaintjoseph.org\/kerlevenez\/wp-content\/uploads\/sites\/2\/2024\/02\/IMG_20230713_110444-1152x1536.jpg 1152w, https:\/\/villagesaintjoseph.org\/kerlevenez\/wp-content\/uploads\/sites\/2\/2024\/02\/IMG_20230713_110444-1536x2048.jpg 1536w, https:\/\/villagesaintjoseph.org\/kerlevenez\/wp-content\/uploads\/sites\/2\/2024\/02\/IMG_20230713_110444-50x67.jpg 50w, https:\/\/villagesaintjoseph.org\/kerlevenez\/wp-content\/uploads\/sites\/2\/2024\/02\/IMG_20230713_110444-1600x2133.jpg 1600w, https:\/\/villagesaintjoseph.org\/kerlevenez\/wp-content\/uploads\/sites\/2\/2024\/02\/IMG_20230713_110444-1050x1400.jpg 1050w, https:\/\/villagesaintjoseph.org\/kerlevenez\/wp-content\/uploads\/sites\/2\/2024\/02\/IMG_20230713_110444-scaled.jpg 1920w\" sizes=\"auto, (max-width: 768px) 100vw, 768px\" \/><\/figure>\n\n\n\n<figure class=\"wp-block-image size-large\"><img loading=\"lazy\" decoding=\"async\" width=\"768\" height=\"1024\" data-id=\"1095\" src=\"https:\/\/villagesaintjoseph.org\/kerlevenez\/wp-content\/uploads\/sites\/2\/2022\/01\/20211217_204551-2-768x1024.jpeg\" alt=\"\" class=\"wp-image-1095\" srcset=\"https:\/\/villagesaintjoseph.org\/kerlevenez\/wp-content\/uploads\/sites\/2\/2022\/01\/20211217_204551-2-768x1024.jpeg 768w, https:\/\/villagesaintjoseph.org\/kerlevenez\/wp-content\/uploads\/sites\/2\/2022\/01\/20211217_204551-2-225x300.jpeg 225w, https:\/\/villagesaintjoseph.org\/kerlevenez\/wp-content\/uploads\/sites\/2\/2022\/01\/20211217_204551-2-1152x1536.jpeg 1152w, https:\/\/villagesaintjoseph.org\/kerlevenez\/wp-content\/uploads\/sites\/2\/2022\/01\/20211217_204551-2-1536x2048.jpeg 1536w, https:\/\/villagesaintjoseph.org\/kerlevenez\/wp-content\/uploads\/sites\/2\/2022\/01\/20211217_204551-2-1600x2133.jpeg 1600w, https:\/\/villagesaintjoseph.org\/kerlevenez\/wp-content\/uploads\/sites\/2\/2022\/01\/20211217_204551-2-1050x1400.jpeg 1050w, https:\/\/villagesaintjoseph.org\/kerlevenez\/wp-content\/uploads\/sites\/2\/2022\/01\/20211217_204551-2-scaled.jpeg 1920w\" sizes=\"auto, (max-width: 768px) 100vw, 768px\" \/><\/figure>\n\n\n\n<figure class=\"wp-block-image size-large\"><img loading=\"lazy\" decoding=\"async\" width=\"768\" height=\"1024\" data-id=\"1252\" src=\"https:\/\/villagesaintjoseph.org\/kerlevenez\/wp-content\/uploads\/sites\/2\/2024\/02\/IMG_20240107_135615-768x1024.jpg\" alt=\"\" class=\"wp-image-1252\" srcset=\"https:\/\/villagesaintjoseph.org\/kerlevenez\/wp-content\/uploads\/sites\/2\/2024\/02\/IMG_20240107_135615-768x1024.jpg 768w, https:\/\/villagesaintjoseph.org\/kerlevenez\/wp-content\/uploads\/sites\/2\/2024\/02\/IMG_20240107_135615-225x300.jpg 225w, https:\/\/villagesaintjoseph.org\/kerlevenez\/wp-content\/uploads\/sites\/2\/2024\/02\/IMG_20240107_135615-1152x1536.jpg 1152w, https:\/\/villagesaintjoseph.org\/kerlevenez\/wp-content\/uploads\/sites\/2\/2024\/02\/IMG_20240107_135615-1536x2048.jpg 1536w, https:\/\/villagesaintjoseph.org\/kerlevenez\/wp-content\/uploads\/sites\/2\/2024\/02\/IMG_20240107_135615-50x67.jpg 50w, https:\/\/villagesaintjoseph.org\/kerlevenez\/wp-content\/uploads\/sites\/2\/2024\/02\/IMG_20240107_135615-1600x2133.jpg 1600w, https:\/\/villagesaintjoseph.org\/kerlevenez\/wp-content\/uploads\/sites\/2\/2024\/02\/IMG_20240107_135615-1050x1400.jpg 1050w, https:\/\/villagesaintjoseph.org\/kerlevenez\/wp-content\/uploads\/sites\/2\/2024\/02\/IMG_20240107_135615-scaled.jpg 1920w\" sizes=\"auto, (max-width: 768px) 100vw, 768px\" \/><\/figure>\n<\/figure>\n\n\n\n<div style=\"height:100px\" aria-hidden=\"true\" class=\"wp-block-spacer\"><\/div>\n\n\n<section class=\"grille-enfants grid-x grid-container grid-margin-x align-center\">\n\n        \n                <a href=\"https:\/\/villagesaintjoseph.org\/kerlevenez\/les-3-pilliers\/\" class=\" grille-enfants__item cell large-4 medium-6 small-12\">\n                    <img loading=\"lazy\" decoding=\"async\" width=\"500\" height=\"250\" src=\"https:\/\/villagesaintjoseph.org\/kerlevenez\/wp-content\/uploads\/sites\/2\/2021\/12\/DSC02785-2-500x250.jpg\" class=\"attachment-miniature_medium size-miniature_medium\" alt=\"\" \/>                    <p class=\"grille-enfants__item__title\">Les trois piliers<\/p>\n                                     <\/a>  \n\n        \n                <a href=\"https:\/\/villagesaintjoseph.org\/kerlevenez\/les-ateliers-de-la-maison\/\" class=\" grille-enfants__item cell large-4 medium-6 small-12\">\n                    <img loading=\"lazy\" decoding=\"async\" width=\"500\" height=\"250\" src=\"https:\/\/villagesaintjoseph.org\/kerlevenez\/wp-content\/uploads\/sites\/2\/2021\/12\/20210501_165346_001-500x250.jpg\" class=\"attachment-miniature_medium size-miniature_medium\" alt=\"\" \/>                    <p class=\"grille-enfants__item__title\">Les ateliers de la maison<\/p>\n                                     <\/a>  \n\n          \n\n    <\/section> \n \n","protected":false},"excerpt":{"rendered":"<p>Chaque journ\u00e9e, du lundi au vendredi, est rythm\u00e9e par des activit\u00e9s, des temps communautaires et une vie de pri\u00e8re propos\u00e9e. Malgr\u00e9 cela chaque journ\u00e9e est unique, la maison \u00e9tant ouverte \u00e0 tous, visiteurs ou amis de passage. Le WE est un temps de repos, avec quelques sorties parfois. &nbsp;<\/p>\n","protected":false},"author":1,"featured_media":914,"parent":73,"menu_order":4,"comment_status":"closed","ping_status":"closed","template":"","meta":{"inline_featured_image":false,"footnotes":""},"class_list":["post-54","page","type-page","status-publish","has-post-thumbnail","hentry"],"acf":[],"yoast_head":"<!-- This site is optimized with the Yoast SEO plugin v27.4 - https:\/\/yoast.com\/product\/yoast-seo-wordpress\/ -->\n<title>Une journ\u00e9e \u00e0 la Maison de Kerl\u00e9v\u00e9nez - Maison de Kerl\u00e9v\u00e9nez<\/title>\n<meta name=\"description\" content=\"Chaque journ\u00e9e, du lundi au vendredi, est rythm\u00e9e par des activit\u00e9s, des temps communautaires et une vie de pri\u00e8re propos\u00e9e. Malgr\u00e9 cela chaque journ\u00e9e\" \/>\n<meta name=\"robots\" content=\"index, follow, max-snippet:-1, max-image-preview:large, max-video-preview:-1\" \/>\n<link rel=\"canonical\" href=\"https:\/\/villagesaintjoseph.org\/kerlevenez\/vous-accueillir\/organistation\/\" \/>\n<meta property=\"og:locale\" content=\"fr_FR\" \/>\n<meta property=\"og:type\" content=\"article\" \/>\n<meta property=\"og:title\" content=\"Une journ\u00e9e \u00e0 la Maison de Kerl\u00e9v\u00e9nez - Maison de Kerl\u00e9v\u00e9nez\" \/>\n<meta property=\"og:description\" content=\"Chaque journ\u00e9e, du lundi au vendredi, est rythm\u00e9e par des activit\u00e9s, des temps communautaires et une vie de pri\u00e8re propos\u00e9e. Malgr\u00e9 cela chaque journ\u00e9e\" \/>\n<meta property=\"og:url\" content=\"https:\/\/villagesaintjoseph.org\/kerlevenez\/vous-accueillir\/organistation\/\" \/>\n<meta property=\"og:site_name\" content=\"Maison de Kerl\u00e9v\u00e9nez\" \/>\n<meta property=\"article:modified_time\" content=\"2024-02-23T14:09:59+00:00\" \/>\n<meta property=\"og:image\" content=\"https:\/\/villagesaintjoseph.org\/kerlevenez\/wp-content\/uploads\/sites\/2\/2021\/12\/20210819_171244-scaled.jpeg\" \/>\n\t<meta property=\"og:image:width\" content=\"1920\" \/>\n\t<meta property=\"og:image:height\" content=\"2560\" \/>\n\t<meta property=\"og:image:type\" content=\"image\/jpeg\" \/>\n<meta name=\"twitter:card\" content=\"summary_large_image\" \/>\n<meta name=\"twitter:label1\" content=\"Dur\u00e9e de lecture estim\u00e9e\" \/>\n\t<meta name=\"twitter:data1\" content=\"1 minute\" \/>\n<script type=\"application\/ld+json\" class=\"yoast-schema-graph\">{\"@context\":\"https:\\\/\\\/schema.org\",\"@graph\":[{\"@type\":\"WebPage\",\"@id\":\"https:\\\/\\\/villagesaintjoseph.org\\\/kerlevenez\\\/vous-accueillir\\\/organistation\\\/\",\"url\":\"https:\\\/\\\/villagesaintjoseph.org\\\/kerlevenez\\\/vous-accueillir\\\/organistation\\\/\",\"name\":\"Une journ\u00e9e \u00e0 la Maison de Kerl\u00e9v\u00e9nez - Maison de Kerl\u00e9v\u00e9nez\",\"isPartOf\":{\"@id\":\"https:\\\/\\\/villagesaintjoseph.org\\\/kerlevenez\\\/#website\"},\"primaryImageOfPage\":{\"@id\":\"https:\\\/\\\/villagesaintjoseph.org\\\/kerlevenez\\\/vous-accueillir\\\/organistation\\\/#primaryimage\"},\"image\":{\"@id\":\"https:\\\/\\\/villagesaintjoseph.org\\\/kerlevenez\\\/vous-accueillir\\\/organistation\\\/#primaryimage\"},\"thumbnailUrl\":\"https:\\\/\\\/villagesaintjoseph.org\\\/kerlevenez\\\/wp-content\\\/uploads\\\/sites\\\/2\\\/2021\\\/12\\\/20210819_171244-scaled.jpeg\",\"datePublished\":\"2021-05-03T07:23:16+00:00\",\"dateModified\":\"2024-02-23T14:09:59+00:00\",\"description\":\"Chaque journ\u00e9e, du lundi au vendredi, est rythm\u00e9e par des activit\u00e9s, des temps communautaires et une vie de pri\u00e8re propos\u00e9e. Malgr\u00e9 cela chaque journ\u00e9e\",\"breadcrumb\":{\"@id\":\"https:\\\/\\\/villagesaintjoseph.org\\\/kerlevenez\\\/vous-accueillir\\\/organistation\\\/#breadcrumb\"},\"inLanguage\":\"fr-FR\",\"potentialAction\":[{\"@type\":\"ReadAction\",\"target\":[\"https:\\\/\\\/villagesaintjoseph.org\\\/kerlevenez\\\/vous-accueillir\\\/organistation\\\/\"]}]},{\"@type\":\"ImageObject\",\"inLanguage\":\"fr-FR\",\"@id\":\"https:\\\/\\\/villagesaintjoseph.org\\\/kerlevenez\\\/vous-accueillir\\\/organistation\\\/#primaryimage\",\"url\":\"https:\\\/\\\/villagesaintjoseph.org\\\/kerlevenez\\\/wp-content\\\/uploads\\\/sites\\\/2\\\/2021\\\/12\\\/20210819_171244-scaled.jpeg\",\"contentUrl\":\"https:\\\/\\\/villagesaintjoseph.org\\\/kerlevenez\\\/wp-content\\\/uploads\\\/sites\\\/2\\\/2021\\\/12\\\/20210819_171244-scaled.jpeg\",\"width\":1920,\"height\":2560},{\"@type\":\"BreadcrumbList\",\"@id\":\"https:\\\/\\\/villagesaintjoseph.org\\\/kerlevenez\\\/vous-accueillir\\\/organistation\\\/#breadcrumb\",\"itemListElement\":[{\"@type\":\"ListItem\",\"position\":1,\"name\":\"Accueil\",\"item\":\"https:\\\/\\\/villagesaintjoseph.org\\\/kerlevenez\\\/\"},{\"@type\":\"ListItem\",\"position\":2,\"name\":\"Vous accueillir\",\"item\":\"https:\\\/\\\/villagesaintjoseph.org\\\/kerlevenez\\\/vous-accueillir\\\/\"},{\"@type\":\"ListItem\",\"position\":3,\"name\":\"Une journ\u00e9e \u00e0 la Maison de Kerl\u00e9v\u00e9nez\"}]},{\"@type\":\"WebSite\",\"@id\":\"https:\\\/\\\/villagesaintjoseph.org\\\/kerlevenez\\\/#website\",\"url\":\"https:\\\/\\\/villagesaintjoseph.org\\\/kerlevenez\\\/\",\"name\":\"Maison de Kerl\u00e9v\u00e9nez\",\"description\":\"\",\"potentialAction\":[{\"@type\":\"SearchAction\",\"target\":{\"@type\":\"EntryPoint\",\"urlTemplate\":\"https:\\\/\\\/villagesaintjoseph.org\\\/kerlevenez\\\/?s={search_term_string}\"},\"query-input\":{\"@type\":\"PropertyValueSpecification\",\"valueRequired\":true,\"valueName\":\"search_term_string\"}}],\"inLanguage\":\"fr-FR\"}]}<\/script>\n<!-- \/ Yoast SEO plugin. -->","yoast_head_json":{"title":"Une journ\u00e9e \u00e0 la Maison de Kerl\u00e9v\u00e9nez - Maison de Kerl\u00e9v\u00e9nez","description":"Chaque journ\u00e9e, du lundi au vendredi, est rythm\u00e9e par des activit\u00e9s, des temps communautaires et une vie de pri\u00e8re propos\u00e9e. Malgr\u00e9 cela chaque journ\u00e9e","robots":{"index":"index","follow":"follow","max-snippet":"max-snippet:-1","max-image-preview":"max-image-preview:large","max-video-preview":"max-video-preview:-1"},"canonical":"https:\/\/villagesaintjoseph.org\/kerlevenez\/vous-accueillir\/organistation\/","og_locale":"fr_FR","og_type":"article","og_title":"Une journ\u00e9e \u00e0 la Maison de Kerl\u00e9v\u00e9nez - Maison de Kerl\u00e9v\u00e9nez","og_description":"Chaque journ\u00e9e, du lundi au vendredi, est rythm\u00e9e par des activit\u00e9s, des temps communautaires et une vie de pri\u00e8re propos\u00e9e. Malgr\u00e9 cela chaque journ\u00e9e","og_url":"https:\/\/villagesaintjoseph.org\/kerlevenez\/vous-accueillir\/organistation\/","og_site_name":"Maison de Kerl\u00e9v\u00e9nez","article_modified_time":"2024-02-23T14:09:59+00:00","og_image":[{"width":1920,"height":2560,"url":"https:\/\/villagesaintjoseph.org\/kerlevenez\/wp-content\/uploads\/sites\/2\/2021\/12\/20210819_171244-scaled.jpeg","type":"image\/jpeg"}],"twitter_card":"summary_large_image","twitter_misc":{"Dur\u00e9e de lecture estim\u00e9e":"1 minute"},"schema":{"@context":"https:\/\/schema.org","@graph":[{"@type":"WebPage","@id":"https:\/\/villagesaintjoseph.org\/kerlevenez\/vous-accueillir\/organistation\/","url":"https:\/\/villagesaintjoseph.org\/kerlevenez\/vous-accueillir\/organistation\/","name":"Une journ\u00e9e \u00e0 la Maison de Kerl\u00e9v\u00e9nez - Maison de Kerl\u00e9v\u00e9nez","isPartOf":{"@id":"https:\/\/villagesaintjoseph.org\/kerlevenez\/#website"},"primaryImageOfPage":{"@id":"https:\/\/villagesaintjoseph.org\/kerlevenez\/vous-accueillir\/organistation\/#primaryimage"},"image":{"@id":"https:\/\/villagesaintjoseph.org\/kerlevenez\/vous-accueillir\/organistation\/#primaryimage"},"thumbnailUrl":"https:\/\/villagesaintjoseph.org\/kerlevenez\/wp-content\/uploads\/sites\/2\/2021\/12\/20210819_171244-scaled.jpeg","datePublished":"2021-05-03T07:23:16+00:00","dateModified":"2024-02-23T14:09:59+00:00","description":"Chaque journ\u00e9e, du lundi au vendredi, est rythm\u00e9e par des activit\u00e9s, des temps communautaires et une vie de pri\u00e8re propos\u00e9e. Malgr\u00e9 cela chaque journ\u00e9e","breadcrumb":{"@id":"https:\/\/villagesaintjoseph.org\/kerlevenez\/vous-accueillir\/organistation\/#breadcrumb"},"inLanguage":"fr-FR","potentialAction":[{"@type":"ReadAction","target":["https:\/\/villagesaintjoseph.org\/kerlevenez\/vous-accueillir\/organistation\/"]}]},{"@type":"ImageObject","inLanguage":"fr-FR","@id":"https:\/\/villagesaintjoseph.org\/kerlevenez\/vous-accueillir\/organistation\/#primaryimage","url":"https:\/\/villagesaintjoseph.org\/kerlevenez\/wp-content\/uploads\/sites\/2\/2021\/12\/20210819_171244-scaled.jpeg","contentUrl":"https:\/\/villagesaintjoseph.org\/kerlevenez\/wp-content\/uploads\/sites\/2\/2021\/12\/20210819_171244-scaled.jpeg","width":1920,"height":2560},{"@type":"BreadcrumbList","@id":"https:\/\/villagesaintjoseph.org\/kerlevenez\/vous-accueillir\/organistation\/#breadcrumb","itemListElement":[{"@type":"ListItem","position":1,"name":"Accueil","item":"https:\/\/villagesaintjoseph.org\/kerlevenez\/"},{"@type":"ListItem","position":2,"name":"Vous accueillir","item":"https:\/\/villagesaintjoseph.org\/kerlevenez\/vous-accueillir\/"},{"@type":"ListItem","position":3,"name":"Une journ\u00e9e \u00e0 la Maison de Kerl\u00e9v\u00e9nez"}]},{"@type":"WebSite","@id":"https:\/\/villagesaintjoseph.org\/kerlevenez\/#website","url":"https:\/\/villagesaintjoseph.org\/kerlevenez\/","name":"Maison de Kerl\u00e9v\u00e9nez","description":"","potentialAction":[{"@type":"SearchAction","target":{"@type":"EntryPoint","urlTemplate":"https:\/\/villagesaintjoseph.org\/kerlevenez\/?s={search_term_string}"},"query-input":{"@type":"PropertyValueSpecification","valueRequired":true,"valueName":"search_term_string"}}],"inLanguage":"fr-FR"}]}},"_links":{"self":[{"href":"https:\/\/villagesaintjoseph.org\/kerlevenez\/wp-json\/wp\/v2\/pages\/54","targetHints":{"allow":["GET"]}}],"collection":[{"href":"https:\/\/villagesaintjoseph.org\/kerlevenez\/wp-json\/wp\/v2\/pages"}],"about":[{"href":"https:\/\/villagesaintjoseph.org\/kerlevenez\/wp-json\/wp\/v2\/types\/page"}],"author":[{"embeddable":true,"href":"https:\/\/villagesaintjoseph.org\/kerlevenez\/wp-json\/wp\/v2\/users\/1"}],"replies":[{"embeddable":true,"href":"https:\/\/villagesaintjoseph.org\/kerlevenez\/wp-json\/wp\/v2\/comments?post=54"}],"version-history":[{"count":15,"href":"https:\/\/villagesaintjoseph.org\/kerlevenez\/wp-json\/wp\/v2\/pages\/54\/revisions"}],"predecessor-version":[{"id":1253,"href":"https:\/\/villagesaintjoseph.org\/kerlevenez\/wp-json\/wp\/v2\/pages\/54\/revisions\/1253"}],"up":[{"embeddable":true,"href":"https:\/\/villagesaintjoseph.org\/kerlevenez\/wp-json\/wp\/v2\/pages\/73"}],"wp:featuredmedia":[{"embeddable":true,"href":"https:\/\/villagesaintjoseph.org\/kerlevenez\/wp-json\/wp\/v2\/media\/914"}],"wp:attachment":[{"href":"https:\/\/villagesaintjoseph.org\/kerlevenez\/wp-json\/wp\/v2\/media?parent=54"}],"curies":[{"name":"wp","href":"https:\/\/api.w.org\/{rel}","templated":true}]}}