{"id":918,"date":"2021-12-02T15:40:43","date_gmt":"2021-12-02T14:40:43","guid":{"rendered":"https:\/\/kerlevenez.stjoseph.ovh\/?page_id=918"},"modified":"2026-02-07T10:50:11","modified_gmt":"2026-02-07T09:50:11","slug":"les-ateliers-de-la-maison","status":"publish","type":"page","link":"https:\/\/villagesaintjoseph.org\/kerlevenez\/les-ateliers-de-la-maison\/","title":{"rendered":"Les ateliers de la Maison"},"content":{"rendered":"\n<p>Avec le grand parc dans lequel est implant\u00e9 Kerl\u00e9v\u00e9nez, les <strong>activit\u00e9s en ext\u00e9rieur<\/strong> ne manquent pas: <strong>entretien du bois et du jardin, potager, poules<\/strong>&#8230;Et m\u00eame une <strong>ruche<\/strong>!  Nous avons \u00e9galement un atelier <strong>mosa\u00efque<\/strong>, un atelier <strong>couture<\/strong>, un atelier <strong>collage d&rsquo;ic\u00f4nes<\/strong> et passons du temps dans l&rsquo;<strong>entretien de la maison<\/strong> pour en faire un lieu chaleureux et vivant: m\u00e9nage, cuisine, bouquets, d\u00e9coration&#8230;<\/p>\n\n\n\n<div class=\"wp-block-columns is-layout-flex wp-container-core-columns-is-layout-28f84493 wp-block-columns-is-layout-flex\">\n<div class=\"wp-block-column is-layout-flow wp-block-column-is-layout-flow\" style=\"flex-basis:100%\">\n<div class=\"wp-block-group is-layout-flow wp-block-group-is-layout-flow\">\n<figure class=\"wp-block-gallery aligncenter has-nested-images columns-default is-cropped wp-block-gallery-1 is-layout-flex wp-block-gallery-is-layout-flex\">\n<figure class=\"wp-block-image size-large\"><img loading=\"lazy\" decoding=\"async\" width=\"1024\" height=\"768\" data-id=\"1523\" src=\"https:\/\/villagesaintjoseph.org\/kerlevenez\/wp-content\/uploads\/sites\/2\/2026\/02\/20251002_185504-1024x768.jpg\" alt=\"\" class=\"wp-image-1523\" srcset=\"https:\/\/villagesaintjoseph.org\/kerlevenez\/wp-content\/uploads\/sites\/2\/2026\/02\/20251002_185504-1024x768.jpg 1024w, https:\/\/villagesaintjoseph.org\/kerlevenez\/wp-content\/uploads\/sites\/2\/2026\/02\/20251002_185504-300x225.jpg 300w, https:\/\/villagesaintjoseph.org\/kerlevenez\/wp-content\/uploads\/sites\/2\/2026\/02\/20251002_185504-768x576.jpg 768w, https:\/\/villagesaintjoseph.org\/kerlevenez\/wp-content\/uploads\/sites\/2\/2026\/02\/20251002_185504-1536x1152.jpg 1536w, https:\/\/villagesaintjoseph.org\/kerlevenez\/wp-content\/uploads\/sites\/2\/2026\/02\/20251002_185504-2048x1536.jpg 2048w, https:\/\/villagesaintjoseph.org\/kerlevenez\/wp-content\/uploads\/sites\/2\/2026\/02\/20251002_185504-50x38.jpg 50w, https:\/\/villagesaintjoseph.org\/kerlevenez\/wp-content\/uploads\/sites\/2\/2026\/02\/20251002_185504-1600x1200.jpg 1600w, https:\/\/villagesaintjoseph.org\/kerlevenez\/wp-content\/uploads\/sites\/2\/2026\/02\/20251002_185504-1400x1050.jpg 1400w\" sizes=\"auto, (max-width: 1024px) 100vw, 1024px\" \/><\/figure>\n\n\n\n<figure class=\"wp-block-image size-full\"><img loading=\"lazy\" decoding=\"async\" width=\"768\" height=\"1024\" data-id=\"1186\" src=\"https:\/\/villagesaintjoseph.org\/kerlevenez\/wp-content\/uploads\/sites\/2\/2023\/10\/08116795-5575-43BA-8CAF-F6FDDBB142B5_1_105_c.jpeg\" alt=\"\" class=\"wp-image-1186\" srcset=\"https:\/\/villagesaintjoseph.org\/kerlevenez\/wp-content\/uploads\/sites\/2\/2023\/10\/08116795-5575-43BA-8CAF-F6FDDBB142B5_1_105_c.jpeg 768w, https:\/\/villagesaintjoseph.org\/kerlevenez\/wp-content\/uploads\/sites\/2\/2023\/10\/08116795-5575-43BA-8CAF-F6FDDBB142B5_1_105_c-225x300.jpeg 225w\" sizes=\"auto, (max-width: 768px) 100vw, 768px\" \/><\/figure>\n\n\n\n<figure class=\"wp-block-image size-large\"><img loading=\"lazy\" decoding=\"async\" width=\"768\" height=\"1024\" data-id=\"1218\" src=\"https:\/\/villagesaintjoseph.org\/kerlevenez\/wp-content\/uploads\/sites\/2\/2023\/12\/Photos-activite-2-768x1024.jpeg\" alt=\"\" class=\"wp-image-1218\" srcset=\"https:\/\/villagesaintjoseph.org\/kerlevenez\/wp-content\/uploads\/sites\/2\/2023\/12\/Photos-activite-2-768x1024.jpeg 768w, https:\/\/villagesaintjoseph.org\/kerlevenez\/wp-content\/uploads\/sites\/2\/2023\/12\/Photos-activite-2-225x300.jpeg 225w, https:\/\/villagesaintjoseph.org\/kerlevenez\/wp-content\/uploads\/sites\/2\/2023\/12\/Photos-activite-2-1152x1536.jpeg 1152w, https:\/\/villagesaintjoseph.org\/kerlevenez\/wp-content\/uploads\/sites\/2\/2023\/12\/Photos-activite-2-1536x2048.jpeg 1536w, https:\/\/villagesaintjoseph.org\/kerlevenez\/wp-content\/uploads\/sites\/2\/2023\/12\/Photos-activite-2-50x67.jpeg 50w, https:\/\/villagesaintjoseph.org\/kerlevenez\/wp-content\/uploads\/sites\/2\/2023\/12\/Photos-activite-2-1600x2133.jpeg 1600w, https:\/\/villagesaintjoseph.org\/kerlevenez\/wp-content\/uploads\/sites\/2\/2023\/12\/Photos-activite-2-1050x1400.jpeg 1050w, https:\/\/villagesaintjoseph.org\/kerlevenez\/wp-content\/uploads\/sites\/2\/2023\/12\/Photos-activite-2-scaled.jpeg 1920w\" sizes=\"auto, (max-width: 768px) 100vw, 768px\" \/><\/figure>\n<\/figure>\n<\/div>\n<\/div>\n<\/div>\n\n\n\n<p><\/p>\n\n\n<section class=\"grille-enfants grid-x grid-container grid-margin-x align-center\">\n\n        \n                <a href=\"https:\/\/villagesaintjoseph.org\/kerlevenez\/les-3-pilliers\/activites\/\" class=\" grille-enfants__item cell large-4 medium-6 small-12\">\n                    <img loading=\"lazy\" decoding=\"async\" width=\"500\" height=\"250\" src=\"https:\/\/villagesaintjoseph.org\/kerlevenez\/wp-content\/uploads\/sites\/2\/2024\/02\/IMG_20230620_162256-500x250.jpg\" class=\"attachment-miniature_medium size-miniature_medium\" alt=\"\" \/>                    <p class=\"grille-enfants__item__title\">Activit\u00e9s<\/p>\n                                     <\/a>  \n\n        \n                <a href=\"https:\/\/villagesaintjoseph.org\/kerlevenez\/la-maison-de-kerlevenez\/organistation\/\" class=\" grille-enfants__item cell large-4 medium-6 small-12\">\n                    <img loading=\"lazy\" decoding=\"async\" width=\"500\" height=\"250\" src=\"https:\/\/villagesaintjoseph.org\/kerlevenez\/wp-content\/uploads\/sites\/2\/2023\/10\/B05684F8-59F8-435A-BA72-2939146A421B_1_105_c-500x250.jpeg\" class=\"attachment-miniature_medium size-miniature_medium\" alt=\"\" \/>                    <p class=\"grille-enfants__item__title\">Une journ\u00e9e au village<\/p>\n                                     <\/a>  \n\n          \n\n    <\/section> \n \n","protected":false},"excerpt":{"rendered":"<p>Avec le grand parc dans lequel est implant\u00e9 Kerl\u00e9v\u00e9nez, les activit\u00e9s en ext\u00e9rieur ne manquent pas: entretien du bois et du jardin, potager, poules&#8230;Et m\u00eame une ruche! Nous avons \u00e9galement un atelier mosa\u00efque, un atelier couture, un atelier collage d&rsquo;ic\u00f4nes et passons du temps dans l&rsquo;entretien de la maison pour en faire un lieu chaleureux [&hellip;]<\/p>\n","protected":false},"author":16,"featured_media":857,"parent":0,"menu_order":2,"comment_status":"closed","ping_status":"closed","template":"","meta":{"inline_featured_image":false,"footnotes":""},"class_list":["post-918","page","type-page","status-publish","has-post-thumbnail","hentry"],"acf":[],"yoast_head":"<!-- This site is optimized with the Yoast SEO plugin v27.4 - https:\/\/yoast.com\/product\/yoast-seo-wordpress\/ -->\n<title>Les ateliers de la Maison - Maison de Kerl\u00e9v\u00e9nez<\/title>\n<meta name=\"description\" content=\"Avec le grand parc dans lequel est implant\u00e9 Kerl\u00e9v\u00e9nez, les activit\u00e9s en ext\u00e9rieur ne manquent pas: entretien du bois et du jardin, potager, poules...Et\" \/>\n<meta name=\"robots\" content=\"index, follow, max-snippet:-1, max-image-preview:large, max-video-preview:-1\" \/>\n<link rel=\"canonical\" href=\"https:\/\/villagesaintjoseph.org\/kerlevenez\/maison-de-kerlevenez__trashed\/les-ateliers-de-la-maison\/\" \/>\n<meta property=\"og:locale\" content=\"fr_FR\" \/>\n<meta property=\"og:type\" content=\"article\" \/>\n<meta property=\"og:title\" content=\"Les ateliers de la Maison - Maison de Kerl\u00e9v\u00e9nez\" \/>\n<meta property=\"og:description\" content=\"Avec le grand parc dans lequel est implant\u00e9 Kerl\u00e9v\u00e9nez, les activit\u00e9s en ext\u00e9rieur ne manquent pas: entretien du bois et du jardin, potager, poules...Et\" \/>\n<meta property=\"og:url\" content=\"https:\/\/villagesaintjoseph.org\/kerlevenez\/maison-de-kerlevenez__trashed\/les-ateliers-de-la-maison\/\" \/>\n<meta property=\"og:site_name\" content=\"Maison de Kerl\u00e9v\u00e9nez\" \/>\n<meta property=\"article:modified_time\" content=\"2026-02-07T09:50:11+00:00\" \/>\n<meta property=\"og:image\" content=\"https:\/\/villagesaintjoseph.org\/kerlevenez\/wp-content\/uploads\/sites\/2\/2021\/12\/20210501_165346_001-scaled.jpg\" \/>\n\t<meta property=\"og:image:width\" content=\"1920\" \/>\n\t<meta property=\"og:image:height\" content=\"2560\" \/>\n\t<meta property=\"og:image:type\" content=\"image\/jpeg\" \/>\n<meta name=\"twitter:card\" content=\"summary_large_image\" \/>\n<script type=\"application\/ld+json\" class=\"yoast-schema-graph\">{\"@context\":\"https:\\\/\\\/schema.org\",\"@graph\":[{\"@type\":\"WebPage\",\"@id\":\"https:\\\/\\\/villagesaintjoseph.org\\\/kerlevenez\\\/maison-de-kerlevenez__trashed\\\/les-ateliers-de-la-maison\\\/\",\"url\":\"https:\\\/\\\/villagesaintjoseph.org\\\/kerlevenez\\\/maison-de-kerlevenez__trashed\\\/les-ateliers-de-la-maison\\\/\",\"name\":\"Les ateliers de la Maison - Maison de Kerl\u00e9v\u00e9nez\",\"isPartOf\":{\"@id\":\"https:\\\/\\\/villagesaintjoseph.org\\\/kerlevenez\\\/#website\"},\"primaryImageOfPage\":{\"@id\":\"https:\\\/\\\/villagesaintjoseph.org\\\/kerlevenez\\\/maison-de-kerlevenez__trashed\\\/les-ateliers-de-la-maison\\\/#primaryimage\"},\"image\":{\"@id\":\"https:\\\/\\\/villagesaintjoseph.org\\\/kerlevenez\\\/maison-de-kerlevenez__trashed\\\/les-ateliers-de-la-maison\\\/#primaryimage\"},\"thumbnailUrl\":\"https:\\\/\\\/villagesaintjoseph.org\\\/kerlevenez\\\/wp-content\\\/uploads\\\/sites\\\/2\\\/2021\\\/12\\\/20210501_165346_001-scaled.jpg\",\"datePublished\":\"2021-12-02T14:40:43+00:00\",\"dateModified\":\"2026-02-07T09:50:11+00:00\",\"description\":\"Avec le grand parc dans lequel est implant\u00e9 Kerl\u00e9v\u00e9nez, les activit\u00e9s en ext\u00e9rieur ne manquent pas: entretien du bois et du jardin, potager, poules...Et\",\"breadcrumb\":{\"@id\":\"https:\\\/\\\/villagesaintjoseph.org\\\/kerlevenez\\\/maison-de-kerlevenez__trashed\\\/les-ateliers-de-la-maison\\\/#breadcrumb\"},\"inLanguage\":\"fr-FR\",\"potentialAction\":[{\"@type\":\"ReadAction\",\"target\":[\"https:\\\/\\\/villagesaintjoseph.org\\\/kerlevenez\\\/maison-de-kerlevenez__trashed\\\/les-ateliers-de-la-maison\\\/\"]}]},{\"@type\":\"ImageObject\",\"inLanguage\":\"fr-FR\",\"@id\":\"https:\\\/\\\/villagesaintjoseph.org\\\/kerlevenez\\\/maison-de-kerlevenez__trashed\\\/les-ateliers-de-la-maison\\\/#primaryimage\",\"url\":\"https:\\\/\\\/villagesaintjoseph.org\\\/kerlevenez\\\/wp-content\\\/uploads\\\/sites\\\/2\\\/2021\\\/12\\\/20210501_165346_001-scaled.jpg\",\"contentUrl\":\"https:\\\/\\\/villagesaintjoseph.org\\\/kerlevenez\\\/wp-content\\\/uploads\\\/sites\\\/2\\\/2021\\\/12\\\/20210501_165346_001-scaled.jpg\",\"width\":1920,\"height\":2560},{\"@type\":\"BreadcrumbList\",\"@id\":\"https:\\\/\\\/villagesaintjoseph.org\\\/kerlevenez\\\/maison-de-kerlevenez__trashed\\\/les-ateliers-de-la-maison\\\/#breadcrumb\",\"itemListElement\":[{\"@type\":\"ListItem\",\"position\":1,\"name\":\"Accueil\",\"item\":\"https:\\\/\\\/villagesaintjoseph.org\\\/kerlevenez\\\/\"},{\"@type\":\"ListItem\",\"position\":2,\"name\":\"Les ateliers de la Maison\"}]},{\"@type\":\"WebSite\",\"@id\":\"https:\\\/\\\/villagesaintjoseph.org\\\/kerlevenez\\\/#website\",\"url\":\"https:\\\/\\\/villagesaintjoseph.org\\\/kerlevenez\\\/\",\"name\":\"Maison de Kerl\u00e9v\u00e9nez\",\"description\":\"\",\"potentialAction\":[{\"@type\":\"SearchAction\",\"target\":{\"@type\":\"EntryPoint\",\"urlTemplate\":\"https:\\\/\\\/villagesaintjoseph.org\\\/kerlevenez\\\/?s={search_term_string}\"},\"query-input\":{\"@type\":\"PropertyValueSpecification\",\"valueRequired\":true,\"valueName\":\"search_term_string\"}}],\"inLanguage\":\"fr-FR\"}]}<\/script>\n<!-- \/ Yoast SEO plugin. -->","yoast_head_json":{"title":"Les ateliers de la Maison - Maison de Kerl\u00e9v\u00e9nez","description":"Avec le grand parc dans lequel est implant\u00e9 Kerl\u00e9v\u00e9nez, les activit\u00e9s en ext\u00e9rieur ne manquent pas: entretien du bois et du jardin, potager, poules...Et","robots":{"index":"index","follow":"follow","max-snippet":"max-snippet:-1","max-image-preview":"max-image-preview:large","max-video-preview":"max-video-preview:-1"},"canonical":"https:\/\/villagesaintjoseph.org\/kerlevenez\/maison-de-kerlevenez__trashed\/les-ateliers-de-la-maison\/","og_locale":"fr_FR","og_type":"article","og_title":"Les ateliers de la Maison - Maison de Kerl\u00e9v\u00e9nez","og_description":"Avec le grand parc dans lequel est implant\u00e9 Kerl\u00e9v\u00e9nez, les activit\u00e9s en ext\u00e9rieur ne manquent pas: entretien du bois et du jardin, potager, poules...Et","og_url":"https:\/\/villagesaintjoseph.org\/kerlevenez\/maison-de-kerlevenez__trashed\/les-ateliers-de-la-maison\/","og_site_name":"Maison de Kerl\u00e9v\u00e9nez","article_modified_time":"2026-02-07T09:50:11+00:00","og_image":[{"width":1920,"height":2560,"url":"https:\/\/villagesaintjoseph.org\/kerlevenez\/wp-content\/uploads\/sites\/2\/2021\/12\/20210501_165346_001-scaled.jpg","type":"image\/jpeg"}],"twitter_card":"summary_large_image","schema":{"@context":"https:\/\/schema.org","@graph":[{"@type":"WebPage","@id":"https:\/\/villagesaintjoseph.org\/kerlevenez\/maison-de-kerlevenez__trashed\/les-ateliers-de-la-maison\/","url":"https:\/\/villagesaintjoseph.org\/kerlevenez\/maison-de-kerlevenez__trashed\/les-ateliers-de-la-maison\/","name":"Les ateliers de la Maison - Maison de Kerl\u00e9v\u00e9nez","isPartOf":{"@id":"https:\/\/villagesaintjoseph.org\/kerlevenez\/#website"},"primaryImageOfPage":{"@id":"https:\/\/villagesaintjoseph.org\/kerlevenez\/maison-de-kerlevenez__trashed\/les-ateliers-de-la-maison\/#primaryimage"},"image":{"@id":"https:\/\/villagesaintjoseph.org\/kerlevenez\/maison-de-kerlevenez__trashed\/les-ateliers-de-la-maison\/#primaryimage"},"thumbnailUrl":"https:\/\/villagesaintjoseph.org\/kerlevenez\/wp-content\/uploads\/sites\/2\/2021\/12\/20210501_165346_001-scaled.jpg","datePublished":"2021-12-02T14:40:43+00:00","dateModified":"2026-02-07T09:50:11+00:00","description":"Avec le grand parc dans lequel est implant\u00e9 Kerl\u00e9v\u00e9nez, les activit\u00e9s en ext\u00e9rieur ne manquent pas: entretien du bois et du jardin, potager, poules...Et","breadcrumb":{"@id":"https:\/\/villagesaintjoseph.org\/kerlevenez\/maison-de-kerlevenez__trashed\/les-ateliers-de-la-maison\/#breadcrumb"},"inLanguage":"fr-FR","potentialAction":[{"@type":"ReadAction","target":["https:\/\/villagesaintjoseph.org\/kerlevenez\/maison-de-kerlevenez__trashed\/les-ateliers-de-la-maison\/"]}]},{"@type":"ImageObject","inLanguage":"fr-FR","@id":"https:\/\/villagesaintjoseph.org\/kerlevenez\/maison-de-kerlevenez__trashed\/les-ateliers-de-la-maison\/#primaryimage","url":"https:\/\/villagesaintjoseph.org\/kerlevenez\/wp-content\/uploads\/sites\/2\/2021\/12\/20210501_165346_001-scaled.jpg","contentUrl":"https:\/\/villagesaintjoseph.org\/kerlevenez\/wp-content\/uploads\/sites\/2\/2021\/12\/20210501_165346_001-scaled.jpg","width":1920,"height":2560},{"@type":"BreadcrumbList","@id":"https:\/\/villagesaintjoseph.org\/kerlevenez\/maison-de-kerlevenez__trashed\/les-ateliers-de-la-maison\/#breadcrumb","itemListElement":[{"@type":"ListItem","position":1,"name":"Accueil","item":"https:\/\/villagesaintjoseph.org\/kerlevenez\/"},{"@type":"ListItem","position":2,"name":"Les ateliers de la Maison"}]},{"@type":"WebSite","@id":"https:\/\/villagesaintjoseph.org\/kerlevenez\/#website","url":"https:\/\/villagesaintjoseph.org\/kerlevenez\/","name":"Maison de Kerl\u00e9v\u00e9nez","description":"","potentialAction":[{"@type":"SearchAction","target":{"@type":"EntryPoint","urlTemplate":"https:\/\/villagesaintjoseph.org\/kerlevenez\/?s={search_term_string}"},"query-input":{"@type":"PropertyValueSpecification","valueRequired":true,"valueName":"search_term_string"}}],"inLanguage":"fr-FR"}]}},"_links":{"self":[{"href":"https:\/\/villagesaintjoseph.org\/kerlevenez\/wp-json\/wp\/v2\/pages\/918","targetHints":{"allow":["GET"]}}],"collection":[{"href":"https:\/\/villagesaintjoseph.org\/kerlevenez\/wp-json\/wp\/v2\/pages"}],"about":[{"href":"https:\/\/villagesaintjoseph.org\/kerlevenez\/wp-json\/wp\/v2\/types\/page"}],"author":[{"embeddable":true,"href":"https:\/\/villagesaintjoseph.org\/kerlevenez\/wp-json\/wp\/v2\/users\/16"}],"replies":[{"embeddable":true,"href":"https:\/\/villagesaintjoseph.org\/kerlevenez\/wp-json\/wp\/v2\/comments?post=918"}],"version-history":[{"count":12,"href":"https:\/\/villagesaintjoseph.org\/kerlevenez\/wp-json\/wp\/v2\/pages\/918\/revisions"}],"predecessor-version":[{"id":1543,"href":"https:\/\/villagesaintjoseph.org\/kerlevenez\/wp-json\/wp\/v2\/pages\/918\/revisions\/1543"}],"wp:featuredmedia":[{"embeddable":true,"href":"https:\/\/villagesaintjoseph.org\/kerlevenez\/wp-json\/wp\/v2\/media\/857"}],"wp:attachment":[{"href":"https:\/\/villagesaintjoseph.org\/kerlevenez\/wp-json\/wp\/v2\/media?parent=918"}],"curies":[{"name":"wp","href":"https:\/\/api.w.org\/{rel}","templated":true}]}}