{"id":979,"date":"2021-12-10T11:35:37","date_gmt":"2021-12-10T10:35:37","guid":{"rendered":"https:\/\/kerlevenez.stjoseph.ovh\/?page_id=979"},"modified":"2022-01-12T10:50:07","modified_gmt":"2022-01-12T09:50:07","slug":"sengager-comme-benevole","status":"publish","type":"page","link":"https:\/\/villagesaintjoseph.org\/kerlevenez\/nous-aider\/sengager-comme-benevole\/","title":{"rendered":"S&rsquo;engager comme b\u00e9n\u00e9vole"},"content":{"rendered":"\n<p>Vous avez du temps? Venez le passer avec nous! Il existe mille et une fa\u00e7on d&rsquo;\u00eatre b\u00e9n\u00e9vole au village selon <strong>vos disponibilit\u00e9s, vos talents, vos capacit\u00e9s<\/strong>&#8230; <\/p>\n\n\n\n<div class=\"wp-block-pb-accordion-item c-accordion__item js-accordion-item no-js\" data-initially-open=\"false\" data-click-to-close=\"true\" data-auto-close=\"true\" data-scroll=\"false\" data-scroll-offset=\"0\"><h4 id=\"at-9790\" class=\"c-accordion__title js-accordion-controller\" role=\"button\"><strong>Lire la suite&#8230;<\/strong><\/h4><div id=\"ac-9790\" class=\"c-accordion__content\">\n<ul class=\"wp-block-list\"><li>Venir r\u00e9guli\u00e8rement<strong> passer une journ\u00e9e avec nous et nous aider dans les ateliers<\/strong><\/li><li>Proposer l&rsquo;<strong>animation ou la cr\u00e9ation d&rsquo;un atelier<\/strong> ( avec r\u00e9gularit\u00e9 selon l&rsquo;atelier)<\/li><li>Venir en couple <strong>remplacer H\u00e9l\u00e8ne et Antoine<\/strong> sur un week-end ou plus<\/li><li><strong>Etre nos ambassadeurs <\/strong>pour faire conna\u00eetre le Village<\/li><li><strong>Prier pour nous!<\/strong><\/li><li>Et tout ce que vous pouvez imaginer!<\/li><\/ul>\n<\/div><\/div>\n\n\n\n<figure class=\"wp-block-gallery columns-3 is-cropped wp-block-gallery-1 is-layout-flex wp-block-gallery-is-layout-flex\"><ul class=\"blocks-gallery-grid\"><li class=\"blocks-gallery-item\"><figure><img loading=\"lazy\" decoding=\"async\" width=\"1920\" height=\"2560\" src=\"https:\/\/villagesaintjoseph.org\/kerlevenez\/wp-content\/uploads\/sites\/2\/2021\/12\/20210828_191219-scaled.jpeg\" alt=\"\" data-id=\"983\" data-link=\"https:\/\/villagesaintjoseph.org\/kerlevenez\/?attachment_id=983\" class=\"wp-image-983\" srcset=\"https:\/\/villagesaintjoseph.org\/kerlevenez\/wp-content\/uploads\/sites\/2\/2021\/12\/20210828_191219-scaled.jpeg 1920w, https:\/\/villagesaintjoseph.org\/kerlevenez\/wp-content\/uploads\/sites\/2\/2021\/12\/20210828_191219-225x300.jpeg 225w, https:\/\/villagesaintjoseph.org\/kerlevenez\/wp-content\/uploads\/sites\/2\/2021\/12\/20210828_191219-768x1024.jpeg 768w, https:\/\/villagesaintjoseph.org\/kerlevenez\/wp-content\/uploads\/sites\/2\/2021\/12\/20210828_191219-1152x1536.jpeg 1152w, https:\/\/villagesaintjoseph.org\/kerlevenez\/wp-content\/uploads\/sites\/2\/2021\/12\/20210828_191219-1536x2048.jpeg 1536w, https:\/\/villagesaintjoseph.org\/kerlevenez\/wp-content\/uploads\/sites\/2\/2021\/12\/20210828_191219-1600x2133.jpeg 1600w, https:\/\/villagesaintjoseph.org\/kerlevenez\/wp-content\/uploads\/sites\/2\/2021\/12\/20210828_191219-1050x1400.jpeg 1050w\" sizes=\"auto, (max-width: 1920px) 100vw, 1920px\" \/><\/figure><\/li><li class=\"blocks-gallery-item\"><figure><img loading=\"lazy\" decoding=\"async\" width=\"1920\" height=\"2560\" src=\"https:\/\/villagesaintjoseph.org\/kerlevenez\/wp-content\/uploads\/sites\/2\/2021\/12\/20210224_080049-1-scaled.jpg\" alt=\"\" data-id=\"982\" data-link=\"https:\/\/villagesaintjoseph.org\/kerlevenez\/?attachment_id=982\" class=\"wp-image-982\" srcset=\"https:\/\/villagesaintjoseph.org\/kerlevenez\/wp-content\/uploads\/sites\/2\/2021\/12\/20210224_080049-1-scaled.jpg 1920w, https:\/\/villagesaintjoseph.org\/kerlevenez\/wp-content\/uploads\/sites\/2\/2021\/12\/20210224_080049-1-225x300.jpg 225w, https:\/\/villagesaintjoseph.org\/kerlevenez\/wp-content\/uploads\/sites\/2\/2021\/12\/20210224_080049-1-768x1024.jpg 768w, https:\/\/villagesaintjoseph.org\/kerlevenez\/wp-content\/uploads\/sites\/2\/2021\/12\/20210224_080049-1-1152x1536.jpg 1152w, https:\/\/villagesaintjoseph.org\/kerlevenez\/wp-content\/uploads\/sites\/2\/2021\/12\/20210224_080049-1-1536x2048.jpg 1536w, https:\/\/villagesaintjoseph.org\/kerlevenez\/wp-content\/uploads\/sites\/2\/2021\/12\/20210224_080049-1-1600x2133.jpg 1600w, https:\/\/villagesaintjoseph.org\/kerlevenez\/wp-content\/uploads\/sites\/2\/2021\/12\/20210224_080049-1-1050x1400.jpg 1050w\" sizes=\"auto, (max-width: 1920px) 100vw, 1920px\" \/><\/figure><\/li><li class=\"blocks-gallery-item\"><figure><img loading=\"lazy\" decoding=\"async\" width=\"1920\" height=\"2560\" src=\"https:\/\/villagesaintjoseph.org\/kerlevenez\/wp-content\/uploads\/sites\/2\/2021\/12\/20211009_190437-scaled.jpeg\" alt=\"\" data-id=\"1016\" data-full-url=\"https:\/\/villagesaintjoseph.org\/kerlevenez\/wp-content\/uploads\/sites\/2\/2021\/12\/20211009_190437-scaled.jpeg\" data-link=\"https:\/\/villagesaintjoseph.org\/kerlevenez\/?attachment_id=1016\" class=\"wp-image-1016\" srcset=\"https:\/\/villagesaintjoseph.org\/kerlevenez\/wp-content\/uploads\/sites\/2\/2021\/12\/20211009_190437-scaled.jpeg 1920w, https:\/\/villagesaintjoseph.org\/kerlevenez\/wp-content\/uploads\/sites\/2\/2021\/12\/20211009_190437-225x300.jpeg 225w, https:\/\/villagesaintjoseph.org\/kerlevenez\/wp-content\/uploads\/sites\/2\/2021\/12\/20211009_190437-768x1024.jpeg 768w, https:\/\/villagesaintjoseph.org\/kerlevenez\/wp-content\/uploads\/sites\/2\/2021\/12\/20211009_190437-1152x1536.jpeg 1152w, https:\/\/villagesaintjoseph.org\/kerlevenez\/wp-content\/uploads\/sites\/2\/2021\/12\/20211009_190437-1536x2048.jpeg 1536w, https:\/\/villagesaintjoseph.org\/kerlevenez\/wp-content\/uploads\/sites\/2\/2021\/12\/20211009_190437-1600x2133.jpeg 1600w, https:\/\/villagesaintjoseph.org\/kerlevenez\/wp-content\/uploads\/sites\/2\/2021\/12\/20211009_190437-1050x1400.jpeg 1050w\" sizes=\"auto, (max-width: 1920px) 100vw, 1920px\" \/><\/figure><\/li><\/ul><\/figure>\n\n\n<section class=\"grille-enfants grid-x grid-container grid-margin-x align-center\">\n\n        \n                <a href=\"https:\/\/villagesaintjoseph.org\/kerlevenez\/vous-accueillir\/les-ateliers-de-la-maison\/\" class=\" grille-enfants__item cell large-4 medium-6 small-12\">\n                    <img loading=\"lazy\" decoding=\"async\" width=\"500\" height=\"250\" src=\"https:\/\/villagesaintjoseph.org\/kerlevenez\/wp-content\/uploads\/sites\/2\/2021\/12\/20210501_165346_001-500x250.jpg\" class=\"attachment-miniature_medium size-miniature_medium\" alt=\"\" \/>                    <p class=\"grille-enfants__item__title\">Les ateliers de la maison<\/p>\n                                     <\/a>  \n\n        \n                <a href=\"https:\/\/villagesaintjoseph.org\/kerlevenez\/vous-accueillir\/organistation\/\" class=\" grille-enfants__item cell large-4 medium-6 small-12\">\n                                        <p class=\"grille-enfants__item__title\">Une journ\u00e9e au village<\/p>\n                                     <\/a>  \n\n          \n\n    <\/section> \n \n","protected":false},"excerpt":{"rendered":"<p>Vous avez du temps? Venez le passer avec nous! Il existe mille et une fa\u00e7on d&rsquo;\u00eatre b\u00e9n\u00e9vole au village selon vos disponibilit\u00e9s, vos talents, vos capacit\u00e9s&#8230;<\/p>\n","protected":false},"author":16,"featured_media":982,"parent":1046,"menu_order":2,"comment_status":"closed","ping_status":"closed","template":"","meta":{"inline_featured_image":false,"footnotes":""},"class_list":["post-979","page","type-page","status-publish","has-post-thumbnail","hentry"],"acf":[],"yoast_head":"<!-- This site is optimized with the Yoast SEO plugin v27.5 - https:\/\/yoast.com\/product\/yoast-seo-wordpress\/ -->\n<title>S&#039;engager comme b\u00e9n\u00e9vole - Maison de Kerl\u00e9v\u00e9nez<\/title>\n<meta name=\"description\" content=\"Vous avez du temps? Venez le passer avec nous! Il existe mille et une fa\u00e7on d&#039;\u00eatre b\u00e9n\u00e9vole au village selon vos disponibilit\u00e9s, vos talents, vos\" \/>\n<meta name=\"robots\" content=\"index, follow, max-snippet:-1, max-image-preview:large, max-video-preview:-1\" \/>\n<link rel=\"canonical\" href=\"https:\/\/villagesaintjoseph.org\/kerlevenez\/nous-aider\/sengager-comme-benevole\/\" \/>\n<meta property=\"og:locale\" content=\"fr_FR\" \/>\n<meta property=\"og:type\" content=\"article\" \/>\n<meta property=\"og:title\" content=\"S&#039;engager comme b\u00e9n\u00e9vole - Maison de Kerl\u00e9v\u00e9nez\" \/>\n<meta property=\"og:description\" content=\"Vous avez du temps? Venez le passer avec nous! Il existe mille et une fa\u00e7on d&#039;\u00eatre b\u00e9n\u00e9vole au village selon vos disponibilit\u00e9s, vos talents, vos\" \/>\n<meta property=\"og:url\" content=\"https:\/\/villagesaintjoseph.org\/kerlevenez\/nous-aider\/sengager-comme-benevole\/\" \/>\n<meta property=\"og:site_name\" content=\"Maison de Kerl\u00e9v\u00e9nez\" \/>\n<meta property=\"article:modified_time\" content=\"2022-01-12T09:50:07+00:00\" \/>\n<meta property=\"og:image\" content=\"https:\/\/villagesaintjoseph.org\/kerlevenez\/wp-content\/uploads\/sites\/2\/2021\/12\/20210224_080049-1-scaled.jpg\" \/>\n\t<meta property=\"og:image:width\" content=\"1920\" \/>\n\t<meta property=\"og:image:height\" content=\"2560\" \/>\n\t<meta property=\"og:image:type\" content=\"image\/jpeg\" \/>\n<meta name=\"twitter:card\" content=\"summary_large_image\" \/>\n<script type=\"application\/ld+json\" class=\"yoast-schema-graph\">{\"@context\":\"https:\\\/\\\/schema.org\",\"@graph\":[{\"@type\":\"WebPage\",\"@id\":\"https:\\\/\\\/villagesaintjoseph.org\\\/kerlevenez\\\/nous-aider\\\/sengager-comme-benevole\\\/\",\"url\":\"https:\\\/\\\/villagesaintjoseph.org\\\/kerlevenez\\\/nous-aider\\\/sengager-comme-benevole\\\/\",\"name\":\"S'engager comme b\u00e9n\u00e9vole - Maison de Kerl\u00e9v\u00e9nez\",\"isPartOf\":{\"@id\":\"https:\\\/\\\/villagesaintjoseph.org\\\/kerlevenez\\\/#website\"},\"primaryImageOfPage\":{\"@id\":\"https:\\\/\\\/villagesaintjoseph.org\\\/kerlevenez\\\/nous-aider\\\/sengager-comme-benevole\\\/#primaryimage\"},\"image\":{\"@id\":\"https:\\\/\\\/villagesaintjoseph.org\\\/kerlevenez\\\/nous-aider\\\/sengager-comme-benevole\\\/#primaryimage\"},\"thumbnailUrl\":\"https:\\\/\\\/villagesaintjoseph.org\\\/kerlevenez\\\/wp-content\\\/uploads\\\/sites\\\/2\\\/2021\\\/12\\\/20210224_080049-1-scaled.jpg\",\"datePublished\":\"2021-12-10T10:35:37+00:00\",\"dateModified\":\"2022-01-12T09:50:07+00:00\",\"description\":\"Vous avez du temps? Venez le passer avec nous! Il existe mille et une fa\u00e7on d'\u00eatre b\u00e9n\u00e9vole au village selon vos disponibilit\u00e9s, vos talents, vos\",\"breadcrumb\":{\"@id\":\"https:\\\/\\\/villagesaintjoseph.org\\\/kerlevenez\\\/nous-aider\\\/sengager-comme-benevole\\\/#breadcrumb\"},\"inLanguage\":\"fr-FR\",\"potentialAction\":[{\"@type\":\"ReadAction\",\"target\":[\"https:\\\/\\\/villagesaintjoseph.org\\\/kerlevenez\\\/nous-aider\\\/sengager-comme-benevole\\\/\"]}]},{\"@type\":\"ImageObject\",\"inLanguage\":\"fr-FR\",\"@id\":\"https:\\\/\\\/villagesaintjoseph.org\\\/kerlevenez\\\/nous-aider\\\/sengager-comme-benevole\\\/#primaryimage\",\"url\":\"https:\\\/\\\/villagesaintjoseph.org\\\/kerlevenez\\\/wp-content\\\/uploads\\\/sites\\\/2\\\/2021\\\/12\\\/20210224_080049-1-scaled.jpg\",\"contentUrl\":\"https:\\\/\\\/villagesaintjoseph.org\\\/kerlevenez\\\/wp-content\\\/uploads\\\/sites\\\/2\\\/2021\\\/12\\\/20210224_080049-1-scaled.jpg\",\"width\":1920,\"height\":2560},{\"@type\":\"BreadcrumbList\",\"@id\":\"https:\\\/\\\/villagesaintjoseph.org\\\/kerlevenez\\\/nous-aider\\\/sengager-comme-benevole\\\/#breadcrumb\",\"itemListElement\":[{\"@type\":\"ListItem\",\"position\":1,\"name\":\"Accueil\",\"item\":\"https:\\\/\\\/villagesaintjoseph.org\\\/kerlevenez\\\/\"},{\"@type\":\"ListItem\",\"position\":2,\"name\":\"Nous aider\",\"item\":\"https:\\\/\\\/villagesaintjoseph.org\\\/kerlevenez\\\/nous-aider\\\/\"},{\"@type\":\"ListItem\",\"position\":3,\"name\":\"S&rsquo;engager comme b\u00e9n\u00e9vole\"}]},{\"@type\":\"WebSite\",\"@id\":\"https:\\\/\\\/villagesaintjoseph.org\\\/kerlevenez\\\/#website\",\"url\":\"https:\\\/\\\/villagesaintjoseph.org\\\/kerlevenez\\\/\",\"name\":\"Maison de Kerl\u00e9v\u00e9nez\",\"description\":\"\",\"potentialAction\":[{\"@type\":\"SearchAction\",\"target\":{\"@type\":\"EntryPoint\",\"urlTemplate\":\"https:\\\/\\\/villagesaintjoseph.org\\\/kerlevenez\\\/?s={search_term_string}\"},\"query-input\":{\"@type\":\"PropertyValueSpecification\",\"valueRequired\":true,\"valueName\":\"search_term_string\"}}],\"inLanguage\":\"fr-FR\"}]}<\/script>\n<!-- \/ Yoast SEO plugin. -->","yoast_head_json":{"title":"S'engager comme b\u00e9n\u00e9vole - Maison de Kerl\u00e9v\u00e9nez","description":"Vous avez du temps? Venez le passer avec nous! Il existe mille et une fa\u00e7on d'\u00eatre b\u00e9n\u00e9vole au village selon vos disponibilit\u00e9s, vos talents, vos","robots":{"index":"index","follow":"follow","max-snippet":"max-snippet:-1","max-image-preview":"max-image-preview:large","max-video-preview":"max-video-preview:-1"},"canonical":"https:\/\/villagesaintjoseph.org\/kerlevenez\/nous-aider\/sengager-comme-benevole\/","og_locale":"fr_FR","og_type":"article","og_title":"S'engager comme b\u00e9n\u00e9vole - Maison de Kerl\u00e9v\u00e9nez","og_description":"Vous avez du temps? Venez le passer avec nous! Il existe mille et une fa\u00e7on d'\u00eatre b\u00e9n\u00e9vole au village selon vos disponibilit\u00e9s, vos talents, vos","og_url":"https:\/\/villagesaintjoseph.org\/kerlevenez\/nous-aider\/sengager-comme-benevole\/","og_site_name":"Maison de Kerl\u00e9v\u00e9nez","article_modified_time":"2022-01-12T09:50:07+00:00","og_image":[{"width":1920,"height":2560,"url":"https:\/\/villagesaintjoseph.org\/kerlevenez\/wp-content\/uploads\/sites\/2\/2021\/12\/20210224_080049-1-scaled.jpg","type":"image\/jpeg"}],"twitter_card":"summary_large_image","schema":{"@context":"https:\/\/schema.org","@graph":[{"@type":"WebPage","@id":"https:\/\/villagesaintjoseph.org\/kerlevenez\/nous-aider\/sengager-comme-benevole\/","url":"https:\/\/villagesaintjoseph.org\/kerlevenez\/nous-aider\/sengager-comme-benevole\/","name":"S'engager comme b\u00e9n\u00e9vole - Maison de Kerl\u00e9v\u00e9nez","isPartOf":{"@id":"https:\/\/villagesaintjoseph.org\/kerlevenez\/#website"},"primaryImageOfPage":{"@id":"https:\/\/villagesaintjoseph.org\/kerlevenez\/nous-aider\/sengager-comme-benevole\/#primaryimage"},"image":{"@id":"https:\/\/villagesaintjoseph.org\/kerlevenez\/nous-aider\/sengager-comme-benevole\/#primaryimage"},"thumbnailUrl":"https:\/\/villagesaintjoseph.org\/kerlevenez\/wp-content\/uploads\/sites\/2\/2021\/12\/20210224_080049-1-scaled.jpg","datePublished":"2021-12-10T10:35:37+00:00","dateModified":"2022-01-12T09:50:07+00:00","description":"Vous avez du temps? Venez le passer avec nous! Il existe mille et une fa\u00e7on d'\u00eatre b\u00e9n\u00e9vole au village selon vos disponibilit\u00e9s, vos talents, vos","breadcrumb":{"@id":"https:\/\/villagesaintjoseph.org\/kerlevenez\/nous-aider\/sengager-comme-benevole\/#breadcrumb"},"inLanguage":"fr-FR","potentialAction":[{"@type":"ReadAction","target":["https:\/\/villagesaintjoseph.org\/kerlevenez\/nous-aider\/sengager-comme-benevole\/"]}]},{"@type":"ImageObject","inLanguage":"fr-FR","@id":"https:\/\/villagesaintjoseph.org\/kerlevenez\/nous-aider\/sengager-comme-benevole\/#primaryimage","url":"https:\/\/villagesaintjoseph.org\/kerlevenez\/wp-content\/uploads\/sites\/2\/2021\/12\/20210224_080049-1-scaled.jpg","contentUrl":"https:\/\/villagesaintjoseph.org\/kerlevenez\/wp-content\/uploads\/sites\/2\/2021\/12\/20210224_080049-1-scaled.jpg","width":1920,"height":2560},{"@type":"BreadcrumbList","@id":"https:\/\/villagesaintjoseph.org\/kerlevenez\/nous-aider\/sengager-comme-benevole\/#breadcrumb","itemListElement":[{"@type":"ListItem","position":1,"name":"Accueil","item":"https:\/\/villagesaintjoseph.org\/kerlevenez\/"},{"@type":"ListItem","position":2,"name":"Nous aider","item":"https:\/\/villagesaintjoseph.org\/kerlevenez\/nous-aider\/"},{"@type":"ListItem","position":3,"name":"S&rsquo;engager comme b\u00e9n\u00e9vole"}]},{"@type":"WebSite","@id":"https:\/\/villagesaintjoseph.org\/kerlevenez\/#website","url":"https:\/\/villagesaintjoseph.org\/kerlevenez\/","name":"Maison de Kerl\u00e9v\u00e9nez","description":"","potentialAction":[{"@type":"SearchAction","target":{"@type":"EntryPoint","urlTemplate":"https:\/\/villagesaintjoseph.org\/kerlevenez\/?s={search_term_string}"},"query-input":{"@type":"PropertyValueSpecification","valueRequired":true,"valueName":"search_term_string"}}],"inLanguage":"fr-FR"}]}},"_links":{"self":[{"href":"https:\/\/villagesaintjoseph.org\/kerlevenez\/wp-json\/wp\/v2\/pages\/979","targetHints":{"allow":["GET"]}}],"collection":[{"href":"https:\/\/villagesaintjoseph.org\/kerlevenez\/wp-json\/wp\/v2\/pages"}],"about":[{"href":"https:\/\/villagesaintjoseph.org\/kerlevenez\/wp-json\/wp\/v2\/types\/page"}],"author":[{"embeddable":true,"href":"https:\/\/villagesaintjoseph.org\/kerlevenez\/wp-json\/wp\/v2\/users\/16"}],"replies":[{"embeddable":true,"href":"https:\/\/villagesaintjoseph.org\/kerlevenez\/wp-json\/wp\/v2\/comments?post=979"}],"version-history":[{"count":9,"href":"https:\/\/villagesaintjoseph.org\/kerlevenez\/wp-json\/wp\/v2\/pages\/979\/revisions"}],"predecessor-version":[{"id":1070,"href":"https:\/\/villagesaintjoseph.org\/kerlevenez\/wp-json\/wp\/v2\/pages\/979\/revisions\/1070"}],"up":[{"embeddable":true,"href":"https:\/\/villagesaintjoseph.org\/kerlevenez\/wp-json\/wp\/v2\/pages\/1046"}],"wp:featuredmedia":[{"embeddable":true,"href":"https:\/\/villagesaintjoseph.org\/kerlevenez\/wp-json\/wp\/v2\/media\/982"}],"wp:attachment":[{"href":"https:\/\/villagesaintjoseph.org\/kerlevenez\/wp-json\/wp\/v2\/media?parent=979"}],"curies":[{"name":"wp","href":"https:\/\/api.w.org\/{rel}","templated":true}]}}