{"id":427,"date":"2022-01-24T15:36:53","date_gmt":"2022-01-24T14:36:53","guid":{"rendered":"https:\/\/sessines.stjoseph.ovh\/?page_id=427"},"modified":"2025-12-11T13:57:51","modified_gmt":"2025-12-11T12:57:51","slug":"faire-a-un-don-a-la-maison-de-la-presence","status":"publish","type":"page","link":"https:\/\/villagesaintjoseph.org\/lapresence\/nous-aider\/faire-a-un-don-a-la-maison-de-la-presence\/","title":{"rendered":"Faire \u00e0 un don \u00e0 La Pr\u00e9sence"},"content":{"rendered":"\n<p><strong>La Pr\u00e9sence vit essentiellement de dons.<\/strong> La maison ne re\u00e7oit aucune subvention publique afin d\u2019accueillir librement toute personne. Les personnes accueillies sont \u00e9galement invit\u00e9es \u00e0 participer par le paiement d\u2019un loyer ainsi que des charges quotidiennes, ceci en fonction de leurs ressources. Une autre partie des recettes provient des diff\u00e9rents ateliers mis en place. Nous avons donc besoin de votre soutien ! <strong>Quel que soit votre mode de r\u00e8glement, vous recevrez un re\u00e7u fiscal. <\/strong>75 % de votre don \u00e0 la Pr\u00e9sence est d\u00e9ductible, jusqu&rsquo;\u00e0 1000\u20ac, 66% au-del\u00e0 (art. 200 CGI).<\/p>\n","protected":false},"excerpt":{"rendered":"<p>La Pr\u00e9sence vit essentiellement de dons. La maison ne re\u00e7oit aucune subvention publique afin d\u2019accueillir librement toute personne. Les personnes accueillies sont \u00e9galement invit\u00e9es \u00e0 participer par le paiement d\u2019un loyer ainsi que des charges quotidiennes, ceci en fonction de leurs ressources. Une autre partie des recettes provient des diff\u00e9rents ateliers mis en place. Nous [&hellip;]<\/p>\n","protected":false},"author":22,"featured_media":526,"parent":147,"menu_order":8,"comment_status":"closed","ping_status":"closed","template":"templates-pages\/faire-un-don-maison.php","meta":{"inline_featured_image":false,"footnotes":""},"class_list":["post-427","page","type-page","status-publish","has-post-thumbnail","hentry"],"acf":[],"_links":{"self":[{"href":"https:\/\/villagesaintjoseph.org\/lapresence\/wp-json\/wp\/v2\/pages\/427","targetHints":{"allow":["GET"]}}],"collection":[{"href":"https:\/\/villagesaintjoseph.org\/lapresence\/wp-json\/wp\/v2\/pages"}],"about":[{"href":"https:\/\/villagesaintjoseph.org\/lapresence\/wp-json\/wp\/v2\/types\/page"}],"author":[{"embeddable":true,"href":"https:\/\/villagesaintjoseph.org\/lapresence\/wp-json\/wp\/v2\/users\/22"}],"replies":[{"embeddable":true,"href":"https:\/\/villagesaintjoseph.org\/lapresence\/wp-json\/wp\/v2\/comments?post=427"}],"version-history":[{"count":23,"href":"https:\/\/villagesaintjoseph.org\/lapresence\/wp-json\/wp\/v2\/pages\/427\/revisions"}],"predecessor-version":[{"id":2684,"href":"https:\/\/villagesaintjoseph.org\/lapresence\/wp-json\/wp\/v2\/pages\/427\/revisions\/2684"}],"up":[{"embeddable":true,"href":"https:\/\/villagesaintjoseph.org\/lapresence\/wp-json\/wp\/v2\/pages\/147"}],"wp:featuredmedia":[{"embeddable":true,"href":"https:\/\/villagesaintjoseph.org\/lapresence\/wp-json\/"}],"wp:attachment":[{"href":"https:\/\/villagesaintjoseph.org\/lapresence\/wp-json\/wp\/v2\/media?parent=427"}],"curies":[{"name":"wp","href":"https:\/\/api.w.org\/{rel}","templated":true}]}}