{"id":29,"date":"2021-05-03T10:13:31","date_gmt":"2021-05-03T08:13:31","guid":{"rendered":"https:\/\/laudato-si.stjoseph.ovh\/?page_id=29"},"modified":"2022-01-24T09:24:57","modified_gmt":"2022-01-24T08:24:57","slug":"histoire-de-la-maison","status":"publish","type":"page","link":"https:\/\/villagesaintjoseph.org\/laudato-si\/la-maison-laudato-si\/histoire-de-la-maison\/","title":{"rendered":"Histoire de la Maison"},"content":{"rendered":"\n<div class=\"wp-block-media-text alignwide is-stacked-on-mobile\" style=\"grid-template-columns:29% auto\"><figure class=\"wp-block-media-text__media\"><img loading=\"lazy\" decoding=\"async\" width=\"705\" height=\"621\" src=\"https:\/\/villagesaintjoseph.org\/laudato-si\/wp-content\/uploads\/sites\/4\/2021\/04\/Laudato-Si-Carline-et-Franck-OK-705x621-1.jpg\" alt=\"\" class=\"wp-image-14 size-full\" srcset=\"https:\/\/villagesaintjoseph.org\/laudato-si\/wp-content\/uploads\/sites\/4\/2021\/04\/Laudato-Si-Carline-et-Franck-OK-705x621-1.jpg 705w, https:\/\/villagesaintjoseph.org\/laudato-si\/wp-content\/uploads\/sites\/4\/2021\/04\/Laudato-Si-Carline-et-Franck-OK-705x621-1-300x264.jpg 300w\" sizes=\"auto, (max-width: 705px) 100vw, 705px\" \/><\/figure><div class=\"wp-block-media-text__content\">\n<p><em>Le<\/em> <em>Village Saint Joseph \u00e0 Genac, anciennement appel\u00e9 \u00ab\u00a0Providence\u00a0\u00bb puis \u00ab\u00a0l&rsquo;Oasis Fleuri\u00a0\u00bb, fut d&rsquo;abord un internat pour filles ainsi qu&rsquo;un lieu d&rsquo;accueil d&rsquo;enfants. Il est aujourd&rsquo;hui une maison d&rsquo;accueil et de pri\u00e8res qui offre un cadre familial et permet aux plus bless\u00e9s de redevenir acteurs de leurs vies !<\/em><\/p>\n\n\n\n<p>La Village Saint Joseph s&rsquo;est implant\u00e9 en Charente en Septembre 2019. Franck et Carline, un jeune couple en sont les responsables. Franck avait \u00e9t\u00e9 accueilli dans la Maison de Ploun\u00e9vez-Quintin. Quelques ann\u00e9es plus tard, il s\u2019est senti appel\u00e9 \u00e0 ouvrir un Village \u00e0 son tour.<br>Il en a fait part \u00e0 Katia et Nathana\u00ebl lors de l\u2019anniversaire des 20 ans du Village Saint-Joseph en mai 2019, et le projet s\u2019est rapidement concr\u00e9tis\u00e9 :&nbsp;Monseigneur Gosselin proposait &nbsp;la cr\u00e9ation d\u2019une Maison du Village Saint Joseph dans son dioc\u00e8se de Charente. C\u2019est ainsi, qu\u2019est n\u00e9e la Maison&nbsp;<em>Laudato Si<\/em>. Le foyer peut accueillir 12 r\u00e9sidents.<\/p>\n<\/div><\/div>\n\n\n\n<div class=\"wp-block-media-text alignwide has-media-on-the-right is-stacked-on-mobile\" style=\"grid-template-columns:auto 40%\"><figure class=\"wp-block-media-text__media\"><img loading=\"lazy\" decoding=\"async\" width=\"1024\" height=\"768\" src=\"https:\/\/villagesaintjoseph.org\/laudato-si\/wp-content\/uploads\/sites\/4\/2022\/01\/IMG-20210617-WA0005-1024x768.jpg\" alt=\"\" class=\"wp-image-210 size-full\" srcset=\"https:\/\/villagesaintjoseph.org\/laudato-si\/wp-content\/uploads\/sites\/4\/2022\/01\/IMG-20210617-WA0005-1024x768.jpg 1024w, https:\/\/villagesaintjoseph.org\/laudato-si\/wp-content\/uploads\/sites\/4\/2022\/01\/IMG-20210617-WA0005-300x225.jpg 300w, https:\/\/villagesaintjoseph.org\/laudato-si\/wp-content\/uploads\/sites\/4\/2022\/01\/IMG-20210617-WA0005-768x576.jpg 768w, https:\/\/villagesaintjoseph.org\/laudato-si\/wp-content\/uploads\/sites\/4\/2022\/01\/IMG-20210617-WA0005-1536x1153.jpg 1536w, https:\/\/villagesaintjoseph.org\/laudato-si\/wp-content\/uploads\/sites\/4\/2022\/01\/IMG-20210617-WA0005-1400x1051.jpg 1400w, https:\/\/villagesaintjoseph.org\/laudato-si\/wp-content\/uploads\/sites\/4\/2022\/01\/IMG-20210617-WA0005.jpg 1599w\" sizes=\"auto, (max-width: 1024px) 100vw, 1024px\" \/><\/figure><div class=\"wp-block-media-text__content\">\n<h2 class=\"wp-block-heading\"><strong>L\u2019historique de ces lieux<\/strong><\/h2>\n\n\n\n<p>\u00c0 l\u2019origine, en 1951, ces lieux \u00e9taient une \u00e9cole tenue par des s\u0153urs, avec un pensionnat. Elles ont commenc\u00e9 par accueillir des enfants \u201cpupilles de l\u2019\u00e9tat\u201d puis jusqu\u2019\u00e0 400 enfants. Apr\u00e8s, ce sont des Hmongs (peuple nomade d\u2019Asie) qui ont \u00e9t\u00e9 accueillis, et ensuite des pr\u00eatres \u00e0 la retraite.<br>Il y a quelques ann\u00e9es, les soeurs ont c\u00e9d\u00e9 les b\u00e2timents au dioc\u00e8se, car l\u2019entretien des locaux \u00e9tait devenu trop on\u00e9reux.<\/p>\n\n\n\n<p>\u00c0 son tour, le dioc\u00e8se a mis \u00e0 disposition ce lieu pour ouvrir une nouvelle Maison du Village Saint Joseph : la maison&nbsp;<em>Laudato Si<\/em>.&nbsp;L\u2019association&nbsp;est&nbsp;membre de&nbsp;la F\u00e9d\u00e9ration Village Saint Joseph.<\/p>\n\n\n\n<p>Tout comme&nbsp;<em>le Sycomore<\/em>&nbsp;dans la r\u00e9gion Nantaise, et le&nbsp;<em>Village Saint Joseph&nbsp;\u00e0 Ploun\u00e9vez-Quintin<\/em>&nbsp;(lieu o\u00f9 l\u2019aventure du Village Saint Joseph a d\u00e9marr\u00e9),&nbsp;<em>Laudato Si<\/em>&nbsp;est une association de loi 1901, \u00e0 but non lucratif, reconnue d\u2019utilit\u00e9 publique.<\/p>\n\n\n\n<p>Le foyer est \u00e9galement responsable d&rsquo;un autre b\u00e2timent, l\u2019Olivier. Il est situ\u00e9 \u00e0 proximit\u00e9 de la salle des f\u00eates de Genac-Bignac. L\u2019activit\u00e9 de ce second site est l\u2019accueil de groupes (il y a une grande cuisine, une salle de r\u00e9ception, et de nombreuses chambres).<\/p>\n<\/div><\/div>\n\n\n\n<h2 class=\"wp-block-heading\"><strong><br><\/strong><\/h2>\n\n\n\n<div class=\"wp-block-media-text alignwide is-stacked-on-mobile\" style=\"grid-template-columns:32% auto\"><figure class=\"wp-block-media-text__media\"><img loading=\"lazy\" decoding=\"async\" width=\"1024\" height=\"956\" src=\"https:\/\/villagesaintjoseph.org\/laudato-si\/wp-content\/uploads\/sites\/4\/2022\/01\/20211204_115201-1024x956.jpg\" alt=\"\" class=\"wp-image-197 size-full\" srcset=\"https:\/\/villagesaintjoseph.org\/laudato-si\/wp-content\/uploads\/sites\/4\/2022\/01\/20211204_115201-1024x956.jpg 1024w, https:\/\/villagesaintjoseph.org\/laudato-si\/wp-content\/uploads\/sites\/4\/2022\/01\/20211204_115201-300x280.jpg 300w, https:\/\/villagesaintjoseph.org\/laudato-si\/wp-content\/uploads\/sites\/4\/2022\/01\/20211204_115201-768x717.jpg 768w, https:\/\/villagesaintjoseph.org\/laudato-si\/wp-content\/uploads\/sites\/4\/2022\/01\/20211204_115201-1536x1434.jpg 1536w, https:\/\/villagesaintjoseph.org\/laudato-si\/wp-content\/uploads\/sites\/4\/2022\/01\/20211204_115201-2048x1911.jpg 2048w, https:\/\/villagesaintjoseph.org\/laudato-si\/wp-content\/uploads\/sites\/4\/2022\/01\/20211204_115201-1600x1493.jpg 1600w, https:\/\/villagesaintjoseph.org\/laudato-si\/wp-content\/uploads\/sites\/4\/2022\/01\/20211204_115201-1400x1307.jpg 1400w\" sizes=\"auto, (max-width: 1024px) 100vw, 1024px\" \/><\/figure><div class=\"wp-block-media-text__content\">\n<h2 class=\"wp-block-heading\"><strong>Pourquoi \u201cLaudato Si\u201d ?\u00a0<\/strong><\/h2>\n\n\n\n<p><em>Laudato Si<\/em>\u00a0en italien signifie :\u00a0<em>Lou\u00e9 sois-tu<\/em><strong>,<\/strong>\u00a0en lien avec l\u2019encyclique du pape Fran\u00e7ois qui a pour objectif de : respecter la nature, et louer le seigneur !<\/p>\n\n\n\n<p>Les activit\u00e9s du foyer se r\u00e9partissent entre des ateliers th\u00e9rapeutiques tel que le jardinage, la mosa\u00efque, et les temps spirituels.<\/p>\n\n\n\n<p>De plus Carline et Franck, responsables du foyer, ont cette volont\u00e9 de transmettre ce qu\u2019ils ont eux-m\u00eames re\u00e7u lorsqu\u2019ils \u00e9taient en \u00e9tat de fragilit\u00e9 : une main tendue aux personnes fragiles, souvent exclues de notre soci\u00e9t\u00e9.<\/p>\n\n\n\n<p>Le foyer est une fraternit\u00e9 qui repose sur un esprit de famille, \u00e9tat d\u2019esprit primordial dans les Maisons du Village Saint Joseph. Dieu est mis au centre de toutes pr\u00e9occupations.<\/p>\n<\/div><\/div>\n","protected":false},"excerpt":{"rendered":"<p>Le Village Saint Joseph \u00e0 Genac, anciennement appel\u00e9 \u00ab\u00a0Providence\u00a0\u00bb puis \u00ab\u00a0l&rsquo;Oasis Fleuri\u00a0\u00bb, fut d&rsquo;abord un internat pour filles ainsi qu&rsquo;un lieu d&rsquo;accueil d&rsquo;enfants. Il est aujourd&rsquo;hui une maison d&rsquo;accueil et de pri\u00e8res qui offre un cadre familial et permet aux plus bless\u00e9s de redevenir acteurs de leurs vies ! La Village Saint Joseph s&rsquo;est implant\u00e9 [&hellip;]<\/p>\n","protected":false},"author":1,"featured_media":76,"parent":236,"menu_order":7,"comment_status":"closed","ping_status":"closed","template":"","meta":{"inline_featured_image":false,"footnotes":""},"class_list":["post-29","page","type-page","status-publish","has-post-thumbnail","hentry"],"acf":[],"yoast_head":"<!-- This site is optimized with the Yoast SEO plugin v27.3 - https:\/\/yoast.com\/product\/yoast-seo-wordpress\/ -->\n<title>Histoire de la Maison - Maison de Laudato Si<\/title>\n<meta name=\"description\" content=\"Le Village Saint Joseph \u00e0 Genac, anciennement appel\u00e9 &quot;Providence&quot; puis &quot;l&#039;Oasis Fleuri&quot;, fut d&#039;abord un internat pour filles ainsi qu&#039;un lieu d&#039;accueil\" \/>\n<meta name=\"robots\" content=\"index, follow, max-snippet:-1, max-image-preview:large, max-video-preview:-1\" \/>\n<link rel=\"canonical\" href=\"https:\/\/villagesaintjoseph.org\/laudato-si\/la-maison-laudato-si\/histoire-de-la-maison\/\" \/>\n<meta property=\"og:locale\" content=\"fr_FR\" \/>\n<meta property=\"og:type\" content=\"article\" \/>\n<meta property=\"og:title\" content=\"Histoire de la Maison - Maison de Laudato Si\" \/>\n<meta property=\"og:description\" content=\"Le Village Saint Joseph \u00e0 Genac, anciennement appel\u00e9 &quot;Providence&quot; puis &quot;l&#039;Oasis Fleuri&quot;, fut d&#039;abord un internat pour filles ainsi qu&#039;un lieu d&#039;accueil\" \/>\n<meta property=\"og:url\" content=\"https:\/\/villagesaintjoseph.org\/laudato-si\/la-maison-laudato-si\/histoire-de-la-maison\/\" \/>\n<meta property=\"og:site_name\" content=\"Maison de Laudato Si\" \/>\n<meta property=\"article:modified_time\" content=\"2022-01-24T08:24:57+00:00\" \/>\n<meta property=\"og:image\" content=\"https:\/\/villagesaintjoseph.org\/laudato-si\/wp-content\/uploads\/sites\/4\/2021\/10\/IMG_20201108_165506-scaled.jpg\" \/>\n\t<meta property=\"og:image:width\" content=\"2560\" \/>\n\t<meta property=\"og:image:height\" content=\"1920\" \/>\n\t<meta property=\"og:image:type\" content=\"image\/jpeg\" \/>\n<meta name=\"twitter:card\" content=\"summary_large_image\" \/>\n<meta name=\"twitter:label1\" content=\"Dur\u00e9e de lecture estim\u00e9e\" \/>\n\t<meta name=\"twitter:data1\" content=\"3 minutes\" \/>\n<script type=\"application\/ld+json\" class=\"yoast-schema-graph\">{\"@context\":\"https:\\\/\\\/schema.org\",\"@graph\":[{\"@type\":\"WebPage\",\"@id\":\"https:\\\/\\\/villagesaintjoseph.org\\\/laudato-si\\\/la-maison-laudato-si\\\/histoire-de-la-maison\\\/\",\"url\":\"https:\\\/\\\/villagesaintjoseph.org\\\/laudato-si\\\/la-maison-laudato-si\\\/histoire-de-la-maison\\\/\",\"name\":\"Histoire de la Maison - Maison de Laudato Si\",\"isPartOf\":{\"@id\":\"https:\\\/\\\/villagesaintjoseph.org\\\/laudato-si\\\/#website\"},\"primaryImageOfPage\":{\"@id\":\"https:\\\/\\\/villagesaintjoseph.org\\\/laudato-si\\\/la-maison-laudato-si\\\/histoire-de-la-maison\\\/#primaryimage\"},\"image\":{\"@id\":\"https:\\\/\\\/villagesaintjoseph.org\\\/laudato-si\\\/la-maison-laudato-si\\\/histoire-de-la-maison\\\/#primaryimage\"},\"thumbnailUrl\":\"https:\\\/\\\/villagesaintjoseph.org\\\/laudato-si\\\/wp-content\\\/uploads\\\/sites\\\/4\\\/2021\\\/10\\\/IMG_20201108_165506-scaled.jpg\",\"datePublished\":\"2021-05-03T08:13:31+00:00\",\"dateModified\":\"2022-01-24T08:24:57+00:00\",\"description\":\"Le Village Saint Joseph \u00e0 Genac, anciennement appel\u00e9 \\\"Providence\\\" puis \\\"l'Oasis Fleuri\\\", fut d'abord un internat pour filles ainsi qu'un lieu d'accueil\",\"breadcrumb\":{\"@id\":\"https:\\\/\\\/villagesaintjoseph.org\\\/laudato-si\\\/la-maison-laudato-si\\\/histoire-de-la-maison\\\/#breadcrumb\"},\"inLanguage\":\"fr-FR\",\"potentialAction\":[{\"@type\":\"ReadAction\",\"target\":[\"https:\\\/\\\/villagesaintjoseph.org\\\/laudato-si\\\/la-maison-laudato-si\\\/histoire-de-la-maison\\\/\"]}]},{\"@type\":\"ImageObject\",\"inLanguage\":\"fr-FR\",\"@id\":\"https:\\\/\\\/villagesaintjoseph.org\\\/laudato-si\\\/la-maison-laudato-si\\\/histoire-de-la-maison\\\/#primaryimage\",\"url\":\"https:\\\/\\\/villagesaintjoseph.org\\\/laudato-si\\\/wp-content\\\/uploads\\\/sites\\\/4\\\/2021\\\/10\\\/IMG_20201108_165506-scaled.jpg\",\"contentUrl\":\"https:\\\/\\\/villagesaintjoseph.org\\\/laudato-si\\\/wp-content\\\/uploads\\\/sites\\\/4\\\/2021\\\/10\\\/IMG_20201108_165506-scaled.jpg\",\"width\":2560,\"height\":1920},{\"@type\":\"BreadcrumbList\",\"@id\":\"https:\\\/\\\/villagesaintjoseph.org\\\/laudato-si\\\/la-maison-laudato-si\\\/histoire-de-la-maison\\\/#breadcrumb\",\"itemListElement\":[{\"@type\":\"ListItem\",\"position\":1,\"name\":\"Accueil\",\"item\":\"https:\\\/\\\/villagesaintjoseph.org\\\/laudato-si\\\/\"},{\"@type\":\"ListItem\",\"position\":2,\"name\":\"La Maison Laudato Si\",\"item\":\"https:\\\/\\\/villagesaintjoseph.org\\\/laudato-si\\\/la-maison-laudato-si\\\/\"},{\"@type\":\"ListItem\",\"position\":3,\"name\":\"Histoire de la Maison\"}]},{\"@type\":\"WebSite\",\"@id\":\"https:\\\/\\\/villagesaintjoseph.org\\\/laudato-si\\\/#website\",\"url\":\"https:\\\/\\\/villagesaintjoseph.org\\\/laudato-si\\\/\",\"name\":\"Maison de Laudato Si\",\"description\":\"\",\"potentialAction\":[{\"@type\":\"SearchAction\",\"target\":{\"@type\":\"EntryPoint\",\"urlTemplate\":\"https:\\\/\\\/villagesaintjoseph.org\\\/laudato-si\\\/?s={search_term_string}\"},\"query-input\":{\"@type\":\"PropertyValueSpecification\",\"valueRequired\":true,\"valueName\":\"search_term_string\"}}],\"inLanguage\":\"fr-FR\"}]}<\/script>\n<!-- \/ Yoast SEO plugin. -->","yoast_head_json":{"title":"Histoire de la Maison - Maison de Laudato Si","description":"Le Village Saint Joseph \u00e0 Genac, anciennement appel\u00e9 \"Providence\" puis \"l'Oasis Fleuri\", fut d'abord un internat pour filles ainsi qu'un lieu d'accueil","robots":{"index":"index","follow":"follow","max-snippet":"max-snippet:-1","max-image-preview":"max-image-preview:large","max-video-preview":"max-video-preview:-1"},"canonical":"https:\/\/villagesaintjoseph.org\/laudato-si\/la-maison-laudato-si\/histoire-de-la-maison\/","og_locale":"fr_FR","og_type":"article","og_title":"Histoire de la Maison - Maison de Laudato Si","og_description":"Le Village Saint Joseph \u00e0 Genac, anciennement appel\u00e9 \"Providence\" puis \"l'Oasis Fleuri\", fut d'abord un internat pour filles ainsi qu'un lieu d'accueil","og_url":"https:\/\/villagesaintjoseph.org\/laudato-si\/la-maison-laudato-si\/histoire-de-la-maison\/","og_site_name":"Maison de Laudato Si","article_modified_time":"2022-01-24T08:24:57+00:00","og_image":[{"width":2560,"height":1920,"url":"https:\/\/villagesaintjoseph.org\/laudato-si\/wp-content\/uploads\/sites\/4\/2021\/10\/IMG_20201108_165506-scaled.jpg","type":"image\/jpeg"}],"twitter_card":"summary_large_image","twitter_misc":{"Dur\u00e9e de lecture estim\u00e9e":"3 minutes"},"schema":{"@context":"https:\/\/schema.org","@graph":[{"@type":"WebPage","@id":"https:\/\/villagesaintjoseph.org\/laudato-si\/la-maison-laudato-si\/histoire-de-la-maison\/","url":"https:\/\/villagesaintjoseph.org\/laudato-si\/la-maison-laudato-si\/histoire-de-la-maison\/","name":"Histoire de la Maison - Maison de Laudato Si","isPartOf":{"@id":"https:\/\/villagesaintjoseph.org\/laudato-si\/#website"},"primaryImageOfPage":{"@id":"https:\/\/villagesaintjoseph.org\/laudato-si\/la-maison-laudato-si\/histoire-de-la-maison\/#primaryimage"},"image":{"@id":"https:\/\/villagesaintjoseph.org\/laudato-si\/la-maison-laudato-si\/histoire-de-la-maison\/#primaryimage"},"thumbnailUrl":"https:\/\/villagesaintjoseph.org\/laudato-si\/wp-content\/uploads\/sites\/4\/2021\/10\/IMG_20201108_165506-scaled.jpg","datePublished":"2021-05-03T08:13:31+00:00","dateModified":"2022-01-24T08:24:57+00:00","description":"Le Village Saint Joseph \u00e0 Genac, anciennement appel\u00e9 \"Providence\" puis \"l'Oasis Fleuri\", fut d'abord un internat pour filles ainsi qu'un lieu d'accueil","breadcrumb":{"@id":"https:\/\/villagesaintjoseph.org\/laudato-si\/la-maison-laudato-si\/histoire-de-la-maison\/#breadcrumb"},"inLanguage":"fr-FR","potentialAction":[{"@type":"ReadAction","target":["https:\/\/villagesaintjoseph.org\/laudato-si\/la-maison-laudato-si\/histoire-de-la-maison\/"]}]},{"@type":"ImageObject","inLanguage":"fr-FR","@id":"https:\/\/villagesaintjoseph.org\/laudato-si\/la-maison-laudato-si\/histoire-de-la-maison\/#primaryimage","url":"https:\/\/villagesaintjoseph.org\/laudato-si\/wp-content\/uploads\/sites\/4\/2021\/10\/IMG_20201108_165506-scaled.jpg","contentUrl":"https:\/\/villagesaintjoseph.org\/laudato-si\/wp-content\/uploads\/sites\/4\/2021\/10\/IMG_20201108_165506-scaled.jpg","width":2560,"height":1920},{"@type":"BreadcrumbList","@id":"https:\/\/villagesaintjoseph.org\/laudato-si\/la-maison-laudato-si\/histoire-de-la-maison\/#breadcrumb","itemListElement":[{"@type":"ListItem","position":1,"name":"Accueil","item":"https:\/\/villagesaintjoseph.org\/laudato-si\/"},{"@type":"ListItem","position":2,"name":"La Maison Laudato Si","item":"https:\/\/villagesaintjoseph.org\/laudato-si\/la-maison-laudato-si\/"},{"@type":"ListItem","position":3,"name":"Histoire de la Maison"}]},{"@type":"WebSite","@id":"https:\/\/villagesaintjoseph.org\/laudato-si\/#website","url":"https:\/\/villagesaintjoseph.org\/laudato-si\/","name":"Maison de Laudato Si","description":"","potentialAction":[{"@type":"SearchAction","target":{"@type":"EntryPoint","urlTemplate":"https:\/\/villagesaintjoseph.org\/laudato-si\/?s={search_term_string}"},"query-input":{"@type":"PropertyValueSpecification","valueRequired":true,"valueName":"search_term_string"}}],"inLanguage":"fr-FR"}]}},"_links":{"self":[{"href":"https:\/\/villagesaintjoseph.org\/laudato-si\/wp-json\/wp\/v2\/pages\/29","targetHints":{"allow":["GET"]}}],"collection":[{"href":"https:\/\/villagesaintjoseph.org\/laudato-si\/wp-json\/wp\/v2\/pages"}],"about":[{"href":"https:\/\/villagesaintjoseph.org\/laudato-si\/wp-json\/wp\/v2\/types\/page"}],"author":[{"embeddable":true,"href":"https:\/\/villagesaintjoseph.org\/laudato-si\/wp-json\/wp\/v2\/users\/1"}],"replies":[{"embeddable":true,"href":"https:\/\/villagesaintjoseph.org\/laudato-si\/wp-json\/wp\/v2\/comments?post=29"}],"version-history":[{"count":15,"href":"https:\/\/villagesaintjoseph.org\/laudato-si\/wp-json\/wp\/v2\/pages\/29\/revisions"}],"predecessor-version":[{"id":242,"href":"https:\/\/villagesaintjoseph.org\/laudato-si\/wp-json\/wp\/v2\/pages\/29\/revisions\/242"}],"up":[{"embeddable":true,"href":"https:\/\/villagesaintjoseph.org\/laudato-si\/wp-json\/wp\/v2\/pages\/236"}],"wp:featuredmedia":[{"embeddable":true,"href":"https:\/\/villagesaintjoseph.org\/laudato-si\/wp-json\/wp\/v2\/media\/76"}],"wp:attachment":[{"href":"https:\/\/villagesaintjoseph.org\/laudato-si\/wp-json\/wp\/v2\/media?parent=29"}],"curies":[{"name":"wp","href":"https:\/\/api.w.org\/{rel}","templated":true}]}}