{"id":136,"date":"2022-01-10T14:52:36","date_gmt":"2022-01-10T13:52:36","guid":{"rendered":"https:\/\/sessines.stjoseph.ovh\/?page_id=136"},"modified":"2026-03-16T00:08:43","modified_gmt":"2026-03-15T23:08:43","slug":"nous-contacter","status":"publish","type":"page","link":"https:\/\/villagesaintjoseph.org\/mieges\/nous-contacter\/","title":{"rendered":"Nous contacter"},"content":{"rendered":"\n<div class=\"wp-block-columns is-layout-flex wp-container-core-columns-is-layout-28f84493 wp-block-columns-is-layout-flex\">\n<div class=\"wp-block-column is-layout-flow wp-block-column-is-layout-flow\">\n<p><em>Nota : si vous faites copier-coller pour cette adresse courriel, pensez \u00e0 supprimer les espaces avant et apr\u00e8s le @ !<\/em><\/p>\n\n\n\n<p><strong>Maison \u2013 Village Saint Joseph \u00e0<\/strong> <strong>Mi\u00e8ges<\/strong><br>12, rue de l&rsquo;ermitage<br>39250 Mi\u00e8ges<br>06 08 89 95 05<br>contact.mieges @ villagesaintjoseph.org<\/p>\n\n\n\n<p><\/p>\n<\/div>\n\n\n\n<div class=\"wp-block-column is-layout-flow wp-block-column-is-layout-flow\">\n<h2 class=\"wp-block-heading\">Contactez la Maison en remplissant ce formulaire<\/h2>\n\n\n\n<div class=\"wpcf7 no-js\" id=\"wpcf7-f138-o1\" lang=\"fr-FR\" dir=\"ltr\" data-wpcf7-id=\"138\">\n<div class=\"screen-reader-response\"><p role=\"status\" aria-live=\"polite\" aria-atomic=\"true\"><\/p> <ul><\/ul><\/div>\n<form action=\"\/mieges\/wp-json\/wp\/v2\/pages\/136#wpcf7-f138-o1\" method=\"post\" class=\"wpcf7-form init\" aria-label=\"Formulaire de contact\" novalidate=\"novalidate\" data-status=\"init\">\n<fieldset class=\"hidden-fields-container\"><input type=\"hidden\" name=\"_wpcf7\" value=\"138\" \/><input type=\"hidden\" name=\"_wpcf7_version\" value=\"6.1.5\" \/><input type=\"hidden\" name=\"_wpcf7_locale\" value=\"fr_FR\" \/><input type=\"hidden\" name=\"_wpcf7_unit_tag\" value=\"wpcf7-f138-o1\" \/><input type=\"hidden\" name=\"_wpcf7_container_post\" value=\"0\" \/><input type=\"hidden\" name=\"_wpcf7_posted_data_hash\" value=\"\" \/>\n<\/fieldset>\n<p><label> Votre nom<br \/>\n<span class=\"wpcf7-form-control-wrap\" data-name=\"your-name\"><input size=\"40\" maxlength=\"400\" class=\"wpcf7-form-control wpcf7-text wpcf7-validates-as-required\" aria-required=\"true\" aria-invalid=\"false\" value=\"\" type=\"text\" name=\"your-name\" \/><\/span> <\/label>\n<\/p>\n<p><label> Votre e-mail<br \/>\n<span class=\"wpcf7-form-control-wrap\" data-name=\"your-email\"><input size=\"40\" maxlength=\"400\" class=\"wpcf7-form-control wpcf7-email wpcf7-validates-as-required wpcf7-text wpcf7-validates-as-email\" aria-required=\"true\" aria-invalid=\"false\" value=\"\" type=\"email\" name=\"your-email\" \/><\/span> <\/label>\n<\/p>\n<p><label> Objet<br \/>\n<span class=\"wpcf7-form-control-wrap\" data-name=\"your-subject\"><input size=\"40\" maxlength=\"400\" class=\"wpcf7-form-control wpcf7-text wpcf7-validates-as-required\" aria-required=\"true\" aria-invalid=\"false\" value=\"\" type=\"text\" name=\"your-subject\" \/><\/span> <\/label>\n<\/p>\n<p><label> Votre demande est destin\u00e9e \u00e0<br \/>\n<span class=\"wpcf7-form-control-wrap\" data-name=\"demande-destinee\"><select class=\"wpcf7-form-control wpcf7-select\" aria-invalid=\"false\" name=\"demande-destinee\"><option value=\"Maison ND de l&#039;Ermitage (39)\">Maison ND de l&#039;Ermitage (39)<\/option><\/select><\/span><br \/>\n<\/label>\n<\/p>\n<p><label> Votre message (facultatif)<br \/>\n<span class=\"wpcf7-form-control-wrap\" data-name=\"your-message\"><textarea cols=\"40\" rows=\"10\" maxlength=\"2000\" class=\"wpcf7-form-control wpcf7-textarea\" aria-invalid=\"false\" name=\"your-message\"><\/textarea><\/span> <\/label>\n<\/p>\n<p><input class=\"wpcf7-form-control wpcf7-submit has-spinner\" type=\"submit\" value=\"Envoyer\" \/>\n<\/p><div class=\"wpcf7-response-output\" aria-hidden=\"true\"><\/div>\n<\/form>\n<\/div>\n\n<\/div>\n<\/div>\n\n\n\n<pre class=\"wp-block-preformatted has-large-font-size\"><\/pre>\n","protected":false},"excerpt":{"rendered":"<p>Nota : si vous faites copier-coller pour cette adresse courriel, pensez \u00e0 supprimer les espaces avant et apr\u00e8s le @ ! Maison \u2013 Village Saint Joseph \u00e0 Mi\u00e8ges12, rue de l&rsquo;ermitage39250 Mi\u00e8ges06 08 89 95 05contact.mieges @ villagesaintjoseph.org Contactez la Maison en remplissant ce formulaire<\/p>\n","protected":false},"author":9,"featured_media":412,"parent":0,"menu_order":13,"comment_status":"closed","ping_status":"closed","template":"","meta":{"inline_featured_image":false,"footnotes":""},"class_list":["post-136","page","type-page","status-publish","has-post-thumbnail","hentry"],"acf":[],"_links":{"self":[{"href":"https:\/\/villagesaintjoseph.org\/mieges\/wp-json\/wp\/v2\/pages\/136","targetHints":{"allow":["GET"]}}],"collection":[{"href":"https:\/\/villagesaintjoseph.org\/mieges\/wp-json\/wp\/v2\/pages"}],"about":[{"href":"https:\/\/villagesaintjoseph.org\/mieges\/wp-json\/wp\/v2\/types\/page"}],"author":[{"embeddable":true,"href":"https:\/\/villagesaintjoseph.org\/mieges\/wp-json\/wp\/v2\/users\/9"}],"replies":[{"embeddable":true,"href":"https:\/\/villagesaintjoseph.org\/mieges\/wp-json\/wp\/v2\/comments?post=136"}],"version-history":[{"count":12,"href":"https:\/\/villagesaintjoseph.org\/mieges\/wp-json\/wp\/v2\/pages\/136\/revisions"}],"predecessor-version":[{"id":2377,"href":"https:\/\/villagesaintjoseph.org\/mieges\/wp-json\/wp\/v2\/pages\/136\/revisions\/2377"}],"wp:featuredmedia":[{"embeddable":true,"href":"https:\/\/villagesaintjoseph.org\/mieges\/wp-json\/"}],"wp:attachment":[{"href":"https:\/\/villagesaintjoseph.org\/mieges\/wp-json\/wp\/v2\/media?parent=136"}],"curies":[{"name":"wp","href":"https:\/\/api.w.org\/{rel}","templated":true}]}}