{"id":147,"date":"2022-01-10T15:15:55","date_gmt":"2022-01-10T14:15:55","guid":{"rendered":"https:\/\/sessines.stjoseph.ovh\/?page_id=147"},"modified":"2022-01-10T15:15:55","modified_gmt":"2022-01-10T14:15:55","slug":"nous-aider","status":"publish","type":"page","link":"https:\/\/villagesaintjoseph.org\/mieges\/nous-aider\/","title":{"rendered":"Nous aider"},"content":{"rendered":"\n<p>Le Village Saint Joseph vit essentiellement de <strong>dons<\/strong>. Il ne re\u00e7oit <strong>aucune subvention publique<\/strong> afin d\u2019accueillir librement toute personne.<\/p>\n\n\n\n<p>Les accueillis sont invit\u00e9s \u00e0 participer aux frais de la Maison par le paiement d\u2019un loyer ainsi que des charges quotidiennes, en fonction de leurs ressources. Cependant, rares sont les cas o\u00f9 la personne peut donner la totalit\u00e9 des frais engendr\u00e9s par son accueil (globalement, elles sont en mesure d\u2019assumer <strong>40 \u00e0 50% des charges concr\u00e8tes<\/strong> de l\u2019association).<\/p>\n\n\n\n<p>Ce sont les donateurs qui, par leur g\u00e9n\u00e9rosit\u00e9, <strong>permettent l\u2019accueil<\/strong> et la reconstruction de ceux qui n\u2019ont pas assez, pas grand-chose, ou parfois m\u00eame rien\u2026<\/p>\n\n\n\n<p>Vous pouvez \u00e9galement nous soutenir par des dons de mat\u00e9riel, de nourriture, de fournitures, etc.<\/p>\n\n\n\n<p>Nous comptons \u00e9galement sur vos pri\u00e8res pour nous soutenir.<\/p>\n","protected":false},"excerpt":{"rendered":"<p>Le Village Saint Joseph vit essentiellement de dons. Il ne re\u00e7oit aucune subvention publique afin d\u2019accueillir librement toute personne. Les accueillis sont invit\u00e9s \u00e0 participer aux frais de la Maison par le paiement d\u2019un loyer ainsi que des charges quotidiennes, en fonction de leurs ressources. Cependant, rares sont les cas o\u00f9 la personne peut donner [&hellip;]<\/p>\n","protected":false},"author":9,"featured_media":381,"parent":0,"menu_order":12,"comment_status":"closed","ping_status":"closed","template":"","meta":{"inline_featured_image":false,"footnotes":""},"class_list":["post-147","page","type-page","status-publish","has-post-thumbnail","hentry"],"acf":[],"_links":{"self":[{"href":"https:\/\/villagesaintjoseph.org\/mieges\/wp-json\/wp\/v2\/pages\/147","targetHints":{"allow":["GET"]}}],"collection":[{"href":"https:\/\/villagesaintjoseph.org\/mieges\/wp-json\/wp\/v2\/pages"}],"about":[{"href":"https:\/\/villagesaintjoseph.org\/mieges\/wp-json\/wp\/v2\/types\/page"}],"author":[{"embeddable":true,"href":"https:\/\/villagesaintjoseph.org\/mieges\/wp-json\/wp\/v2\/users\/9"}],"replies":[{"embeddable":true,"href":"https:\/\/villagesaintjoseph.org\/mieges\/wp-json\/wp\/v2\/comments?post=147"}],"version-history":[{"count":0,"href":"https:\/\/villagesaintjoseph.org\/mieges\/wp-json\/wp\/v2\/pages\/147\/revisions"}],"wp:featuredmedia":[{"embeddable":true,"href":"https:\/\/villagesaintjoseph.org\/mieges\/wp-json\/"}],"wp:attachment":[{"href":"https:\/\/villagesaintjoseph.org\/mieges\/wp-json\/wp\/v2\/media?parent=147"}],"curies":[{"name":"wp","href":"https:\/\/api.w.org\/{rel}","templated":true}]}}