{"id":1987,"date":"2024-02-01T11:07:45","date_gmt":"2024-02-01T10:07:45","guid":{"rendered":"https:\/\/villagesaintjoseph.org\/maisondupain\/?page_id=1987"},"modified":"2025-11-30T23:05:06","modified_gmt":"2025-11-30T22:05:06","slug":"une-journee-type","status":"publish","type":"page","link":"https:\/\/villagesaintjoseph.org\/mieges\/la-maison-de-mieges\/une-journee-type\/","title":{"rendered":"Une journ\u00e9e \u00e0 la Maison de Mi\u00e8ges"},"content":{"rendered":"\n<p>Chaque journ\u00e9e est organis\u00e9e selon un <strong>horaire<\/strong>, qui peut cependant \u00eatre <strong>adapt\u00e9<\/strong> suivant les personnes, les priorit\u00e9s du moment et les \u00e9v\u00e8nements. L&rsquo;essentiel, pour nous, est de garder  fermement<strong> les trois piliers<\/strong> de notre vie : la vie spirituelle, la vie fraternelle et les activit\u00e9s.<\/p>\n\n\n\n<p>Une journ\u00e9e type \u00e0 Mi\u00e8ges :<\/p>\n\n\n\n<ul class=\"wp-block-list\">\n<li>7h00 &#8211; 8h45 : <strong>Petit-d\u00e9jeuner <\/strong>pris librement<\/li>\n\n\n\n<li>08h10 : <strong>Adoration<\/strong> (propos\u00e9e)<\/li>\n\n\n\n<li>08h45 : Partage de la <strong>Parole<\/strong> (textes du jour)<\/li>\n\n\n\n<li>09h10 : R\u00e9union de <strong>lancement de la journ\u00e9e<\/strong><\/li>\n\n\n\n<li>09h15 &#8211; 12h00 : <strong>Activit\u00e9s<\/strong> (pause de 15 min. \u00e0 10h30)<\/li>\n\n\n\n<li>12h15 : <strong>D\u00e9jeuner<\/strong><\/li>\n\n\n\n<li>13h30 &#8211; 15h00 : <strong>Temps libre<\/strong><\/li>\n\n\n\n<li>15h00 &#8211; 18h00 : <strong>Activit\u00e9s<\/strong> (pause de 15 min. \u00e0 16h30)<\/li>\n\n\n\n<li>18h00 &#8211; 19h00 <strong>Temps libre<\/strong><\/li>\n\n\n\n<li>19h00 : Pr\u00e9paration du d\u00eener<\/li>\n\n\n\n<li>19h30 : <strong>D\u00eener<\/strong><\/li>\n\n\n\n<li>20h30 : <strong>Soir\u00e9e libre<\/strong><\/li>\n<\/ul>\n\n\n\n<p><\/p>\n","protected":false},"excerpt":{"rendered":"<p>Chaque journ\u00e9e est organis\u00e9e selon un horaire, qui peut cependant \u00eatre adapt\u00e9 suivant les personnes, les priorit\u00e9s du moment et les \u00e9v\u00e8nements. L&rsquo;essentiel, pour nous, est de garder fermement les trois piliers de notre vie : la vie spirituelle, la vie fraternelle et les activit\u00e9s. Une journ\u00e9e type \u00e0 Mi\u00e8ges :<\/p>\n","protected":false},"author":9,"featured_media":0,"parent":699,"menu_order":4,"comment_status":"closed","ping_status":"closed","template":"","meta":{"inline_featured_image":false,"footnotes":""},"class_list":["post-1987","page","type-page","status-publish","hentry"],"acf":[],"_links":{"self":[{"href":"https:\/\/villagesaintjoseph.org\/mieges\/wp-json\/wp\/v2\/pages\/1987","targetHints":{"allow":["GET"]}}],"collection":[{"href":"https:\/\/villagesaintjoseph.org\/mieges\/wp-json\/wp\/v2\/pages"}],"about":[{"href":"https:\/\/villagesaintjoseph.org\/mieges\/wp-json\/wp\/v2\/types\/page"}],"author":[{"embeddable":true,"href":"https:\/\/villagesaintjoseph.org\/mieges\/wp-json\/wp\/v2\/users\/9"}],"replies":[{"embeddable":true,"href":"https:\/\/villagesaintjoseph.org\/mieges\/wp-json\/wp\/v2\/comments?post=1987"}],"version-history":[{"count":3,"href":"https:\/\/villagesaintjoseph.org\/mieges\/wp-json\/wp\/v2\/pages\/1987\/revisions"}],"predecessor-version":[{"id":2294,"href":"https:\/\/villagesaintjoseph.org\/mieges\/wp-json\/wp\/v2\/pages\/1987\/revisions\/2294"}],"up":[{"embeddable":true,"href":"https:\/\/villagesaintjoseph.org\/mieges\/wp-json\/wp\/v2\/pages\/699"}],"wp:attachment":[{"href":"https:\/\/villagesaintjoseph.org\/mieges\/wp-json\/wp\/v2\/media?parent=1987"}],"curies":[{"name":"wp","href":"https:\/\/api.w.org\/{rel}","templated":true}]}}