{"id":2055,"date":"2024-04-28T09:40:13","date_gmt":"2024-04-28T07:40:13","guid":{"rendered":"https:\/\/villagesaintjoseph.org\/maisondupain\/?page_id=2055"},"modified":"2025-12-01T10:17:34","modified_gmt":"2025-12-01T09:17:34","slug":"photos","status":"publish","type":"page","link":"https:\/\/villagesaintjoseph.org\/mieges\/photos\/","title":{"rendered":"Photos"},"content":{"rendered":"\n<p class=\"has-text-align-center has-large-font-size\"><\/p>\n\n\n\n<p><strong>novembre 2024<\/strong> : Les b\u00e9n\u00e9voles au travail<\/p>\n\n\n\n<figure class=\"wp-block-image size-large\"><img loading=\"lazy\" decoding=\"async\" width=\"1024\" height=\"677\" src=\"https:\/\/villagesaintjoseph.org\/mieges\/wp-content\/uploads\/sites\/13\/2025\/11\/1000002481-1024x677.jpg\" alt=\"\" class=\"wp-image-2210\" srcset=\"https:\/\/villagesaintjoseph.org\/mieges\/wp-content\/uploads\/sites\/13\/2025\/11\/1000002481-1024x677.jpg 1024w, https:\/\/villagesaintjoseph.org\/mieges\/wp-content\/uploads\/sites\/13\/2025\/11\/1000002481-300x198.jpg 300w, https:\/\/villagesaintjoseph.org\/mieges\/wp-content\/uploads\/sites\/13\/2025\/11\/1000002481-768x507.jpg 768w, https:\/\/villagesaintjoseph.org\/mieges\/wp-content\/uploads\/sites\/13\/2025\/11\/1000002481-1536x1015.jpg 1536w, https:\/\/villagesaintjoseph.org\/mieges\/wp-content\/uploads\/sites\/13\/2025\/11\/1000002481-2048x1353.jpg 2048w, https:\/\/villagesaintjoseph.org\/mieges\/wp-content\/uploads\/sites\/13\/2025\/11\/1000002481-50x33.jpg 50w, https:\/\/villagesaintjoseph.org\/mieges\/wp-content\/uploads\/sites\/13\/2025\/11\/1000002481-1600x1057.jpg 1600w, https:\/\/villagesaintjoseph.org\/mieges\/wp-content\/uploads\/sites\/13\/2025\/11\/1000002481-1400x925.jpg 1400w\" sizes=\"auto, (max-width: 1024px) 100vw, 1024px\" \/><\/figure>\n\n\n\n<p><strong><em>\u00e9t\u00e9 <\/em>2024<\/strong> : Arriv\u00e9e et d\u00e9but des travaux<\/p>\n\n\n\n<figure class=\"wp-block-gallery has-nested-images columns-default is-cropped wp-block-gallery-1 is-layout-flex wp-block-gallery-is-layout-flex\">\n<figure class=\"wp-block-image size-large\"><img loading=\"lazy\" decoding=\"async\" width=\"1024\" height=\"819\" data-id=\"2212\" src=\"https:\/\/villagesaintjoseph.org\/mieges\/wp-content\/uploads\/sites\/13\/2025\/11\/PhotoCollage_20241004_103021588-1024x819.jpg\" alt=\"\" class=\"wp-image-2212\" srcset=\"https:\/\/villagesaintjoseph.org\/mieges\/wp-content\/uploads\/sites\/13\/2025\/11\/PhotoCollage_20241004_103021588-1024x819.jpg 1024w, https:\/\/villagesaintjoseph.org\/mieges\/wp-content\/uploads\/sites\/13\/2025\/11\/PhotoCollage_20241004_103021588-300x240.jpg 300w, https:\/\/villagesaintjoseph.org\/mieges\/wp-content\/uploads\/sites\/13\/2025\/11\/PhotoCollage_20241004_103021588-768x614.jpg 768w, https:\/\/villagesaintjoseph.org\/mieges\/wp-content\/uploads\/sites\/13\/2025\/11\/PhotoCollage_20241004_103021588-1536x1229.jpg 1536w, https:\/\/villagesaintjoseph.org\/mieges\/wp-content\/uploads\/sites\/13\/2025\/11\/PhotoCollage_20241004_103021588-2048x1638.jpg 2048w, https:\/\/villagesaintjoseph.org\/mieges\/wp-content\/uploads\/sites\/13\/2025\/11\/PhotoCollage_20241004_103021588-50x40.jpg 50w, https:\/\/villagesaintjoseph.org\/mieges\/wp-content\/uploads\/sites\/13\/2025\/11\/PhotoCollage_20241004_103021588-1600x1280.jpg 1600w, https:\/\/villagesaintjoseph.org\/mieges\/wp-content\/uploads\/sites\/13\/2025\/11\/PhotoCollage_20241004_103021588-1400x1120.jpg 1400w\" sizes=\"auto, (max-width: 1024px) 100vw, 1024px\" \/><\/figure>\n<\/figure>\n\n\n\n<figure class=\"wp-block-gallery has-nested-images columns-default is-cropped wp-block-gallery-2 is-layout-flex wp-block-gallery-is-layout-flex\"><\/figure>\n\n\n\n<p><\/p>\n\n\n\n<p><strong><em>\u00e9t\u00e9 202<\/em>4 :<\/strong> Quelques photos du site<\/p>\n\n\n\n<figure class=\"wp-block-gallery has-nested-images columns-default is-cropped wp-block-gallery-3 is-layout-flex wp-block-gallery-is-layout-flex\">\n<figure class=\"wp-block-image size-large\"><img loading=\"lazy\" decoding=\"async\" width=\"685\" height=\"1024\" data-id=\"2231\" src=\"https:\/\/villagesaintjoseph.org\/mieges\/wp-content\/uploads\/sites\/13\/2025\/11\/mieges-004-685x1024.jpg\" alt=\"\" class=\"wp-image-2231\" srcset=\"https:\/\/villagesaintjoseph.org\/mieges\/wp-content\/uploads\/sites\/13\/2025\/11\/mieges-004-685x1024.jpg 685w, https:\/\/villagesaintjoseph.org\/mieges\/wp-content\/uploads\/sites\/13\/2025\/11\/mieges-004-201x300.jpg 201w, https:\/\/villagesaintjoseph.org\/mieges\/wp-content\/uploads\/sites\/13\/2025\/11\/mieges-004-768x1147.jpg 768w, https:\/\/villagesaintjoseph.org\/mieges\/wp-content\/uploads\/sites\/13\/2025\/11\/mieges-004-1028x1536.jpg 1028w, https:\/\/villagesaintjoseph.org\/mieges\/wp-content\/uploads\/sites\/13\/2025\/11\/mieges-004-1371x2048.jpg 1371w, https:\/\/villagesaintjoseph.org\/mieges\/wp-content\/uploads\/sites\/13\/2025\/11\/mieges-004-50x75.jpg 50w, https:\/\/villagesaintjoseph.org\/mieges\/wp-content\/uploads\/sites\/13\/2025\/11\/mieges-004-1600x2390.jpg 1600w, https:\/\/villagesaintjoseph.org\/mieges\/wp-content\/uploads\/sites\/13\/2025\/11\/mieges-004-937x1400.jpg 937w, https:\/\/villagesaintjoseph.org\/mieges\/wp-content\/uploads\/sites\/13\/2025\/11\/mieges-004-scaled.jpg 1714w\" sizes=\"auto, (max-width: 685px) 100vw, 685px\" \/><figcaption class=\"wp-element-caption\">Notre-Dame de Mi\u00e8ges<\/figcaption><\/figure>\n\n\n\n<figure class=\"wp-block-image size-large\"><img loading=\"lazy\" decoding=\"async\" width=\"1024\" height=\"683\" data-id=\"2235\" src=\"https:\/\/villagesaintjoseph.org\/mieges\/wp-content\/uploads\/sites\/13\/2025\/11\/MG_4697.eclairciJPG-1024x683.jpg\" alt=\"\" class=\"wp-image-2235\" srcset=\"https:\/\/villagesaintjoseph.org\/mieges\/wp-content\/uploads\/sites\/13\/2025\/11\/MG_4697.eclairciJPG-1024x683.jpg 1024w, https:\/\/villagesaintjoseph.org\/mieges\/wp-content\/uploads\/sites\/13\/2025\/11\/MG_4697.eclairciJPG-300x200.jpg 300w, https:\/\/villagesaintjoseph.org\/mieges\/wp-content\/uploads\/sites\/13\/2025\/11\/MG_4697.eclairciJPG-768x512.jpg 768w, https:\/\/villagesaintjoseph.org\/mieges\/wp-content\/uploads\/sites\/13\/2025\/11\/MG_4697.eclairciJPG-1536x1024.jpg 1536w, https:\/\/villagesaintjoseph.org\/mieges\/wp-content\/uploads\/sites\/13\/2025\/11\/MG_4697.eclairciJPG-2048x1365.jpg 2048w, https:\/\/villagesaintjoseph.org\/mieges\/wp-content\/uploads\/sites\/13\/2025\/11\/MG_4697.eclairciJPG-50x33.jpg 50w, https:\/\/villagesaintjoseph.org\/mieges\/wp-content\/uploads\/sites\/13\/2025\/11\/MG_4697.eclairciJPG-1600x1067.jpg 1600w, https:\/\/villagesaintjoseph.org\/mieges\/wp-content\/uploads\/sites\/13\/2025\/11\/MG_4697.eclairciJPG-1400x933.jpg 1400w\" sizes=\"auto, (max-width: 1024px) 100vw, 1024px\" \/><figcaption class=\"wp-element-caption\">Ermitage Notre-Dame de Mi\u00e8ges<\/figcaption><\/figure>\n\n\n\n<figure class=\"wp-block-image size-large\"><img loading=\"lazy\" decoding=\"async\" width=\"1024\" height=\"768\" data-id=\"2186\" src=\"https:\/\/villagesaintjoseph.org\/mieges\/wp-content\/uploads\/sites\/13\/2024\/06\/IMG-20220711-WA0005.jpg\" alt=\"\" class=\"wp-image-2186\" srcset=\"https:\/\/villagesaintjoseph.org\/mieges\/wp-content\/uploads\/sites\/13\/2024\/06\/IMG-20220711-WA0005.jpg 1024w, https:\/\/villagesaintjoseph.org\/mieges\/wp-content\/uploads\/sites\/13\/2024\/06\/IMG-20220711-WA0005-300x225.jpg 300w, https:\/\/villagesaintjoseph.org\/mieges\/wp-content\/uploads\/sites\/13\/2024\/06\/IMG-20220711-WA0005-768x576.jpg 768w, https:\/\/villagesaintjoseph.org\/mieges\/wp-content\/uploads\/sites\/13\/2024\/06\/IMG-20220711-WA0005-50x38.jpg 50w\" sizes=\"auto, (max-width: 1024px) 100vw, 1024px\" \/><figcaption class=\"wp-element-caption\">La Sainte Fontaine<\/figcaption><\/figure>\n\n\n\n<figure class=\"wp-block-image size-large\"><img loading=\"lazy\" decoding=\"async\" width=\"1024\" height=\"321\" data-id=\"2236\" src=\"https:\/\/villagesaintjoseph.org\/mieges\/wp-content\/uploads\/sites\/13\/2025\/11\/Panorama-Nozeroy1-1024x321.jpg\" alt=\"\" class=\"wp-image-2236\" srcset=\"https:\/\/villagesaintjoseph.org\/mieges\/wp-content\/uploads\/sites\/13\/2025\/11\/Panorama-Nozeroy1-1024x321.jpg 1024w, https:\/\/villagesaintjoseph.org\/mieges\/wp-content\/uploads\/sites\/13\/2025\/11\/Panorama-Nozeroy1-300x94.jpg 300w, https:\/\/villagesaintjoseph.org\/mieges\/wp-content\/uploads\/sites\/13\/2025\/11\/Panorama-Nozeroy1-768x241.jpg 768w, https:\/\/villagesaintjoseph.org\/mieges\/wp-content\/uploads\/sites\/13\/2025\/11\/Panorama-Nozeroy1-1536x482.jpg 1536w, https:\/\/villagesaintjoseph.org\/mieges\/wp-content\/uploads\/sites\/13\/2025\/11\/Panorama-Nozeroy1-2048x643.jpg 2048w, https:\/\/villagesaintjoseph.org\/mieges\/wp-content\/uploads\/sites\/13\/2025\/11\/Panorama-Nozeroy1-50x16.jpg 50w, https:\/\/villagesaintjoseph.org\/mieges\/wp-content\/uploads\/sites\/13\/2025\/11\/Panorama-Nozeroy1-1600x502.jpg 1600w, https:\/\/villagesaintjoseph.org\/mieges\/wp-content\/uploads\/sites\/13\/2025\/11\/Panorama-Nozeroy1-1400x439.jpg 1400w\" sizes=\"auto, (max-width: 1024px) 100vw, 1024px\" \/><figcaption class=\"wp-element-caption\">Nozeroy<\/figcaption><\/figure>\n<\/figure>\n\n\n\n<p><\/p>\n","protected":false},"excerpt":{"rendered":"<p>novembre 2024 : Les b\u00e9n\u00e9voles au travail \u00e9t\u00e9 2024 : Arriv\u00e9e et d\u00e9but des travaux \u00e9t\u00e9 2024 : Quelques photos du site<\/p>\n","protected":false},"author":27,"featured_media":0,"parent":0,"menu_order":3,"comment_status":"closed","ping_status":"closed","template":"","meta":{"inline_featured_image":false,"footnotes":""},"class_list":["post-2055","page","type-page","status-publish","hentry"],"acf":[],"_links":{"self":[{"href":"https:\/\/villagesaintjoseph.org\/mieges\/wp-json\/wp\/v2\/pages\/2055","targetHints":{"allow":["GET"]}}],"collection":[{"href":"https:\/\/villagesaintjoseph.org\/mieges\/wp-json\/wp\/v2\/pages"}],"about":[{"href":"https:\/\/villagesaintjoseph.org\/mieges\/wp-json\/wp\/v2\/types\/page"}],"author":[{"embeddable":true,"href":"https:\/\/villagesaintjoseph.org\/mieges\/wp-json\/wp\/v2\/users\/27"}],"replies":[{"embeddable":true,"href":"https:\/\/villagesaintjoseph.org\/mieges\/wp-json\/wp\/v2\/comments?post=2055"}],"version-history":[{"count":5,"href":"https:\/\/villagesaintjoseph.org\/mieges\/wp-json\/wp\/v2\/pages\/2055\/revisions"}],"predecessor-version":[{"id":2309,"href":"https:\/\/villagesaintjoseph.org\/mieges\/wp-json\/wp\/v2\/pages\/2055\/revisions\/2309"}],"wp:attachment":[{"href":"https:\/\/villagesaintjoseph.org\/mieges\/wp-json\/wp\/v2\/media?parent=2055"}],"curies":[{"name":"wp","href":"https:\/\/api.w.org\/{rel}","templated":true}]}}