{"id":347,"date":"2022-01-21T17:58:50","date_gmt":"2022-01-21T16:58:50","guid":{"rendered":"https:\/\/sessines.stjoseph.ovh\/?page_id=347"},"modified":"2025-12-01T22:59:58","modified_gmt":"2025-12-01T21:59:58","slug":"etre-benevole","status":"publish","type":"page","link":"https:\/\/villagesaintjoseph.org\/mieges\/nous-aider\/etre-benevole\/","title":{"rendered":"\u00catre b\u00e9n\u00e9vole"},"content":{"rendered":"\n<p>Vous avez du <strong>temps<\/strong> ? Venez le passer avec nous ! Il existe une multitude de fa\u00e7ons d\u2019\u00eatre b\u00e9n\u00e9vole au Village <strong>selon vos talents, vos capacit\u00e9s, vos disponibilit\u00e9s<\/strong>\u2026<\/p>\n\n\n\n<p>Il est possible de :<\/p>\n\n\n\n<ul class=\"wp-block-list\">\n<li>Venir r\u00e9guli\u00e8rement passer une demi-journ\u00e9e pour <strong>nous aider dans les ateliers<\/strong> (jardinage, coupe du bois, potager, r\u00e9fection de mobilier, mosa\u00efque, cuisine, poulailler, etc)<\/li>\n\n\n\n<li><strong>Animer<\/strong> un atelier ou en proposer la cr\u00e9ation en fonction de vos talents<\/li>\n\n\n\n<li>Remplacer le couple responsable sur un week-end ou pendant les vacances<\/li>\n\n\n\n<li>S\u2019occuper de la <strong>communication<\/strong> de la Maison<\/li>\n\n\n\n<li>Prendre des repas le soir en compagnie de nos accueillis<\/li>\n\n\n\n<li>Faire le \u00ab\u00a0taxi\u00a0\u00bb pour les rdvs m\u00e9dicaux ou administratifs<\/li>\n\n\n\n<li>Venir pendant le week-end pour passer du temps avec nous<\/li>\n<\/ul>\n\n\n\n<p>Les b\u00e9n\u00e9voles sont une <strong>ressource essentielle<\/strong> pour le Village Saint Joseph, qui ne fonctionne pas sans eux. C\u2019est une vraie joie pour nous de conna\u00eetre de nouvelles personnes, de d\u00e9couvrir de nouvelles activit\u00e9s et de tisser des liens avec les b\u00e9n\u00e9voles.<\/p>\n\n\n\n<p><strong>Contactez-nous pour voir comment rejoindre l&rsquo;\u00e9quipe de b\u00e9n\u00e9voles et comment vous investir \u00e0 La Maison Ephata, le Village Saint Joseph \u00e0 Mi\u00e8ges !<\/strong><\/p>\n\n\n\n<div class=\"wp-block-buttons is-horizontal is-content-justification-center is-layout-flex wp-container-core-buttons-is-layout-03627597 wp-block-buttons-is-layout-flex\">\n<div class=\"wp-block-button\"><a class=\"wp-block-button__link has-orange-background-color has-background wp-element-button\" href=\"https:\/\/villagesaintjoseph.org\/mieges\/nous-contacter\/\">Nous contacter<\/a><\/div>\n<\/div>\n\n\n\n<p><\/p>\n","protected":false},"excerpt":{"rendered":"<p>Vous avez du temps ? Venez le passer avec nous ! Il existe une multitude de fa\u00e7ons d\u2019\u00eatre b\u00e9n\u00e9vole au Village selon vos talents, vos capacit\u00e9s, vos disponibilit\u00e9s\u2026 Il est possible de : Les b\u00e9n\u00e9voles sont une ressource essentielle pour le Village Saint Joseph, qui ne fonctionne pas sans eux. C\u2019est une vraie joie pour [&hellip;]<\/p>\n","protected":false},"author":9,"featured_media":380,"parent":147,"menu_order":6,"comment_status":"closed","ping_status":"closed","template":"","meta":{"inline_featured_image":false,"footnotes":""},"class_list":["post-347","page","type-page","status-publish","has-post-thumbnail","hentry"],"acf":[],"_links":{"self":[{"href":"https:\/\/villagesaintjoseph.org\/mieges\/wp-json\/wp\/v2\/pages\/347","targetHints":{"allow":["GET"]}}],"collection":[{"href":"https:\/\/villagesaintjoseph.org\/mieges\/wp-json\/wp\/v2\/pages"}],"about":[{"href":"https:\/\/villagesaintjoseph.org\/mieges\/wp-json\/wp\/v2\/types\/page"}],"author":[{"embeddable":true,"href":"https:\/\/villagesaintjoseph.org\/mieges\/wp-json\/wp\/v2\/users\/9"}],"replies":[{"embeddable":true,"href":"https:\/\/villagesaintjoseph.org\/mieges\/wp-json\/wp\/v2\/comments?post=347"}],"version-history":[{"count":4,"href":"https:\/\/villagesaintjoseph.org\/mieges\/wp-json\/wp\/v2\/pages\/347\/revisions"}],"predecessor-version":[{"id":2333,"href":"https:\/\/villagesaintjoseph.org\/mieges\/wp-json\/wp\/v2\/pages\/347\/revisions\/2333"}],"up":[{"embeddable":true,"href":"https:\/\/villagesaintjoseph.org\/mieges\/wp-json\/wp\/v2\/pages\/147"}],"wp:featuredmedia":[{"embeddable":true,"href":"https:\/\/villagesaintjoseph.org\/mieges\/wp-json\/"}],"wp:attachment":[{"href":"https:\/\/villagesaintjoseph.org\/mieges\/wp-json\/wp\/v2\/media?parent=347"}],"curies":[{"name":"wp","href":"https:\/\/api.w.org\/{rel}","templated":true}]}}