{"id":699,"date":"2024-03-13T17:53:53","date_gmt":"2024-03-13T16:53:53","guid":{"rendered":"https:\/\/kerlevenez.stjoseph.ovh\/?page_id=14"},"modified":"2025-11-30T22:17:36","modified_gmt":"2025-11-30T21:17:36","slug":"la-maison-de-mieges","status":"publish","type":"page","link":"https:\/\/villagesaintjoseph.org\/mieges\/","title":{"rendered":"La Maison de Mi\u00e8ges"},"content":{"rendered":"<section class=\"grille-enfants grid-x grid-container grid-margin-x align-center\">\n\n        \n                <a href=\"https:\/\/villagesaintjoseph.org\/mieges\/histoire-de-la-maison-de-mieges\/\" class=\" grille-enfants__item cell large-4 medium-6 small-12\">\n                    <img loading=\"lazy\" decoding=\"async\" width=\"500\" height=\"250\" src=\"https:\/\/villagesaintjoseph.org\/mieges\/wp-content\/uploads\/sites\/13\/2025\/11\/g-mieges-ermitage-fascicule1969-3-500x250.jpg\" class=\"attachment-miniature_medium size-miniature_medium\" alt=\"\" \/>                    <p class=\"grille-enfants__item__title\">Histoire de la Maison de Mi\u00e8ges<\/p>\n                                         <div class=\"grille-enfants__item__tooltip\">\n\t                   Une histoire                     <\/div>\n                                    <\/a>  \n\n        \n                <a href=\"https:\/\/villagesaintjoseph.org\/mieges\/la-maison-de-mieges\/une-journee-type\/\" class=\" grille-enfants__item cell large-4 medium-6 small-12\">\n                    <img loading=\"lazy\" decoding=\"async\" width=\"500\" height=\"250\" src=\"https:\/\/villagesaintjoseph.org\/mieges\/wp-content\/uploads\/sites\/13\/2025\/11\/MG_4697.eclairciJPG-500x250.jpg\" class=\"attachment-miniature_medium size-miniature_medium\" alt=\"\" \/>                    <p class=\"grille-enfants__item__title\">Une journ\u00e9e \u00e0 la Maison de Mi\u00e8ges<\/p>\n                                         <div class=\"grille-enfants__item__tooltip\">\n\t                   Une journ\u00e9e type                    <\/div>\n                                    <\/a>  \n\n        \n                <a href=\"https:\/\/villagesaintjoseph.org\/mieges\/liste-des-besoins-materiels\/\" class=\" grille-enfants__item cell large-4 medium-6 small-12\">\n                    <img loading=\"lazy\" decoding=\"async\" width=\"500\" height=\"250\" src=\"https:\/\/villagesaintjoseph.org\/mieges\/wp-content\/uploads\/sites\/13\/2025\/11\/Donner-don-fleurs-Caroussel-690x512-1-500x250.jpg\" class=\"attachment-miniature_medium size-miniature_medium\" alt=\"\" \/>                    <p class=\"grille-enfants__item__title\">Les besoins mat\u00e9riels de la Maison de Mi\u00e8ges<\/p>\n                                         <div class=\"grille-enfants__item__tooltip\">\n\t                   Nos besoins                    <\/div>\n                                    <\/a>  \n\n          \n\n    <\/section> \n \n","protected":false},"excerpt":{"rendered":"","protected":false},"author":27,"featured_media":623,"parent":0,"menu_order":9,"comment_status":"closed","ping_status":"closed","template":"templates-pages\/accueil-maison.php","meta":{"inline_featured_image":false,"footnotes":""},"class_list":["post-699","page","type-page","status-publish","has-post-thumbnail","hentry"],"acf":[],"_links":{"self":[{"href":"https:\/\/villagesaintjoseph.org\/mieges\/wp-json\/wp\/v2\/pages\/699","targetHints":{"allow":["GET"]}}],"collection":[{"href":"https:\/\/villagesaintjoseph.org\/mieges\/wp-json\/wp\/v2\/pages"}],"about":[{"href":"https:\/\/villagesaintjoseph.org\/mieges\/wp-json\/wp\/v2\/types\/page"}],"author":[{"embeddable":true,"href":"https:\/\/villagesaintjoseph.org\/mieges\/wp-json\/wp\/v2\/users\/27"}],"replies":[{"embeddable":true,"href":"https:\/\/villagesaintjoseph.org\/mieges\/wp-json\/wp\/v2\/comments?post=699"}],"version-history":[{"count":12,"href":"https:\/\/villagesaintjoseph.org\/mieges\/wp-json\/wp\/v2\/pages\/699\/revisions"}],"predecessor-version":[{"id":2286,"href":"https:\/\/villagesaintjoseph.org\/mieges\/wp-json\/wp\/v2\/pages\/699\/revisions\/2286"}],"wp:featuredmedia":[{"embeddable":true,"href":"https:\/\/villagesaintjoseph.org\/mieges\/wp-json\/"}],"wp:attachment":[{"href":"https:\/\/villagesaintjoseph.org\/mieges\/wp-json\/wp\/v2\/media?parent=699"}],"curies":[{"name":"wp","href":"https:\/\/api.w.org\/{rel}","templated":true}]}}