{"id":53,"date":"2021-05-03T10:05:59","date_gmt":"2021-05-03T08:05:59","guid":{"rendered":"https:\/\/misericorde.stjoseph.ovh\/?page_id=53"},"modified":"2023-06-29T14:21:34","modified_gmt":"2023-06-29T12:21:34","slug":"vous-accueillir","status":"publish","type":"page","link":"https:\/\/villagesaintjoseph.org\/misericorde\/vous-accueillir\/","title":{"rendered":"Vous accueillir au Foyer de Mis\u00e9ricorde"},"content":{"rendered":"\n<figure class=\"wp-block-image size-large\"><img loading=\"lazy\" decoding=\"async\" width=\"1024\" height=\"576\" src=\"https:\/\/villagesaintjoseph.org\/misericorde\/wp-content\/uploads\/sites\/3\/2021\/11\/Copie-de-Unnamed-Design-1024x576.png\" alt=\"\" class=\"wp-image-110\" srcset=\"https:\/\/villagesaintjoseph.org\/misericorde\/wp-content\/uploads\/sites\/3\/2021\/11\/Copie-de-Unnamed-Design-1024x576.png 1024w, https:\/\/villagesaintjoseph.org\/misericorde\/wp-content\/uploads\/sites\/3\/2021\/11\/Copie-de-Unnamed-Design-300x169.png 300w, https:\/\/villagesaintjoseph.org\/misericorde\/wp-content\/uploads\/sites\/3\/2021\/11\/Copie-de-Unnamed-Design-768x432.png 768w, https:\/\/villagesaintjoseph.org\/misericorde\/wp-content\/uploads\/sites\/3\/2021\/11\/Copie-de-Unnamed-Design-1536x864.png 1536w, https:\/\/villagesaintjoseph.org\/misericorde\/wp-content\/uploads\/sites\/3\/2021\/11\/Copie-de-Unnamed-Design-2048x1152.png 2048w, https:\/\/villagesaintjoseph.org\/misericorde\/wp-content\/uploads\/sites\/3\/2021\/11\/Copie-de-Unnamed-Design-1600x900.png 1600w, https:\/\/villagesaintjoseph.org\/misericorde\/wp-content\/uploads\/sites\/3\/2021\/11\/Copie-de-Unnamed-Design-1400x788.png 1400w\" sizes=\"auto, (max-width: 1024px) 100vw, 1024px\" \/><\/figure>\n\n\n\n<p>Nous pensons qu\u2019accueillir chacun comme un \u00eatre infiniment pr\u00e9cieux refl\u00e9tant le visage du Christ peut participer \u00e0 changer le monde en faisant de la fragilit\u00e9 un don pour l\u2019autre, pour la soci\u00e9t\u00e9 et une capacit\u00e9 d\u2019accueil de la gr\u00e2ce apportant la joie, la paix et l\u2019esp\u00e9rance.<\/p>\n\n\n\n<p>Le Foyer de Mis\u00e9ricorde vous accueille au c\u0153ur du sanctuaire d&rsquo;Ars pour vous permettre de vous reconstruire, de faciliter votre r\u00e9insertion sociale&#8230;<\/p>\n\n\n\n<p>Le Foyer de Mis\u00e9ricorde est une maison interg\u00e9n\u00e9rationnelle qui accueille et accompagne des personnes en situation de fragilit\u00e9 pour \u00e9viter qu\u2019elles ne tombent dans la pr\u00e9carit\u00e9, le d\u00e9sespoir ou leur permettre d\u2019en sortir.<\/p>\n\n\n\n<p>Ces fragilit\u00e9s peuvent \u00eatre de tous ordres&nbsp;: psychologique, physique, social de par l\u2019\u00e2ge, le handicap, l\u2019addiction, la situation financi\u00e8re, la perte de sens de la vie\u2026<\/p>\n\n\n\n<p>L\u2019objectif est d\u2019\u00e9viter l\u2019isolement, facteur d\u2019aggravation en situation de fragilit\u00e9, d\u2019apporter la bienveillance n\u00e9cessaire \u00e0 la reconstruction, de donner un sens \u00e0 la vie de chacun et de favoriser l\u2019entraide mutuelle. Ceci pour permettre de repartir dans la vie en autonomie ou de vieillir dans la joie et la dignit\u00e9.<\/p>\n\n\n\n<p>Le Foyer dispose d&rsquo;une dizaine de chambres, d&rsquo;espaces communs dont une chapelle int\u00e9gr\u00e9e au b\u00e2timent.<\/p>\n\n\n\n<p><strong>Pour toute demande d&rsquo;accueil vous pouvez nous adresser un courriel \u00e0 <a href=\"mailto:contact.ars@villagesaintjoseph.org\" target=\"_blank\" rel=\"noreferrer noopener\">contact.ars@villagesaintjoseph.org<\/a><\/strong><\/p>\n\n\n\n<p><\/p>\n\n\n\n<div class=\"wp-block-buttons is-horizontal is-content-justification-center is-layout-flex wp-container-core-buttons-is-layout-03627597 wp-block-buttons-is-layout-flex\">\n<div class=\"wp-block-button\"><a class=\"wp-block-button__link has-orange-background-color has-text-color has-background wp-element-button\" href=\"https:\/\/villagesaintjoseph.org\/misericorde\/nous-contacter-2\/\" style=\"color:#ffffff\">Nous contacter<\/a><\/div>\n<\/div>\n","protected":false},"excerpt":{"rendered":"<p>Nous pensons qu\u2019accueillir chacun comme un \u00eatre infiniment pr\u00e9cieux refl\u00e9tant le visage du Christ peut participer \u00e0 changer le monde en faisant de la fragilit\u00e9 un don pour l\u2019autre, pour la soci\u00e9t\u00e9 et une capacit\u00e9 d\u2019accueil de la gr\u00e2ce apportant la joie, la paix et l\u2019esp\u00e9rance. Le Foyer de Mis\u00e9ricorde vous accueille au c\u0153ur du [&hellip;]<\/p>\n","protected":false},"author":15,"featured_media":110,"parent":0,"menu_order":0,"comment_status":"closed","ping_status":"closed","template":"","meta":{"inline_featured_image":false,"footnotes":""},"class_list":["post-53","page","type-page","status-publish","has-post-thumbnail","hentry"],"acf":[],"yoast_head":"<!-- This site is optimized with the Yoast SEO plugin v27.4 - https:\/\/yoast.com\/product\/yoast-seo-wordpress\/ -->\n<title>Vous accueillir au Foyer de Mis\u00e9ricorde - Foyer de Mis\u00e9ricorde<\/title>\n<meta name=\"description\" content=\"Nous pensons qu\u2019accueillir chacun comme un \u00eatre infiniment pr\u00e9cieux refl\u00e9tant le visage du Christ peut participer \u00e0 changer le monde en faisant de la\" \/>\n<meta name=\"robots\" content=\"index, follow, max-snippet:-1, max-image-preview:large, max-video-preview:-1\" \/>\n<link rel=\"canonical\" href=\"https:\/\/villagesaintjoseph.org\/misericorde\/vous-accueillir\/\" \/>\n<meta property=\"og:locale\" content=\"fr_FR\" \/>\n<meta property=\"og:type\" content=\"article\" \/>\n<meta property=\"og:title\" content=\"Vous accueillir au Foyer de Mis\u00e9ricorde - Foyer de Mis\u00e9ricorde\" \/>\n<meta property=\"og:description\" content=\"Nous pensons qu\u2019accueillir chacun comme un \u00eatre infiniment pr\u00e9cieux refl\u00e9tant le visage du Christ peut participer \u00e0 changer le monde en faisant de la\" \/>\n<meta property=\"og:url\" content=\"https:\/\/villagesaintjoseph.org\/misericorde\/vous-accueillir\/\" \/>\n<meta property=\"og:site_name\" content=\"Foyer de Mis\u00e9ricorde\" \/>\n<meta property=\"article:modified_time\" content=\"2023-06-29T12:21:34+00:00\" \/>\n<meta property=\"og:image\" content=\"https:\/\/villagesaintjoseph.org\/misericorde\/wp-content\/uploads\/sites\/3\/2021\/11\/Copie-de-Unnamed-Design-1024x576.png\" \/>\n\t<meta property=\"og:image:width\" content=\"1024\" \/>\n\t<meta property=\"og:image:height\" content=\"576\" \/>\n\t<meta property=\"og:image:type\" content=\"image\/png\" \/>\n<meta name=\"twitter:card\" content=\"summary_large_image\" \/>\n<meta name=\"twitter:label1\" content=\"Dur\u00e9e de lecture estim\u00e9e\" \/>\n\t<meta name=\"twitter:data1\" content=\"1 minute\" \/>\n<script type=\"application\/ld+json\" class=\"yoast-schema-graph\">{\"@context\":\"https:\\\/\\\/schema.org\",\"@graph\":[{\"@type\":\"WebPage\",\"@id\":\"https:\\\/\\\/villagesaintjoseph.org\\\/misericorde\\\/vous-accueillir\\\/\",\"url\":\"https:\\\/\\\/villagesaintjoseph.org\\\/misericorde\\\/vous-accueillir\\\/\",\"name\":\"Vous accueillir au Foyer de Mis\u00e9ricorde - Foyer de Mis\u00e9ricorde\",\"isPartOf\":{\"@id\":\"https:\\\/\\\/villagesaintjoseph.org\\\/misericorde\\\/#website\"},\"primaryImageOfPage\":{\"@id\":\"https:\\\/\\\/villagesaintjoseph.org\\\/misericorde\\\/vous-accueillir\\\/#primaryimage\"},\"image\":{\"@id\":\"https:\\\/\\\/villagesaintjoseph.org\\\/misericorde\\\/vous-accueillir\\\/#primaryimage\"},\"thumbnailUrl\":\"https:\\\/\\\/villagesaintjoseph.org\\\/misericorde\\\/wp-content\\\/uploads\\\/sites\\\/3\\\/2021\\\/11\\\/Copie-de-Unnamed-Design.png\",\"datePublished\":\"2021-05-03T08:05:59+00:00\",\"dateModified\":\"2023-06-29T12:21:34+00:00\",\"description\":\"Nous pensons qu\u2019accueillir chacun comme un \u00eatre infiniment pr\u00e9cieux refl\u00e9tant le visage du Christ peut participer \u00e0 changer le monde en faisant de la\",\"breadcrumb\":{\"@id\":\"https:\\\/\\\/villagesaintjoseph.org\\\/misericorde\\\/vous-accueillir\\\/#breadcrumb\"},\"inLanguage\":\"fr-FR\",\"potentialAction\":[{\"@type\":\"ReadAction\",\"target\":[\"https:\\\/\\\/villagesaintjoseph.org\\\/misericorde\\\/vous-accueillir\\\/\"]}]},{\"@type\":\"ImageObject\",\"inLanguage\":\"fr-FR\",\"@id\":\"https:\\\/\\\/villagesaintjoseph.org\\\/misericorde\\\/vous-accueillir\\\/#primaryimage\",\"url\":\"https:\\\/\\\/villagesaintjoseph.org\\\/misericorde\\\/wp-content\\\/uploads\\\/sites\\\/3\\\/2021\\\/11\\\/Copie-de-Unnamed-Design.png\",\"contentUrl\":\"https:\\\/\\\/villagesaintjoseph.org\\\/misericorde\\\/wp-content\\\/uploads\\\/sites\\\/3\\\/2021\\\/11\\\/Copie-de-Unnamed-Design.png\",\"width\":2240,\"height\":1260},{\"@type\":\"BreadcrumbList\",\"@id\":\"https:\\\/\\\/villagesaintjoseph.org\\\/misericorde\\\/vous-accueillir\\\/#breadcrumb\",\"itemListElement\":[{\"@type\":\"ListItem\",\"position\":1,\"name\":\"Accueil\",\"item\":\"https:\\\/\\\/villagesaintjoseph.org\\\/misericorde\\\/\"},{\"@type\":\"ListItem\",\"position\":2,\"name\":\"Vous accueillir au Foyer de Mis\u00e9ricorde\"}]},{\"@type\":\"WebSite\",\"@id\":\"https:\\\/\\\/villagesaintjoseph.org\\\/misericorde\\\/#website\",\"url\":\"https:\\\/\\\/villagesaintjoseph.org\\\/misericorde\\\/\",\"name\":\"Foyer de Mis\u00e9ricorde\",\"description\":\"\",\"potentialAction\":[{\"@type\":\"SearchAction\",\"target\":{\"@type\":\"EntryPoint\",\"urlTemplate\":\"https:\\\/\\\/villagesaintjoseph.org\\\/misericorde\\\/?s={search_term_string}\"},\"query-input\":{\"@type\":\"PropertyValueSpecification\",\"valueRequired\":true,\"valueName\":\"search_term_string\"}}],\"inLanguage\":\"fr-FR\"}]}<\/script>\n<!-- \/ Yoast SEO plugin. -->","yoast_head_json":{"title":"Vous accueillir au Foyer de Mis\u00e9ricorde - Foyer de Mis\u00e9ricorde","description":"Nous pensons qu\u2019accueillir chacun comme un \u00eatre infiniment pr\u00e9cieux refl\u00e9tant le visage du Christ peut participer \u00e0 changer le monde en faisant de la","robots":{"index":"index","follow":"follow","max-snippet":"max-snippet:-1","max-image-preview":"max-image-preview:large","max-video-preview":"max-video-preview:-1"},"canonical":"https:\/\/villagesaintjoseph.org\/misericorde\/vous-accueillir\/","og_locale":"fr_FR","og_type":"article","og_title":"Vous accueillir au Foyer de Mis\u00e9ricorde - Foyer de Mis\u00e9ricorde","og_description":"Nous pensons qu\u2019accueillir chacun comme un \u00eatre infiniment pr\u00e9cieux refl\u00e9tant le visage du Christ peut participer \u00e0 changer le monde en faisant de la","og_url":"https:\/\/villagesaintjoseph.org\/misericorde\/vous-accueillir\/","og_site_name":"Foyer de Mis\u00e9ricorde","article_modified_time":"2023-06-29T12:21:34+00:00","og_image":[{"width":1024,"height":576,"url":"https:\/\/villagesaintjoseph.org\/misericorde\/wp-content\/uploads\/sites\/3\/2021\/11\/Copie-de-Unnamed-Design-1024x576.png","type":"image\/png"}],"twitter_card":"summary_large_image","twitter_misc":{"Dur\u00e9e de lecture estim\u00e9e":"1 minute"},"schema":{"@context":"https:\/\/schema.org","@graph":[{"@type":"WebPage","@id":"https:\/\/villagesaintjoseph.org\/misericorde\/vous-accueillir\/","url":"https:\/\/villagesaintjoseph.org\/misericorde\/vous-accueillir\/","name":"Vous accueillir au Foyer de Mis\u00e9ricorde - Foyer de Mis\u00e9ricorde","isPartOf":{"@id":"https:\/\/villagesaintjoseph.org\/misericorde\/#website"},"primaryImageOfPage":{"@id":"https:\/\/villagesaintjoseph.org\/misericorde\/vous-accueillir\/#primaryimage"},"image":{"@id":"https:\/\/villagesaintjoseph.org\/misericorde\/vous-accueillir\/#primaryimage"},"thumbnailUrl":"https:\/\/villagesaintjoseph.org\/misericorde\/wp-content\/uploads\/sites\/3\/2021\/11\/Copie-de-Unnamed-Design.png","datePublished":"2021-05-03T08:05:59+00:00","dateModified":"2023-06-29T12:21:34+00:00","description":"Nous pensons qu\u2019accueillir chacun comme un \u00eatre infiniment pr\u00e9cieux refl\u00e9tant le visage du Christ peut participer \u00e0 changer le monde en faisant de la","breadcrumb":{"@id":"https:\/\/villagesaintjoseph.org\/misericorde\/vous-accueillir\/#breadcrumb"},"inLanguage":"fr-FR","potentialAction":[{"@type":"ReadAction","target":["https:\/\/villagesaintjoseph.org\/misericorde\/vous-accueillir\/"]}]},{"@type":"ImageObject","inLanguage":"fr-FR","@id":"https:\/\/villagesaintjoseph.org\/misericorde\/vous-accueillir\/#primaryimage","url":"https:\/\/villagesaintjoseph.org\/misericorde\/wp-content\/uploads\/sites\/3\/2021\/11\/Copie-de-Unnamed-Design.png","contentUrl":"https:\/\/villagesaintjoseph.org\/misericorde\/wp-content\/uploads\/sites\/3\/2021\/11\/Copie-de-Unnamed-Design.png","width":2240,"height":1260},{"@type":"BreadcrumbList","@id":"https:\/\/villagesaintjoseph.org\/misericorde\/vous-accueillir\/#breadcrumb","itemListElement":[{"@type":"ListItem","position":1,"name":"Accueil","item":"https:\/\/villagesaintjoseph.org\/misericorde\/"},{"@type":"ListItem","position":2,"name":"Vous accueillir au Foyer de Mis\u00e9ricorde"}]},{"@type":"WebSite","@id":"https:\/\/villagesaintjoseph.org\/misericorde\/#website","url":"https:\/\/villagesaintjoseph.org\/misericorde\/","name":"Foyer de Mis\u00e9ricorde","description":"","potentialAction":[{"@type":"SearchAction","target":{"@type":"EntryPoint","urlTemplate":"https:\/\/villagesaintjoseph.org\/misericorde\/?s={search_term_string}"},"query-input":{"@type":"PropertyValueSpecification","valueRequired":true,"valueName":"search_term_string"}}],"inLanguage":"fr-FR"}]}},"_links":{"self":[{"href":"https:\/\/villagesaintjoseph.org\/misericorde\/wp-json\/wp\/v2\/pages\/53","targetHints":{"allow":["GET"]}}],"collection":[{"href":"https:\/\/villagesaintjoseph.org\/misericorde\/wp-json\/wp\/v2\/pages"}],"about":[{"href":"https:\/\/villagesaintjoseph.org\/misericorde\/wp-json\/wp\/v2\/types\/page"}],"author":[{"embeddable":true,"href":"https:\/\/villagesaintjoseph.org\/misericorde\/wp-json\/wp\/v2\/users\/15"}],"replies":[{"embeddable":true,"href":"https:\/\/villagesaintjoseph.org\/misericorde\/wp-json\/wp\/v2\/comments?post=53"}],"version-history":[{"count":9,"href":"https:\/\/villagesaintjoseph.org\/misericorde\/wp-json\/wp\/v2\/pages\/53\/revisions"}],"predecessor-version":[{"id":1088,"href":"https:\/\/villagesaintjoseph.org\/misericorde\/wp-json\/wp\/v2\/pages\/53\/revisions\/1088"}],"wp:featuredmedia":[{"embeddable":true,"href":"https:\/\/villagesaintjoseph.org\/misericorde\/wp-json\/wp\/v2\/media\/110"}],"wp:attachment":[{"href":"https:\/\/villagesaintjoseph.org\/misericorde\/wp-json\/wp\/v2\/media?parent=53"}],"curies":[{"name":"wp","href":"https:\/\/api.w.org\/{rel}","templated":true}]}}