{"id":185,"date":"2021-12-06T11:28:42","date_gmt":"2021-12-06T10:28:42","guid":{"rendered":"https:\/\/plounevez-quintin.stjoseph.ovh\/?page_id=185"},"modified":"2023-09-01T16:00:46","modified_gmt":"2023-09-01T14:00:46","slug":"la-maison-de-plounevez-quintin","status":"publish","type":"page","link":"https:\/\/villagesaintjoseph.org\/plounevez-quintin\/la-maison-de-plounevez-quintin\/","title":{"rendered":"La Maison de Ploun\u00e9vez-Quintin"},"content":{"rendered":"\n<p>Nous sommes la premi\u00e8re maison du Village Saint Joseph, fond\u00e9e en 1998, constitu\u00e9e en association en 2001.<\/p>\n\n\n\n<p>Situ\u00e9e dans les <strong>C\u00f4tes d\u2019Armor<\/strong>, en pleine campagne, les foyers se r\u00e9partissent sur deux sites, Cana et Bethl\u00e9em, situ\u00e9s de part et d\u2019autre du bourg de Ploun\u00e9vez-Quintin. Nous disposons d\u2019une quarantaine de chambres, studios, T2 et appartements. Notre <strong>capacit\u00e9 d&rsquo;accueil est de 34 personnes<\/strong> ; certains logements sont destin\u00e9s aux salari\u00e9s et b\u00e9n\u00e9voles partageant la vie ensemble, appel\u00e9e \u00ab\u00a0vie fraternelle\u00a0\u00bb pour rappeler l&rsquo;atmosph\u00e8re familiale qui doit y r\u00e9gner.<\/p>\n\n\n\n<h2 class=\"wp-block-heading\"><strong>Aujourd\u2019hui, chacun de nos 4 foyers accueillent de 8 \u00e0 12 personnes<\/strong>.<\/h2>\n\n\n\n<p>Le quotidien se d\u00e9roule en petits foyers, avec des espaces communs, deux jolies petites chapelles, des logements, des ateliers de travail&nbsp;; les b\u00e2timents sont entour\u00e9s de 5 ha de terrain&nbsp;dont 2 ha de mara\u00eechage.<\/p>\n\n\n\n<p>Au sein d\u2019une vie familiale, de travail, les personnes accueillies se reconstruisent, retrouvent un sens \u00e0 leur vie\u2026et se remettent debout pour repartir d&rsquo;un bon pied.<strong> Chacun est accueilli et aim\u00e9 tel qu\u2019il est, avec ses fragilit\u00e9s, sans jugement.<\/strong> La dur\u00e9e du s\u00e9jour, adapt\u00e9e aux besoins particuliers, varie de 6 \u00e0 36 mois, quelquefois plus. Parmi les accueillis, certains ont choisi de rester et se sont engag\u00e9s au service des nouveaux arrivants. Parmi eux, certains sont une pr\u00e9sence bienveillante et chaleureuse, d&rsquo;autres aident pour faire des accompagnement chez le m\u00e9decin, piloter des petites t\u00e2ches ponctuelles&#8230;<\/p>\n\n\n\n<p>Gr\u00e2ce \u00e0 la taille de la maison et \u00e0 l\u2019apport de b\u00e9n\u00e9voles, <strong>de nombreuses activit\u00e9s sont propos\u00e9es<\/strong> (mosa\u00efque, cuir, feutre, poterie, confection de chapelets dizainiers, poules, bois, mara\u00eechage, espaces verts\u2026).<\/p>\n\n\n\n<figure class=\"wp-block-gallery has-nested-images columns-default is-cropped wp-block-gallery-1 is-layout-flex wp-block-gallery-is-layout-flex\"><\/figure>\n","protected":false},"excerpt":{"rendered":"<p>Nous sommes la premi\u00e8re maison du Village Saint Joseph, fond\u00e9e en 1998, constitu\u00e9e en association en 2001. Situ\u00e9e dans les C\u00f4tes d\u2019Armor, en pleine campagne, les foyers se r\u00e9partissent sur deux sites, Cana et Bethl\u00e9em, situ\u00e9s de part et d\u2019autre du bourg de Ploun\u00e9vez-Quintin. Nous disposons d\u2019une quarantaine de chambres, studios, T2 et appartements. Notre [&hellip;]<\/p>\n","protected":false},"author":18,"featured_media":818,"parent":0,"menu_order":2,"comment_status":"closed","ping_status":"closed","template":"","meta":{"inline_featured_image":false,"footnotes":""},"class_list":["post-185","page","type-page","status-publish","has-post-thumbnail","hentry"],"acf":[],"yoast_head":"<!-- This site is optimized with the Yoast SEO plugin v27.4 - https:\/\/yoast.com\/product\/yoast-seo-wordpress\/ -->\n<title>La Maison de Ploun\u00e9vez-Quintin - Maison de Ploun\u00e9vez-Quintin<\/title>\n<meta name=\"description\" content=\"Nous sommes la premi\u00e8re maison du Village Saint Joseph, fond\u00e9e en 1998, constitu\u00e9e en association en 2001. Situ\u00e9e dans les C\u00f4tes d\u2019Armor, en pleine\" \/>\n<meta name=\"robots\" content=\"index, follow, max-snippet:-1, max-image-preview:large, max-video-preview:-1\" \/>\n<link rel=\"canonical\" href=\"https:\/\/villagesaintjoseph.org\/plounevez-quintin\/la-maison-de-plounevez-quintin\/\" \/>\n<meta property=\"og:locale\" content=\"fr_FR\" \/>\n<meta property=\"og:type\" content=\"article\" \/>\n<meta property=\"og:title\" content=\"La Maison de Ploun\u00e9vez-Quintin - Maison de Ploun\u00e9vez-Quintin\" \/>\n<meta property=\"og:description\" content=\"Nous sommes la premi\u00e8re maison du Village Saint Joseph, fond\u00e9e en 1998, constitu\u00e9e en association en 2001. Situ\u00e9e dans les C\u00f4tes d\u2019Armor, en pleine\" \/>\n<meta property=\"og:url\" content=\"https:\/\/villagesaintjoseph.org\/plounevez-quintin\/la-maison-de-plounevez-quintin\/\" \/>\n<meta property=\"og:site_name\" content=\"Maison de Ploun\u00e9vez-Quintin\" \/>\n<meta property=\"article:modified_time\" content=\"2023-09-01T14:00:46+00:00\" \/>\n<meta property=\"og:image\" content=\"https:\/\/villagesaintjoseph.org\/plounevez-quintin\/wp-content\/uploads\/sites\/6\/2022\/03\/Donner-don-feurs.jpg\" \/>\n\t<meta property=\"og:image:width\" content=\"1920\" \/>\n\t<meta property=\"og:image:height\" content=\"1285\" \/>\n\t<meta property=\"og:image:type\" content=\"image\/jpeg\" \/>\n<meta name=\"twitter:card\" content=\"summary_large_image\" \/>\n<meta name=\"twitter:label1\" content=\"Dur\u00e9e de lecture estim\u00e9e\" \/>\n\t<meta name=\"twitter:data1\" content=\"1 minute\" \/>\n<script type=\"application\/ld+json\" class=\"yoast-schema-graph\">{\"@context\":\"https:\\\/\\\/schema.org\",\"@graph\":[{\"@type\":\"WebPage\",\"@id\":\"https:\\\/\\\/villagesaintjoseph.org\\\/plounevez-quintin\\\/la-maison-de-plounevez-quintin\\\/\",\"url\":\"https:\\\/\\\/villagesaintjoseph.org\\\/plounevez-quintin\\\/la-maison-de-plounevez-quintin\\\/\",\"name\":\"La Maison de Ploun\u00e9vez-Quintin - Maison de Ploun\u00e9vez-Quintin\",\"isPartOf\":{\"@id\":\"https:\\\/\\\/villagesaintjoseph.org\\\/plounevez-quintin\\\/#website\"},\"primaryImageOfPage\":{\"@id\":\"https:\\\/\\\/villagesaintjoseph.org\\\/plounevez-quintin\\\/la-maison-de-plounevez-quintin\\\/#primaryimage\"},\"image\":{\"@id\":\"https:\\\/\\\/villagesaintjoseph.org\\\/plounevez-quintin\\\/la-maison-de-plounevez-quintin\\\/#primaryimage\"},\"thumbnailUrl\":\"https:\\\/\\\/villagesaintjoseph.org\\\/plounevez-quintin\\\/wp-content\\\/uploads\\\/sites\\\/6\\\/2022\\\/03\\\/Donner-don-feurs.jpg\",\"datePublished\":\"2021-12-06T10:28:42+00:00\",\"dateModified\":\"2023-09-01T14:00:46+00:00\",\"description\":\"Nous sommes la premi\u00e8re maison du Village Saint Joseph, fond\u00e9e en 1998, constitu\u00e9e en association en 2001. Situ\u00e9e dans les C\u00f4tes d\u2019Armor, en pleine\",\"breadcrumb\":{\"@id\":\"https:\\\/\\\/villagesaintjoseph.org\\\/plounevez-quintin\\\/la-maison-de-plounevez-quintin\\\/#breadcrumb\"},\"inLanguage\":\"fr-FR\",\"potentialAction\":[{\"@type\":\"ReadAction\",\"target\":[\"https:\\\/\\\/villagesaintjoseph.org\\\/plounevez-quintin\\\/la-maison-de-plounevez-quintin\\\/\"]}]},{\"@type\":\"ImageObject\",\"inLanguage\":\"fr-FR\",\"@id\":\"https:\\\/\\\/villagesaintjoseph.org\\\/plounevez-quintin\\\/la-maison-de-plounevez-quintin\\\/#primaryimage\",\"url\":\"https:\\\/\\\/villagesaintjoseph.org\\\/plounevez-quintin\\\/wp-content\\\/uploads\\\/sites\\\/6\\\/2022\\\/03\\\/Donner-don-feurs.jpg\",\"contentUrl\":\"https:\\\/\\\/villagesaintjoseph.org\\\/plounevez-quintin\\\/wp-content\\\/uploads\\\/sites\\\/6\\\/2022\\\/03\\\/Donner-don-feurs.jpg\",\"width\":1920,\"height\":1285},{\"@type\":\"BreadcrumbList\",\"@id\":\"https:\\\/\\\/villagesaintjoseph.org\\\/plounevez-quintin\\\/la-maison-de-plounevez-quintin\\\/#breadcrumb\",\"itemListElement\":[{\"@type\":\"ListItem\",\"position\":1,\"name\":\"Accueil\",\"item\":\"https:\\\/\\\/villagesaintjoseph.org\\\/plounevez-quintin\\\/\"},{\"@type\":\"ListItem\",\"position\":2,\"name\":\"La Maison de Ploun\u00e9vez-Quintin\"}]},{\"@type\":\"WebSite\",\"@id\":\"https:\\\/\\\/villagesaintjoseph.org\\\/plounevez-quintin\\\/#website\",\"url\":\"https:\\\/\\\/villagesaintjoseph.org\\\/plounevez-quintin\\\/\",\"name\":\"Maison de Ploun\u00e9vez-Quintin\",\"description\":\"\",\"potentialAction\":[{\"@type\":\"SearchAction\",\"target\":{\"@type\":\"EntryPoint\",\"urlTemplate\":\"https:\\\/\\\/villagesaintjoseph.org\\\/plounevez-quintin\\\/?s={search_term_string}\"},\"query-input\":{\"@type\":\"PropertyValueSpecification\",\"valueRequired\":true,\"valueName\":\"search_term_string\"}}],\"inLanguage\":\"fr-FR\"}]}<\/script>\n<!-- \/ Yoast SEO plugin. -->","yoast_head_json":{"title":"La Maison de Ploun\u00e9vez-Quintin - Maison de Ploun\u00e9vez-Quintin","description":"Nous sommes la premi\u00e8re maison du Village Saint Joseph, fond\u00e9e en 1998, constitu\u00e9e en association en 2001. Situ\u00e9e dans les C\u00f4tes d\u2019Armor, en pleine","robots":{"index":"index","follow":"follow","max-snippet":"max-snippet:-1","max-image-preview":"max-image-preview:large","max-video-preview":"max-video-preview:-1"},"canonical":"https:\/\/villagesaintjoseph.org\/plounevez-quintin\/la-maison-de-plounevez-quintin\/","og_locale":"fr_FR","og_type":"article","og_title":"La Maison de Ploun\u00e9vez-Quintin - Maison de Ploun\u00e9vez-Quintin","og_description":"Nous sommes la premi\u00e8re maison du Village Saint Joseph, fond\u00e9e en 1998, constitu\u00e9e en association en 2001. Situ\u00e9e dans les C\u00f4tes d\u2019Armor, en pleine","og_url":"https:\/\/villagesaintjoseph.org\/plounevez-quintin\/la-maison-de-plounevez-quintin\/","og_site_name":"Maison de Ploun\u00e9vez-Quintin","article_modified_time":"2023-09-01T14:00:46+00:00","og_image":[{"width":1920,"height":1285,"url":"https:\/\/villagesaintjoseph.org\/plounevez-quintin\/wp-content\/uploads\/sites\/6\/2022\/03\/Donner-don-feurs.jpg","type":"image\/jpeg"}],"twitter_card":"summary_large_image","twitter_misc":{"Dur\u00e9e de lecture estim\u00e9e":"1 minute"},"schema":{"@context":"https:\/\/schema.org","@graph":[{"@type":"WebPage","@id":"https:\/\/villagesaintjoseph.org\/plounevez-quintin\/la-maison-de-plounevez-quintin\/","url":"https:\/\/villagesaintjoseph.org\/plounevez-quintin\/la-maison-de-plounevez-quintin\/","name":"La Maison de Ploun\u00e9vez-Quintin - Maison de Ploun\u00e9vez-Quintin","isPartOf":{"@id":"https:\/\/villagesaintjoseph.org\/plounevez-quintin\/#website"},"primaryImageOfPage":{"@id":"https:\/\/villagesaintjoseph.org\/plounevez-quintin\/la-maison-de-plounevez-quintin\/#primaryimage"},"image":{"@id":"https:\/\/villagesaintjoseph.org\/plounevez-quintin\/la-maison-de-plounevez-quintin\/#primaryimage"},"thumbnailUrl":"https:\/\/villagesaintjoseph.org\/plounevez-quintin\/wp-content\/uploads\/sites\/6\/2022\/03\/Donner-don-feurs.jpg","datePublished":"2021-12-06T10:28:42+00:00","dateModified":"2023-09-01T14:00:46+00:00","description":"Nous sommes la premi\u00e8re maison du Village Saint Joseph, fond\u00e9e en 1998, constitu\u00e9e en association en 2001. Situ\u00e9e dans les C\u00f4tes d\u2019Armor, en pleine","breadcrumb":{"@id":"https:\/\/villagesaintjoseph.org\/plounevez-quintin\/la-maison-de-plounevez-quintin\/#breadcrumb"},"inLanguage":"fr-FR","potentialAction":[{"@type":"ReadAction","target":["https:\/\/villagesaintjoseph.org\/plounevez-quintin\/la-maison-de-plounevez-quintin\/"]}]},{"@type":"ImageObject","inLanguage":"fr-FR","@id":"https:\/\/villagesaintjoseph.org\/plounevez-quintin\/la-maison-de-plounevez-quintin\/#primaryimage","url":"https:\/\/villagesaintjoseph.org\/plounevez-quintin\/wp-content\/uploads\/sites\/6\/2022\/03\/Donner-don-feurs.jpg","contentUrl":"https:\/\/villagesaintjoseph.org\/plounevez-quintin\/wp-content\/uploads\/sites\/6\/2022\/03\/Donner-don-feurs.jpg","width":1920,"height":1285},{"@type":"BreadcrumbList","@id":"https:\/\/villagesaintjoseph.org\/plounevez-quintin\/la-maison-de-plounevez-quintin\/#breadcrumb","itemListElement":[{"@type":"ListItem","position":1,"name":"Accueil","item":"https:\/\/villagesaintjoseph.org\/plounevez-quintin\/"},{"@type":"ListItem","position":2,"name":"La Maison de Ploun\u00e9vez-Quintin"}]},{"@type":"WebSite","@id":"https:\/\/villagesaintjoseph.org\/plounevez-quintin\/#website","url":"https:\/\/villagesaintjoseph.org\/plounevez-quintin\/","name":"Maison de Ploun\u00e9vez-Quintin","description":"","potentialAction":[{"@type":"SearchAction","target":{"@type":"EntryPoint","urlTemplate":"https:\/\/villagesaintjoseph.org\/plounevez-quintin\/?s={search_term_string}"},"query-input":{"@type":"PropertyValueSpecification","valueRequired":true,"valueName":"search_term_string"}}],"inLanguage":"fr-FR"}]}},"_links":{"self":[{"href":"https:\/\/villagesaintjoseph.org\/plounevez-quintin\/wp-json\/wp\/v2\/pages\/185","targetHints":{"allow":["GET"]}}],"collection":[{"href":"https:\/\/villagesaintjoseph.org\/plounevez-quintin\/wp-json\/wp\/v2\/pages"}],"about":[{"href":"https:\/\/villagesaintjoseph.org\/plounevez-quintin\/wp-json\/wp\/v2\/types\/page"}],"author":[{"embeddable":true,"href":"https:\/\/villagesaintjoseph.org\/plounevez-quintin\/wp-json\/wp\/v2\/users\/18"}],"replies":[{"embeddable":true,"href":"https:\/\/villagesaintjoseph.org\/plounevez-quintin\/wp-json\/wp\/v2\/comments?post=185"}],"version-history":[{"count":7,"href":"https:\/\/villagesaintjoseph.org\/plounevez-quintin\/wp-json\/wp\/v2\/pages\/185\/revisions"}],"predecessor-version":[{"id":1134,"href":"https:\/\/villagesaintjoseph.org\/plounevez-quintin\/wp-json\/wp\/v2\/pages\/185\/revisions\/1134"}],"wp:featuredmedia":[{"embeddable":true,"href":"https:\/\/villagesaintjoseph.org\/plounevez-quintin\/wp-json\/wp\/v2\/media\/818"}],"wp:attachment":[{"href":"https:\/\/villagesaintjoseph.org\/plounevez-quintin\/wp-json\/wp\/v2\/media?parent=185"}],"curies":[{"name":"wp","href":"https:\/\/api.w.org\/{rel}","templated":true}]}}