{"id":234,"date":"2022-01-10T16:28:19","date_gmt":"2022-01-10T15:28:19","guid":{"rendered":"https:\/\/plounevez-quintin.stjoseph.ovh\/?page_id=234"},"modified":"2022-01-31T16:44:54","modified_gmt":"2022-01-31T15:44:54","slug":"sortir-addiction","status":"publish","type":"page","link":"https:\/\/villagesaintjoseph.org\/plounevez-quintin\/vous-accueillir-2\/vous-accueillir\/sortir-addiction\/","title":{"rendered":"Sortir de l&rsquo;addiction"},"content":{"rendered":"\n<p><strong>Notre association offre une alternative aux centres de postcure, ou arrive en relais \u00e0 la sortie de postcure ; c\u2019est une chance et une opportunit\u00e9 pour ceux qui n\u2019ont pas r\u00e9ussi \u00e0 reprendre une vie normale en suivant le circuit habituel. Ici, le d\u00e9cloisonnement des types d\u2019accueil permet d\u2019apaiser les souffrances ; et il permet une dynamique, un brassage o\u00f9 chacun peut trouver sa place en aidant aussi \u00e0 sa fa\u00e7on l\u2019autre parce que son probl\u00e8me est diff\u00e9rent. On peut \u00e0 la fois aider et \u00eatre aid\u00e9, donner et recevoir, aimer et \u00eatre aim\u00e9 : la vie en foyer est une des cl\u00e9s du succ\u00e8s.<\/strong><\/p>\n\n\n\n<p>Nous accueillons des personnes choisissant de sortir de situations d\u2019addiction, que celles-ci soient li\u00e9es \u00e0 des substances psychoactives (alcool, drogues, m\u00e9dicaments) ou \u00e0 un comportement (jeux d\u2019argent, jeux vid\u00e9o, sexe\u2026).<\/p>\n\n\n\n<p><span class=\"has-inline-color has-orange-color\">Soigner non seulement le c\u0153ur et le corps, mais aussi l\u2019esprit et l\u2019\u00e2me, la personne dans sa globalit\u00e9&nbsp;: cette conviction sert de fil conducteur aux accompagnants. Les entretiens individuels sont r\u00e9guliers et permettent de suivre l\u2019avancement, de voir la progression.<\/span><\/p>\n\n\n\n<p><strong>Le parcours se d\u00e9roule en 3 \u00e9tapes.<\/strong><\/p>\n\n\n\n<h2 class=\"wp-block-heading\">Notre proposition<\/h2>\n\n\n\n<h3 class=\"wp-block-heading\">\u00c9tape 1 : se lib\u00e9rer de l&rsquo;addiction<\/h3>\n\n\n\n<h4 class=\"wp-block-heading\">Choisir l\u2019abstinence<\/h4>\n\n\n\n<p>Les personnes arrivent sevr\u00e9es, c\u2019est une condition d\u2019admission. Au Village Saint Joseph, l\u2019alcool et la drogue sont interdits&nbsp;; la sanction pr\u00e9vue par le r\u00e8glement est l\u2019exclusion.<br>Le sevrage a g\u00e9n\u00e9ralement \u00e9t\u00e9 r\u00e9alis\u00e9 dans un service d\u2019addictologie. Il faut quelques mois, voire parfois quelques ann\u00e9es pour consolider ce sevrage, dans un environnement prot\u00e9g\u00e9 et loin des tentations&nbsp;: nous avons l\u2019avantage d\u2019\u00eatre situ\u00e9s \u00e0 la campagne.<br>Pour les addictions li\u00e9es \u00e0 un comportement, les situations sont \u00e9galement adapt\u00e9es. Au Village Saint Joseph, on n\u2019a pas la t\u00e9l\u00e9vision ni Internet (l\u2019acc\u00e8s \u00e0 Internet est cependant possible dans un second temps lors de la pr\u00e9paration de la sortie). Et si le probl\u00e8me est li\u00e9 \u00e0 une addiction aux jeux vid\u00e9o, il est demand\u00e9 \u00e0 la personne de se s\u00e9parer de son ordinateur.<\/p>\n\n\n\n<h4 class=\"wp-block-heading\">Opter pour une immersion totale<\/h4>\n\n\n\n<p>Apr\u00e8s un sevrage, le risque de rechute est fort quand on se retrouve plong\u00e9 dans son environnement habituel&nbsp;; l\u2019arriv\u00e9e au Village est d\u00e9j\u00e0 un premier pas. Pour aller plus loin, il est g\u00e9n\u00e9ralement demand\u00e9 de couper temporairement les liens avec l\u2019entourage pour permettre une immersion dans un environnement tout autre. Pour certains, il est m\u00eame propos\u00e9 de se s\u00e9parer un temps de son t\u00e9l\u00e9phone mobile, et\/ou de son ordinateur.<\/p>\n\n\n\n<h4 class=\"wp-block-heading\">S\u2019engager sur des objectifs<\/h4>\n\n\n\n<p>Apr\u00e8s une semaine de d\u00e9couverte, la personne rentre chez elle et doit choisir de revenir.<br>Sur cette base du libre choix, le nouveau r\u00e9sident et son r\u00e9f\u00e9rent-accompagnant se mettent d\u2019accord sur les objectifs \u00e0 atteindre&nbsp;: une convention d\u2019accueil est sign\u00e9e entre les deux parties.<\/p>\n\n\n\n<p><span class=\"has-inline-color has-orange-color\"><strong>La parole r\u00e9v\u00e9latrice<\/strong>. Trouver les mots pour exprimer ses maux\u2026<\/span><br><span class=\"has-inline-color has-orange-color\">Des temps de paroles r\u00e9guliers avec l\u2019accompagnant permettent de r\u00e9v\u00e9ler l\u2019origine de l\u2019addiction&nbsp;: des situations v\u00e9cues, des blessures. \u00catre capable de parler d\u2019une angoisse, d\u2019un d\u00e9sir, c\u2019est prendre conscience des causes de la maladie. Dans cette v\u00e9rit\u00e9, la personne sait sur quoi elle doit travailler.<\/span><\/p>\n\n\n\n<p>Les \u00e9l\u00e9ments \u00e9tant pos\u00e9s, l\u2019\u00e9tape suivante peut \u00eatre abord\u00e9e.<\/p>\n\n\n\n<h3 class=\"wp-block-heading\">\u00c9tape 2 : se restructurer, changer ses habitudes, trouver de nouveaux rep\u00e8res<\/h3>\n\n\n\n<h4 class=\"wp-block-heading\">Retrouver le go\u00fbt du \u00ab&nbsp;vivre ensemble&nbsp;\u00bb<\/h4>\n\n\n\n<p>Nos petits foyers (10 personnes) ont pour ambition de cr\u00e9er une atmosph\u00e8re chaleureuse et familiale. La probl\u00e9matique de la perte de lien social se r\u00e9sout au fil des jours par ce temps de vie en foyer. Avec le \u00ab&nbsp;vivre ensemble&nbsp;\u00bb, la personne peut exp\u00e9rimenter de fa\u00e7on concr\u00e8te que la solidarit\u00e9 permet de trouver dans le groupe et la vie collective un r\u00e9el plaisir&nbsp;; elle retrouve la satisfaction de nouer des relations, d\u2019\u00eatre avec l\u2019autre.<\/p>\n\n\n\n<h4 class=\"wp-block-heading\">Retrouver une hygi\u00e8ne de vie et un rythme avec les activit\u00e9s<\/h4>\n\n\n\n<p>Apr\u00e8s 17 ann\u00e9es d\u2019exp\u00e9rience, le constat de base c\u2019est que, si la personne va mieux en partant du Village Saint Joseph, c\u2019est parce qu\u2019elle a accept\u00e9 de changer certains comportements, certaines habitudes, son mode de vie. Elle a de nouveaux rep\u00e8res.<br>Il faut se lever le matin, retrouver des horaires de repas, de coucher, et surtout, il faut \u00eatre actif.<br>La participation aux activit\u00e9s, 5 heures par jour, est obligatoire. (<a href=\"https:\/\/villagesaintjoseph.org\/plounevez-quintin\/les-3-pilliers\/activites\/\" data-type=\"URL\" data-id=\"https:\/\/villagesaintjoseph.org\/plounevez-quintin\/les-3-pilliers\/activites\/\">Voir plus de d\u00e9tails en cliquant ici<\/a>)<\/p>\n\n\n\n<h4 class=\"wp-block-heading\">Prendre en compte la dimension spirituelle de l\u2019homme<\/h4>\n\n\n\n<p>Cela permet \u00e0 chacun de red\u00e9couvrir toutes les dimensions de son \u00eatre. Les&nbsp;<a href=\"https:\/\/villagesaintjoseph.org\/plounevez-quintin\/les-3-pilliers\/vie-spirituelle\/\" data-type=\"URL\" data-id=\"https:\/\/villagesaintjoseph.org\/plounevez-quintin\/les-3-pilliers\/vie-spirituelle\/\">temps de pri\u00e8re<\/a>, m\u00eame s\u2019ils sont seulement propos\u00e9s, invitent \u00e0 red\u00e9couvrir l\u2019int\u00e9riorit\u00e9 de son \u00eatre. Souvent, les arrivants sont interpell\u00e9s par la fa\u00e7on dont ils sont accueillis, par l\u2019amour qui circule entre les personnes : le questionnement nait, la dimension spirituelle prend sens. Cette d\u00e9couverte ou ce retour vers la spiritualit\u00e9 est une des cl\u00e9s majeures pour que les changements qui se sont op\u00e9r\u00e9s s\u2019inscrivent dans la dur\u00e9e.<\/p>\n\n\n\n<p><strong><span class=\"has-inline-color has-orange-color\">L<\/span><\/strong><span class=\"has-inline-color has-orange-color\"><strong>a parole lib\u00e9ratrice<\/strong>. En poursuivant son travail avec l\u2019accompagnant, la personne accueillie doit se lib\u00e9rer de ce qui l\u2019angoisse et l\u2019oppresse. Il y a presque toujours un travail de pardon \u00e0 donner \u00e0 soi-m\u00eame ou \u00e0 ceux qui nous ont fait du mal&nbsp;: ces pardons nous lib\u00e8rent car ils permettent de sortir du statut de victime (ou d\u2019oppresseur) et de retrouver sa dignit\u00e9. Ces PARDONS lib\u00e8rent de l\u2019amertume ; les cons\u00e9quences de ces blessures peuvent alors \u00eatre transcend\u00e9es et, comme \u00ab&nbsp;ce qui ne tue pas, rend plus fort&nbsp;\u00bb, ces \u00e9v\u00e9nements apais\u00e9s permettent d\u2019aborder le futur avec s\u00e9r\u00e9nit\u00e9 et de ne pas avoir peur des \u00e9preuves qui ne manqueront pas de se pr\u00e9senter dans le futur, et de les relativiser. Les PARDONS permettent une v\u00e9ritable m\u00e9tamorphose de la personne accueillie et deviennent source de rayonnement.<\/span><\/p>\n\n\n\n<p>A cette \u00e9tape, la personne doit retrouver une image positive et r\u00e9aliste d\u2019elle-m\u00eame, apprendre \u00e0 capitaliser sur ses qualit\u00e9s et travailler sur les points d\u2019am\u00e9lioration identifi\u00e9s. L\u2019objectif, \u00e0 cette \u00e9tape, est de se pr\u00e9parer pour retrouver sa capacit\u00e9 \u00e0 l\u2019autonomie.<\/p>\n\n\n\n<p>\u00ab&nbsp;R\u00e9duit-on une personne \u00e0 ses erreurs ? La cloue-t-on \u00e0 un seul de ses actes ? Nul n\u2019est que bon ou que mauvais. Pardonner revient \u00e0 prendre conscience qu\u2019un destin s\u2019improvise constamment, qu\u2019on ne le figera pas dans le pass\u00e9, encore moins dans un instant unique. Demain n\u2019est pas hier.&nbsp;\u00bb (E.E. Schmitt)<\/p>\n\n\n\n<h3 class=\"wp-block-heading\">\u00c9tape 3 : pr\u00e9parer sa r\u00e9insertion, ancrer de nouveaux rep\u00e8res<\/h3>\n\n\n\n<p>En reprenant son envol, le r\u00e9sident passe d\u2019un lieu o\u00f9 il est tr\u00e8s entour\u00e9, dans une atmosph\u00e8re bienveillante, un cocon qui lui a permis de se reconstruire et de panser ses blessures, vers le monde d\u2019aujourd\u2019hui dans lequel il reste encore vuln\u00e9rable\u2026<br>La fin du s\u00e9jour au Village Saint Joseph est une \u00e9tape importante qui doit \u00eatre pr\u00e9par\u00e9e&nbsp;; certaines personnes ont besoin d\u2019\u00eatre plus accompagn\u00e9es dans cette nouvelle phase de leur vie pour limiter le risque de rechute.<\/p>\n\n\n\n<h4 class=\"wp-block-heading\">Faire des choix<\/h4>\n\n\n\n<p>Dans cette phase importante o\u00f9 il y a des d\u00e9cisions \u00e0 prendre, un accompagnement particulier et adapt\u00e9 est propos\u00e9 \u00e0 la personne. Il est r\u00e9alis\u00e9 par un \u00e9ducateur qui connait bien le monde de l\u2019entreprise, le monde du travail. Dans le cas de ceux qui souhaitent rester dans la r\u00e9gion, sa bonne connaissance du tissu \u00e9conomique local est sollicit\u00e9e.<br>Les structures existantes (P\u00f4le Emploi\u2026) sont sollicit\u00e9es si besoin pour un bilan de comp\u00e9tences, ou toute autre aide n\u00e9cessaire pour favoriser le retour \u00e0 l\u2019emploi.<br>Parfois, c\u2019est une formation qui est choisie pour renforcer une comp\u00e9tence ou valider un changement d\u2019orientation. Cette r\u00e9flexion peut \u00e9galement d\u00e9boucher, pour les plus fragiles, sur un choix de vie autre que le retour \u00e0 l\u2019emploi (par exemple : reconnaissance travailleur handicap\u00e9, invalidit\u00e9\u2026).<\/p>\n\n\n\n<h4 class=\"wp-block-heading\">Ancrer les changements d\u2019habitudes<\/h4>\n\n\n\n<p>La p\u00e9rennit\u00e9 des changements accomplis d\u00e9pend clairement de la capacit\u00e9 de la personne \u00e0 consolider et enraciner les nouveaux rep\u00e8res acquis, sans retomber dans ses impasses, ses vieux sch\u00e9mas.<br>La capacit\u00e9 renouvel\u00e9e \u00e0 cr\u00e9er du lien social doit \u00eatre maintenue.<\/p>\n\n\n\n<h4 class=\"wp-block-heading\">Si besoin, passer par une colocation solidaire<\/h4>\n\n\n\n<p>Dans certains cas, la m\u00e9tamorphose est radicale et demande une \u00e9tape interm\u00e9diaire pour enraciner les changements et les nouveaux rep\u00e8res. Dans ces cas, seul le temps peut ent\u00e9riner le travail qui a \u00e9t\u00e9 r\u00e9alis\u00e9&nbsp;: la transition plus douce et plus progressive est vraiment une cl\u00e9 de la victoire. Une colocation solidaire, \u00e0 l&rsquo;essai pr\u00e8s de Guingamp, se veut une tentative de r\u00e9pondre \u00e0 cette probl\u00e9matique de durabilit\u00e9 des changements qui ont pu s\u2019op\u00e9rer.<br>Dans d&rsquo;autres cas, les personnes peuvent aussi \u00eatre orient\u00e9es vers des structures du type colocations Lazare&#8230;<\/p>\n\n\n\n<p><span class=\"has-inline-color has-orange-color\"><strong>La parole reconstructrice<\/strong>. \u00c0 cette \u00e9tape, l\u2019important est de se pr\u00e9parer \u00e0 retrouver une place dans la soci\u00e9t\u00e9, de reprendre la ma\u00eetrise de sa vie, de retrouver sa capacit\u00e9 \u00e0 l\u2019autonomie et \u00e0 la citoyennet\u00e9. L\u2019accompagnant aura des paroles de soutien, d\u2019encouragement. De moins en moins de conseils, de plus en plus de questions pour accompagner ce retour vers l\u2019autonomie.<\/span><\/p>\n\n\n\n<p>La sortie est pr\u00e9vue selon les cas ou bout de 6 \u00e0 24 mois. Chacun est diff\u00e9rent, chaque situation est particuli\u00e8re.<\/p>\n\n\n\n<h2 class=\"wp-block-heading\">Le suivi m\u00e9dical<\/h2>\n\n\n\n<p>Les personnes accueillies pour des probl\u00e8mes d\u2019addiction sont orient\u00e9es pour un suivi m\u00e9dical au Centre M\u00e9dico-Psychologique ou chez un m\u00e9decin. Ceux qui ont un traitement m\u00e9dical font l\u2019objet d\u2019un suivi quotidien particulier. Si besoin, la personne est orient\u00e9e vers un m\u00e9decin psychiatre ou un psychologue pour un suivi sp\u00e9cifique.<br>Dans certaines situations, un s\u00e9jour en service d\u2019addictologie en milieu hospitalier est \u00e9galement possible (H\u00f4pital de Plouguern\u00e9vel situ\u00e9 \u00e0 10 km).<\/p>\n\n\n\n<h2 class=\"wp-block-heading\">L\u2019importance de l&rsquo;accompagnement, de la parole<\/h2>\n\n\n\n<p>Extrait de \u00ab&nbsp;Addictions et lutte contre les exclusions : Travailler ensemble&nbsp;\u00bb \u00e9dit\u00e9 par la FNARS<\/p>\n\n\n\n<p>\u00ab&nbsp;L\u2019accompagnement est devenu un axe essentiel des politiques publiques en addictologie. Il a \u00e9t\u00e9 officialis\u00e9 par les d\u00e9crets relatifs aux missions des CSAPA et CAARUD. Parfois pr\u00e9sent\u00e9 comme le compl\u00e9ment psychologique et social du traitement m\u00e9dical, ses fonctions sont en fait plus fondamentales&nbsp;: il participe \u00e0 la red\u00e9finition de la notion de gu\u00e9rison, \u00e0 l\u2019\u00e9volution de la relation avec l\u2019usager et du temps de traitement. L\u2019accompagnement aide l\u2019usager \u00e0 s\u2019approprier ses propres motivations au changement en se d\u00e9centrant d\u2019une finalit\u00e9 unique, l\u2019abstinence par exemple. Il a pour fonction de r\u00e9tablir une exp\u00e9rience de satisfaction, une relation \u00ab positive \u00bb \u00e0 l\u2019environnement, dans des conditions \u00e0 moindre risque. L\u2019accompagnement concr\u00e9tise une \u00e9volution de la relation \u00e0 l\u2019usager en promouvant la notion d\u2019association, de libre adh\u00e9sion, de projet, l\u00e0 o\u00f9 r\u00e9gnait la seule notion de contrat et de contrainte. Il rappelle la n\u00e9cessit\u00e9 de susciter l\u2019engagement de l\u2019usager dans une vis\u00e9e qui fait du confort de vie un objectif respectable et respect\u00e9. Accompagner se pense comme une succession d\u2019interventions visant \u00e0 aider l\u2019usager \u00e0 reprendre la ma\u00eetrise de sa vie et \u00e0 retrouver sa capacit\u00e9 \u00e0 l\u2019autonomie et \u00e0 la citoyennet\u00e9. C\u2019est un processus qui se d\u00e9roule dans la dur\u00e9e.&nbsp;\u00bb<\/p>\n","protected":false},"excerpt":{"rendered":"<p>Notre association offre une alternative aux centres de postcure, ou arrive en relais \u00e0 la sortie de postcure ; c\u2019est une chance et une opportunit\u00e9 pour ceux qui n\u2019ont pas r\u00e9ussi \u00e0 reprendre une vie normale en suivant le circuit habituel. Ici, le d\u00e9cloisonnement des types d\u2019accueil permet d\u2019apaiser les souffrances ; et il permet [&hellip;]<\/p>\n","protected":false},"author":18,"featured_media":539,"parent":88,"menu_order":32,"comment_status":"closed","ping_status":"closed","template":"","meta":{"inline_featured_image":false,"footnotes":""},"class_list":["post-234","page","type-page","status-publish","has-post-thumbnail","hentry"],"acf":[],"yoast_head":"<!-- This site is optimized with the Yoast SEO plugin v27.4 - https:\/\/yoast.com\/product\/yoast-seo-wordpress\/ -->\n<title>Sortir de l&#039;addiction - Maison de Ploun\u00e9vez-Quintin<\/title>\n<meta name=\"description\" content=\"Notre association offre une alternative aux centres de postcure, ou arrive en relais \u00e0 la sortie de postcure ; c\u2019est une chance et une opportunit\u00e9 pour\" \/>\n<meta name=\"robots\" content=\"index, follow, max-snippet:-1, max-image-preview:large, max-video-preview:-1\" \/>\n<link rel=\"canonical\" href=\"https:\/\/villagesaintjoseph.org\/plounevez-quintin\/vous-accueillir-2\/vous-accueillir\/sortir-addiction\/\" \/>\n<meta property=\"og:locale\" content=\"fr_FR\" \/>\n<meta property=\"og:type\" content=\"article\" \/>\n<meta property=\"og:title\" content=\"Sortir de l&#039;addiction - Maison de Ploun\u00e9vez-Quintin\" \/>\n<meta property=\"og:description\" content=\"Notre association offre une alternative aux centres de postcure, ou arrive en relais \u00e0 la sortie de postcure ; c\u2019est une chance et une opportunit\u00e9 pour\" \/>\n<meta property=\"og:url\" content=\"https:\/\/villagesaintjoseph.org\/plounevez-quintin\/vous-accueillir-2\/vous-accueillir\/sortir-addiction\/\" \/>\n<meta property=\"og:site_name\" content=\"Maison de Ploun\u00e9vez-Quintin\" \/>\n<meta property=\"article:modified_time\" content=\"2022-01-31T15:44:54+00:00\" \/>\n<meta property=\"og:image\" content=\"https:\/\/villagesaintjoseph.org\/plounevez-quintin\/wp-content\/uploads\/sites\/6\/2022\/01\/20160909-Laure.jpg\" \/>\n\t<meta property=\"og:image:width\" content=\"1792\" \/>\n\t<meta property=\"og:image:height\" content=\"1200\" \/>\n\t<meta property=\"og:image:type\" content=\"image\/jpeg\" \/>\n<meta name=\"twitter:card\" content=\"summary_large_image\" \/>\n<meta name=\"twitter:label1\" content=\"Dur\u00e9e de lecture estim\u00e9e\" \/>\n\t<meta name=\"twitter:data1\" content=\"9 minutes\" \/>\n<script type=\"application\/ld+json\" class=\"yoast-schema-graph\">{\"@context\":\"https:\\\/\\\/schema.org\",\"@graph\":[{\"@type\":\"WebPage\",\"@id\":\"https:\\\/\\\/villagesaintjoseph.org\\\/plounevez-quintin\\\/vous-accueillir-2\\\/vous-accueillir\\\/sortir-addiction\\\/\",\"url\":\"https:\\\/\\\/villagesaintjoseph.org\\\/plounevez-quintin\\\/vous-accueillir-2\\\/vous-accueillir\\\/sortir-addiction\\\/\",\"name\":\"Sortir de l'addiction - Maison de Ploun\u00e9vez-Quintin\",\"isPartOf\":{\"@id\":\"https:\\\/\\\/villagesaintjoseph.org\\\/plounevez-quintin\\\/#website\"},\"primaryImageOfPage\":{\"@id\":\"https:\\\/\\\/villagesaintjoseph.org\\\/plounevez-quintin\\\/vous-accueillir-2\\\/vous-accueillir\\\/sortir-addiction\\\/#primaryimage\"},\"image\":{\"@id\":\"https:\\\/\\\/villagesaintjoseph.org\\\/plounevez-quintin\\\/vous-accueillir-2\\\/vous-accueillir\\\/sortir-addiction\\\/#primaryimage\"},\"thumbnailUrl\":\"https:\\\/\\\/villagesaintjoseph.org\\\/plounevez-quintin\\\/wp-content\\\/uploads\\\/sites\\\/6\\\/2022\\\/01\\\/20160909-Laure.jpg\",\"datePublished\":\"2022-01-10T15:28:19+00:00\",\"dateModified\":\"2022-01-31T15:44:54+00:00\",\"description\":\"Notre association offre une alternative aux centres de postcure, ou arrive en relais \u00e0 la sortie de postcure ; c\u2019est une chance et une opportunit\u00e9 pour\",\"breadcrumb\":{\"@id\":\"https:\\\/\\\/villagesaintjoseph.org\\\/plounevez-quintin\\\/vous-accueillir-2\\\/vous-accueillir\\\/sortir-addiction\\\/#breadcrumb\"},\"inLanguage\":\"fr-FR\",\"potentialAction\":[{\"@type\":\"ReadAction\",\"target\":[\"https:\\\/\\\/villagesaintjoseph.org\\\/plounevez-quintin\\\/vous-accueillir-2\\\/vous-accueillir\\\/sortir-addiction\\\/\"]}]},{\"@type\":\"ImageObject\",\"inLanguage\":\"fr-FR\",\"@id\":\"https:\\\/\\\/villagesaintjoseph.org\\\/plounevez-quintin\\\/vous-accueillir-2\\\/vous-accueillir\\\/sortir-addiction\\\/#primaryimage\",\"url\":\"https:\\\/\\\/villagesaintjoseph.org\\\/plounevez-quintin\\\/wp-content\\\/uploads\\\/sites\\\/6\\\/2022\\\/01\\\/20160909-Laure.jpg\",\"contentUrl\":\"https:\\\/\\\/villagesaintjoseph.org\\\/plounevez-quintin\\\/wp-content\\\/uploads\\\/sites\\\/6\\\/2022\\\/01\\\/20160909-Laure.jpg\",\"width\":1792,\"height\":1200},{\"@type\":\"BreadcrumbList\",\"@id\":\"https:\\\/\\\/villagesaintjoseph.org\\\/plounevez-quintin\\\/vous-accueillir-2\\\/vous-accueillir\\\/sortir-addiction\\\/#breadcrumb\",\"itemListElement\":[{\"@type\":\"ListItem\",\"position\":1,\"name\":\"Accueil\",\"item\":\"https:\\\/\\\/villagesaintjoseph.org\\\/plounevez-quintin\\\/\"},{\"@type\":\"ListItem\",\"position\":2,\"name\":\"Vous accueillir\",\"item\":\"https:\\\/\\\/villagesaintjoseph.org\\\/plounevez-quintin\\\/vous-accueillir-2\\\/\"},{\"@type\":\"ListItem\",\"position\":3,\"name\":\"Pour qui ?\",\"item\":\"https:\\\/\\\/villagesaintjoseph.org\\\/plounevez-quintin\\\/vous-accueillir-2\\\/vous-accueillir\\\/\"},{\"@type\":\"ListItem\",\"position\":4,\"name\":\"Sortir de l&rsquo;addiction\"}]},{\"@type\":\"WebSite\",\"@id\":\"https:\\\/\\\/villagesaintjoseph.org\\\/plounevez-quintin\\\/#website\",\"url\":\"https:\\\/\\\/villagesaintjoseph.org\\\/plounevez-quintin\\\/\",\"name\":\"Maison de Ploun\u00e9vez-Quintin\",\"description\":\"\",\"potentialAction\":[{\"@type\":\"SearchAction\",\"target\":{\"@type\":\"EntryPoint\",\"urlTemplate\":\"https:\\\/\\\/villagesaintjoseph.org\\\/plounevez-quintin\\\/?s={search_term_string}\"},\"query-input\":{\"@type\":\"PropertyValueSpecification\",\"valueRequired\":true,\"valueName\":\"search_term_string\"}}],\"inLanguage\":\"fr-FR\"}]}<\/script>\n<!-- \/ Yoast SEO plugin. -->","yoast_head_json":{"title":"Sortir de l'addiction - Maison de Ploun\u00e9vez-Quintin","description":"Notre association offre une alternative aux centres de postcure, ou arrive en relais \u00e0 la sortie de postcure ; c\u2019est une chance et une opportunit\u00e9 pour","robots":{"index":"index","follow":"follow","max-snippet":"max-snippet:-1","max-image-preview":"max-image-preview:large","max-video-preview":"max-video-preview:-1"},"canonical":"https:\/\/villagesaintjoseph.org\/plounevez-quintin\/vous-accueillir-2\/vous-accueillir\/sortir-addiction\/","og_locale":"fr_FR","og_type":"article","og_title":"Sortir de l'addiction - Maison de Ploun\u00e9vez-Quintin","og_description":"Notre association offre une alternative aux centres de postcure, ou arrive en relais \u00e0 la sortie de postcure ; c\u2019est une chance et une opportunit\u00e9 pour","og_url":"https:\/\/villagesaintjoseph.org\/plounevez-quintin\/vous-accueillir-2\/vous-accueillir\/sortir-addiction\/","og_site_name":"Maison de Ploun\u00e9vez-Quintin","article_modified_time":"2022-01-31T15:44:54+00:00","og_image":[{"width":1792,"height":1200,"url":"https:\/\/villagesaintjoseph.org\/plounevez-quintin\/wp-content\/uploads\/sites\/6\/2022\/01\/20160909-Laure.jpg","type":"image\/jpeg"}],"twitter_card":"summary_large_image","twitter_misc":{"Dur\u00e9e de lecture estim\u00e9e":"9 minutes"},"schema":{"@context":"https:\/\/schema.org","@graph":[{"@type":"WebPage","@id":"https:\/\/villagesaintjoseph.org\/plounevez-quintin\/vous-accueillir-2\/vous-accueillir\/sortir-addiction\/","url":"https:\/\/villagesaintjoseph.org\/plounevez-quintin\/vous-accueillir-2\/vous-accueillir\/sortir-addiction\/","name":"Sortir de l'addiction - Maison de Ploun\u00e9vez-Quintin","isPartOf":{"@id":"https:\/\/villagesaintjoseph.org\/plounevez-quintin\/#website"},"primaryImageOfPage":{"@id":"https:\/\/villagesaintjoseph.org\/plounevez-quintin\/vous-accueillir-2\/vous-accueillir\/sortir-addiction\/#primaryimage"},"image":{"@id":"https:\/\/villagesaintjoseph.org\/plounevez-quintin\/vous-accueillir-2\/vous-accueillir\/sortir-addiction\/#primaryimage"},"thumbnailUrl":"https:\/\/villagesaintjoseph.org\/plounevez-quintin\/wp-content\/uploads\/sites\/6\/2022\/01\/20160909-Laure.jpg","datePublished":"2022-01-10T15:28:19+00:00","dateModified":"2022-01-31T15:44:54+00:00","description":"Notre association offre une alternative aux centres de postcure, ou arrive en relais \u00e0 la sortie de postcure ; c\u2019est une chance et une opportunit\u00e9 pour","breadcrumb":{"@id":"https:\/\/villagesaintjoseph.org\/plounevez-quintin\/vous-accueillir-2\/vous-accueillir\/sortir-addiction\/#breadcrumb"},"inLanguage":"fr-FR","potentialAction":[{"@type":"ReadAction","target":["https:\/\/villagesaintjoseph.org\/plounevez-quintin\/vous-accueillir-2\/vous-accueillir\/sortir-addiction\/"]}]},{"@type":"ImageObject","inLanguage":"fr-FR","@id":"https:\/\/villagesaintjoseph.org\/plounevez-quintin\/vous-accueillir-2\/vous-accueillir\/sortir-addiction\/#primaryimage","url":"https:\/\/villagesaintjoseph.org\/plounevez-quintin\/wp-content\/uploads\/sites\/6\/2022\/01\/20160909-Laure.jpg","contentUrl":"https:\/\/villagesaintjoseph.org\/plounevez-quintin\/wp-content\/uploads\/sites\/6\/2022\/01\/20160909-Laure.jpg","width":1792,"height":1200},{"@type":"BreadcrumbList","@id":"https:\/\/villagesaintjoseph.org\/plounevez-quintin\/vous-accueillir-2\/vous-accueillir\/sortir-addiction\/#breadcrumb","itemListElement":[{"@type":"ListItem","position":1,"name":"Accueil","item":"https:\/\/villagesaintjoseph.org\/plounevez-quintin\/"},{"@type":"ListItem","position":2,"name":"Vous accueillir","item":"https:\/\/villagesaintjoseph.org\/plounevez-quintin\/vous-accueillir-2\/"},{"@type":"ListItem","position":3,"name":"Pour qui ?","item":"https:\/\/villagesaintjoseph.org\/plounevez-quintin\/vous-accueillir-2\/vous-accueillir\/"},{"@type":"ListItem","position":4,"name":"Sortir de l&rsquo;addiction"}]},{"@type":"WebSite","@id":"https:\/\/villagesaintjoseph.org\/plounevez-quintin\/#website","url":"https:\/\/villagesaintjoseph.org\/plounevez-quintin\/","name":"Maison de Ploun\u00e9vez-Quintin","description":"","potentialAction":[{"@type":"SearchAction","target":{"@type":"EntryPoint","urlTemplate":"https:\/\/villagesaintjoseph.org\/plounevez-quintin\/?s={search_term_string}"},"query-input":{"@type":"PropertyValueSpecification","valueRequired":true,"valueName":"search_term_string"}}],"inLanguage":"fr-FR"}]}},"_links":{"self":[{"href":"https:\/\/villagesaintjoseph.org\/plounevez-quintin\/wp-json\/wp\/v2\/pages\/234","targetHints":{"allow":["GET"]}}],"collection":[{"href":"https:\/\/villagesaintjoseph.org\/plounevez-quintin\/wp-json\/wp\/v2\/pages"}],"about":[{"href":"https:\/\/villagesaintjoseph.org\/plounevez-quintin\/wp-json\/wp\/v2\/types\/page"}],"author":[{"embeddable":true,"href":"https:\/\/villagesaintjoseph.org\/plounevez-quintin\/wp-json\/wp\/v2\/users\/18"}],"replies":[{"embeddable":true,"href":"https:\/\/villagesaintjoseph.org\/plounevez-quintin\/wp-json\/wp\/v2\/comments?post=234"}],"version-history":[{"count":4,"href":"https:\/\/villagesaintjoseph.org\/plounevez-quintin\/wp-json\/wp\/v2\/pages\/234\/revisions"}],"predecessor-version":[{"id":642,"href":"https:\/\/villagesaintjoseph.org\/plounevez-quintin\/wp-json\/wp\/v2\/pages\/234\/revisions\/642"}],"up":[{"embeddable":true,"href":"https:\/\/villagesaintjoseph.org\/plounevez-quintin\/wp-json\/wp\/v2\/pages\/88"}],"wp:featuredmedia":[{"embeddable":true,"href":"https:\/\/villagesaintjoseph.org\/plounevez-quintin\/wp-json\/wp\/v2\/media\/539"}],"wp:attachment":[{"href":"https:\/\/villagesaintjoseph.org\/plounevez-quintin\/wp-json\/wp\/v2\/media?parent=234"}],"curies":[{"name":"wp","href":"https:\/\/api.w.org\/{rel}","templated":true}]}}