{"id":319,"date":"2022-01-12T11:22:10","date_gmt":"2022-01-12T10:22:10","guid":{"rendered":"https:\/\/plounevez-quintin.stjoseph.ovh\/?page_id=319"},"modified":"2026-01-16T19:37:49","modified_gmt":"2026-01-16T18:37:49","slug":"devenir-mecene","status":"publish","type":"page","link":"https:\/\/villagesaintjoseph.org\/plounevez-quintin\/nous-aider\/devenir-mecene\/","title":{"rendered":"Devenez m\u00e9c\u00e8ne"},"content":{"rendered":"\n<div class=\"wp-block-columns is-layout-flex wp-container-core-columns-is-layout-28f84493 wp-block-columns-is-layout-flex\">\n<div class=\"wp-block-column is-vertically-aligned-center is-layout-flow wp-block-column-is-layout-flow\" style=\"flex-basis:33.33%\">\n<p><strong>Une question ? <\/strong><br><strong>Contactez-nous<\/strong><\/p>\n\n\n\n<p>administratif.plounevez@villagesaintjoseph.org<\/p>\n<\/div>\n\n\n\n<div class=\"wp-block-column is-layout-flow wp-block-column-is-layout-flow\"><\/div>\n\n\n\n<div class=\"wp-block-column is-layout-flow wp-block-column-is-layout-flow\" style=\"flex-basis:66.66%\">\n<figure class=\"wp-block-image alignleft size-medium\"><a href=\"https:\/\/villagesaintjoseph.org\/plounevez-quintin\/nous-aider\/devenir-mecene\/nos-mecenes\/\"><img loading=\"lazy\" decoding=\"async\" width=\"300\" height=\"169\" src=\"https:\/\/villagesaintjoseph.org\/plounevez-quintin\/wp-content\/uploads\/sites\/6\/2022\/01\/hands-1947915_1920-300x169.jpg\" alt=\"\" class=\"wp-image-647\" srcset=\"https:\/\/villagesaintjoseph.org\/plounevez-quintin\/wp-content\/uploads\/sites\/6\/2022\/01\/hands-1947915_1920-300x169.jpg 300w, https:\/\/villagesaintjoseph.org\/plounevez-quintin\/wp-content\/uploads\/sites\/6\/2022\/01\/hands-1947915_1920-1024x576.jpg 1024w, https:\/\/villagesaintjoseph.org\/plounevez-quintin\/wp-content\/uploads\/sites\/6\/2022\/01\/hands-1947915_1920-768x432.jpg 768w, https:\/\/villagesaintjoseph.org\/plounevez-quintin\/wp-content\/uploads\/sites\/6\/2022\/01\/hands-1947915_1920-1536x864.jpg 1536w, https:\/\/villagesaintjoseph.org\/plounevez-quintin\/wp-content\/uploads\/sites\/6\/2022\/01\/hands-1947915_1920-1600x900.jpg 1600w, https:\/\/villagesaintjoseph.org\/plounevez-quintin\/wp-content\/uploads\/sites\/6\/2022\/01\/hands-1947915_1920-1400x788.jpg 1400w, https:\/\/villagesaintjoseph.org\/plounevez-quintin\/wp-content\/uploads\/sites\/6\/2022\/01\/hands-1947915_1920.jpg 1920w\" sizes=\"auto, (max-width: 300px) 100vw, 300px\" \/><\/a><figcaption class=\"wp-element-caption\">Cliquez sur l&rsquo;image pour d\u00e9couvrir nos m\u00e9c\u00e8nes<\/figcaption><\/figure>\n<\/div>\n<\/div>\n\n\n\n<h2 class=\"wp-block-heading\">Partagez votre savoir-faire<\/h2>\n\n\n\n<p>Avec de petits moyens, on fait des miracles au Village Saint Joseph !<\/p>\n\n\n\n<p>Et pourtant, pour \u00e9pauler nos b\u00e9n\u00e9voles et une \u00e9quipe salari\u00e9e restreinte, rien ne vaut une expertise professionnelle. Le m\u00e9c\u00e9nat de comp\u00e9tences est donc pr\u00e9cieux.<\/p>\n\n\n\n<p>Graphistes, attach\u00e9s de presse, informaticiens\u2026 joignez-vous \u00e0 nous&nbsp;!<\/p>\n\n\n\n<h2 class=\"wp-block-heading\">Faites un don<\/h2>\n\n\n\n<p>En nature ou en argent, votre don au Village Saint Joseph vous offre une r\u00e9duction d\u2019imp\u00f4t sur les soci\u00e9t\u00e9s de 60% de leur montant dans la limite de 0,5% du CA. H.T. Au-del\u00e0 de ce plafond ou en cas de d\u00e9ficit, report possible sur les 5 exercices suivants.&nbsp;<em><a href=\"https:\/\/villagesaintjoseph.org\/plounevez-quintin\/faire-un-don-a-la-maison-de-plounevez-quintin\/\" data-type=\"URL\" data-id=\"https:\/\/villagesaintjoseph.org\/plounevez-quintin\/faire-un-don-a-la-maison-de-plounevez-quintin\/\">Je fais un don<\/a><\/em><a href=\"https:\/\/villagesaintjoseph.org\/faire-un-don\/\"><em>.<\/em><\/a><\/p>\n\n\n\n<h2 class=\"wp-block-heading\">Parrainez nos projets<\/h2>\n\n\n\n<p>Chaque ann\u00e9e, des&nbsp;<span class=\"has-inline-color has-noir-color\"><a href=\"https:\/\/villagesaintjoseph.org\/nos-partenaires\/\">partenaires<\/a>&nbsp;<\/span>nous font confiance. Aujourd\u2019hui, il est fr\u00e9quent que le m\u00e9c\u00e9nat passe par le parrainage d\u2019un salari\u00e9 de l\u2019entreprise qui connait une association et propose \u00e0 son entreprise de faire un don.<\/p>\n\n\n\n<p>Vous travaillez dans une entreprise et vous voulez l\u2019aider \u00e0 devenir ou \u00eatre plus citoyenne et solidaire&nbsp;? Contactez-nous&nbsp;!<\/p>\n\n\n\n<p><\/p>\n\n\n\n<h2 class=\"wp-block-heading\">Le Village est membre de l\u2019\u00c9conomie de Communion\u2026<\/h2>\n\n\n\n<p><strong>L&rsquo;\u00e9conomie de communion : une nouvelle vision du travail<\/strong><\/p>\n\n\n\n<p>L\u2019\u00c9conomie de communion (EdeC) s\u2019adresse \u00e0 tous ! En premier lieu aux entrepreneurs bien s\u00fbr, qui con\u00e7oivent et vivent leur entreprise comme une vocation au service du bien commun et pour r\u00e9int\u00e9grer tous ceux que le syst\u00e8me a exclu. Mais l\u2019EdeC concerne tout autant les salari\u00e9s du secteur priv\u00e9 et public, les \u00e9tudiants, les retrait\u00e9s\u2026 sans qui l\u2019\u00e9conomie r\u00e9elle n\u2019aurait plus de sens. Il s\u2019agit donc de faire une place pr\u00e9pond\u00e9rante \u00e0 la qualit\u00e9 de la relation interpersonnelle, au sein de l\u2019entreprise et avec toutes les parties prenantes.<\/p>\n\n\n\n<blockquote class=\"wp-block-quote is-layout-flow wp-block-quote-is-layout-flow\">\n<p><em>L\u2019\u00c9conomie de Communion, c\u2019est donner et recevoir. Et plus on donne, plus on re\u00e7oit.<\/em><\/p>\n<\/blockquote>\n\n\n\n<div class=\"wp-block-pb-accordion-item c-accordion__item js-accordion-item no-js\" data-initially-open=\"false\" data-click-to-close=\"true\" data-auto-close=\"true\" data-scroll=\"false\" data-scroll-offset=\"0\"><h6 id=\"at-3190\" class=\"c-accordion__title js-accordion-controller\" role=\"button\">En savoir plus&#8230;<\/h6><div id=\"ac-3190\" class=\"c-accordion__content\">\n<p class=\"has-text-align-center\">Pour en savoir plus, une pr\u00e9sentation 5 minutes<\/p>\n\n\n\n<figure class=\"wp-block-embed is-type-video is-provider-youtube wp-block-embed-youtube wp-embed-aspect-16-9 wp-has-aspect-ratio\"><div class=\"wp-block-embed__wrapper\">\n<iframe loading=\"lazy\" title=\"L&#039;Economie de communion : priorit\u00e9 \u00e0 la relation fraternelle\" width=\"500\" height=\"281\" src=\"https:\/\/www.youtube.com\/embed\/mK7NQAOdwO8?feature=oembed\" frameborder=\"0\" allow=\"accelerometer; autoplay; clipboard-write; encrypted-media; gyroscope; picture-in-picture; web-share\" referrerpolicy=\"strict-origin-when-cross-origin\" allowfullscreen><\/iframe>\n<\/div><\/figure>\n\n\n\n<p class=\"has-text-align-center\">Pr\u00e9sentation 25 minutes<\/p>\n\n\n\n<figure class=\"wp-block-embed is-type-video is-provider-youtube wp-block-embed-youtube wp-embed-aspect-16-9 wp-has-aspect-ratio\"><div class=\"wp-block-embed__wrapper\">\n<iframe loading=\"lazy\" title=\"ECONOMIE DE COMMUNION\" width=\"500\" height=\"281\" src=\"https:\/\/www.youtube.com\/embed\/gmSsMtHLDIQ?feature=oembed\" frameborder=\"0\" allow=\"accelerometer; autoplay; clipboard-write; encrypted-media; gyroscope; picture-in-picture; web-share\" referrerpolicy=\"strict-origin-when-cross-origin\" allowfullscreen><\/iframe>\n<\/div><\/figure>\n\n\n\n<p class=\"has-text-align-center\">Et visitez le&nbsp;<a href=\"http:\/\/economie-de-communion.fr\/\">site web<\/a>&nbsp;de l\u2019\u00c9conomie de Communion.<\/p>\n<\/div><\/div>\n","protected":false},"excerpt":{"rendered":"<p>Une question ? Contactez-nous administratif.plounevez@villagesaintjoseph.org Partagez votre savoir-faire Avec de petits moyens, on fait des miracles au Village Saint Joseph ! Et pourtant, pour \u00e9pauler nos b\u00e9n\u00e9voles et une \u00e9quipe salari\u00e9e restreinte, rien ne vaut une expertise professionnelle. Le m\u00e9c\u00e9nat de comp\u00e9tences est donc pr\u00e9cieux. Graphistes, attach\u00e9s de presse, informaticiens\u2026 joignez-vous \u00e0 nous&nbsp;! Faites un [&hellip;]<\/p>\n","protected":false},"author":10,"featured_media":647,"parent":259,"menu_order":29,"comment_status":"closed","ping_status":"closed","template":"","meta":{"inline_featured_image":false,"footnotes":""},"class_list":["post-319","page","type-page","status-publish","has-post-thumbnail","hentry"],"acf":[],"yoast_head":"<!-- This site is optimized with the Yoast SEO plugin v27.4 - https:\/\/yoast.com\/product\/yoast-seo-wordpress\/ -->\n<title>Devenez m\u00e9c\u00e8ne - Maison de Ploun\u00e9vez-Quintin<\/title>\n<meta name=\"description\" content=\"Une question ? Contactez-nous administratif.plounevez@villagesaintjoseph.org Cliquez sur l&#039;image pour d\u00e9couvrir nos m\u00e9c\u00e8nes Partagez votre savoir-faire\" \/>\n<meta name=\"robots\" content=\"index, follow, max-snippet:-1, max-image-preview:large, max-video-preview:-1\" \/>\n<link rel=\"canonical\" href=\"https:\/\/villagesaintjoseph.org\/plounevez-quintin\/nous-aider\/devenir-mecene\/\" \/>\n<meta property=\"og:locale\" content=\"fr_FR\" \/>\n<meta property=\"og:type\" content=\"article\" \/>\n<meta property=\"og:title\" content=\"Devenez m\u00e9c\u00e8ne - Maison de Ploun\u00e9vez-Quintin\" \/>\n<meta property=\"og:description\" content=\"Une question ? Contactez-nous administratif.plounevez@villagesaintjoseph.org Cliquez sur l&#039;image pour d\u00e9couvrir nos m\u00e9c\u00e8nes Partagez votre savoir-faire\" \/>\n<meta property=\"og:url\" content=\"https:\/\/villagesaintjoseph.org\/plounevez-quintin\/nous-aider\/devenir-mecene\/\" \/>\n<meta property=\"og:site_name\" content=\"Maison de Ploun\u00e9vez-Quintin\" \/>\n<meta property=\"article:modified_time\" content=\"2026-01-16T18:37:49+00:00\" \/>\n<meta property=\"og:image\" content=\"https:\/\/villagesaintjoseph.org\/plounevez-quintin\/wp-content\/uploads\/sites\/6\/2022\/01\/hands-1947915_1920.jpg\" \/>\n\t<meta property=\"og:image:width\" content=\"1920\" \/>\n\t<meta property=\"og:image:height\" content=\"1080\" \/>\n\t<meta property=\"og:image:type\" content=\"image\/jpeg\" \/>\n<meta name=\"twitter:card\" content=\"summary_large_image\" \/>\n<meta name=\"twitter:label1\" content=\"Dur\u00e9e de lecture estim\u00e9e\" \/>\n\t<meta name=\"twitter:data1\" content=\"2 minutes\" \/>\n<script type=\"application\/ld+json\" class=\"yoast-schema-graph\">{\"@context\":\"https:\\\/\\\/schema.org\",\"@graph\":[{\"@type\":\"WebPage\",\"@id\":\"https:\\\/\\\/villagesaintjoseph.org\\\/plounevez-quintin\\\/nous-aider\\\/devenir-mecene\\\/\",\"url\":\"https:\\\/\\\/villagesaintjoseph.org\\\/plounevez-quintin\\\/nous-aider\\\/devenir-mecene\\\/\",\"name\":\"Devenez m\u00e9c\u00e8ne - Maison de Ploun\u00e9vez-Quintin\",\"isPartOf\":{\"@id\":\"https:\\\/\\\/villagesaintjoseph.org\\\/plounevez-quintin\\\/#website\"},\"primaryImageOfPage\":{\"@id\":\"https:\\\/\\\/villagesaintjoseph.org\\\/plounevez-quintin\\\/nous-aider\\\/devenir-mecene\\\/#primaryimage\"},\"image\":{\"@id\":\"https:\\\/\\\/villagesaintjoseph.org\\\/plounevez-quintin\\\/nous-aider\\\/devenir-mecene\\\/#primaryimage\"},\"thumbnailUrl\":\"https:\\\/\\\/villagesaintjoseph.org\\\/plounevez-quintin\\\/wp-content\\\/uploads\\\/sites\\\/6\\\/2022\\\/01\\\/hands-1947915_1920.jpg\",\"datePublished\":\"2022-01-12T10:22:10+00:00\",\"dateModified\":\"2026-01-16T18:37:49+00:00\",\"description\":\"Une question ? Contactez-nous administratif.plounevez@villagesaintjoseph.org Cliquez sur l'image pour d\u00e9couvrir nos m\u00e9c\u00e8nes Partagez votre savoir-faire\",\"breadcrumb\":{\"@id\":\"https:\\\/\\\/villagesaintjoseph.org\\\/plounevez-quintin\\\/nous-aider\\\/devenir-mecene\\\/#breadcrumb\"},\"inLanguage\":\"fr-FR\",\"potentialAction\":[{\"@type\":\"ReadAction\",\"target\":[\"https:\\\/\\\/villagesaintjoseph.org\\\/plounevez-quintin\\\/nous-aider\\\/devenir-mecene\\\/\"]}]},{\"@type\":\"ImageObject\",\"inLanguage\":\"fr-FR\",\"@id\":\"https:\\\/\\\/villagesaintjoseph.org\\\/plounevez-quintin\\\/nous-aider\\\/devenir-mecene\\\/#primaryimage\",\"url\":\"https:\\\/\\\/villagesaintjoseph.org\\\/plounevez-quintin\\\/wp-content\\\/uploads\\\/sites\\\/6\\\/2022\\\/01\\\/hands-1947915_1920.jpg\",\"contentUrl\":\"https:\\\/\\\/villagesaintjoseph.org\\\/plounevez-quintin\\\/wp-content\\\/uploads\\\/sites\\\/6\\\/2022\\\/01\\\/hands-1947915_1920.jpg\",\"width\":1920,\"height\":1080},{\"@type\":\"BreadcrumbList\",\"@id\":\"https:\\\/\\\/villagesaintjoseph.org\\\/plounevez-quintin\\\/nous-aider\\\/devenir-mecene\\\/#breadcrumb\",\"itemListElement\":[{\"@type\":\"ListItem\",\"position\":1,\"name\":\"Accueil\",\"item\":\"https:\\\/\\\/villagesaintjoseph.org\\\/plounevez-quintin\\\/\"},{\"@type\":\"ListItem\",\"position\":2,\"name\":\"Nous aider\",\"item\":\"https:\\\/\\\/villagesaintjoseph.org\\\/plounevez-quintin\\\/nous-aider\\\/\"},{\"@type\":\"ListItem\",\"position\":3,\"name\":\"Devenez m\u00e9c\u00e8ne\"}]},{\"@type\":\"WebSite\",\"@id\":\"https:\\\/\\\/villagesaintjoseph.org\\\/plounevez-quintin\\\/#website\",\"url\":\"https:\\\/\\\/villagesaintjoseph.org\\\/plounevez-quintin\\\/\",\"name\":\"Maison de Ploun\u00e9vez-Quintin\",\"description\":\"\",\"potentialAction\":[{\"@type\":\"SearchAction\",\"target\":{\"@type\":\"EntryPoint\",\"urlTemplate\":\"https:\\\/\\\/villagesaintjoseph.org\\\/plounevez-quintin\\\/?s={search_term_string}\"},\"query-input\":{\"@type\":\"PropertyValueSpecification\",\"valueRequired\":true,\"valueName\":\"search_term_string\"}}],\"inLanguage\":\"fr-FR\"}]}<\/script>\n<!-- \/ Yoast SEO plugin. -->","yoast_head_json":{"title":"Devenez m\u00e9c\u00e8ne - Maison de Ploun\u00e9vez-Quintin","description":"Une question ? Contactez-nous administratif.plounevez@villagesaintjoseph.org Cliquez sur l'image pour d\u00e9couvrir nos m\u00e9c\u00e8nes Partagez votre savoir-faire","robots":{"index":"index","follow":"follow","max-snippet":"max-snippet:-1","max-image-preview":"max-image-preview:large","max-video-preview":"max-video-preview:-1"},"canonical":"https:\/\/villagesaintjoseph.org\/plounevez-quintin\/nous-aider\/devenir-mecene\/","og_locale":"fr_FR","og_type":"article","og_title":"Devenez m\u00e9c\u00e8ne - Maison de Ploun\u00e9vez-Quintin","og_description":"Une question ? Contactez-nous administratif.plounevez@villagesaintjoseph.org Cliquez sur l'image pour d\u00e9couvrir nos m\u00e9c\u00e8nes Partagez votre savoir-faire","og_url":"https:\/\/villagesaintjoseph.org\/plounevez-quintin\/nous-aider\/devenir-mecene\/","og_site_name":"Maison de Ploun\u00e9vez-Quintin","article_modified_time":"2026-01-16T18:37:49+00:00","og_image":[{"width":1920,"height":1080,"url":"https:\/\/villagesaintjoseph.org\/plounevez-quintin\/wp-content\/uploads\/sites\/6\/2022\/01\/hands-1947915_1920.jpg","type":"image\/jpeg"}],"twitter_card":"summary_large_image","twitter_misc":{"Dur\u00e9e de lecture estim\u00e9e":"2 minutes"},"schema":{"@context":"https:\/\/schema.org","@graph":[{"@type":"WebPage","@id":"https:\/\/villagesaintjoseph.org\/plounevez-quintin\/nous-aider\/devenir-mecene\/","url":"https:\/\/villagesaintjoseph.org\/plounevez-quintin\/nous-aider\/devenir-mecene\/","name":"Devenez m\u00e9c\u00e8ne - Maison de Ploun\u00e9vez-Quintin","isPartOf":{"@id":"https:\/\/villagesaintjoseph.org\/plounevez-quintin\/#website"},"primaryImageOfPage":{"@id":"https:\/\/villagesaintjoseph.org\/plounevez-quintin\/nous-aider\/devenir-mecene\/#primaryimage"},"image":{"@id":"https:\/\/villagesaintjoseph.org\/plounevez-quintin\/nous-aider\/devenir-mecene\/#primaryimage"},"thumbnailUrl":"https:\/\/villagesaintjoseph.org\/plounevez-quintin\/wp-content\/uploads\/sites\/6\/2022\/01\/hands-1947915_1920.jpg","datePublished":"2022-01-12T10:22:10+00:00","dateModified":"2026-01-16T18:37:49+00:00","description":"Une question ? Contactez-nous administratif.plounevez@villagesaintjoseph.org Cliquez sur l'image pour d\u00e9couvrir nos m\u00e9c\u00e8nes Partagez votre savoir-faire","breadcrumb":{"@id":"https:\/\/villagesaintjoseph.org\/plounevez-quintin\/nous-aider\/devenir-mecene\/#breadcrumb"},"inLanguage":"fr-FR","potentialAction":[{"@type":"ReadAction","target":["https:\/\/villagesaintjoseph.org\/plounevez-quintin\/nous-aider\/devenir-mecene\/"]}]},{"@type":"ImageObject","inLanguage":"fr-FR","@id":"https:\/\/villagesaintjoseph.org\/plounevez-quintin\/nous-aider\/devenir-mecene\/#primaryimage","url":"https:\/\/villagesaintjoseph.org\/plounevez-quintin\/wp-content\/uploads\/sites\/6\/2022\/01\/hands-1947915_1920.jpg","contentUrl":"https:\/\/villagesaintjoseph.org\/plounevez-quintin\/wp-content\/uploads\/sites\/6\/2022\/01\/hands-1947915_1920.jpg","width":1920,"height":1080},{"@type":"BreadcrumbList","@id":"https:\/\/villagesaintjoseph.org\/plounevez-quintin\/nous-aider\/devenir-mecene\/#breadcrumb","itemListElement":[{"@type":"ListItem","position":1,"name":"Accueil","item":"https:\/\/villagesaintjoseph.org\/plounevez-quintin\/"},{"@type":"ListItem","position":2,"name":"Nous aider","item":"https:\/\/villagesaintjoseph.org\/plounevez-quintin\/nous-aider\/"},{"@type":"ListItem","position":3,"name":"Devenez m\u00e9c\u00e8ne"}]},{"@type":"WebSite","@id":"https:\/\/villagesaintjoseph.org\/plounevez-quintin\/#website","url":"https:\/\/villagesaintjoseph.org\/plounevez-quintin\/","name":"Maison de Ploun\u00e9vez-Quintin","description":"","potentialAction":[{"@type":"SearchAction","target":{"@type":"EntryPoint","urlTemplate":"https:\/\/villagesaintjoseph.org\/plounevez-quintin\/?s={search_term_string}"},"query-input":{"@type":"PropertyValueSpecification","valueRequired":true,"valueName":"search_term_string"}}],"inLanguage":"fr-FR"}]}},"_links":{"self":[{"href":"https:\/\/villagesaintjoseph.org\/plounevez-quintin\/wp-json\/wp\/v2\/pages\/319","targetHints":{"allow":["GET"]}}],"collection":[{"href":"https:\/\/villagesaintjoseph.org\/plounevez-quintin\/wp-json\/wp\/v2\/pages"}],"about":[{"href":"https:\/\/villagesaintjoseph.org\/plounevez-quintin\/wp-json\/wp\/v2\/types\/page"}],"author":[{"embeddable":true,"href":"https:\/\/villagesaintjoseph.org\/plounevez-quintin\/wp-json\/wp\/v2\/users\/10"}],"replies":[{"embeddable":true,"href":"https:\/\/villagesaintjoseph.org\/plounevez-quintin\/wp-json\/wp\/v2\/comments?post=319"}],"version-history":[{"count":16,"href":"https:\/\/villagesaintjoseph.org\/plounevez-quintin\/wp-json\/wp\/v2\/pages\/319\/revisions"}],"predecessor-version":[{"id":1379,"href":"https:\/\/villagesaintjoseph.org\/plounevez-quintin\/wp-json\/wp\/v2\/pages\/319\/revisions\/1379"}],"up":[{"embeddable":true,"href":"https:\/\/villagesaintjoseph.org\/plounevez-quintin\/wp-json\/wp\/v2\/pages\/259"}],"wp:featuredmedia":[{"embeddable":true,"href":"https:\/\/villagesaintjoseph.org\/plounevez-quintin\/wp-json\/wp\/v2\/media\/647"}],"wp:attachment":[{"href":"https:\/\/villagesaintjoseph.org\/plounevez-quintin\/wp-json\/wp\/v2\/media?parent=319"}],"curies":[{"name":"wp","href":"https:\/\/api.w.org\/{rel}","templated":true}]}}