{"id":377,"date":"2022-01-12T15:11:16","date_gmt":"2022-01-12T14:11:16","guid":{"rendered":"https:\/\/plounevez-quintin.stjoseph.ovh\/?page_id=377"},"modified":"2026-01-14T21:03:18","modified_gmt":"2026-01-14T20:03:18","slug":"une-journee-type","status":"publish","type":"page","link":"https:\/\/villagesaintjoseph.org\/plounevez-quintin\/vous-accueillir-2\/une-journee-type\/","title":{"rendered":"Journ\u00e9e type"},"content":{"rendered":"\n<p><strong>Il est n\u00e9cessaire d\u2019avoir des journ\u00e9es cadenc\u00e9es et occup\u00e9es pour retrouver des horaires, retrouver le go\u00fbt de l\u2019effort, du travail bien fait.<\/strong><\/p>\n\n\n\n<h3 class=\"wp-block-heading\"><strong>En semaine<\/strong>, la vie quotidienne est rythm\u00e9e par le travail et les repas.<\/h3>\n\n\n\n<p>La matin, tout le monde se r\u00e9unit et chacun est invit\u00e9 \u00e0 choisir parmi\u00a0<a href=\"https:\/\/villagesaintjoseph.org\/activites\/\">les activit\u00e9s<\/a>\u00a0propos\u00e9es. Les r\u00e9sidents s\u2019inscrivent et peuvent choisir de diversifier leurs occupations entre la matin\u00e9e et l\u2019apr\u00e8s-midi.<br>Les repas de midi et du soir sont pris en foyer.<br>En semaine, apr\u00e8s le petit d\u00e9jeuner et avant la r\u00e9union du matin, la journ\u00e9e commence \u00e0 8h15 par un temps de partage autour d\u2019un texte de la bible. C\u2019est le seul temps spirituel \u00ab\u00a0obligatoire\u00a0\u00bb qui invite \u00e0 une d\u00e9couverte (ou red\u00e9couverte) de la dimension spirituelle pr\u00e9sente en chacun.<br>Il ne s\u2019agit pas v\u00e9ritablement d\u2019un temps de pri\u00e8re mais vraiment d\u2019un partage, et chacun, quelle que soit sa confession ou sa religion, peut y partager son avis, son ressenti sur les textes propos\u00e9s. Des\u00a0<a href=\"https:\/\/villagesaintjoseph.org\/decouvrir-et-vivre-notre-dimension-spirituelle\/\">temps de pri\u00e8re<\/a>\u00a0<em>(facultatifs)<\/em>\u00a0sont propos\u00e9s par ailleurs.<\/p>\n\n\n\n<h3 class=\"wp-block-heading\"><strong>Le week-end<\/strong>, seuls les temps de repas ponctuent la journ\u00e9e.<\/h3>\n\n\n\n<p>Des loisirs sont g\u00e9n\u00e9ralement propos\u00e9s, souvent \u00e0 l\u2019initiative des r\u00e9sidents, et y participent ceux qui le souhaitent. Le week-end est aussi, pour beaucoup, un temps de repos bienvenu.<\/p>\n","protected":false},"excerpt":{"rendered":"<p>Il est n\u00e9cessaire d\u2019avoir des journ\u00e9es cadenc\u00e9es et occup\u00e9es pour retrouver des horaires, retrouver le go\u00fbt de l\u2019effort, du travail bien fait. En semaine, la vie quotidienne est rythm\u00e9e par le travail et les repas. La matin, tout le monde se r\u00e9unit et chacun est invit\u00e9 \u00e0 choisir parmi\u00a0les activit\u00e9s\u00a0propos\u00e9es. Les r\u00e9sidents s\u2019inscrivent et peuvent [&hellip;]<\/p>\n","protected":false},"author":10,"featured_media":747,"parent":359,"menu_order":25,"comment_status":"closed","ping_status":"closed","template":"","meta":{"inline_featured_image":false,"footnotes":""},"class_list":["post-377","page","type-page","status-publish","has-post-thumbnail","hentry"],"acf":[],"yoast_head":"<!-- This site is optimized with the Yoast SEO plugin v27.4 - https:\/\/yoast.com\/product\/yoast-seo-wordpress\/ -->\n<title>Journ\u00e9e type - Maison de Ploun\u00e9vez-Quintin<\/title>\n<meta name=\"description\" content=\"Il est n\u00e9cessaire d\u2019avoir des journ\u00e9es cadenc\u00e9es et occup\u00e9es pour retrouver des horaires, retrouver le go\u00fbt de l\u2019effort, du travail bien fait. En semaine,\" \/>\n<meta name=\"robots\" content=\"index, follow, max-snippet:-1, max-image-preview:large, max-video-preview:-1\" \/>\n<link rel=\"canonical\" href=\"https:\/\/villagesaintjoseph.org\/plounevez-quintin\/vous-accueillir-2\/une-journee-type\/\" \/>\n<meta property=\"og:locale\" content=\"fr_FR\" \/>\n<meta property=\"og:type\" content=\"article\" \/>\n<meta property=\"og:title\" content=\"Journ\u00e9e type - Maison de Ploun\u00e9vez-Quintin\" \/>\n<meta property=\"og:description\" content=\"Il est n\u00e9cessaire d\u2019avoir des journ\u00e9es cadenc\u00e9es et occup\u00e9es pour retrouver des horaires, retrouver le go\u00fbt de l\u2019effort, du travail bien fait. En semaine,\" \/>\n<meta property=\"og:url\" content=\"https:\/\/villagesaintjoseph.org\/plounevez-quintin\/vous-accueillir-2\/une-journee-type\/\" \/>\n<meta property=\"og:site_name\" content=\"Maison de Ploun\u00e9vez-Quintin\" \/>\n<meta property=\"article:modified_time\" content=\"2026-01-14T20:03:18+00:00\" \/>\n<meta property=\"og:image\" content=\"https:\/\/villagesaintjoseph.org\/plounevez-quintin\/wp-content\/uploads\/sites\/6\/2022\/02\/Bernard-et-Richard-1100x500-1.jpg\" \/>\n\t<meta property=\"og:image:width\" content=\"1100\" \/>\n\t<meta property=\"og:image:height\" content=\"500\" \/>\n\t<meta property=\"og:image:type\" content=\"image\/jpeg\" \/>\n<meta name=\"twitter:card\" content=\"summary_large_image\" \/>\n<meta name=\"twitter:label1\" content=\"Dur\u00e9e de lecture estim\u00e9e\" \/>\n\t<meta name=\"twitter:data1\" content=\"2 minutes\" \/>\n<script type=\"application\/ld+json\" class=\"yoast-schema-graph\">{\"@context\":\"https:\\\/\\\/schema.org\",\"@graph\":[{\"@type\":\"WebPage\",\"@id\":\"https:\\\/\\\/villagesaintjoseph.org\\\/plounevez-quintin\\\/vous-accueillir-2\\\/une-journee-type\\\/\",\"url\":\"https:\\\/\\\/villagesaintjoseph.org\\\/plounevez-quintin\\\/vous-accueillir-2\\\/une-journee-type\\\/\",\"name\":\"Journ\u00e9e type - Maison de Ploun\u00e9vez-Quintin\",\"isPartOf\":{\"@id\":\"https:\\\/\\\/villagesaintjoseph.org\\\/plounevez-quintin\\\/#website\"},\"primaryImageOfPage\":{\"@id\":\"https:\\\/\\\/villagesaintjoseph.org\\\/plounevez-quintin\\\/vous-accueillir-2\\\/une-journee-type\\\/#primaryimage\"},\"image\":{\"@id\":\"https:\\\/\\\/villagesaintjoseph.org\\\/plounevez-quintin\\\/vous-accueillir-2\\\/une-journee-type\\\/#primaryimage\"},\"thumbnailUrl\":\"https:\\\/\\\/villagesaintjoseph.org\\\/plounevez-quintin\\\/wp-content\\\/uploads\\\/sites\\\/6\\\/2022\\\/02\\\/Bernard-et-Richard-1100x500-1.jpg\",\"datePublished\":\"2022-01-12T14:11:16+00:00\",\"dateModified\":\"2026-01-14T20:03:18+00:00\",\"description\":\"Il est n\u00e9cessaire d\u2019avoir des journ\u00e9es cadenc\u00e9es et occup\u00e9es pour retrouver des horaires, retrouver le go\u00fbt de l\u2019effort, du travail bien fait. En semaine,\",\"breadcrumb\":{\"@id\":\"https:\\\/\\\/villagesaintjoseph.org\\\/plounevez-quintin\\\/vous-accueillir-2\\\/une-journee-type\\\/#breadcrumb\"},\"inLanguage\":\"fr-FR\",\"potentialAction\":[{\"@type\":\"ReadAction\",\"target\":[\"https:\\\/\\\/villagesaintjoseph.org\\\/plounevez-quintin\\\/vous-accueillir-2\\\/une-journee-type\\\/\"]}]},{\"@type\":\"ImageObject\",\"inLanguage\":\"fr-FR\",\"@id\":\"https:\\\/\\\/villagesaintjoseph.org\\\/plounevez-quintin\\\/vous-accueillir-2\\\/une-journee-type\\\/#primaryimage\",\"url\":\"https:\\\/\\\/villagesaintjoseph.org\\\/plounevez-quintin\\\/wp-content\\\/uploads\\\/sites\\\/6\\\/2022\\\/02\\\/Bernard-et-Richard-1100x500-1.jpg\",\"contentUrl\":\"https:\\\/\\\/villagesaintjoseph.org\\\/plounevez-quintin\\\/wp-content\\\/uploads\\\/sites\\\/6\\\/2022\\\/02\\\/Bernard-et-Richard-1100x500-1.jpg\",\"width\":1100,\"height\":500},{\"@type\":\"BreadcrumbList\",\"@id\":\"https:\\\/\\\/villagesaintjoseph.org\\\/plounevez-quintin\\\/vous-accueillir-2\\\/une-journee-type\\\/#breadcrumb\",\"itemListElement\":[{\"@type\":\"ListItem\",\"position\":1,\"name\":\"Accueil\",\"item\":\"https:\\\/\\\/villagesaintjoseph.org\\\/plounevez-quintin\\\/\"},{\"@type\":\"ListItem\",\"position\":2,\"name\":\"Vous accueillir\",\"item\":\"https:\\\/\\\/villagesaintjoseph.org\\\/plounevez-quintin\\\/vous-accueillir-2\\\/\"},{\"@type\":\"ListItem\",\"position\":3,\"name\":\"Journ\u00e9e type\"}]},{\"@type\":\"WebSite\",\"@id\":\"https:\\\/\\\/villagesaintjoseph.org\\\/plounevez-quintin\\\/#website\",\"url\":\"https:\\\/\\\/villagesaintjoseph.org\\\/plounevez-quintin\\\/\",\"name\":\"Maison de Ploun\u00e9vez-Quintin\",\"description\":\"\",\"potentialAction\":[{\"@type\":\"SearchAction\",\"target\":{\"@type\":\"EntryPoint\",\"urlTemplate\":\"https:\\\/\\\/villagesaintjoseph.org\\\/plounevez-quintin\\\/?s={search_term_string}\"},\"query-input\":{\"@type\":\"PropertyValueSpecification\",\"valueRequired\":true,\"valueName\":\"search_term_string\"}}],\"inLanguage\":\"fr-FR\"}]}<\/script>\n<!-- \/ Yoast SEO plugin. -->","yoast_head_json":{"title":"Journ\u00e9e type - Maison de Ploun\u00e9vez-Quintin","description":"Il est n\u00e9cessaire d\u2019avoir des journ\u00e9es cadenc\u00e9es et occup\u00e9es pour retrouver des horaires, retrouver le go\u00fbt de l\u2019effort, du travail bien fait. En semaine,","robots":{"index":"index","follow":"follow","max-snippet":"max-snippet:-1","max-image-preview":"max-image-preview:large","max-video-preview":"max-video-preview:-1"},"canonical":"https:\/\/villagesaintjoseph.org\/plounevez-quintin\/vous-accueillir-2\/une-journee-type\/","og_locale":"fr_FR","og_type":"article","og_title":"Journ\u00e9e type - Maison de Ploun\u00e9vez-Quintin","og_description":"Il est n\u00e9cessaire d\u2019avoir des journ\u00e9es cadenc\u00e9es et occup\u00e9es pour retrouver des horaires, retrouver le go\u00fbt de l\u2019effort, du travail bien fait. En semaine,","og_url":"https:\/\/villagesaintjoseph.org\/plounevez-quintin\/vous-accueillir-2\/une-journee-type\/","og_site_name":"Maison de Ploun\u00e9vez-Quintin","article_modified_time":"2026-01-14T20:03:18+00:00","og_image":[{"width":1100,"height":500,"url":"https:\/\/villagesaintjoseph.org\/plounevez-quintin\/wp-content\/uploads\/sites\/6\/2022\/02\/Bernard-et-Richard-1100x500-1.jpg","type":"image\/jpeg"}],"twitter_card":"summary_large_image","twitter_misc":{"Dur\u00e9e de lecture estim\u00e9e":"2 minutes"},"schema":{"@context":"https:\/\/schema.org","@graph":[{"@type":"WebPage","@id":"https:\/\/villagesaintjoseph.org\/plounevez-quintin\/vous-accueillir-2\/une-journee-type\/","url":"https:\/\/villagesaintjoseph.org\/plounevez-quintin\/vous-accueillir-2\/une-journee-type\/","name":"Journ\u00e9e type - Maison de Ploun\u00e9vez-Quintin","isPartOf":{"@id":"https:\/\/villagesaintjoseph.org\/plounevez-quintin\/#website"},"primaryImageOfPage":{"@id":"https:\/\/villagesaintjoseph.org\/plounevez-quintin\/vous-accueillir-2\/une-journee-type\/#primaryimage"},"image":{"@id":"https:\/\/villagesaintjoseph.org\/plounevez-quintin\/vous-accueillir-2\/une-journee-type\/#primaryimage"},"thumbnailUrl":"https:\/\/villagesaintjoseph.org\/plounevez-quintin\/wp-content\/uploads\/sites\/6\/2022\/02\/Bernard-et-Richard-1100x500-1.jpg","datePublished":"2022-01-12T14:11:16+00:00","dateModified":"2026-01-14T20:03:18+00:00","description":"Il est n\u00e9cessaire d\u2019avoir des journ\u00e9es cadenc\u00e9es et occup\u00e9es pour retrouver des horaires, retrouver le go\u00fbt de l\u2019effort, du travail bien fait. En semaine,","breadcrumb":{"@id":"https:\/\/villagesaintjoseph.org\/plounevez-quintin\/vous-accueillir-2\/une-journee-type\/#breadcrumb"},"inLanguage":"fr-FR","potentialAction":[{"@type":"ReadAction","target":["https:\/\/villagesaintjoseph.org\/plounevez-quintin\/vous-accueillir-2\/une-journee-type\/"]}]},{"@type":"ImageObject","inLanguage":"fr-FR","@id":"https:\/\/villagesaintjoseph.org\/plounevez-quintin\/vous-accueillir-2\/une-journee-type\/#primaryimage","url":"https:\/\/villagesaintjoseph.org\/plounevez-quintin\/wp-content\/uploads\/sites\/6\/2022\/02\/Bernard-et-Richard-1100x500-1.jpg","contentUrl":"https:\/\/villagesaintjoseph.org\/plounevez-quintin\/wp-content\/uploads\/sites\/6\/2022\/02\/Bernard-et-Richard-1100x500-1.jpg","width":1100,"height":500},{"@type":"BreadcrumbList","@id":"https:\/\/villagesaintjoseph.org\/plounevez-quintin\/vous-accueillir-2\/une-journee-type\/#breadcrumb","itemListElement":[{"@type":"ListItem","position":1,"name":"Accueil","item":"https:\/\/villagesaintjoseph.org\/plounevez-quintin\/"},{"@type":"ListItem","position":2,"name":"Vous accueillir","item":"https:\/\/villagesaintjoseph.org\/plounevez-quintin\/vous-accueillir-2\/"},{"@type":"ListItem","position":3,"name":"Journ\u00e9e type"}]},{"@type":"WebSite","@id":"https:\/\/villagesaintjoseph.org\/plounevez-quintin\/#website","url":"https:\/\/villagesaintjoseph.org\/plounevez-quintin\/","name":"Maison de Ploun\u00e9vez-Quintin","description":"","potentialAction":[{"@type":"SearchAction","target":{"@type":"EntryPoint","urlTemplate":"https:\/\/villagesaintjoseph.org\/plounevez-quintin\/?s={search_term_string}"},"query-input":{"@type":"PropertyValueSpecification","valueRequired":true,"valueName":"search_term_string"}}],"inLanguage":"fr-FR"}]}},"_links":{"self":[{"href":"https:\/\/villagesaintjoseph.org\/plounevez-quintin\/wp-json\/wp\/v2\/pages\/377","targetHints":{"allow":["GET"]}}],"collection":[{"href":"https:\/\/villagesaintjoseph.org\/plounevez-quintin\/wp-json\/wp\/v2\/pages"}],"about":[{"href":"https:\/\/villagesaintjoseph.org\/plounevez-quintin\/wp-json\/wp\/v2\/types\/page"}],"author":[{"embeddable":true,"href":"https:\/\/villagesaintjoseph.org\/plounevez-quintin\/wp-json\/wp\/v2\/users\/10"}],"replies":[{"embeddable":true,"href":"https:\/\/villagesaintjoseph.org\/plounevez-quintin\/wp-json\/wp\/v2\/comments?post=377"}],"version-history":[{"count":3,"href":"https:\/\/villagesaintjoseph.org\/plounevez-quintin\/wp-json\/wp\/v2\/pages\/377\/revisions"}],"predecessor-version":[{"id":1367,"href":"https:\/\/villagesaintjoseph.org\/plounevez-quintin\/wp-json\/wp\/v2\/pages\/377\/revisions\/1367"}],"up":[{"embeddable":true,"href":"https:\/\/villagesaintjoseph.org\/plounevez-quintin\/wp-json\/wp\/v2\/pages\/359"}],"wp:featuredmedia":[{"embeddable":true,"href":"https:\/\/villagesaintjoseph.org\/plounevez-quintin\/wp-json\/wp\/v2\/media\/747"}],"wp:attachment":[{"href":"https:\/\/villagesaintjoseph.org\/plounevez-quintin\/wp-json\/wp\/v2\/media?parent=377"}],"curies":[{"name":"wp","href":"https:\/\/api.w.org\/{rel}","templated":true}]}}