{"id":475,"date":"2022-01-27T13:17:12","date_gmt":"2022-01-27T12:17:12","guid":{"rendered":"https:\/\/villagesaintjoseph.org\/plounevez-quintin\/?page_id=475"},"modified":"2022-01-27T17:03:42","modified_gmt":"2022-01-27T16:03:42","slug":"activites-exterieur","status":"publish","type":"page","link":"https:\/\/villagesaintjoseph.org\/plounevez-quintin\/vie-au-village\/ateliers-proposes\/activites-exterieur\/","title":{"rendered":"Activit\u00e9s en ext\u00e9rieur"},"content":{"rendered":"\n<p>Le travail en ext\u00e9rieur est tr\u00e8s fortement recommand\u00e9 pour ceux qui ont besoin d\u2019exercice physique. On dit bien <strong>\u00ab\u00a0un esprit sain dans un corps sain\u00a0\u00bb<\/strong>, et il y a une grande sagesse dans ces paroles.<\/p>\n\n\n\n<p>Les personnes accueillies dans notre Maison du Village aiment g\u00e9n\u00e9ralement beaucoup ces activit\u00e9s qui permettent d\u2019\u00eatre au grand air, d\u2019observer la cr\u00e9ation et de s\u2019\u00e9merveiller de tout ce qui s\u2019y passe. Les jours de pluie sont moins agr\u00e9ables, mais c\u2019est aussi une fa\u00e7on de se d\u00e9passer, avec le sourire \ud83d\ude42<\/p>\n\n\n\n<h2 class=\"wp-block-heading\"><strong><strong>Quels ateliers proposons-nous ?<\/strong><\/strong><\/h2>\n\n\n\n<p>Nous vous invitons \u00e0 d\u00e9couvrir chacun de nos ateliers\u2026 A vous de cliquer !<\/p>\n","protected":false},"excerpt":{"rendered":"<p>Le travail en ext\u00e9rieur est tr\u00e8s fortement recommand\u00e9 pour ceux qui ont besoin d\u2019exercice physique. On dit bien \u00ab\u00a0un esprit sain dans un corps sain\u00a0\u00bb, et il y a une grande sagesse dans ces paroles. Les personnes accueillies dans notre Maison du Village aiment g\u00e9n\u00e9ralement beaucoup ces activit\u00e9s qui permettent d\u2019\u00eatre au grand air, d\u2019observer [&hellip;]<\/p>\n","protected":false},"author":18,"featured_media":421,"parent":380,"menu_order":17,"comment_status":"closed","ping_status":"closed","template":"","meta":{"inline_featured_image":false,"footnotes":""},"class_list":["post-475","page","type-page","status-publish","has-post-thumbnail","hentry"],"acf":[],"yoast_head":"<!-- This site is optimized with the Yoast SEO plugin v27.4 - https:\/\/yoast.com\/product\/yoast-seo-wordpress\/ -->\n<title>Activit\u00e9s en ext\u00e9rieur - Maison de Ploun\u00e9vez-Quintin<\/title>\n<meta name=\"description\" content=\"Le travail en ext\u00e9rieur est tr\u00e8s fortement recommand\u00e9 pour ceux qui ont besoin d\u2019exercice physique. On dit bien \u00ab\u00a0un esprit sain dans un corps sain\u00a0\u00bb, et\" \/>\n<meta name=\"robots\" content=\"index, follow, max-snippet:-1, max-image-preview:large, max-video-preview:-1\" \/>\n<link rel=\"canonical\" href=\"https:\/\/villagesaintjoseph.org\/plounevez-quintin\/vie-au-village\/ateliers-proposes\/activites-exterieur\/\" \/>\n<meta property=\"og:locale\" content=\"fr_FR\" \/>\n<meta property=\"og:type\" content=\"article\" \/>\n<meta property=\"og:title\" content=\"Activit\u00e9s en ext\u00e9rieur - Maison de Ploun\u00e9vez-Quintin\" \/>\n<meta property=\"og:description\" content=\"Le travail en ext\u00e9rieur est tr\u00e8s fortement recommand\u00e9 pour ceux qui ont besoin d\u2019exercice physique. On dit bien \u00ab\u00a0un esprit sain dans un corps sain\u00a0\u00bb, et\" \/>\n<meta property=\"og:url\" content=\"https:\/\/villagesaintjoseph.org\/plounevez-quintin\/vie-au-village\/ateliers-proposes\/activites-exterieur\/\" \/>\n<meta property=\"og:site_name\" content=\"Maison de Ploun\u00e9vez-Quintin\" \/>\n<meta property=\"article:modified_time\" content=\"2022-01-27T16:03:42+00:00\" \/>\n<meta property=\"og:image\" content=\"https:\/\/villagesaintjoseph.org\/plounevez-quintin\/wp-content\/uploads\/sites\/6\/2022\/01\/20180112-Bois-35.jpg\" \/>\n\t<meta property=\"og:image:width\" content=\"500\" \/>\n\t<meta property=\"og:image:height\" content=\"333\" \/>\n\t<meta property=\"og:image:type\" content=\"image\/jpeg\" \/>\n<meta name=\"twitter:card\" content=\"summary_large_image\" \/>\n<meta name=\"twitter:label1\" content=\"Dur\u00e9e de lecture estim\u00e9e\" \/>\n\t<meta name=\"twitter:data1\" content=\"1 minute\" \/>\n<script type=\"application\/ld+json\" class=\"yoast-schema-graph\">{\"@context\":\"https:\\\/\\\/schema.org\",\"@graph\":[{\"@type\":\"WebPage\",\"@id\":\"https:\\\/\\\/villagesaintjoseph.org\\\/plounevez-quintin\\\/vie-au-village\\\/ateliers-proposes\\\/activites-exterieur\\\/\",\"url\":\"https:\\\/\\\/villagesaintjoseph.org\\\/plounevez-quintin\\\/vie-au-village\\\/ateliers-proposes\\\/activites-exterieur\\\/\",\"name\":\"Activit\u00e9s en ext\u00e9rieur - Maison de Ploun\u00e9vez-Quintin\",\"isPartOf\":{\"@id\":\"https:\\\/\\\/villagesaintjoseph.org\\\/plounevez-quintin\\\/#website\"},\"primaryImageOfPage\":{\"@id\":\"https:\\\/\\\/villagesaintjoseph.org\\\/plounevez-quintin\\\/vie-au-village\\\/ateliers-proposes\\\/activites-exterieur\\\/#primaryimage\"},\"image\":{\"@id\":\"https:\\\/\\\/villagesaintjoseph.org\\\/plounevez-quintin\\\/vie-au-village\\\/ateliers-proposes\\\/activites-exterieur\\\/#primaryimage\"},\"thumbnailUrl\":\"https:\\\/\\\/villagesaintjoseph.org\\\/plounevez-quintin\\\/wp-content\\\/uploads\\\/sites\\\/6\\\/2022\\\/01\\\/20180112-Bois-35.jpg\",\"datePublished\":\"2022-01-27T12:17:12+00:00\",\"dateModified\":\"2022-01-27T16:03:42+00:00\",\"description\":\"Le travail en ext\u00e9rieur est tr\u00e8s fortement recommand\u00e9 pour ceux qui ont besoin d\u2019exercice physique. On dit bien \u00ab\u00a0un esprit sain dans un corps sain\u00a0\u00bb, et\",\"breadcrumb\":{\"@id\":\"https:\\\/\\\/villagesaintjoseph.org\\\/plounevez-quintin\\\/vie-au-village\\\/ateliers-proposes\\\/activites-exterieur\\\/#breadcrumb\"},\"inLanguage\":\"fr-FR\",\"potentialAction\":[{\"@type\":\"ReadAction\",\"target\":[\"https:\\\/\\\/villagesaintjoseph.org\\\/plounevez-quintin\\\/vie-au-village\\\/ateliers-proposes\\\/activites-exterieur\\\/\"]}]},{\"@type\":\"ImageObject\",\"inLanguage\":\"fr-FR\",\"@id\":\"https:\\\/\\\/villagesaintjoseph.org\\\/plounevez-quintin\\\/vie-au-village\\\/ateliers-proposes\\\/activites-exterieur\\\/#primaryimage\",\"url\":\"https:\\\/\\\/villagesaintjoseph.org\\\/plounevez-quintin\\\/wp-content\\\/uploads\\\/sites\\\/6\\\/2022\\\/01\\\/20180112-Bois-35.jpg\",\"contentUrl\":\"https:\\\/\\\/villagesaintjoseph.org\\\/plounevez-quintin\\\/wp-content\\\/uploads\\\/sites\\\/6\\\/2022\\\/01\\\/20180112-Bois-35.jpg\",\"width\":500,\"height\":333},{\"@type\":\"BreadcrumbList\",\"@id\":\"https:\\\/\\\/villagesaintjoseph.org\\\/plounevez-quintin\\\/vie-au-village\\\/ateliers-proposes\\\/activites-exterieur\\\/#breadcrumb\",\"itemListElement\":[{\"@type\":\"ListItem\",\"position\":1,\"name\":\"Accueil\",\"item\":\"https:\\\/\\\/villagesaintjoseph.org\\\/plounevez-quintin\\\/\"},{\"@type\":\"ListItem\",\"position\":2,\"name\":\"La vie au Village\",\"item\":\"https:\\\/\\\/villagesaintjoseph.org\\\/plounevez-quintin\\\/vie-au-village\\\/\"},{\"@type\":\"ListItem\",\"position\":3,\"name\":\"Ateliers propos\u00e9s\",\"item\":\"https:\\\/\\\/villagesaintjoseph.org\\\/plounevez-quintin\\\/vie-au-village\\\/ateliers-proposes\\\/\"},{\"@type\":\"ListItem\",\"position\":4,\"name\":\"Activit\u00e9s en ext\u00e9rieur\"}]},{\"@type\":\"WebSite\",\"@id\":\"https:\\\/\\\/villagesaintjoseph.org\\\/plounevez-quintin\\\/#website\",\"url\":\"https:\\\/\\\/villagesaintjoseph.org\\\/plounevez-quintin\\\/\",\"name\":\"Maison de Ploun\u00e9vez-Quintin\",\"description\":\"\",\"potentialAction\":[{\"@type\":\"SearchAction\",\"target\":{\"@type\":\"EntryPoint\",\"urlTemplate\":\"https:\\\/\\\/villagesaintjoseph.org\\\/plounevez-quintin\\\/?s={search_term_string}\"},\"query-input\":{\"@type\":\"PropertyValueSpecification\",\"valueRequired\":true,\"valueName\":\"search_term_string\"}}],\"inLanguage\":\"fr-FR\"}]}<\/script>\n<!-- \/ Yoast SEO plugin. -->","yoast_head_json":{"title":"Activit\u00e9s en ext\u00e9rieur - Maison de Ploun\u00e9vez-Quintin","description":"Le travail en ext\u00e9rieur est tr\u00e8s fortement recommand\u00e9 pour ceux qui ont besoin d\u2019exercice physique. On dit bien \u00ab\u00a0un esprit sain dans un corps sain\u00a0\u00bb, et","robots":{"index":"index","follow":"follow","max-snippet":"max-snippet:-1","max-image-preview":"max-image-preview:large","max-video-preview":"max-video-preview:-1"},"canonical":"https:\/\/villagesaintjoseph.org\/plounevez-quintin\/vie-au-village\/ateliers-proposes\/activites-exterieur\/","og_locale":"fr_FR","og_type":"article","og_title":"Activit\u00e9s en ext\u00e9rieur - Maison de Ploun\u00e9vez-Quintin","og_description":"Le travail en ext\u00e9rieur est tr\u00e8s fortement recommand\u00e9 pour ceux qui ont besoin d\u2019exercice physique. On dit bien \u00ab\u00a0un esprit sain dans un corps sain\u00a0\u00bb, et","og_url":"https:\/\/villagesaintjoseph.org\/plounevez-quintin\/vie-au-village\/ateliers-proposes\/activites-exterieur\/","og_site_name":"Maison de Ploun\u00e9vez-Quintin","article_modified_time":"2022-01-27T16:03:42+00:00","og_image":[{"width":500,"height":333,"url":"https:\/\/villagesaintjoseph.org\/plounevez-quintin\/wp-content\/uploads\/sites\/6\/2022\/01\/20180112-Bois-35.jpg","type":"image\/jpeg"}],"twitter_card":"summary_large_image","twitter_misc":{"Dur\u00e9e de lecture estim\u00e9e":"1 minute"},"schema":{"@context":"https:\/\/schema.org","@graph":[{"@type":"WebPage","@id":"https:\/\/villagesaintjoseph.org\/plounevez-quintin\/vie-au-village\/ateliers-proposes\/activites-exterieur\/","url":"https:\/\/villagesaintjoseph.org\/plounevez-quintin\/vie-au-village\/ateliers-proposes\/activites-exterieur\/","name":"Activit\u00e9s en ext\u00e9rieur - Maison de Ploun\u00e9vez-Quintin","isPartOf":{"@id":"https:\/\/villagesaintjoseph.org\/plounevez-quintin\/#website"},"primaryImageOfPage":{"@id":"https:\/\/villagesaintjoseph.org\/plounevez-quintin\/vie-au-village\/ateliers-proposes\/activites-exterieur\/#primaryimage"},"image":{"@id":"https:\/\/villagesaintjoseph.org\/plounevez-quintin\/vie-au-village\/ateliers-proposes\/activites-exterieur\/#primaryimage"},"thumbnailUrl":"https:\/\/villagesaintjoseph.org\/plounevez-quintin\/wp-content\/uploads\/sites\/6\/2022\/01\/20180112-Bois-35.jpg","datePublished":"2022-01-27T12:17:12+00:00","dateModified":"2022-01-27T16:03:42+00:00","description":"Le travail en ext\u00e9rieur est tr\u00e8s fortement recommand\u00e9 pour ceux qui ont besoin d\u2019exercice physique. On dit bien \u00ab\u00a0un esprit sain dans un corps sain\u00a0\u00bb, et","breadcrumb":{"@id":"https:\/\/villagesaintjoseph.org\/plounevez-quintin\/vie-au-village\/ateliers-proposes\/activites-exterieur\/#breadcrumb"},"inLanguage":"fr-FR","potentialAction":[{"@type":"ReadAction","target":["https:\/\/villagesaintjoseph.org\/plounevez-quintin\/vie-au-village\/ateliers-proposes\/activites-exterieur\/"]}]},{"@type":"ImageObject","inLanguage":"fr-FR","@id":"https:\/\/villagesaintjoseph.org\/plounevez-quintin\/vie-au-village\/ateliers-proposes\/activites-exterieur\/#primaryimage","url":"https:\/\/villagesaintjoseph.org\/plounevez-quintin\/wp-content\/uploads\/sites\/6\/2022\/01\/20180112-Bois-35.jpg","contentUrl":"https:\/\/villagesaintjoseph.org\/plounevez-quintin\/wp-content\/uploads\/sites\/6\/2022\/01\/20180112-Bois-35.jpg","width":500,"height":333},{"@type":"BreadcrumbList","@id":"https:\/\/villagesaintjoseph.org\/plounevez-quintin\/vie-au-village\/ateliers-proposes\/activites-exterieur\/#breadcrumb","itemListElement":[{"@type":"ListItem","position":1,"name":"Accueil","item":"https:\/\/villagesaintjoseph.org\/plounevez-quintin\/"},{"@type":"ListItem","position":2,"name":"La vie au Village","item":"https:\/\/villagesaintjoseph.org\/plounevez-quintin\/vie-au-village\/"},{"@type":"ListItem","position":3,"name":"Ateliers propos\u00e9s","item":"https:\/\/villagesaintjoseph.org\/plounevez-quintin\/vie-au-village\/ateliers-proposes\/"},{"@type":"ListItem","position":4,"name":"Activit\u00e9s en ext\u00e9rieur"}]},{"@type":"WebSite","@id":"https:\/\/villagesaintjoseph.org\/plounevez-quintin\/#website","url":"https:\/\/villagesaintjoseph.org\/plounevez-quintin\/","name":"Maison de Ploun\u00e9vez-Quintin","description":"","potentialAction":[{"@type":"SearchAction","target":{"@type":"EntryPoint","urlTemplate":"https:\/\/villagesaintjoseph.org\/plounevez-quintin\/?s={search_term_string}"},"query-input":{"@type":"PropertyValueSpecification","valueRequired":true,"valueName":"search_term_string"}}],"inLanguage":"fr-FR"}]}},"_links":{"self":[{"href":"https:\/\/villagesaintjoseph.org\/plounevez-quintin\/wp-json\/wp\/v2\/pages\/475","targetHints":{"allow":["GET"]}}],"collection":[{"href":"https:\/\/villagesaintjoseph.org\/plounevez-quintin\/wp-json\/wp\/v2\/pages"}],"about":[{"href":"https:\/\/villagesaintjoseph.org\/plounevez-quintin\/wp-json\/wp\/v2\/types\/page"}],"author":[{"embeddable":true,"href":"https:\/\/villagesaintjoseph.org\/plounevez-quintin\/wp-json\/wp\/v2\/users\/18"}],"replies":[{"embeddable":true,"href":"https:\/\/villagesaintjoseph.org\/plounevez-quintin\/wp-json\/wp\/v2\/comments?post=475"}],"version-history":[{"count":7,"href":"https:\/\/villagesaintjoseph.org\/plounevez-quintin\/wp-json\/wp\/v2\/pages\/475\/revisions"}],"predecessor-version":[{"id":577,"href":"https:\/\/villagesaintjoseph.org\/plounevez-quintin\/wp-json\/wp\/v2\/pages\/475\/revisions\/577"}],"up":[{"embeddable":true,"href":"https:\/\/villagesaintjoseph.org\/plounevez-quintin\/wp-json\/wp\/v2\/pages\/380"}],"wp:featuredmedia":[{"embeddable":true,"href":"https:\/\/villagesaintjoseph.org\/plounevez-quintin\/wp-json\/wp\/v2\/media\/421"}],"wp:attachment":[{"href":"https:\/\/villagesaintjoseph.org\/plounevez-quintin\/wp-json\/wp\/v2\/media?parent=475"}],"curies":[{"name":"wp","href":"https:\/\/api.w.org\/{rel}","templated":true}]}}