{"id":499,"date":"2022-01-27T14:13:12","date_gmt":"2022-01-27T13:13:12","guid":{"rendered":"https:\/\/villagesaintjoseph.org\/plounevez-quintin\/?page_id=499"},"modified":"2022-01-27T15:36:15","modified_gmt":"2022-01-27T14:36:15","slug":"atelier-mosaique","status":"publish","type":"page","link":"https:\/\/villagesaintjoseph.org\/plounevez-quintin\/vie-au-village\/ateliers-proposes\/ateliers-artistiques\/atelier-mosaique\/","title":{"rendered":"Atelier mosa\u00efque"},"content":{"rendered":"\n<p>L\u2019art de la mosa\u00efque existe depuis fort longtemps. Il a acquis sa notori\u00e9t\u00e9 en faisant l\u2019admiration par sa pr\u00e9cision et sa beaut\u00e9. Cette activit\u00e9 est propos\u00e9e au Village Saint Joseph depuis 2004\u2026<\/p>\n\n\n\n<p>Le but premier de l\u2019atelier est de permettre aux personnes accueillies de d\u00e9couvrir qu\u2019elles sont <strong>capables de cr\u00e9er <\/strong>et d\u2019<strong>acc\u00e9der \u00e0 la beaut\u00e9<\/strong>. Une beaut\u00e9 qu\u2019elles consid\u00e8rent souvent comme ext\u00e9rieure \u00e0 elles-m\u00eames dans un premier temps et qui s\u2019av\u00e8re exister aussi en elles, ce qu\u2019elle d\u00e9couvrent souvent par la suite. Dans cette particularit\u00e9 que poss\u00e8de l\u2019expression artistique de <strong>nous ouvrir \u00e0 la fois \u00e0 nous-m\u00eame et au monde<\/strong>, on peut dire que la mosa\u00efque peut \u00eatre utilis\u00e9e \u00e0 des fins th\u00e9rapeutiques.<\/p>\n\n\n\n<h2 class=\"wp-block-heading\"><strong>La dimension th\u00e9rapeutique de la mosa\u00efque<\/strong><\/h2>\n\n\n\n<p>La pratique de la mosa\u00efque n\u00e9cessite de structurer des morceaux d\u2019\u00e9maux (principalement des \u00e9maux de Briare). Ils devront \u00eatre taill\u00e9s, assembl\u00e9s et coll\u00e9s de mani\u00e8re \u00e0 former un tout coh\u00e9rent. Cela n\u00e9cessite une certaine rigueur, une grande patience. Cela demande beaucoup de concentration et d\u2019attention, ce qui permet \u00e0 chacun de se recentrer pour \u00eatre dans l\u2019ici et le maintenant. Il faut aussi beaucoup de patience pour que l\u2019arbre porte ses fruits\u2026<\/p>\n\n\n\n<p>Ceux que la coupe du mat\u00e9riau rebute peuvent trouver leur bonheur \u00e0 achever l\u2019\u0153uvre commenc\u00e9e par d\u2019autres en y apposant le joint, proc\u00e9d\u00e9 compl\u00e9mentaire et indispensable \u00e0 la finition de la mosa\u00efque, dont le support pourra \u00eatre verni ou peint. Cela se fait dans le cadre de 1\/2 journ\u00e9es, par groupe de deux \u00e0 trois personnes.<\/p>\n\n\n\n<p>Certaines personnes sont tr\u00e8s vite autonomes, d\u2019autres ont besoin de davantage de conseils et de suivi : l\u2019important est que chacun se sente valoris\u00e9 dans ce qu\u2019il fait.<\/p>\n\n\n\n<p><strong>Au final, tous auront ressenti une certaine fiert\u00e9 devant le travail accompli.<\/strong> Chacun aura acquis une meilleure estime de soi.<\/p>\n\n\n\n<p>Les participants auront trouv\u00e9 du plaisir \u00e0 ma\u00eetriser peu \u00e0 peu une discipline artistique exigeante et contraignante \u00e0 de nombreux \u00e9gards.<\/p>\n\n\n\n<figure class=\"wp-block-gallery columns-3 is-cropped wp-block-gallery-1 is-layout-flex wp-block-gallery-is-layout-flex\"><ul class=\"blocks-gallery-grid\"><li class=\"blocks-gallery-item\"><figure><img loading=\"lazy\" decoding=\"async\" width=\"500\" height=\"375\" src=\"https:\/\/villagesaintjoseph.org\/plounevez-quintin\/wp-content\/uploads\/sites\/6\/2022\/01\/IMG_0423.jpg\" alt=\"\" data-id=\"514\" data-full-url=\"https:\/\/villagesaintjoseph.org\/plounevez-quintin\/wp-content\/uploads\/sites\/6\/2022\/01\/IMG_0423.jpg\" data-link=\"https:\/\/villagesaintjoseph.org\/plounevez-quintin\/?attachment_id=514\" class=\"wp-image-514\" srcset=\"https:\/\/villagesaintjoseph.org\/plounevez-quintin\/wp-content\/uploads\/sites\/6\/2022\/01\/IMG_0423.jpg 500w, https:\/\/villagesaintjoseph.org\/plounevez-quintin\/wp-content\/uploads\/sites\/6\/2022\/01\/IMG_0423-300x225.jpg 300w\" sizes=\"auto, (max-width: 500px) 100vw, 500px\" \/><\/figure><\/li><li class=\"blocks-gallery-item\"><figure><img loading=\"lazy\" decoding=\"async\" width=\"500\" height=\"375\" src=\"https:\/\/villagesaintjoseph.org\/plounevez-quintin\/wp-content\/uploads\/sites\/6\/2022\/01\/IMG_0371.jpg\" alt=\"\" data-id=\"508\" data-full-url=\"https:\/\/villagesaintjoseph.org\/plounevez-quintin\/wp-content\/uploads\/sites\/6\/2022\/01\/IMG_0371.jpg\" data-link=\"https:\/\/villagesaintjoseph.org\/plounevez-quintin\/?attachment_id=508\" class=\"wp-image-508\" srcset=\"https:\/\/villagesaintjoseph.org\/plounevez-quintin\/wp-content\/uploads\/sites\/6\/2022\/01\/IMG_0371.jpg 500w, https:\/\/villagesaintjoseph.org\/plounevez-quintin\/wp-content\/uploads\/sites\/6\/2022\/01\/IMG_0371-300x225.jpg 300w\" sizes=\"auto, (max-width: 500px) 100vw, 500px\" \/><\/figure><\/li><li class=\"blocks-gallery-item\"><figure><img loading=\"lazy\" decoding=\"async\" width=\"500\" height=\"375\" src=\"https:\/\/villagesaintjoseph.org\/plounevez-quintin\/wp-content\/uploads\/sites\/6\/2022\/01\/IMG_0398.jpg\" alt=\"\" data-id=\"509\" data-full-url=\"https:\/\/villagesaintjoseph.org\/plounevez-quintin\/wp-content\/uploads\/sites\/6\/2022\/01\/IMG_0398.jpg\" data-link=\"https:\/\/villagesaintjoseph.org\/plounevez-quintin\/?attachment_id=509\" class=\"wp-image-509\" srcset=\"https:\/\/villagesaintjoseph.org\/plounevez-quintin\/wp-content\/uploads\/sites\/6\/2022\/01\/IMG_0398.jpg 500w, https:\/\/villagesaintjoseph.org\/plounevez-quintin\/wp-content\/uploads\/sites\/6\/2022\/01\/IMG_0398-300x225.jpg 300w\" sizes=\"auto, (max-width: 500px) 100vw, 500px\" \/><\/figure><\/li><li class=\"blocks-gallery-item\"><figure><img loading=\"lazy\" decoding=\"async\" width=\"500\" height=\"375\" src=\"https:\/\/villagesaintjoseph.org\/plounevez-quintin\/wp-content\/uploads\/sites\/6\/2022\/01\/IMG_0402.jpg\" alt=\"\" data-id=\"510\" data-full-url=\"https:\/\/villagesaintjoseph.org\/plounevez-quintin\/wp-content\/uploads\/sites\/6\/2022\/01\/IMG_0402.jpg\" data-link=\"https:\/\/villagesaintjoseph.org\/plounevez-quintin\/?attachment_id=510\" class=\"wp-image-510\" srcset=\"https:\/\/villagesaintjoseph.org\/plounevez-quintin\/wp-content\/uploads\/sites\/6\/2022\/01\/IMG_0402.jpg 500w, https:\/\/villagesaintjoseph.org\/plounevez-quintin\/wp-content\/uploads\/sites\/6\/2022\/01\/IMG_0402-300x225.jpg 300w\" sizes=\"auto, (max-width: 500px) 100vw, 500px\" \/><\/figure><\/li><li class=\"blocks-gallery-item\"><figure><img loading=\"lazy\" decoding=\"async\" width=\"500\" height=\"375\" src=\"https:\/\/villagesaintjoseph.org\/plounevez-quintin\/wp-content\/uploads\/sites\/6\/2022\/01\/IMG_0411.jpg\" alt=\"\" data-id=\"511\" data-full-url=\"https:\/\/villagesaintjoseph.org\/plounevez-quintin\/wp-content\/uploads\/sites\/6\/2022\/01\/IMG_0411.jpg\" data-link=\"https:\/\/villagesaintjoseph.org\/plounevez-quintin\/?attachment_id=511\" class=\"wp-image-511\" srcset=\"https:\/\/villagesaintjoseph.org\/plounevez-quintin\/wp-content\/uploads\/sites\/6\/2022\/01\/IMG_0411.jpg 500w, https:\/\/villagesaintjoseph.org\/plounevez-quintin\/wp-content\/uploads\/sites\/6\/2022\/01\/IMG_0411-300x225.jpg 300w\" sizes=\"auto, (max-width: 500px) 100vw, 500px\" \/><\/figure><\/li><li class=\"blocks-gallery-item\"><figure><img loading=\"lazy\" decoding=\"async\" width=\"500\" height=\"375\" src=\"https:\/\/villagesaintjoseph.org\/plounevez-quintin\/wp-content\/uploads\/sites\/6\/2022\/01\/IMG_0414.jpg\" alt=\"\" data-id=\"513\" data-full-url=\"https:\/\/villagesaintjoseph.org\/plounevez-quintin\/wp-content\/uploads\/sites\/6\/2022\/01\/IMG_0414.jpg\" data-link=\"https:\/\/villagesaintjoseph.org\/plounevez-quintin\/?attachment_id=513\" class=\"wp-image-513\" srcset=\"https:\/\/villagesaintjoseph.org\/plounevez-quintin\/wp-content\/uploads\/sites\/6\/2022\/01\/IMG_0414.jpg 500w, https:\/\/villagesaintjoseph.org\/plounevez-quintin\/wp-content\/uploads\/sites\/6\/2022\/01\/IMG_0414-300x225.jpg 300w\" sizes=\"auto, (max-width: 500px) 100vw, 500px\" \/><\/figure><\/li><\/ul><\/figure>\n\n\n\n<blockquote class=\"wp-block-quote is-layout-flow wp-block-quote-is-layout-flow\"><p>Je suis artiste plasticienne et art-th\u00e9rapeute. Je propose un travail de base qui va permettre \u00e0 chacun d\u2019activer et de d\u00e9velopper ses capacit\u00e9s cr\u00e9atrices, qu\u2019elles soient affirm\u00e9es ou encore en latence. \u00c0 partir de fragments divers, la personne va se reconstruire en reconstituant son unit\u00e9 perdue ; elle restituera son caract\u00e8re unique \u00e0 travers une r\u00e9alisation qui ne ressemblera \u00e0 aucune autre. Par cons\u00e9quent, celle qui manque de confiance en elle, par exemple, va prendre de l\u2019assurance au fur et \u00e0 mesure des progr\u00e8s qu\u2019elle r\u00e9alise dans sa pratique artistique. Une autre va apprendre \u00e0 faire des choix au niveau de l\u2019agencement des couleurs, de la r\u00e9alisation d\u2019un motif personnel ou de la composition. Une troisi\u00e8me va apprendre \u00e0 mettre en place certaines priorit\u00e9s pour parvenir \u00e0 son but.<\/p><cite>Florence L.H. (Responsable de l\u2019atelier mosa\u00efque)<\/cite><\/blockquote>\n","protected":false},"excerpt":{"rendered":"<p>L\u2019art de la mosa\u00efque existe depuis fort longtemps. Il a acquis sa notori\u00e9t\u00e9 en faisant l\u2019admiration par sa pr\u00e9cision et sa beaut\u00e9. Cette activit\u00e9 est propos\u00e9e au Village Saint Joseph depuis 2004\u2026 Le but premier de l\u2019atelier est de permettre aux personnes accueillies de d\u00e9couvrir qu\u2019elles sont capables de cr\u00e9er et d\u2019acc\u00e9der \u00e0 la beaut\u00e9. [&hellip;]<\/p>\n","protected":false},"author":18,"featured_media":518,"parent":467,"menu_order":16,"comment_status":"closed","ping_status":"closed","template":"","meta":{"inline_featured_image":false,"footnotes":""},"class_list":["post-499","page","type-page","status-publish","has-post-thumbnail","hentry"],"acf":[],"yoast_head":"<!-- This site is optimized with the Yoast SEO plugin v27.4 - https:\/\/yoast.com\/product\/yoast-seo-wordpress\/ -->\n<title>Atelier mosa\u00efque - Maison de Ploun\u00e9vez-Quintin<\/title>\n<meta name=\"description\" content=\"L\u2019art de la mosa\u00efque existe depuis fort longtemps. Il a acquis sa notori\u00e9t\u00e9 en faisant l\u2019admiration par sa pr\u00e9cision et sa beaut\u00e9. Cette activit\u00e9 est\" \/>\n<meta name=\"robots\" content=\"index, follow, max-snippet:-1, max-image-preview:large, max-video-preview:-1\" \/>\n<link rel=\"canonical\" href=\"https:\/\/villagesaintjoseph.org\/plounevez-quintin\/vie-au-village\/ateliers-proposes\/ateliers-artistiques\/atelier-mosaique\/\" \/>\n<meta property=\"og:locale\" content=\"fr_FR\" \/>\n<meta property=\"og:type\" content=\"article\" \/>\n<meta property=\"og:title\" content=\"Atelier mosa\u00efque - Maison de Ploun\u00e9vez-Quintin\" \/>\n<meta property=\"og:description\" content=\"L\u2019art de la mosa\u00efque existe depuis fort longtemps. Il a acquis sa notori\u00e9t\u00e9 en faisant l\u2019admiration par sa pr\u00e9cision et sa beaut\u00e9. Cette activit\u00e9 est\" \/>\n<meta property=\"og:url\" content=\"https:\/\/villagesaintjoseph.org\/plounevez-quintin\/vie-au-village\/ateliers-proposes\/ateliers-artistiques\/atelier-mosaique\/\" \/>\n<meta property=\"og:site_name\" content=\"Maison de Ploun\u00e9vez-Quintin\" \/>\n<meta property=\"article:modified_time\" content=\"2022-01-27T14:36:15+00:00\" \/>\n<meta property=\"og:image\" content=\"https:\/\/villagesaintjoseph.org\/plounevez-quintin\/wp-content\/uploads\/sites\/6\/2022\/01\/20170616-Magali-en-mosaique-4-300x201-1.jpg\" \/>\n\t<meta property=\"og:image:width\" content=\"300\" \/>\n\t<meta property=\"og:image:height\" content=\"201\" \/>\n\t<meta property=\"og:image:type\" content=\"image\/jpeg\" \/>\n<meta name=\"twitter:card\" content=\"summary_large_image\" \/>\n<meta name=\"twitter:label1\" content=\"Dur\u00e9e de lecture estim\u00e9e\" \/>\n\t<meta name=\"twitter:data1\" content=\"4 minutes\" \/>\n<script type=\"application\/ld+json\" class=\"yoast-schema-graph\">{\"@context\":\"https:\\\/\\\/schema.org\",\"@graph\":[{\"@type\":\"WebPage\",\"@id\":\"https:\\\/\\\/villagesaintjoseph.org\\\/plounevez-quintin\\\/vie-au-village\\\/ateliers-proposes\\\/ateliers-artistiques\\\/atelier-mosaique\\\/\",\"url\":\"https:\\\/\\\/villagesaintjoseph.org\\\/plounevez-quintin\\\/vie-au-village\\\/ateliers-proposes\\\/ateliers-artistiques\\\/atelier-mosaique\\\/\",\"name\":\"Atelier mosa\u00efque - Maison de Ploun\u00e9vez-Quintin\",\"isPartOf\":{\"@id\":\"https:\\\/\\\/villagesaintjoseph.org\\\/plounevez-quintin\\\/#website\"},\"primaryImageOfPage\":{\"@id\":\"https:\\\/\\\/villagesaintjoseph.org\\\/plounevez-quintin\\\/vie-au-village\\\/ateliers-proposes\\\/ateliers-artistiques\\\/atelier-mosaique\\\/#primaryimage\"},\"image\":{\"@id\":\"https:\\\/\\\/villagesaintjoseph.org\\\/plounevez-quintin\\\/vie-au-village\\\/ateliers-proposes\\\/ateliers-artistiques\\\/atelier-mosaique\\\/#primaryimage\"},\"thumbnailUrl\":\"https:\\\/\\\/villagesaintjoseph.org\\\/plounevez-quintin\\\/wp-content\\\/uploads\\\/sites\\\/6\\\/2022\\\/01\\\/20170616-Magali-en-mosaique-4-300x201-1.jpg\",\"datePublished\":\"2022-01-27T13:13:12+00:00\",\"dateModified\":\"2022-01-27T14:36:15+00:00\",\"description\":\"L\u2019art de la mosa\u00efque existe depuis fort longtemps. Il a acquis sa notori\u00e9t\u00e9 en faisant l\u2019admiration par sa pr\u00e9cision et sa beaut\u00e9. Cette activit\u00e9 est\",\"breadcrumb\":{\"@id\":\"https:\\\/\\\/villagesaintjoseph.org\\\/plounevez-quintin\\\/vie-au-village\\\/ateliers-proposes\\\/ateliers-artistiques\\\/atelier-mosaique\\\/#breadcrumb\"},\"inLanguage\":\"fr-FR\",\"potentialAction\":[{\"@type\":\"ReadAction\",\"target\":[\"https:\\\/\\\/villagesaintjoseph.org\\\/plounevez-quintin\\\/vie-au-village\\\/ateliers-proposes\\\/ateliers-artistiques\\\/atelier-mosaique\\\/\"]}]},{\"@type\":\"ImageObject\",\"inLanguage\":\"fr-FR\",\"@id\":\"https:\\\/\\\/villagesaintjoseph.org\\\/plounevez-quintin\\\/vie-au-village\\\/ateliers-proposes\\\/ateliers-artistiques\\\/atelier-mosaique\\\/#primaryimage\",\"url\":\"https:\\\/\\\/villagesaintjoseph.org\\\/plounevez-quintin\\\/wp-content\\\/uploads\\\/sites\\\/6\\\/2022\\\/01\\\/20170616-Magali-en-mosaique-4-300x201-1.jpg\",\"contentUrl\":\"https:\\\/\\\/villagesaintjoseph.org\\\/plounevez-quintin\\\/wp-content\\\/uploads\\\/sites\\\/6\\\/2022\\\/01\\\/20170616-Magali-en-mosaique-4-300x201-1.jpg\",\"width\":300,\"height\":201},{\"@type\":\"BreadcrumbList\",\"@id\":\"https:\\\/\\\/villagesaintjoseph.org\\\/plounevez-quintin\\\/vie-au-village\\\/ateliers-proposes\\\/ateliers-artistiques\\\/atelier-mosaique\\\/#breadcrumb\",\"itemListElement\":[{\"@type\":\"ListItem\",\"position\":1,\"name\":\"Accueil\",\"item\":\"https:\\\/\\\/villagesaintjoseph.org\\\/plounevez-quintin\\\/\"},{\"@type\":\"ListItem\",\"position\":2,\"name\":\"La vie au Village\",\"item\":\"https:\\\/\\\/villagesaintjoseph.org\\\/plounevez-quintin\\\/vie-au-village\\\/\"},{\"@type\":\"ListItem\",\"position\":3,\"name\":\"Ateliers propos\u00e9s\",\"item\":\"https:\\\/\\\/villagesaintjoseph.org\\\/plounevez-quintin\\\/vie-au-village\\\/ateliers-proposes\\\/\"},{\"@type\":\"ListItem\",\"position\":4,\"name\":\"Ateliers artistiques\",\"item\":\"https:\\\/\\\/villagesaintjoseph.org\\\/plounevez-quintin\\\/vie-au-village\\\/ateliers-proposes\\\/ateliers-artistiques\\\/\"},{\"@type\":\"ListItem\",\"position\":5,\"name\":\"Atelier mosa\u00efque\"}]},{\"@type\":\"WebSite\",\"@id\":\"https:\\\/\\\/villagesaintjoseph.org\\\/plounevez-quintin\\\/#website\",\"url\":\"https:\\\/\\\/villagesaintjoseph.org\\\/plounevez-quintin\\\/\",\"name\":\"Maison de Ploun\u00e9vez-Quintin\",\"description\":\"\",\"potentialAction\":[{\"@type\":\"SearchAction\",\"target\":{\"@type\":\"EntryPoint\",\"urlTemplate\":\"https:\\\/\\\/villagesaintjoseph.org\\\/plounevez-quintin\\\/?s={search_term_string}\"},\"query-input\":{\"@type\":\"PropertyValueSpecification\",\"valueRequired\":true,\"valueName\":\"search_term_string\"}}],\"inLanguage\":\"fr-FR\"}]}<\/script>\n<!-- \/ Yoast SEO plugin. -->","yoast_head_json":{"title":"Atelier mosa\u00efque - Maison de Ploun\u00e9vez-Quintin","description":"L\u2019art de la mosa\u00efque existe depuis fort longtemps. Il a acquis sa notori\u00e9t\u00e9 en faisant l\u2019admiration par sa pr\u00e9cision et sa beaut\u00e9. Cette activit\u00e9 est","robots":{"index":"index","follow":"follow","max-snippet":"max-snippet:-1","max-image-preview":"max-image-preview:large","max-video-preview":"max-video-preview:-1"},"canonical":"https:\/\/villagesaintjoseph.org\/plounevez-quintin\/vie-au-village\/ateliers-proposes\/ateliers-artistiques\/atelier-mosaique\/","og_locale":"fr_FR","og_type":"article","og_title":"Atelier mosa\u00efque - Maison de Ploun\u00e9vez-Quintin","og_description":"L\u2019art de la mosa\u00efque existe depuis fort longtemps. Il a acquis sa notori\u00e9t\u00e9 en faisant l\u2019admiration par sa pr\u00e9cision et sa beaut\u00e9. Cette activit\u00e9 est","og_url":"https:\/\/villagesaintjoseph.org\/plounevez-quintin\/vie-au-village\/ateliers-proposes\/ateliers-artistiques\/atelier-mosaique\/","og_site_name":"Maison de Ploun\u00e9vez-Quintin","article_modified_time":"2022-01-27T14:36:15+00:00","og_image":[{"width":300,"height":201,"url":"https:\/\/villagesaintjoseph.org\/plounevez-quintin\/wp-content\/uploads\/sites\/6\/2022\/01\/20170616-Magali-en-mosaique-4-300x201-1.jpg","type":"image\/jpeg"}],"twitter_card":"summary_large_image","twitter_misc":{"Dur\u00e9e de lecture estim\u00e9e":"4 minutes"},"schema":{"@context":"https:\/\/schema.org","@graph":[{"@type":"WebPage","@id":"https:\/\/villagesaintjoseph.org\/plounevez-quintin\/vie-au-village\/ateliers-proposes\/ateliers-artistiques\/atelier-mosaique\/","url":"https:\/\/villagesaintjoseph.org\/plounevez-quintin\/vie-au-village\/ateliers-proposes\/ateliers-artistiques\/atelier-mosaique\/","name":"Atelier mosa\u00efque - Maison de Ploun\u00e9vez-Quintin","isPartOf":{"@id":"https:\/\/villagesaintjoseph.org\/plounevez-quintin\/#website"},"primaryImageOfPage":{"@id":"https:\/\/villagesaintjoseph.org\/plounevez-quintin\/vie-au-village\/ateliers-proposes\/ateliers-artistiques\/atelier-mosaique\/#primaryimage"},"image":{"@id":"https:\/\/villagesaintjoseph.org\/plounevez-quintin\/vie-au-village\/ateliers-proposes\/ateliers-artistiques\/atelier-mosaique\/#primaryimage"},"thumbnailUrl":"https:\/\/villagesaintjoseph.org\/plounevez-quintin\/wp-content\/uploads\/sites\/6\/2022\/01\/20170616-Magali-en-mosaique-4-300x201-1.jpg","datePublished":"2022-01-27T13:13:12+00:00","dateModified":"2022-01-27T14:36:15+00:00","description":"L\u2019art de la mosa\u00efque existe depuis fort longtemps. Il a acquis sa notori\u00e9t\u00e9 en faisant l\u2019admiration par sa pr\u00e9cision et sa beaut\u00e9. Cette activit\u00e9 est","breadcrumb":{"@id":"https:\/\/villagesaintjoseph.org\/plounevez-quintin\/vie-au-village\/ateliers-proposes\/ateliers-artistiques\/atelier-mosaique\/#breadcrumb"},"inLanguage":"fr-FR","potentialAction":[{"@type":"ReadAction","target":["https:\/\/villagesaintjoseph.org\/plounevez-quintin\/vie-au-village\/ateliers-proposes\/ateliers-artistiques\/atelier-mosaique\/"]}]},{"@type":"ImageObject","inLanguage":"fr-FR","@id":"https:\/\/villagesaintjoseph.org\/plounevez-quintin\/vie-au-village\/ateliers-proposes\/ateliers-artistiques\/atelier-mosaique\/#primaryimage","url":"https:\/\/villagesaintjoseph.org\/plounevez-quintin\/wp-content\/uploads\/sites\/6\/2022\/01\/20170616-Magali-en-mosaique-4-300x201-1.jpg","contentUrl":"https:\/\/villagesaintjoseph.org\/plounevez-quintin\/wp-content\/uploads\/sites\/6\/2022\/01\/20170616-Magali-en-mosaique-4-300x201-1.jpg","width":300,"height":201},{"@type":"BreadcrumbList","@id":"https:\/\/villagesaintjoseph.org\/plounevez-quintin\/vie-au-village\/ateliers-proposes\/ateliers-artistiques\/atelier-mosaique\/#breadcrumb","itemListElement":[{"@type":"ListItem","position":1,"name":"Accueil","item":"https:\/\/villagesaintjoseph.org\/plounevez-quintin\/"},{"@type":"ListItem","position":2,"name":"La vie au Village","item":"https:\/\/villagesaintjoseph.org\/plounevez-quintin\/vie-au-village\/"},{"@type":"ListItem","position":3,"name":"Ateliers propos\u00e9s","item":"https:\/\/villagesaintjoseph.org\/plounevez-quintin\/vie-au-village\/ateliers-proposes\/"},{"@type":"ListItem","position":4,"name":"Ateliers artistiques","item":"https:\/\/villagesaintjoseph.org\/plounevez-quintin\/vie-au-village\/ateliers-proposes\/ateliers-artistiques\/"},{"@type":"ListItem","position":5,"name":"Atelier mosa\u00efque"}]},{"@type":"WebSite","@id":"https:\/\/villagesaintjoseph.org\/plounevez-quintin\/#website","url":"https:\/\/villagesaintjoseph.org\/plounevez-quintin\/","name":"Maison de Ploun\u00e9vez-Quintin","description":"","potentialAction":[{"@type":"SearchAction","target":{"@type":"EntryPoint","urlTemplate":"https:\/\/villagesaintjoseph.org\/plounevez-quintin\/?s={search_term_string}"},"query-input":{"@type":"PropertyValueSpecification","valueRequired":true,"valueName":"search_term_string"}}],"inLanguage":"fr-FR"}]}},"_links":{"self":[{"href":"https:\/\/villagesaintjoseph.org\/plounevez-quintin\/wp-json\/wp\/v2\/pages\/499","targetHints":{"allow":["GET"]}}],"collection":[{"href":"https:\/\/villagesaintjoseph.org\/plounevez-quintin\/wp-json\/wp\/v2\/pages"}],"about":[{"href":"https:\/\/villagesaintjoseph.org\/plounevez-quintin\/wp-json\/wp\/v2\/types\/page"}],"author":[{"embeddable":true,"href":"https:\/\/villagesaintjoseph.org\/plounevez-quintin\/wp-json\/wp\/v2\/users\/18"}],"replies":[{"embeddable":true,"href":"https:\/\/villagesaintjoseph.org\/plounevez-quintin\/wp-json\/wp\/v2\/comments?post=499"}],"version-history":[{"count":3,"href":"https:\/\/villagesaintjoseph.org\/plounevez-quintin\/wp-json\/wp\/v2\/pages\/499\/revisions"}],"predecessor-version":[{"id":517,"href":"https:\/\/villagesaintjoseph.org\/plounevez-quintin\/wp-json\/wp\/v2\/pages\/499\/revisions\/517"}],"up":[{"embeddable":true,"href":"https:\/\/villagesaintjoseph.org\/plounevez-quintin\/wp-json\/wp\/v2\/pages\/467"}],"wp:featuredmedia":[{"embeddable":true,"href":"https:\/\/villagesaintjoseph.org\/plounevez-quintin\/wp-json\/wp\/v2\/media\/518"}],"wp:attachment":[{"href":"https:\/\/villagesaintjoseph.org\/plounevez-quintin\/wp-json\/wp\/v2\/media?parent=499"}],"curies":[{"name":"wp","href":"https:\/\/api.w.org\/{rel}","templated":true}]}}