{"id":621,"date":"2022-01-31T15:52:02","date_gmt":"2022-01-31T14:52:02","guid":{"rendered":"https:\/\/villagesaintjoseph.org\/plounevez-quintin\/?page_id=621"},"modified":"2022-01-31T15:52:03","modified_gmt":"2022-01-31T14:52:03","slug":"soin-animaux","status":"publish","type":"page","link":"https:\/\/villagesaintjoseph.org\/plounevez-quintin\/vie-au-village\/ateliers-proposes\/activites-exterieur\/soin-animaux\/","title":{"rendered":"Soin des animaux"},"content":{"rendered":"\n<p>Aujourd\u2019hui, il y a quelques poules pondeuses qui permettent de r\u00e9colter des \u0153ufs quotidiennement. Cette activit\u00e9 est confi\u00e9e \u00e0 plusieurs personnes qui alternent, sachant que les poules mangent tous les jours, les dimanches et jours f\u00e9ri\u00e9s aussi\u2026<\/p>\n\n\n\n<p>Il est dit que le soin aux animaux est particuli\u00e8rement \u00ab&nbsp;gu\u00e9rissant&nbsp;\u00bb pour ceux qui souffrent de carences affectives, ou de probl\u00e8mes de relation et de communication. Au Village, avec un \u00e9levage de poules pondeuses, cela se fait, mais dans une moindre mesure\u2026 Bien que certains parlent aux poules et cr\u00e9ent une relation\u2026 \ud83d\ude42<\/p>\n\n\n\n<p><strong>Nourrir, nettoyer, r\u00e9colter\u2026<\/strong><\/p>\n\n\n\n<p>Ce petit \u00e9levage permet d\u2019apprendre plein de choses et de faire l\u2019exp\u00e9rience que le travail a une finalit\u00e9\u00a0r\u00e9elle et bien concr\u00e8te : les \u0153ufs arrivent dans les cuisines et servent \u00e0 pr\u00e9parer les omelettes, les quiches et les g\u00e2teaux !<\/p>\n\n\n\n<p>Le bl\u00e9 donn\u00e9 aux poules est g\u00e9n\u00e9reusement offert par un agriculteur de la r\u00e9gion, ami du Village.<\/p>\n\n\n\n<p>Et dans les cuisines des foyers, les consignes de tri permettent de compl\u00e9ter l\u2019alimentation des poules avec des restes et les d\u00e9chets verts.<\/p>\n\n\n\n<figure class=\"wp-block-gallery columns-3 is-cropped wp-block-gallery-1 is-layout-flex wp-block-gallery-is-layout-flex\"><ul class=\"blocks-gallery-grid\"><li class=\"blocks-gallery-item\"><figure><img loading=\"lazy\" decoding=\"async\" width=\"800\" height=\"600\" src=\"https:\/\/villagesaintjoseph.org\/plounevez-quintin\/wp-content\/uploads\/sites\/6\/2022\/01\/20180419-3-Poules-enclos1.jpg\" alt=\"\" data-id=\"623\" data-full-url=\"https:\/\/villagesaintjoseph.org\/plounevez-quintin\/wp-content\/uploads\/sites\/6\/2022\/01\/20180419-3-Poules-enclos1.jpg\" data-link=\"https:\/\/villagesaintjoseph.org\/plounevez-quintin\/20180419-3-poules-enclos1\/\" class=\"wp-image-623\" srcset=\"https:\/\/villagesaintjoseph.org\/plounevez-quintin\/wp-content\/uploads\/sites\/6\/2022\/01\/20180419-3-Poules-enclos1.jpg 800w, https:\/\/villagesaintjoseph.org\/plounevez-quintin\/wp-content\/uploads\/sites\/6\/2022\/01\/20180419-3-Poules-enclos1-300x225.jpg 300w, https:\/\/villagesaintjoseph.org\/plounevez-quintin\/wp-content\/uploads\/sites\/6\/2022\/01\/20180419-3-Poules-enclos1-768x576.jpg 768w\" sizes=\"auto, (max-width: 800px) 100vw, 800px\" \/><figcaption class=\"blocks-gallery-item__caption\">Des poules de plein air<\/figcaption><\/figure><\/li><li class=\"blocks-gallery-item\"><figure><img loading=\"lazy\" decoding=\"async\" width=\"800\" height=\"600\" src=\"https:\/\/villagesaintjoseph.org\/plounevez-quintin\/wp-content\/uploads\/sites\/6\/2022\/01\/20180419-Poules-pondeuses.jpg\" alt=\"\" data-id=\"624\" data-full-url=\"https:\/\/villagesaintjoseph.org\/plounevez-quintin\/wp-content\/uploads\/sites\/6\/2022\/01\/20180419-Poules-pondeuses.jpg\" data-link=\"https:\/\/villagesaintjoseph.org\/plounevez-quintin\/20180419-poules-pondeuses\/\" class=\"wp-image-624\" srcset=\"https:\/\/villagesaintjoseph.org\/plounevez-quintin\/wp-content\/uploads\/sites\/6\/2022\/01\/20180419-Poules-pondeuses.jpg 800w, https:\/\/villagesaintjoseph.org\/plounevez-quintin\/wp-content\/uploads\/sites\/6\/2022\/01\/20180419-Poules-pondeuses-300x225.jpg 300w, https:\/\/villagesaintjoseph.org\/plounevez-quintin\/wp-content\/uploads\/sites\/6\/2022\/01\/20180419-Poules-pondeuses-768x576.jpg 768w\" sizes=\"auto, (max-width: 800px) 100vw, 800px\" \/><figcaption class=\"blocks-gallery-item__caption\">Des oeufs !<\/figcaption><\/figure><\/li><li class=\"blocks-gallery-item\"><figure><img loading=\"lazy\" decoding=\"async\" width=\"800\" height=\"533\" src=\"https:\/\/villagesaintjoseph.org\/plounevez-quintin\/wp-content\/uploads\/sites\/6\/2022\/01\/20190118-Poules-dans-poulailler00001.jpg\" alt=\"\" data-id=\"622\" data-full-url=\"https:\/\/villagesaintjoseph.org\/plounevez-quintin\/wp-content\/uploads\/sites\/6\/2022\/01\/20190118-Poules-dans-poulailler00001.jpg\" data-link=\"https:\/\/villagesaintjoseph.org\/plounevez-quintin\/20190118-poules-dans-poulailler00001\/\" class=\"wp-image-622\" srcset=\"https:\/\/villagesaintjoseph.org\/plounevez-quintin\/wp-content\/uploads\/sites\/6\/2022\/01\/20190118-Poules-dans-poulailler00001.jpg 800w, https:\/\/villagesaintjoseph.org\/plounevez-quintin\/wp-content\/uploads\/sites\/6\/2022\/01\/20190118-Poules-dans-poulailler00001-300x200.jpg 300w, https:\/\/villagesaintjoseph.org\/plounevez-quintin\/wp-content\/uploads\/sites\/6\/2022\/01\/20190118-Poules-dans-poulailler00001-768x512.jpg 768w\" sizes=\"auto, (max-width: 800px) 100vw, 800px\" \/><figcaption class=\"blocks-gallery-item__caption\">Un grand poulailler<\/figcaption><\/figure><\/li><li class=\"blocks-gallery-item\"><figure><img loading=\"lazy\" decoding=\"async\" width=\"800\" height=\"533\" src=\"https:\/\/villagesaintjoseph.org\/plounevez-quintin\/wp-content\/uploads\/sites\/6\/2022\/01\/20181005-Faustine-Poules.jpg\" alt=\"\" data-id=\"625\" data-full-url=\"https:\/\/villagesaintjoseph.org\/plounevez-quintin\/wp-content\/uploads\/sites\/6\/2022\/01\/20181005-Faustine-Poules.jpg\" data-link=\"https:\/\/villagesaintjoseph.org\/plounevez-quintin\/20181005-faustine-poules\/\" class=\"wp-image-625\" srcset=\"https:\/\/villagesaintjoseph.org\/plounevez-quintin\/wp-content\/uploads\/sites\/6\/2022\/01\/20181005-Faustine-Poules.jpg 800w, https:\/\/villagesaintjoseph.org\/plounevez-quintin\/wp-content\/uploads\/sites\/6\/2022\/01\/20181005-Faustine-Poules-300x200.jpg 300w, https:\/\/villagesaintjoseph.org\/plounevez-quintin\/wp-content\/uploads\/sites\/6\/2022\/01\/20181005-Faustine-Poules-768x512.jpg 768w\" sizes=\"auto, (max-width: 800px) 100vw, 800px\" \/><figcaption class=\"blocks-gallery-item__caption\">Faustine aux petits soins&#8230;<\/figcaption><\/figure><\/li><\/ul><\/figure>\n","protected":false},"excerpt":{"rendered":"<p>Aujourd\u2019hui, il y a quelques poules pondeuses qui permettent de r\u00e9colter des \u0153ufs quotidiennement. Cette activit\u00e9 est confi\u00e9e \u00e0 plusieurs personnes qui alternent, sachant que les poules mangent tous les jours, les dimanches et jours f\u00e9ri\u00e9s aussi\u2026 Il est dit que le soin aux animaux est particuli\u00e8rement \u00ab&nbsp;gu\u00e9rissant&nbsp;\u00bb pour ceux qui souffrent de carences affectives, [&hellip;]<\/p>\n","protected":false},"author":18,"featured_media":626,"parent":475,"menu_order":20,"comment_status":"closed","ping_status":"closed","template":"","meta":{"inline_featured_image":false,"footnotes":""},"class_list":["post-621","page","type-page","status-publish","has-post-thumbnail","hentry"],"acf":[],"yoast_head":"<!-- This site is optimized with the Yoast SEO plugin v27.4 - https:\/\/yoast.com\/product\/yoast-seo-wordpress\/ -->\n<title>Soin des animaux - Maison de Ploun\u00e9vez-Quintin<\/title>\n<meta name=\"description\" content=\"Aujourd\u2019hui, il y a quelques poules pondeuses qui permettent de r\u00e9colter des \u0153ufs quotidiennement. Cette activit\u00e9 est confi\u00e9e \u00e0 plusieurs personnes qui\" \/>\n<meta name=\"robots\" content=\"index, follow, max-snippet:-1, max-image-preview:large, max-video-preview:-1\" \/>\n<link rel=\"canonical\" href=\"https:\/\/villagesaintjoseph.org\/plounevez-quintin\/vie-au-village\/ateliers-proposes\/activites-exterieur\/soin-animaux\/\" \/>\n<meta property=\"og:locale\" content=\"fr_FR\" \/>\n<meta property=\"og:type\" content=\"article\" \/>\n<meta property=\"og:title\" content=\"Soin des animaux - Maison de Ploun\u00e9vez-Quintin\" \/>\n<meta property=\"og:description\" content=\"Aujourd\u2019hui, il y a quelques poules pondeuses qui permettent de r\u00e9colter des \u0153ufs quotidiennement. Cette activit\u00e9 est confi\u00e9e \u00e0 plusieurs personnes qui\" \/>\n<meta property=\"og:url\" content=\"https:\/\/villagesaintjoseph.org\/plounevez-quintin\/vie-au-village\/ateliers-proposes\/activites-exterieur\/soin-animaux\/\" \/>\n<meta property=\"og:site_name\" content=\"Maison de Ploun\u00e9vez-Quintin\" \/>\n<meta property=\"article:modified_time\" content=\"2022-01-31T14:52:03+00:00\" \/>\n<meta property=\"og:image\" content=\"https:\/\/villagesaintjoseph.org\/plounevez-quintin\/wp-content\/uploads\/sites\/6\/2022\/01\/20170331-Jardin-poulailler-Kana-6-1.jpg\" \/>\n\t<meta property=\"og:image:width\" content=\"1801\" \/>\n\t<meta property=\"og:image:height\" content=\"1200\" \/>\n\t<meta property=\"og:image:type\" content=\"image\/jpeg\" \/>\n<meta name=\"twitter:card\" content=\"summary_large_image\" \/>\n<meta name=\"twitter:label1\" content=\"Dur\u00e9e de lecture estim\u00e9e\" \/>\n\t<meta name=\"twitter:data1\" content=\"2 minutes\" \/>\n<script type=\"application\/ld+json\" class=\"yoast-schema-graph\">{\"@context\":\"https:\\\/\\\/schema.org\",\"@graph\":[{\"@type\":\"WebPage\",\"@id\":\"https:\\\/\\\/villagesaintjoseph.org\\\/plounevez-quintin\\\/vie-au-village\\\/ateliers-proposes\\\/activites-exterieur\\\/soin-animaux\\\/\",\"url\":\"https:\\\/\\\/villagesaintjoseph.org\\\/plounevez-quintin\\\/vie-au-village\\\/ateliers-proposes\\\/activites-exterieur\\\/soin-animaux\\\/\",\"name\":\"Soin des animaux - Maison de Ploun\u00e9vez-Quintin\",\"isPartOf\":{\"@id\":\"https:\\\/\\\/villagesaintjoseph.org\\\/plounevez-quintin\\\/#website\"},\"primaryImageOfPage\":{\"@id\":\"https:\\\/\\\/villagesaintjoseph.org\\\/plounevez-quintin\\\/vie-au-village\\\/ateliers-proposes\\\/activites-exterieur\\\/soin-animaux\\\/#primaryimage\"},\"image\":{\"@id\":\"https:\\\/\\\/villagesaintjoseph.org\\\/plounevez-quintin\\\/vie-au-village\\\/ateliers-proposes\\\/activites-exterieur\\\/soin-animaux\\\/#primaryimage\"},\"thumbnailUrl\":\"https:\\\/\\\/villagesaintjoseph.org\\\/plounevez-quintin\\\/wp-content\\\/uploads\\\/sites\\\/6\\\/2022\\\/01\\\/20170331-Jardin-poulailler-Kana-6-1.jpg\",\"datePublished\":\"2022-01-31T14:52:02+00:00\",\"dateModified\":\"2022-01-31T14:52:03+00:00\",\"description\":\"Aujourd\u2019hui, il y a quelques poules pondeuses qui permettent de r\u00e9colter des \u0153ufs quotidiennement. Cette activit\u00e9 est confi\u00e9e \u00e0 plusieurs personnes qui\",\"breadcrumb\":{\"@id\":\"https:\\\/\\\/villagesaintjoseph.org\\\/plounevez-quintin\\\/vie-au-village\\\/ateliers-proposes\\\/activites-exterieur\\\/soin-animaux\\\/#breadcrumb\"},\"inLanguage\":\"fr-FR\",\"potentialAction\":[{\"@type\":\"ReadAction\",\"target\":[\"https:\\\/\\\/villagesaintjoseph.org\\\/plounevez-quintin\\\/vie-au-village\\\/ateliers-proposes\\\/activites-exterieur\\\/soin-animaux\\\/\"]}]},{\"@type\":\"ImageObject\",\"inLanguage\":\"fr-FR\",\"@id\":\"https:\\\/\\\/villagesaintjoseph.org\\\/plounevez-quintin\\\/vie-au-village\\\/ateliers-proposes\\\/activites-exterieur\\\/soin-animaux\\\/#primaryimage\",\"url\":\"https:\\\/\\\/villagesaintjoseph.org\\\/plounevez-quintin\\\/wp-content\\\/uploads\\\/sites\\\/6\\\/2022\\\/01\\\/20170331-Jardin-poulailler-Kana-6-1.jpg\",\"contentUrl\":\"https:\\\/\\\/villagesaintjoseph.org\\\/plounevez-quintin\\\/wp-content\\\/uploads\\\/sites\\\/6\\\/2022\\\/01\\\/20170331-Jardin-poulailler-Kana-6-1.jpg\",\"width\":1801,\"height\":1200},{\"@type\":\"BreadcrumbList\",\"@id\":\"https:\\\/\\\/villagesaintjoseph.org\\\/plounevez-quintin\\\/vie-au-village\\\/ateliers-proposes\\\/activites-exterieur\\\/soin-animaux\\\/#breadcrumb\",\"itemListElement\":[{\"@type\":\"ListItem\",\"position\":1,\"name\":\"Accueil\",\"item\":\"https:\\\/\\\/villagesaintjoseph.org\\\/plounevez-quintin\\\/\"},{\"@type\":\"ListItem\",\"position\":2,\"name\":\"La vie au Village\",\"item\":\"https:\\\/\\\/villagesaintjoseph.org\\\/plounevez-quintin\\\/vie-au-village\\\/\"},{\"@type\":\"ListItem\",\"position\":3,\"name\":\"Ateliers propos\u00e9s\",\"item\":\"https:\\\/\\\/villagesaintjoseph.org\\\/plounevez-quintin\\\/vie-au-village\\\/ateliers-proposes\\\/\"},{\"@type\":\"ListItem\",\"position\":4,\"name\":\"Activit\u00e9s en ext\u00e9rieur\",\"item\":\"https:\\\/\\\/villagesaintjoseph.org\\\/plounevez-quintin\\\/vie-au-village\\\/ateliers-proposes\\\/activites-exterieur\\\/\"},{\"@type\":\"ListItem\",\"position\":5,\"name\":\"Soin des animaux\"}]},{\"@type\":\"WebSite\",\"@id\":\"https:\\\/\\\/villagesaintjoseph.org\\\/plounevez-quintin\\\/#website\",\"url\":\"https:\\\/\\\/villagesaintjoseph.org\\\/plounevez-quintin\\\/\",\"name\":\"Maison de Ploun\u00e9vez-Quintin\",\"description\":\"\",\"potentialAction\":[{\"@type\":\"SearchAction\",\"target\":{\"@type\":\"EntryPoint\",\"urlTemplate\":\"https:\\\/\\\/villagesaintjoseph.org\\\/plounevez-quintin\\\/?s={search_term_string}\"},\"query-input\":{\"@type\":\"PropertyValueSpecification\",\"valueRequired\":true,\"valueName\":\"search_term_string\"}}],\"inLanguage\":\"fr-FR\"}]}<\/script>\n<!-- \/ Yoast SEO plugin. -->","yoast_head_json":{"title":"Soin des animaux - Maison de Ploun\u00e9vez-Quintin","description":"Aujourd\u2019hui, il y a quelques poules pondeuses qui permettent de r\u00e9colter des \u0153ufs quotidiennement. Cette activit\u00e9 est confi\u00e9e \u00e0 plusieurs personnes qui","robots":{"index":"index","follow":"follow","max-snippet":"max-snippet:-1","max-image-preview":"max-image-preview:large","max-video-preview":"max-video-preview:-1"},"canonical":"https:\/\/villagesaintjoseph.org\/plounevez-quintin\/vie-au-village\/ateliers-proposes\/activites-exterieur\/soin-animaux\/","og_locale":"fr_FR","og_type":"article","og_title":"Soin des animaux - Maison de Ploun\u00e9vez-Quintin","og_description":"Aujourd\u2019hui, il y a quelques poules pondeuses qui permettent de r\u00e9colter des \u0153ufs quotidiennement. Cette activit\u00e9 est confi\u00e9e \u00e0 plusieurs personnes qui","og_url":"https:\/\/villagesaintjoseph.org\/plounevez-quintin\/vie-au-village\/ateliers-proposes\/activites-exterieur\/soin-animaux\/","og_site_name":"Maison de Ploun\u00e9vez-Quintin","article_modified_time":"2022-01-31T14:52:03+00:00","og_image":[{"width":1801,"height":1200,"url":"https:\/\/villagesaintjoseph.org\/plounevez-quintin\/wp-content\/uploads\/sites\/6\/2022\/01\/20170331-Jardin-poulailler-Kana-6-1.jpg","type":"image\/jpeg"}],"twitter_card":"summary_large_image","twitter_misc":{"Dur\u00e9e de lecture estim\u00e9e":"2 minutes"},"schema":{"@context":"https:\/\/schema.org","@graph":[{"@type":"WebPage","@id":"https:\/\/villagesaintjoseph.org\/plounevez-quintin\/vie-au-village\/ateliers-proposes\/activites-exterieur\/soin-animaux\/","url":"https:\/\/villagesaintjoseph.org\/plounevez-quintin\/vie-au-village\/ateliers-proposes\/activites-exterieur\/soin-animaux\/","name":"Soin des animaux - Maison de Ploun\u00e9vez-Quintin","isPartOf":{"@id":"https:\/\/villagesaintjoseph.org\/plounevez-quintin\/#website"},"primaryImageOfPage":{"@id":"https:\/\/villagesaintjoseph.org\/plounevez-quintin\/vie-au-village\/ateliers-proposes\/activites-exterieur\/soin-animaux\/#primaryimage"},"image":{"@id":"https:\/\/villagesaintjoseph.org\/plounevez-quintin\/vie-au-village\/ateliers-proposes\/activites-exterieur\/soin-animaux\/#primaryimage"},"thumbnailUrl":"https:\/\/villagesaintjoseph.org\/plounevez-quintin\/wp-content\/uploads\/sites\/6\/2022\/01\/20170331-Jardin-poulailler-Kana-6-1.jpg","datePublished":"2022-01-31T14:52:02+00:00","dateModified":"2022-01-31T14:52:03+00:00","description":"Aujourd\u2019hui, il y a quelques poules pondeuses qui permettent de r\u00e9colter des \u0153ufs quotidiennement. Cette activit\u00e9 est confi\u00e9e \u00e0 plusieurs personnes qui","breadcrumb":{"@id":"https:\/\/villagesaintjoseph.org\/plounevez-quintin\/vie-au-village\/ateliers-proposes\/activites-exterieur\/soin-animaux\/#breadcrumb"},"inLanguage":"fr-FR","potentialAction":[{"@type":"ReadAction","target":["https:\/\/villagesaintjoseph.org\/plounevez-quintin\/vie-au-village\/ateliers-proposes\/activites-exterieur\/soin-animaux\/"]}]},{"@type":"ImageObject","inLanguage":"fr-FR","@id":"https:\/\/villagesaintjoseph.org\/plounevez-quintin\/vie-au-village\/ateliers-proposes\/activites-exterieur\/soin-animaux\/#primaryimage","url":"https:\/\/villagesaintjoseph.org\/plounevez-quintin\/wp-content\/uploads\/sites\/6\/2022\/01\/20170331-Jardin-poulailler-Kana-6-1.jpg","contentUrl":"https:\/\/villagesaintjoseph.org\/plounevez-quintin\/wp-content\/uploads\/sites\/6\/2022\/01\/20170331-Jardin-poulailler-Kana-6-1.jpg","width":1801,"height":1200},{"@type":"BreadcrumbList","@id":"https:\/\/villagesaintjoseph.org\/plounevez-quintin\/vie-au-village\/ateliers-proposes\/activites-exterieur\/soin-animaux\/#breadcrumb","itemListElement":[{"@type":"ListItem","position":1,"name":"Accueil","item":"https:\/\/villagesaintjoseph.org\/plounevez-quintin\/"},{"@type":"ListItem","position":2,"name":"La vie au Village","item":"https:\/\/villagesaintjoseph.org\/plounevez-quintin\/vie-au-village\/"},{"@type":"ListItem","position":3,"name":"Ateliers propos\u00e9s","item":"https:\/\/villagesaintjoseph.org\/plounevez-quintin\/vie-au-village\/ateliers-proposes\/"},{"@type":"ListItem","position":4,"name":"Activit\u00e9s en ext\u00e9rieur","item":"https:\/\/villagesaintjoseph.org\/plounevez-quintin\/vie-au-village\/ateliers-proposes\/activites-exterieur\/"},{"@type":"ListItem","position":5,"name":"Soin des animaux"}]},{"@type":"WebSite","@id":"https:\/\/villagesaintjoseph.org\/plounevez-quintin\/#website","url":"https:\/\/villagesaintjoseph.org\/plounevez-quintin\/","name":"Maison de Ploun\u00e9vez-Quintin","description":"","potentialAction":[{"@type":"SearchAction","target":{"@type":"EntryPoint","urlTemplate":"https:\/\/villagesaintjoseph.org\/plounevez-quintin\/?s={search_term_string}"},"query-input":{"@type":"PropertyValueSpecification","valueRequired":true,"valueName":"search_term_string"}}],"inLanguage":"fr-FR"}]}},"_links":{"self":[{"href":"https:\/\/villagesaintjoseph.org\/plounevez-quintin\/wp-json\/wp\/v2\/pages\/621","targetHints":{"allow":["GET"]}}],"collection":[{"href":"https:\/\/villagesaintjoseph.org\/plounevez-quintin\/wp-json\/wp\/v2\/pages"}],"about":[{"href":"https:\/\/villagesaintjoseph.org\/plounevez-quintin\/wp-json\/wp\/v2\/types\/page"}],"author":[{"embeddable":true,"href":"https:\/\/villagesaintjoseph.org\/plounevez-quintin\/wp-json\/wp\/v2\/users\/18"}],"replies":[{"embeddable":true,"href":"https:\/\/villagesaintjoseph.org\/plounevez-quintin\/wp-json\/wp\/v2\/comments?post=621"}],"version-history":[{"count":1,"href":"https:\/\/villagesaintjoseph.org\/plounevez-quintin\/wp-json\/wp\/v2\/pages\/621\/revisions"}],"predecessor-version":[{"id":627,"href":"https:\/\/villagesaintjoseph.org\/plounevez-quintin\/wp-json\/wp\/v2\/pages\/621\/revisions\/627"}],"up":[{"embeddable":true,"href":"https:\/\/villagesaintjoseph.org\/plounevez-quintin\/wp-json\/wp\/v2\/pages\/475"}],"wp:featuredmedia":[{"embeddable":true,"href":"https:\/\/villagesaintjoseph.org\/plounevez-quintin\/wp-json\/wp\/v2\/media\/626"}],"wp:attachment":[{"href":"https:\/\/villagesaintjoseph.org\/plounevez-quintin\/wp-json\/wp\/v2\/media?parent=621"}],"curies":[{"name":"wp","href":"https:\/\/api.w.org\/{rel}","templated":true}]}}