{"id":1089,"date":"2023-11-09T17:29:38","date_gmt":"2023-11-09T16:29:38","guid":{"rendered":"https:\/\/villagesaintjoseph.org\/lapresence\/?page_id=1089"},"modified":"2026-02-27T10:11:39","modified_gmt":"2026-02-27T09:11:39","slug":"boutique","status":"publish","type":"page","link":"https:\/\/villagesaintjoseph.org\/saintefamille\/la-maison-sainte-famille\/boutique\/","title":{"rendered":"Boutique"},"content":{"rendered":"\n<p>Qu\u2019il est important pour les&nbsp;personnes accueillies au Village Saint Joseph de voir que leur cr\u00e9ation a du prix aux yeux des autres !<\/p>\n\n\n\n<p>Qui que vous soyez, en achetant les productions de la maison, vous nous permettez d\u2019accueillir chacun sans que l\u2019argent ne soit un frein. De plus, vous valorisez le travail r\u00e9alis\u00e9 par les personnes accueillies et \u00e7a, \u00e7a n\u2019a pas de prix !&nbsp;<strong>Tout est fait main, et dans la joie <\/strong><\/p>\n\n\n\n<div class=\"wp-block-pb-accordion-item c-accordion__item js-accordion-item no-js\" data-initially-open=\"false\" data-click-to-close=\"true\" data-auto-close=\"true\" data-scroll=\"false\" data-scroll-offset=\"0\"><h2 id=\"at-10890\" class=\"c-accordion__title js-accordion-controller\" role=\"button\">Confitures maison (cliquez)<\/h2><div id=\"ac-10890\" class=\"c-accordion__content\">\n<figure class=\"wp-block-gallery has-nested-images columns-5 is-cropped wp-block-gallery-1 is-layout-flex wp-block-gallery-is-layout-flex\">\n<figure class=\"wp-block-image size-large\"><img decoding=\"async\" data-id=\"1415\" src=\"https:\/\/villagesaintjoseph.org\/lapresence\/wp-content\/uploads\/sites\/8\/2023\/11\/IMG_3489-1024x683.jpg\" alt=\"\" class=\"wp-image-1415\"\/><\/figure>\n\n\n\n<figure class=\"wp-block-image size-large\"><img decoding=\"async\" data-id=\"1736\" src=\"https:\/\/villagesaintjoseph.org\/lapresence\/wp-content\/uploads\/sites\/8\/2023\/11\/IMG_3725-1024x683.jpg\" alt=\"\" class=\"wp-image-1736\"\/><\/figure>\n\n\n\n<figure class=\"wp-block-image size-large\"><img decoding=\"async\" data-id=\"1414\" src=\"https:\/\/villagesaintjoseph.org\/lapresence\/wp-content\/uploads\/sites\/8\/2023\/11\/IMG_3488-1024x683.jpg\" alt=\"\" class=\"wp-image-1414\"\/><\/figure>\n\n\n\n<figure class=\"wp-block-image size-large\"><img decoding=\"async\" data-id=\"1735\" src=\"https:\/\/villagesaintjoseph.org\/lapresence\/wp-content\/uploads\/sites\/8\/2023\/11\/IMG_3723-1024x683.jpg\" alt=\"\" class=\"wp-image-1735\"\/><\/figure>\n<\/figure>\n<\/div><\/div>\n\n\n\n<div class=\"wp-block-pb-accordion-item c-accordion__item js-accordion-item no-js\" data-initially-open=\"false\" data-click-to-close=\"true\" data-auto-close=\"true\" data-scroll=\"false\" data-scroll-offset=\"0\"><h2 id=\"at-10891\" class=\"c-accordion__title js-accordion-controller\" role=\"button\"><\/h2><div id=\"ac-10891\" class=\"c-accordion__content\">\n<p><\/p>\n<\/div><\/div>\n\n\n\n<div class=\"wp-block-pb-accordion-item c-accordion__item js-accordion-item no-js\" data-initially-open=\"false\" data-click-to-close=\"true\" data-auto-close=\"true\" data-scroll=\"false\" data-scroll-offset=\"0\"><h2 id=\"at-10892\" class=\"c-accordion__title js-accordion-controller\" role=\"button\">\u0152ufs bio frais (cliquez)<\/h2><div id=\"ac-10892\" class=\"c-accordion__content\">\n<figure class=\"wp-block-gallery has-nested-images columns-4 is-cropped wp-block-gallery-2 is-layout-flex wp-block-gallery-is-layout-flex\">\n<figure class=\"wp-block-image size-large\"><img decoding=\"async\" data-id=\"1525\" src=\"https:\/\/villagesaintjoseph.org\/lapresence\/wp-content\/uploads\/sites\/8\/2023\/11\/OIP.jpg\" alt=\"\" class=\"wp-image-1525\"\/><\/figure>\n\n\n\n<figure class=\"wp-block-image size-large\"><img decoding=\"async\" data-id=\"1526\" src=\"https:\/\/villagesaintjoseph.org\/lapresence\/wp-content\/uploads\/sites\/8\/2023\/11\/R.jpg\" alt=\"\" class=\"wp-image-1526\"\/><\/figure>\n\n\n\n<figure class=\"wp-block-image size-large\"><img decoding=\"async\" data-id=\"1524\" src=\"https:\/\/villagesaintjoseph.org\/lapresence\/wp-content\/uploads\/sites\/8\/2023\/11\/OIP-1.jpg\" alt=\"\" class=\"wp-image-1524\"\/><\/figure>\n\n\n\n<figure class=\"wp-block-image size-large\"><img decoding=\"async\" data-id=\"1523\" src=\"https:\/\/villagesaintjoseph.org\/lapresence\/wp-content\/uploads\/sites\/8\/2023\/11\/oeufs.jpg\" alt=\"\" class=\"wp-image-1523\"\/><\/figure>\n<\/figure>\n<\/div><\/div>\n\n\n\n<div class=\"wp-block-pb-accordion-item c-accordion__item js-accordion-item no-js\" data-initially-open=\"false\" data-click-to-close=\"true\" data-auto-close=\"true\" data-scroll=\"false\" data-scroll-offset=\"0\"><h2 id=\"at-10893\" class=\"c-accordion__title js-accordion-controller\" role=\"button\">L\u00e9gumes du potager (cliquez)<\/h2><div id=\"ac-10893\" class=\"c-accordion__content\">\n<p>Produits en surcro\u00eet <strong>propos\u00e9s en \u00e9t\u00e9.<\/strong> En hiver, notre production sert uniquement \u00e0 notre auto-consommation.<\/p>\n\n\n\n<figure class=\"wp-block-gallery has-nested-images columns-5 is-cropped wp-block-gallery-3 is-layout-flex wp-block-gallery-is-layout-flex\">\n<figure class=\"wp-block-image size-large\"><img decoding=\"async\" data-id=\"1494\" src=\"https:\/\/villagesaintjoseph.org\/lapresence\/wp-content\/uploads\/sites\/8\/2023\/11\/IMG_3543-1024x683.jpg\" alt=\"\" class=\"wp-image-1494\"\/><\/figure>\n\n\n\n<figure class=\"wp-block-image size-large\"><img decoding=\"async\" data-id=\"1502\" src=\"https:\/\/villagesaintjoseph.org\/lapresence\/wp-content\/uploads\/sites\/8\/2023\/11\/IMG_3555-1024x683.jpg\" alt=\"\" class=\"wp-image-1502\"\/><\/figure>\n\n\n\n<figure class=\"wp-block-image size-large\"><img decoding=\"async\" data-id=\"1497\" src=\"https:\/\/villagesaintjoseph.org\/lapresence\/wp-content\/uploads\/sites\/8\/2023\/11\/IMG_3547-1024x683.jpg\" alt=\"\" class=\"wp-image-1497\"\/><\/figure>\n\n\n\n<figure class=\"wp-block-image size-large\"><img decoding=\"async\" data-id=\"1168\" src=\"https:\/\/villagesaintjoseph.org\/lapresence\/wp-content\/uploads\/sites\/8\/2023\/08\/IMG-20230731-WA0008-1-1024x477.jpg\" alt=\"\" class=\"wp-image-1168\"\/><\/figure>\n\n\n\n<figure class=\"wp-block-image size-large\"><img decoding=\"async\" data-id=\"1167\" src=\"https:\/\/villagesaintjoseph.org\/lapresence\/wp-content\/uploads\/sites\/8\/2023\/08\/IMG-20230731-WA0006-768x1024.jpg\" alt=\"\" class=\"wp-image-1167\"\/><\/figure>\n\n\n\n<figure class=\"wp-block-image size-large\"><img decoding=\"async\" data-id=\"1166\" src=\"https:\/\/villagesaintjoseph.org\/lapresence\/wp-content\/uploads\/sites\/8\/2023\/08\/IMG-20230731-WA0005-768x1024.jpg\" alt=\"\" class=\"wp-image-1166\"\/><\/figure>\n\n\n\n<figure class=\"wp-block-image size-large\"><img decoding=\"async\" data-id=\"1165\" src=\"https:\/\/villagesaintjoseph.org\/lapresence\/wp-content\/uploads\/sites\/8\/2023\/08\/IMG-20230731-WA0004-768x1024.jpg\" alt=\"\" class=\"wp-image-1165\"\/><\/figure>\n\n\n\n<figure class=\"wp-block-image size-large\"><img decoding=\"async\" data-id=\"1164\" src=\"https:\/\/villagesaintjoseph.org\/lapresence\/wp-content\/uploads\/sites\/8\/2023\/08\/IMG-20230731-WA0003-1-768x1024.jpg\" alt=\"\" class=\"wp-image-1164\"\/><\/figure>\n\n\n\n<figure class=\"wp-block-image size-large\"><img decoding=\"async\" data-id=\"1163\" src=\"https:\/\/villagesaintjoseph.org\/lapresence\/wp-content\/uploads\/sites\/8\/2023\/08\/IMG-20230731-WA0002-1-768x1024.jpg\" alt=\"\" class=\"wp-image-1163\"\/><\/figure>\n\n\n\n<figure class=\"wp-block-image size-large\"><img decoding=\"async\" data-id=\"1581\" src=\"https:\/\/villagesaintjoseph.org\/lapresence\/wp-content\/uploads\/sites\/8\/2023\/11\/IMG-20230819-WA0013-768x1024.jpg\" alt=\"\" class=\"wp-image-1581\"\/><\/figure>\n<\/figure>\n<\/div><\/div>\n\n\n\n<div class=\"wp-block-pb-accordion-item c-accordion__item js-accordion-item no-js\" data-initially-open=\"false\" data-click-to-close=\"true\" data-auto-close=\"true\" data-scroll=\"false\" data-scroll-offset=\"0\"><h2 id=\"at-10894\" class=\"c-accordion__title js-accordion-controller\" role=\"button\">Livre t\u00e9moignages (cliquez)<\/h2><div id=\"ac-10894\" class=\"c-accordion__content\">\n<figure class=\"wp-block-gallery has-nested-images columns-4 is-cropped wp-block-gallery-4 is-layout-flex wp-block-gallery-is-layout-flex\">\n<figure class=\"wp-block-image size-large\"><img decoding=\"async\" data-id=\"1865\" src=\"https:\/\/villagesaintjoseph.org\/lapresence\/wp-content\/uploads\/sites\/8\/2023\/11\/FIC200518.jpg\" alt=\"\" class=\"wp-image-1865\"\/><figcaption class=\"wp-element-caption\">2023<\/figcaption><\/figure>\n\n\n\n<figure class=\"wp-block-image size-large\"><img decoding=\"async\" data-id=\"1866\" src=\"https:\/\/villagesaintjoseph.org\/lapresence\/wp-content\/uploads\/sites\/8\/2023\/11\/VSJ-Et-tout-devient-possible.jpg\" alt=\"\" class=\"wp-image-1866\"\/><figcaption class=\"wp-element-caption\">2014<\/figcaption><\/figure>\n\n\n\n<figure class=\"wp-block-image size-large\"><img decoding=\"async\" data-id=\"1867\" src=\"https:\/\/villagesaintjoseph.org\/lapresence\/wp-content\/uploads\/sites\/8\/2023\/11\/DVD-VSJ-Un-autre-chemin.jpg\" alt=\"\" class=\"wp-image-1867\"\/><figcaption class=\"wp-element-caption\">2012<\/figcaption><\/figure>\n<\/figure>\n\n\n\n<p><strong>Liens directs pour commander<\/strong> <a href=\"https:\/\/villagesaintjoseph.org\/boutique-de-la-federation-village-saint-joseph\/\" data-type=\"link\" data-id=\"https:\/\/villagesaintjoseph.org\/boutique-de-la-federation-village-saint-joseph\/\">Livre n\u00b01<\/a>               &#8211; <a href=\"https:\/\/villagesaintjoseph.org\/sycomore\/nous-aider\/la-boutique-du-sycomore\/\">Livre n\u00b02<\/a>                &#8211; <a href=\"https:\/\/www.laprocure.com\/product\/ean\/9782853137560\/mediani-monique-le-village-saint-joseph-et-tout-devient-possible\" data-type=\"link\" data-id=\"https:\/\/www.laprocure.com\/product\/ean\/9782853137560\/mediani-monique-le-village-saint-joseph-et-tout-devient-possible\">Livre n\u00b03<\/a>                   &#8211; <a href=\"https:\/\/www.laprocure.com\/product\/ean\/3460850106654\/chartier-laurence-le-village-saint-joseph-une-autre-chemin\" data-type=\"link\" data-id=\"https:\/\/www.laprocure.com\/product\/ean\/3460850106654\/chartier-laurence-le-village-saint-joseph-une-autre-chemin\">DVD<\/a><\/p>\n<\/div><\/div>\n\n\n\n<p><\/p>\n\n\n\n<p><\/p>\n\n\n\n<p><\/p>\n\n\n\n<p><strong>Comment commander un produit ou une cr\u00e9ation ?<\/strong><\/p>\n\n\n\n<p><strong>Tout est fait main et sur place<\/strong> par les personnes accueillies dans le cadre d&rsquo;activit\u00e9s. Les <strong>cr\u00e9ations originales<\/strong> pr\u00e9sent\u00e9es ci-dessus sont des \u00e9chantillons.  Il est possible de r\u00e9aliser des <strong>cr\u00e9ations sur mesure<\/strong>, en nombre ou personnalis\u00e9es. <\/p>\n\n\n\n<p> Les <strong>produits frais <\/strong>\u00e9voluent en fonction des saisons. <strong>En \u00e9t\u00e9,<\/strong> le surplus de production est mis \u00e0 disposition. <\/p>\n\n\n\n<p><\/p>\n\n\n\n<p><\/p>\n\n\n\n<div class=\"wp-block-buttons is-content-justification-center is-layout-flex wp-container-core-buttons-is-layout-a89b3969 wp-block-buttons-is-layout-flex\">\n<div class=\"wp-block-button\"><a class=\"wp-block-button__link has-orange-background-color has-background wp-element-button\" href=\"https:\/\/villagesaintjoseph.org\/saintefamille\/nous-contacter\/\"><strong>Contactez-nous pour commander et conna\u00eetre la disponibilit\u00e9, le d\u00e9lai et le prix conseill\u00e9<\/strong><\/a><\/div>\n<\/div>\n\n\n\n<p><\/p>\n","protected":false},"excerpt":{"rendered":"<p>Qu\u2019il est important pour les&nbsp;personnes accueillies au Village Saint Joseph de voir que leur cr\u00e9ation a du prix aux yeux des autres ! Qui que vous soyez, en achetant les productions de la maison, vous nous permettez d\u2019accueillir chacun sans que l\u2019argent ne soit un frein. De plus, vous valorisez le travail r\u00e9alis\u00e9 par les [&hellip;]<\/p>\n","protected":false},"author":6,"featured_media":0,"parent":14,"menu_order":9,"comment_status":"closed","ping_status":"closed","template":"","meta":{"inline_featured_image":false,"footnotes":""},"class_list":["post-1089","page","type-page","status-publish","hentry"],"acf":[],"yoast_head":"<!-- This site is optimized with the Yoast SEO plugin v27.3 - https:\/\/yoast.com\/product\/yoast-seo-wordpress\/ -->\n<title>Boutique - Maison Sainte Famille<\/title>\n<meta name=\"robots\" content=\"index, follow, max-snippet:-1, max-image-preview:large, max-video-preview:-1\" \/>\n<link rel=\"canonical\" href=\"https:\/\/villagesaintjoseph.org\/saintefamille\/la-maison-sainte-famille\/boutique\/\" \/>\n<meta property=\"og:locale\" content=\"fr_FR\" \/>\n<meta property=\"og:type\" content=\"article\" \/>\n<meta property=\"og:title\" content=\"Boutique - Maison Sainte Famille\" \/>\n<meta property=\"og:description\" content=\"Qu\u2019il est important pour les&nbsp;personnes accueillies au Village Saint Joseph de voir que leur cr\u00e9ation a du prix aux yeux des autres ! Qui que vous soyez, en achetant les productions de la maison, vous nous permettez d\u2019accueillir chacun sans que l\u2019argent ne soit un frein. De plus, vous valorisez le travail r\u00e9alis\u00e9 par les [&hellip;]\" \/>\n<meta property=\"og:url\" content=\"https:\/\/villagesaintjoseph.org\/saintefamille\/la-maison-sainte-famille\/boutique\/\" \/>\n<meta property=\"og:site_name\" content=\"Maison Sainte Famille\" \/>\n<meta property=\"article:modified_time\" content=\"2026-02-27T09:11:39+00:00\" \/>\n<meta name=\"twitter:card\" content=\"summary_large_image\" \/>\n<meta name=\"twitter:label1\" content=\"Dur\u00e9e de lecture estim\u00e9e\" \/>\n\t<meta name=\"twitter:data1\" content=\"1 minute\" \/>\n<script type=\"application\/ld+json\" class=\"yoast-schema-graph\">{\"@context\":\"https:\\\/\\\/schema.org\",\"@graph\":[{\"@type\":\"WebPage\",\"@id\":\"https:\\\/\\\/villagesaintjoseph.org\\\/saintefamille\\\/la-maison-sainte-famille\\\/boutique\\\/\",\"url\":\"https:\\\/\\\/villagesaintjoseph.org\\\/saintefamille\\\/la-maison-sainte-famille\\\/boutique\\\/\",\"name\":\"Boutique - Maison Sainte Famille\",\"isPartOf\":{\"@id\":\"https:\\\/\\\/villagesaintjoseph.org\\\/saintefamille\\\/#website\"},\"primaryImageOfPage\":{\"@id\":\"https:\\\/\\\/villagesaintjoseph.org\\\/saintefamille\\\/la-maison-sainte-famille\\\/boutique\\\/#primaryimage\"},\"image\":{\"@id\":\"https:\\\/\\\/villagesaintjoseph.org\\\/saintefamille\\\/la-maison-sainte-famille\\\/boutique\\\/#primaryimage\"},\"thumbnailUrl\":\"https:\\\/\\\/villagesaintjoseph.org\\\/lapresence\\\/wp-content\\\/uploads\\\/sites\\\/8\\\/2023\\\/11\\\/IMG_3489-1024x683.jpg\",\"datePublished\":\"2023-11-09T16:29:38+00:00\",\"dateModified\":\"2026-02-27T09:11:39+00:00\",\"breadcrumb\":{\"@id\":\"https:\\\/\\\/villagesaintjoseph.org\\\/saintefamille\\\/la-maison-sainte-famille\\\/boutique\\\/#breadcrumb\"},\"inLanguage\":\"fr-FR\",\"potentialAction\":[{\"@type\":\"ReadAction\",\"target\":[\"https:\\\/\\\/villagesaintjoseph.org\\\/saintefamille\\\/la-maison-sainte-famille\\\/boutique\\\/\"]}]},{\"@type\":\"ImageObject\",\"inLanguage\":\"fr-FR\",\"@id\":\"https:\\\/\\\/villagesaintjoseph.org\\\/saintefamille\\\/la-maison-sainte-famille\\\/boutique\\\/#primaryimage\",\"url\":\"https:\\\/\\\/villagesaintjoseph.org\\\/lapresence\\\/wp-content\\\/uploads\\\/sites\\\/8\\\/2023\\\/11\\\/IMG_3489-1024x683.jpg\",\"contentUrl\":\"https:\\\/\\\/villagesaintjoseph.org\\\/lapresence\\\/wp-content\\\/uploads\\\/sites\\\/8\\\/2023\\\/11\\\/IMG_3489-1024x683.jpg\"},{\"@type\":\"BreadcrumbList\",\"@id\":\"https:\\\/\\\/villagesaintjoseph.org\\\/saintefamille\\\/la-maison-sainte-famille\\\/boutique\\\/#breadcrumb\",\"itemListElement\":[{\"@type\":\"ListItem\",\"position\":1,\"name\":\"Accueil\",\"item\":\"https:\\\/\\\/villagesaintjoseph.org\\\/saintefamille\\\/\"},{\"@type\":\"ListItem\",\"position\":2,\"name\":\"La Maison Sainte Famille\",\"item\":\"https:\\\/\\\/villagesaintjoseph.org\\\/saintefamille\\\/\"},{\"@type\":\"ListItem\",\"position\":3,\"name\":\"Boutique\"}]},{\"@type\":\"WebSite\",\"@id\":\"https:\\\/\\\/villagesaintjoseph.org\\\/saintefamille\\\/#website\",\"url\":\"https:\\\/\\\/villagesaintjoseph.org\\\/saintefamille\\\/\",\"name\":\"Maison Sainte Famille\",\"description\":\"\",\"potentialAction\":[{\"@type\":\"SearchAction\",\"target\":{\"@type\":\"EntryPoint\",\"urlTemplate\":\"https:\\\/\\\/villagesaintjoseph.org\\\/saintefamille\\\/?s={search_term_string}\"},\"query-input\":{\"@type\":\"PropertyValueSpecification\",\"valueRequired\":true,\"valueName\":\"search_term_string\"}}],\"inLanguage\":\"fr-FR\"}]}<\/script>\n<!-- \/ Yoast SEO plugin. -->","yoast_head_json":{"title":"Boutique - Maison Sainte Famille","robots":{"index":"index","follow":"follow","max-snippet":"max-snippet:-1","max-image-preview":"max-image-preview:large","max-video-preview":"max-video-preview:-1"},"canonical":"https:\/\/villagesaintjoseph.org\/saintefamille\/la-maison-sainte-famille\/boutique\/","og_locale":"fr_FR","og_type":"article","og_title":"Boutique - Maison Sainte Famille","og_description":"Qu\u2019il est important pour les&nbsp;personnes accueillies au Village Saint Joseph de voir que leur cr\u00e9ation a du prix aux yeux des autres ! Qui que vous soyez, en achetant les productions de la maison, vous nous permettez d\u2019accueillir chacun sans que l\u2019argent ne soit un frein. De plus, vous valorisez le travail r\u00e9alis\u00e9 par les [&hellip;]","og_url":"https:\/\/villagesaintjoseph.org\/saintefamille\/la-maison-sainte-famille\/boutique\/","og_site_name":"Maison Sainte Famille","article_modified_time":"2026-02-27T09:11:39+00:00","twitter_card":"summary_large_image","twitter_misc":{"Dur\u00e9e de lecture estim\u00e9e":"1 minute"},"schema":{"@context":"https:\/\/schema.org","@graph":[{"@type":"WebPage","@id":"https:\/\/villagesaintjoseph.org\/saintefamille\/la-maison-sainte-famille\/boutique\/","url":"https:\/\/villagesaintjoseph.org\/saintefamille\/la-maison-sainte-famille\/boutique\/","name":"Boutique - Maison Sainte Famille","isPartOf":{"@id":"https:\/\/villagesaintjoseph.org\/saintefamille\/#website"},"primaryImageOfPage":{"@id":"https:\/\/villagesaintjoseph.org\/saintefamille\/la-maison-sainte-famille\/boutique\/#primaryimage"},"image":{"@id":"https:\/\/villagesaintjoseph.org\/saintefamille\/la-maison-sainte-famille\/boutique\/#primaryimage"},"thumbnailUrl":"https:\/\/villagesaintjoseph.org\/lapresence\/wp-content\/uploads\/sites\/8\/2023\/11\/IMG_3489-1024x683.jpg","datePublished":"2023-11-09T16:29:38+00:00","dateModified":"2026-02-27T09:11:39+00:00","breadcrumb":{"@id":"https:\/\/villagesaintjoseph.org\/saintefamille\/la-maison-sainte-famille\/boutique\/#breadcrumb"},"inLanguage":"fr-FR","potentialAction":[{"@type":"ReadAction","target":["https:\/\/villagesaintjoseph.org\/saintefamille\/la-maison-sainte-famille\/boutique\/"]}]},{"@type":"ImageObject","inLanguage":"fr-FR","@id":"https:\/\/villagesaintjoseph.org\/saintefamille\/la-maison-sainte-famille\/boutique\/#primaryimage","url":"https:\/\/villagesaintjoseph.org\/lapresence\/wp-content\/uploads\/sites\/8\/2023\/11\/IMG_3489-1024x683.jpg","contentUrl":"https:\/\/villagesaintjoseph.org\/lapresence\/wp-content\/uploads\/sites\/8\/2023\/11\/IMG_3489-1024x683.jpg"},{"@type":"BreadcrumbList","@id":"https:\/\/villagesaintjoseph.org\/saintefamille\/la-maison-sainte-famille\/boutique\/#breadcrumb","itemListElement":[{"@type":"ListItem","position":1,"name":"Accueil","item":"https:\/\/villagesaintjoseph.org\/saintefamille\/"},{"@type":"ListItem","position":2,"name":"La Maison Sainte Famille","item":"https:\/\/villagesaintjoseph.org\/saintefamille\/"},{"@type":"ListItem","position":3,"name":"Boutique"}]},{"@type":"WebSite","@id":"https:\/\/villagesaintjoseph.org\/saintefamille\/#website","url":"https:\/\/villagesaintjoseph.org\/saintefamille\/","name":"Maison Sainte Famille","description":"","potentialAction":[{"@type":"SearchAction","target":{"@type":"EntryPoint","urlTemplate":"https:\/\/villagesaintjoseph.org\/saintefamille\/?s={search_term_string}"},"query-input":{"@type":"PropertyValueSpecification","valueRequired":true,"valueName":"search_term_string"}}],"inLanguage":"fr-FR"}]}},"_links":{"self":[{"href":"https:\/\/villagesaintjoseph.org\/saintefamille\/wp-json\/wp\/v2\/pages\/1089","targetHints":{"allow":["GET"]}}],"collection":[{"href":"https:\/\/villagesaintjoseph.org\/saintefamille\/wp-json\/wp\/v2\/pages"}],"about":[{"href":"https:\/\/villagesaintjoseph.org\/saintefamille\/wp-json\/wp\/v2\/types\/page"}],"author":[{"embeddable":true,"href":"https:\/\/villagesaintjoseph.org\/saintefamille\/wp-json\/wp\/v2\/users\/6"}],"replies":[{"embeddable":true,"href":"https:\/\/villagesaintjoseph.org\/saintefamille\/wp-json\/wp\/v2\/comments?post=1089"}],"version-history":[{"count":3,"href":"https:\/\/villagesaintjoseph.org\/saintefamille\/wp-json\/wp\/v2\/pages\/1089\/revisions"}],"predecessor-version":[{"id":2937,"href":"https:\/\/villagesaintjoseph.org\/saintefamille\/wp-json\/wp\/v2\/pages\/1089\/revisions\/2937"}],"up":[{"embeddable":true,"href":"https:\/\/villagesaintjoseph.org\/saintefamille\/wp-json\/wp\/v2\/pages\/14"}],"wp:attachment":[{"href":"https:\/\/villagesaintjoseph.org\/saintefamille\/wp-json\/wp\/v2\/media?parent=1089"}],"curies":[{"name":"wp","href":"https:\/\/api.w.org\/{rel}","templated":true}]}}