{"id":147,"date":"2022-01-10T15:15:55","date_gmt":"2022-01-10T14:15:55","guid":{"rendered":"https:\/\/sessines.stjoseph.ovh\/?page_id=147"},"modified":"2025-12-19T13:23:01","modified_gmt":"2025-12-19T12:23:01","slug":"nous-aider","status":"publish","type":"page","link":"https:\/\/villagesaintjoseph.org\/saintefamille\/nous-aider\/","title":{"rendered":"Nous aider"},"content":{"rendered":"\n<p>Le Village Saint Joseph vit essentiellement de <strong>dons<\/strong>. Il ne re\u00e7oit <strong>aucune subvention publique<\/strong> afin d\u2019accueillir librement toute personne.<\/p>\n\n\n\n<p>Les accueillis sont invit\u00e9s \u00e0 participer aux frais de la Maison par le paiement d\u2019un loyer ainsi que des charges quotidiennes, en fonction de leurs ressources. Cependant, rares sont les cas o\u00f9 la personne peut donner la totalit\u00e9 des frais engendr\u00e9s par son accueil (globalement, elles sont en mesure d\u2019assumer <strong>20% des charges concr\u00e8tes<\/strong> de l\u2019association).<\/p>\n\n\n\n<p>Ce sont les donateurs qui, par leur g\u00e9n\u00e9rosit\u00e9, <strong>permettent l\u2019accueil<\/strong> et la reconstruction de ceux qui n\u2019ont pas assez, pas grand-chose, ou parfois m\u00eame rien\u2026<\/p>\n\n\n\n<p>Vous pouvez \u00e9galement nous soutenir par des dons de mat\u00e9riel, de nourriture, de fournitures, etc.<\/p>\n\n\n\n<p>Nous comptons \u00e9galement sur vos pri\u00e8res pour nous soutenir.<\/p>\n","protected":false},"excerpt":{"rendered":"<p>Le Village Saint Joseph vit essentiellement de dons. Il ne re\u00e7oit aucune subvention publique afin d\u2019accueillir librement toute personne. Les accueillis sont invit\u00e9s \u00e0 participer aux frais de la Maison par le paiement d\u2019un loyer ainsi que des charges quotidiennes, en fonction de leurs ressources. Cependant, rares sont les cas o\u00f9 la personne peut donner [&hellip;]<\/p>\n","protected":false},"author":6,"featured_media":381,"parent":0,"menu_order":10,"comment_status":"closed","ping_status":"closed","template":"","meta":{"inline_featured_image":false,"footnotes":""},"class_list":["post-147","page","type-page","status-publish","has-post-thumbnail","hentry"],"acf":[],"yoast_head":"<!-- This site is optimized with the Yoast SEO plugin v27.3 - https:\/\/yoast.com\/product\/yoast-seo-wordpress\/ -->\n<title>Nous aider - Maison Sainte Famille<\/title>\n<meta name=\"robots\" content=\"index, follow, max-snippet:-1, max-image-preview:large, max-video-preview:-1\" \/>\n<link rel=\"canonical\" href=\"https:\/\/villagesaintjoseph.org\/saintefamille\/nous-aider\/\" \/>\n<meta property=\"og:locale\" content=\"fr_FR\" \/>\n<meta property=\"og:type\" content=\"article\" \/>\n<meta property=\"og:title\" content=\"Nous aider - Maison Sainte Famille\" \/>\n<meta property=\"og:description\" content=\"Le Village Saint Joseph vit essentiellement de dons. Il ne re\u00e7oit aucune subvention publique afin d\u2019accueillir librement toute personne. Les accueillis sont invit\u00e9s \u00e0 participer aux frais de la Maison par le paiement d\u2019un loyer ainsi que des charges quotidiennes, en fonction de leurs ressources. Cependant, rares sont les cas o\u00f9 la personne peut donner [&hellip;]\" \/>\n<meta property=\"og:url\" content=\"https:\/\/villagesaintjoseph.org\/saintefamille\/nous-aider\/\" \/>\n<meta property=\"og:site_name\" content=\"Maison Sainte Famille\" \/>\n<meta property=\"article:modified_time\" content=\"2025-12-19T12:23:01+00:00\" \/>\n<meta name=\"twitter:card\" content=\"summary_large_image\" \/>\n<meta name=\"twitter:label1\" content=\"Dur\u00e9e de lecture estim\u00e9e\" \/>\n\t<meta name=\"twitter:data1\" content=\"1 minute\" \/>\n<script type=\"application\/ld+json\" class=\"yoast-schema-graph\">{\"@context\":\"https:\\\/\\\/schema.org\",\"@graph\":[{\"@type\":\"WebPage\",\"@id\":\"https:\\\/\\\/villagesaintjoseph.org\\\/saintefamille\\\/nous-aider\\\/\",\"url\":\"https:\\\/\\\/villagesaintjoseph.org\\\/saintefamille\\\/nous-aider\\\/\",\"name\":\"Nous aider - Maison Sainte Famille\",\"isPartOf\":{\"@id\":\"https:\\\/\\\/villagesaintjoseph.org\\\/saintefamille\\\/#website\"},\"primaryImageOfPage\":{\"@id\":\"https:\\\/\\\/villagesaintjoseph.org\\\/saintefamille\\\/nous-aider\\\/#primaryimage\"},\"image\":{\"@id\":\"https:\\\/\\\/villagesaintjoseph.org\\\/saintefamille\\\/nous-aider\\\/#primaryimage\"},\"thumbnailUrl\":\"\",\"datePublished\":\"2022-01-10T14:15:55+00:00\",\"dateModified\":\"2025-12-19T12:23:01+00:00\",\"breadcrumb\":{\"@id\":\"https:\\\/\\\/villagesaintjoseph.org\\\/saintefamille\\\/nous-aider\\\/#breadcrumb\"},\"inLanguage\":\"fr-FR\",\"potentialAction\":[{\"@type\":\"ReadAction\",\"target\":[\"https:\\\/\\\/villagesaintjoseph.org\\\/saintefamille\\\/nous-aider\\\/\"]}]},{\"@type\":\"ImageObject\",\"inLanguage\":\"fr-FR\",\"@id\":\"https:\\\/\\\/villagesaintjoseph.org\\\/saintefamille\\\/nous-aider\\\/#primaryimage\",\"url\":\"\",\"contentUrl\":\"\"},{\"@type\":\"BreadcrumbList\",\"@id\":\"https:\\\/\\\/villagesaintjoseph.org\\\/saintefamille\\\/nous-aider\\\/#breadcrumb\",\"itemListElement\":[{\"@type\":\"ListItem\",\"position\":1,\"name\":\"Accueil\",\"item\":\"https:\\\/\\\/villagesaintjoseph.org\\\/saintefamille\\\/\"},{\"@type\":\"ListItem\",\"position\":2,\"name\":\"Nous aider\"}]},{\"@type\":\"WebSite\",\"@id\":\"https:\\\/\\\/villagesaintjoseph.org\\\/saintefamille\\\/#website\",\"url\":\"https:\\\/\\\/villagesaintjoseph.org\\\/saintefamille\\\/\",\"name\":\"Maison Sainte Famille\",\"description\":\"\",\"potentialAction\":[{\"@type\":\"SearchAction\",\"target\":{\"@type\":\"EntryPoint\",\"urlTemplate\":\"https:\\\/\\\/villagesaintjoseph.org\\\/saintefamille\\\/?s={search_term_string}\"},\"query-input\":{\"@type\":\"PropertyValueSpecification\",\"valueRequired\":true,\"valueName\":\"search_term_string\"}}],\"inLanguage\":\"fr-FR\"}]}<\/script>\n<!-- \/ Yoast SEO plugin. -->","yoast_head_json":{"title":"Nous aider - Maison Sainte Famille","robots":{"index":"index","follow":"follow","max-snippet":"max-snippet:-1","max-image-preview":"max-image-preview:large","max-video-preview":"max-video-preview:-1"},"canonical":"https:\/\/villagesaintjoseph.org\/saintefamille\/nous-aider\/","og_locale":"fr_FR","og_type":"article","og_title":"Nous aider - Maison Sainte Famille","og_description":"Le Village Saint Joseph vit essentiellement de dons. Il ne re\u00e7oit aucune subvention publique afin d\u2019accueillir librement toute personne. Les accueillis sont invit\u00e9s \u00e0 participer aux frais de la Maison par le paiement d\u2019un loyer ainsi que des charges quotidiennes, en fonction de leurs ressources. Cependant, rares sont les cas o\u00f9 la personne peut donner [&hellip;]","og_url":"https:\/\/villagesaintjoseph.org\/saintefamille\/nous-aider\/","og_site_name":"Maison Sainte Famille","article_modified_time":"2025-12-19T12:23:01+00:00","twitter_card":"summary_large_image","twitter_misc":{"Dur\u00e9e de lecture estim\u00e9e":"1 minute"},"schema":{"@context":"https:\/\/schema.org","@graph":[{"@type":"WebPage","@id":"https:\/\/villagesaintjoseph.org\/saintefamille\/nous-aider\/","url":"https:\/\/villagesaintjoseph.org\/saintefamille\/nous-aider\/","name":"Nous aider - Maison Sainte Famille","isPartOf":{"@id":"https:\/\/villagesaintjoseph.org\/saintefamille\/#website"},"primaryImageOfPage":{"@id":"https:\/\/villagesaintjoseph.org\/saintefamille\/nous-aider\/#primaryimage"},"image":{"@id":"https:\/\/villagesaintjoseph.org\/saintefamille\/nous-aider\/#primaryimage"},"thumbnailUrl":"","datePublished":"2022-01-10T14:15:55+00:00","dateModified":"2025-12-19T12:23:01+00:00","breadcrumb":{"@id":"https:\/\/villagesaintjoseph.org\/saintefamille\/nous-aider\/#breadcrumb"},"inLanguage":"fr-FR","potentialAction":[{"@type":"ReadAction","target":["https:\/\/villagesaintjoseph.org\/saintefamille\/nous-aider\/"]}]},{"@type":"ImageObject","inLanguage":"fr-FR","@id":"https:\/\/villagesaintjoseph.org\/saintefamille\/nous-aider\/#primaryimage","url":"","contentUrl":""},{"@type":"BreadcrumbList","@id":"https:\/\/villagesaintjoseph.org\/saintefamille\/nous-aider\/#breadcrumb","itemListElement":[{"@type":"ListItem","position":1,"name":"Accueil","item":"https:\/\/villagesaintjoseph.org\/saintefamille\/"},{"@type":"ListItem","position":2,"name":"Nous aider"}]},{"@type":"WebSite","@id":"https:\/\/villagesaintjoseph.org\/saintefamille\/#website","url":"https:\/\/villagesaintjoseph.org\/saintefamille\/","name":"Maison Sainte Famille","description":"","potentialAction":[{"@type":"SearchAction","target":{"@type":"EntryPoint","urlTemplate":"https:\/\/villagesaintjoseph.org\/saintefamille\/?s={search_term_string}"},"query-input":{"@type":"PropertyValueSpecification","valueRequired":true,"valueName":"search_term_string"}}],"inLanguage":"fr-FR"}]}},"_links":{"self":[{"href":"https:\/\/villagesaintjoseph.org\/saintefamille\/wp-json\/wp\/v2\/pages\/147","targetHints":{"allow":["GET"]}}],"collection":[{"href":"https:\/\/villagesaintjoseph.org\/saintefamille\/wp-json\/wp\/v2\/pages"}],"about":[{"href":"https:\/\/villagesaintjoseph.org\/saintefamille\/wp-json\/wp\/v2\/types\/page"}],"author":[{"embeddable":true,"href":"https:\/\/villagesaintjoseph.org\/saintefamille\/wp-json\/wp\/v2\/users\/6"}],"replies":[{"embeddable":true,"href":"https:\/\/villagesaintjoseph.org\/saintefamille\/wp-json\/wp\/v2\/comments?post=147"}],"version-history":[{"count":1,"href":"https:\/\/villagesaintjoseph.org\/saintefamille\/wp-json\/wp\/v2\/pages\/147\/revisions"}],"predecessor-version":[{"id":2812,"href":"https:\/\/villagesaintjoseph.org\/saintefamille\/wp-json\/wp\/v2\/pages\/147\/revisions\/2812"}],"wp:featuredmedia":[{"embeddable":true,"href":"https:\/\/villagesaintjoseph.org\/saintefamille\/wp-json\/"}],"wp:attachment":[{"href":"https:\/\/villagesaintjoseph.org\/saintefamille\/wp-json\/wp\/v2\/media?parent=147"}],"curies":[{"name":"wp","href":"https:\/\/api.w.org\/{rel}","templated":true}]}}