{"id":181,"date":"2022-07-06T11:25:27","date_gmt":"2022-07-06T09:25:27","guid":{"rendered":"https:\/\/sessines.stjoseph.ovh\/?page_id=181"},"modified":"2025-12-19T23:01:45","modified_gmt":"2025-12-19T22:01:45","slug":"une-journee-type-a-la-maison-sainte-famille","status":"publish","type":"page","link":"https:\/\/villagesaintjoseph.org\/saintefamille\/vous-accueillir\/une-journee-type-a-la-maison-sainte-famille\/","title":{"rendered":"Une journ\u00e9e \u00e0 la Maison Sainte Famille"},"content":{"rendered":"\n<p>Chaque journ\u00e9e est organis\u00e9e selon un <strong>horaire<\/strong>, qui peut cependant \u00eatre <strong>adapt\u00e9<\/strong> suivant les personnes, les priorit\u00e9s du moment et les \u00e9v\u00e9nements. L\u2019essentiel, pour nous, est de garder fermement les <strong>trois piliers<\/strong> de notre vie&nbsp;: la vie spirituelle, la vie fraternelle et les activit\u00e9s.<\/p>\n\n\n\n\n\n\n<p>Une journ\u00e9e type \u00e0 la Maison Sainte Famille :<\/p>\n\n\n\n<ul class=\"wp-block-list\">\n<li>A partir de 7h30 : <strong>Petit d\u00e9jeuner<\/strong> (libre)<\/li>\n\n\n\n<li>8h30 : Partage de l&rsquo;<strong>\u00c9vangile<\/strong> dans la Chapelle<\/li>\n<\/ul>\n\n\n\n<ul class=\"wp-block-list\">\n<li>9h00 : R\u00e9union de journ\u00e9e<\/li>\n<\/ul>\n\n\n\n<ul class=\"wp-block-list\">\n<li>9h15 &#8211; 12h00 : <strong>Activit\u00e9s<\/strong> (pause de 10 min. \u00e0 10h30)<\/li>\n<\/ul>\n\n\n\n<ul class=\"wp-block-list\">\n<li>12h15 : <strong>Repas<\/strong> puis vaisselle<\/li>\n<\/ul>\n\n\n\n<ul class=\"wp-block-list\">\n<li>13h30 &#8211; 15h00 : Temps libre<\/li>\n<\/ul>\n\n\n\n<ul class=\"wp-block-list\">\n<li>15h00 &#8211; 17h30 : <strong>Activit\u00e9s<\/strong> (pause de 10min. \u00e0 16h20)<\/li>\n<\/ul>\n\n\n\n<ul class=\"wp-block-list\">\n<li>18h &#8211; 18h45 : Temps libre (douches, rangement chambres)<\/li>\n<\/ul>\n\n\n\n<ul class=\"wp-block-list\">\n<li>19h00 : <strong>D\u00eener <\/strong><\/li>\n<\/ul>\n\n\n\n<p><\/p>\n\n\n\n<ul class=\"wp-block-list\">\n<li><strong>Soir\u00e9e libre <\/strong>: louange le mardi soir, film, jeux, etc.<\/li>\n<\/ul>\n\n\n\n<p><\/p>\n\n\n\n<p><\/p>\n\n\n<section class=\"grille-enfants grid-x grid-container grid-margin-x align-center\">\n\n        \n                <a href=\"https:\/\/villagesaintjoseph.org\/saintefamille\/les-3-pilliers\/\" class=\" grille-enfants__item cell large-4 medium-6 small-12\">\n                                        <p class=\"grille-enfants__item__title\">Les trois piliers du Village<\/p>\n                                         <div class=\"grille-enfants__item__tooltip\">\n\t                   Village Saint Joseph                    <\/div>\n                                    <\/a>  \n\n        \n                <a href=\"https:\/\/villagesaintjoseph.org\/saintefamille\/la-maison-sainte-famille\/activites-de-la-maison-sainte-famille\/\" class=\" grille-enfants__item cell large-4 medium-6 small-12\">\n                                        <p class=\"grille-enfants__item__title\">Les activit\u00e9s de La Maison Sainte Famille<\/p>\n                                         <div class=\"grille-enfants__item__tooltip\">\n\t                   La Maison Sainte Famille                    <\/div>\n                                    <\/a>  \n\n          \n\n    <\/section> \n \n\n\n\n<p><\/p>\n","protected":false},"excerpt":{"rendered":"<p>Chaque journ\u00e9e est organis\u00e9e selon un horaire, qui peut cependant \u00eatre adapt\u00e9 suivant les personnes, les priorit\u00e9s du moment et les \u00e9v\u00e9nements. L\u2019essentiel, pour nous, est de garder fermement les trois piliers de notre vie&nbsp;: la vie spirituelle, la vie fraternelle et les activit\u00e9s. Une journ\u00e9e type \u00e0 la Maison Sainte Famille :<\/p>\n","protected":false},"author":6,"featured_media":630,"parent":73,"menu_order":19,"comment_status":"closed","ping_status":"closed","template":"","meta":{"inline_featured_image":false,"footnotes":""},"class_list":["post-181","page","type-page","status-publish","has-post-thumbnail","hentry"],"acf":[],"yoast_head":"<!-- This site is optimized with the Yoast SEO plugin v27.3 - https:\/\/yoast.com\/product\/yoast-seo-wordpress\/ -->\n<title>Une journ\u00e9e \u00e0 la Maison Sainte Famille - Maison Sainte Famille<\/title>\n<meta name=\"robots\" content=\"index, follow, max-snippet:-1, max-image-preview:large, max-video-preview:-1\" \/>\n<link rel=\"canonical\" href=\"https:\/\/villagesaintjoseph.org\/saintefamille\/vous-accueillir\/une-journee-type-a-la-maison-sainte-famille\/\" \/>\n<meta property=\"og:locale\" content=\"fr_FR\" \/>\n<meta property=\"og:type\" content=\"article\" \/>\n<meta property=\"og:title\" content=\"Une journ\u00e9e \u00e0 la Maison Sainte Famille - Maison Sainte Famille\" \/>\n<meta property=\"og:description\" content=\"Chaque journ\u00e9e est organis\u00e9e selon un horaire, qui peut cependant \u00eatre adapt\u00e9 suivant les personnes, les priorit\u00e9s du moment et les \u00e9v\u00e9nements. L\u2019essentiel, pour nous, est de garder fermement les trois piliers de notre vie&nbsp;: la vie spirituelle, la vie fraternelle et les activit\u00e9s. Une journ\u00e9e type \u00e0 la Maison Sainte Famille :\" \/>\n<meta property=\"og:url\" content=\"https:\/\/villagesaintjoseph.org\/saintefamille\/vous-accueillir\/une-journee-type-a-la-maison-sainte-famille\/\" \/>\n<meta property=\"og:site_name\" content=\"Maison Sainte Famille\" \/>\n<meta property=\"article:modified_time\" content=\"2025-12-19T22:01:45+00:00\" \/>\n<meta name=\"twitter:card\" content=\"summary_large_image\" \/>\n<meta name=\"twitter:label1\" content=\"Dur\u00e9e de lecture estim\u00e9e\" \/>\n\t<meta name=\"twitter:data1\" content=\"1 minute\" \/>\n<script type=\"application\/ld+json\" class=\"yoast-schema-graph\">{\"@context\":\"https:\\\/\\\/schema.org\",\"@graph\":[{\"@type\":\"WebPage\",\"@id\":\"https:\\\/\\\/villagesaintjoseph.org\\\/saintefamille\\\/vous-accueillir\\\/une-journee-type-a-la-maison-sainte-famille\\\/\",\"url\":\"https:\\\/\\\/villagesaintjoseph.org\\\/saintefamille\\\/vous-accueillir\\\/une-journee-type-a-la-maison-sainte-famille\\\/\",\"name\":\"Une journ\u00e9e \u00e0 la Maison Sainte Famille - Maison Sainte Famille\",\"isPartOf\":{\"@id\":\"https:\\\/\\\/villagesaintjoseph.org\\\/saintefamille\\\/#website\"},\"primaryImageOfPage\":{\"@id\":\"https:\\\/\\\/villagesaintjoseph.org\\\/saintefamille\\\/vous-accueillir\\\/une-journee-type-a-la-maison-sainte-famille\\\/#primaryimage\"},\"image\":{\"@id\":\"https:\\\/\\\/villagesaintjoseph.org\\\/saintefamille\\\/vous-accueillir\\\/une-journee-type-a-la-maison-sainte-famille\\\/#primaryimage\"},\"thumbnailUrl\":\"\",\"datePublished\":\"2022-07-06T09:25:27+00:00\",\"dateModified\":\"2025-12-19T22:01:45+00:00\",\"breadcrumb\":{\"@id\":\"https:\\\/\\\/villagesaintjoseph.org\\\/saintefamille\\\/vous-accueillir\\\/une-journee-type-a-la-maison-sainte-famille\\\/#breadcrumb\"},\"inLanguage\":\"fr-FR\",\"potentialAction\":[{\"@type\":\"ReadAction\",\"target\":[\"https:\\\/\\\/villagesaintjoseph.org\\\/saintefamille\\\/vous-accueillir\\\/une-journee-type-a-la-maison-sainte-famille\\\/\"]}]},{\"@type\":\"ImageObject\",\"inLanguage\":\"fr-FR\",\"@id\":\"https:\\\/\\\/villagesaintjoseph.org\\\/saintefamille\\\/vous-accueillir\\\/une-journee-type-a-la-maison-sainte-famille\\\/#primaryimage\",\"url\":\"\",\"contentUrl\":\"\"},{\"@type\":\"BreadcrumbList\",\"@id\":\"https:\\\/\\\/villagesaintjoseph.org\\\/saintefamille\\\/vous-accueillir\\\/une-journee-type-a-la-maison-sainte-famille\\\/#breadcrumb\",\"itemListElement\":[{\"@type\":\"ListItem\",\"position\":1,\"name\":\"Accueil\",\"item\":\"https:\\\/\\\/villagesaintjoseph.org\\\/saintefamille\\\/\"},{\"@type\":\"ListItem\",\"position\":2,\"name\":\"Vous accueillir\",\"item\":\"https:\\\/\\\/villagesaintjoseph.org\\\/saintefamille\\\/vous-accueillir\\\/\"},{\"@type\":\"ListItem\",\"position\":3,\"name\":\"Une journ\u00e9e \u00e0 la Maison Sainte Famille\"}]},{\"@type\":\"WebSite\",\"@id\":\"https:\\\/\\\/villagesaintjoseph.org\\\/saintefamille\\\/#website\",\"url\":\"https:\\\/\\\/villagesaintjoseph.org\\\/saintefamille\\\/\",\"name\":\"Maison Sainte Famille\",\"description\":\"\",\"potentialAction\":[{\"@type\":\"SearchAction\",\"target\":{\"@type\":\"EntryPoint\",\"urlTemplate\":\"https:\\\/\\\/villagesaintjoseph.org\\\/saintefamille\\\/?s={search_term_string}\"},\"query-input\":{\"@type\":\"PropertyValueSpecification\",\"valueRequired\":true,\"valueName\":\"search_term_string\"}}],\"inLanguage\":\"fr-FR\"}]}<\/script>\n<!-- \/ Yoast SEO plugin. -->","yoast_head_json":{"title":"Une journ\u00e9e \u00e0 la Maison Sainte Famille - Maison Sainte Famille","robots":{"index":"index","follow":"follow","max-snippet":"max-snippet:-1","max-image-preview":"max-image-preview:large","max-video-preview":"max-video-preview:-1"},"canonical":"https:\/\/villagesaintjoseph.org\/saintefamille\/vous-accueillir\/une-journee-type-a-la-maison-sainte-famille\/","og_locale":"fr_FR","og_type":"article","og_title":"Une journ\u00e9e \u00e0 la Maison Sainte Famille - Maison Sainte Famille","og_description":"Chaque journ\u00e9e est organis\u00e9e selon un horaire, qui peut cependant \u00eatre adapt\u00e9 suivant les personnes, les priorit\u00e9s du moment et les \u00e9v\u00e9nements. L\u2019essentiel, pour nous, est de garder fermement les trois piliers de notre vie&nbsp;: la vie spirituelle, la vie fraternelle et les activit\u00e9s. Une journ\u00e9e type \u00e0 la Maison Sainte Famille :","og_url":"https:\/\/villagesaintjoseph.org\/saintefamille\/vous-accueillir\/une-journee-type-a-la-maison-sainte-famille\/","og_site_name":"Maison Sainte Famille","article_modified_time":"2025-12-19T22:01:45+00:00","twitter_card":"summary_large_image","twitter_misc":{"Dur\u00e9e de lecture estim\u00e9e":"1 minute"},"schema":{"@context":"https:\/\/schema.org","@graph":[{"@type":"WebPage","@id":"https:\/\/villagesaintjoseph.org\/saintefamille\/vous-accueillir\/une-journee-type-a-la-maison-sainte-famille\/","url":"https:\/\/villagesaintjoseph.org\/saintefamille\/vous-accueillir\/une-journee-type-a-la-maison-sainte-famille\/","name":"Une journ\u00e9e \u00e0 la Maison Sainte Famille - Maison Sainte Famille","isPartOf":{"@id":"https:\/\/villagesaintjoseph.org\/saintefamille\/#website"},"primaryImageOfPage":{"@id":"https:\/\/villagesaintjoseph.org\/saintefamille\/vous-accueillir\/une-journee-type-a-la-maison-sainte-famille\/#primaryimage"},"image":{"@id":"https:\/\/villagesaintjoseph.org\/saintefamille\/vous-accueillir\/une-journee-type-a-la-maison-sainte-famille\/#primaryimage"},"thumbnailUrl":"","datePublished":"2022-07-06T09:25:27+00:00","dateModified":"2025-12-19T22:01:45+00:00","breadcrumb":{"@id":"https:\/\/villagesaintjoseph.org\/saintefamille\/vous-accueillir\/une-journee-type-a-la-maison-sainte-famille\/#breadcrumb"},"inLanguage":"fr-FR","potentialAction":[{"@type":"ReadAction","target":["https:\/\/villagesaintjoseph.org\/saintefamille\/vous-accueillir\/une-journee-type-a-la-maison-sainte-famille\/"]}]},{"@type":"ImageObject","inLanguage":"fr-FR","@id":"https:\/\/villagesaintjoseph.org\/saintefamille\/vous-accueillir\/une-journee-type-a-la-maison-sainte-famille\/#primaryimage","url":"","contentUrl":""},{"@type":"BreadcrumbList","@id":"https:\/\/villagesaintjoseph.org\/saintefamille\/vous-accueillir\/une-journee-type-a-la-maison-sainte-famille\/#breadcrumb","itemListElement":[{"@type":"ListItem","position":1,"name":"Accueil","item":"https:\/\/villagesaintjoseph.org\/saintefamille\/"},{"@type":"ListItem","position":2,"name":"Vous accueillir","item":"https:\/\/villagesaintjoseph.org\/saintefamille\/vous-accueillir\/"},{"@type":"ListItem","position":3,"name":"Une journ\u00e9e \u00e0 la Maison Sainte Famille"}]},{"@type":"WebSite","@id":"https:\/\/villagesaintjoseph.org\/saintefamille\/#website","url":"https:\/\/villagesaintjoseph.org\/saintefamille\/","name":"Maison Sainte Famille","description":"","potentialAction":[{"@type":"SearchAction","target":{"@type":"EntryPoint","urlTemplate":"https:\/\/villagesaintjoseph.org\/saintefamille\/?s={search_term_string}"},"query-input":{"@type":"PropertyValueSpecification","valueRequired":true,"valueName":"search_term_string"}}],"inLanguage":"fr-FR"}]}},"_links":{"self":[{"href":"https:\/\/villagesaintjoseph.org\/saintefamille\/wp-json\/wp\/v2\/pages\/181","targetHints":{"allow":["GET"]}}],"collection":[{"href":"https:\/\/villagesaintjoseph.org\/saintefamille\/wp-json\/wp\/v2\/pages"}],"about":[{"href":"https:\/\/villagesaintjoseph.org\/saintefamille\/wp-json\/wp\/v2\/types\/page"}],"author":[{"embeddable":true,"href":"https:\/\/villagesaintjoseph.org\/saintefamille\/wp-json\/wp\/v2\/users\/6"}],"replies":[{"embeddable":true,"href":"https:\/\/villagesaintjoseph.org\/saintefamille\/wp-json\/wp\/v2\/comments?post=181"}],"version-history":[{"count":9,"href":"https:\/\/villagesaintjoseph.org\/saintefamille\/wp-json\/wp\/v2\/pages\/181\/revisions"}],"predecessor-version":[{"id":2908,"href":"https:\/\/villagesaintjoseph.org\/saintefamille\/wp-json\/wp\/v2\/pages\/181\/revisions\/2908"}],"up":[{"embeddable":true,"href":"https:\/\/villagesaintjoseph.org\/saintefamille\/wp-json\/wp\/v2\/pages\/73"}],"wp:featuredmedia":[{"embeddable":true,"href":"https:\/\/villagesaintjoseph.org\/saintefamille\/wp-json\/"}],"wp:attachment":[{"href":"https:\/\/villagesaintjoseph.org\/saintefamille\/wp-json\/wp\/v2\/media?parent=181"}],"curies":[{"name":"wp","href":"https:\/\/api.w.org\/{rel}","templated":true}]}}