{"id":218,"date":"2022-01-18T10:56:18","date_gmt":"2022-01-18T09:56:18","guid":{"rendered":"https:\/\/sessines.stjoseph.ovh\/?page_id=218"},"modified":"2026-03-11T16:38:24","modified_gmt":"2026-03-11T15:38:24","slug":"activites-de-la-maison-sainte-famille","status":"publish","type":"page","link":"https:\/\/villagesaintjoseph.org\/saintefamille\/la-maison-sainte-famille\/activites-de-la-maison-sainte-famille\/","title":{"rendered":"Les activit\u00e9s de La Maison Sainte Famille"},"content":{"rendered":"\n<p>Les activit\u00e9s \u00e0 la Maison Sainte Famille varient selon les <strong>saisons<\/strong> et les <strong>besoins<\/strong>, mais aussi selon les <strong>talents<\/strong> et les <strong>souhaits<\/strong> des personnes accueillies. La liste qui suit n\u2019est donc pas exhaustive&nbsp;!<\/p>\n\n\n\n<h2 class=\"wp-block-heading\">Espaces verts et potager<\/h2>\n\n\n\n<p>L\u2019entretien du parc d&rsquo;une superficie d&rsquo;un hectare consiste en des travaux de tonte et d\u2019\u00e9lagage. Quant au potager, il occupe l\u2019essentiel de nos <strong>activit\u00e9s<\/strong> de plein air&nbsp;; nous le d\u00e9veloppons dans une orientation <strong>permacole<\/strong>, qui suscite l\u2019int\u00e9r\u00eat des uns, <strong>\u00e9veille<\/strong> la passion des autres, et permet la <strong>confection<\/strong> de plats savoureux, appr\u00e9ci\u00e9s par tous&nbsp;; presque toute l\u2019ann\u00e9e&nbsp;!<\/p>\n\n\n\n<figure class=\"wp-block-gallery has-nested-images columns-7 is-cropped wp-block-gallery-1 is-layout-flex wp-block-gallery-is-layout-flex\">\n<figure class=\"wp-block-image size-large\"><img decoding=\"async\" data-id=\"1494\" src=\"https:\/\/villagesaintjoseph.org\/lapresence\/wp-content\/uploads\/sites\/8\/2023\/11\/IMG_3543-1024x683.jpg\" alt=\"\" class=\"wp-image-1494\"\/><\/figure>\n\n\n\n<figure class=\"wp-block-image size-large\"><img decoding=\"async\" data-id=\"1164\" src=\"https:\/\/villagesaintjoseph.org\/lapresence\/wp-content\/uploads\/sites\/8\/2023\/08\/IMG-20230731-WA0003-1-768x1024.jpg\" alt=\"\" class=\"wp-image-1164\"\/><\/figure>\n\n\n\n<figure class=\"wp-block-image size-large\"><img decoding=\"async\" data-id=\"1497\" src=\"https:\/\/villagesaintjoseph.org\/lapresence\/wp-content\/uploads\/sites\/8\/2023\/11\/IMG_3547-1024x683.jpg\" alt=\"\" class=\"wp-image-1497\"\/><\/figure>\n\n\n\n<figure class=\"wp-block-image size-large\"><img decoding=\"async\" data-id=\"1495\" src=\"https:\/\/villagesaintjoseph.org\/lapresence\/wp-content\/uploads\/sites\/8\/2023\/11\/IMG_3545-1024x683.jpg\" alt=\"\" class=\"wp-image-1495\"\/><\/figure>\n\n\n\n<figure class=\"wp-block-image size-large\"><img decoding=\"async\" data-id=\"1491\" src=\"https:\/\/villagesaintjoseph.org\/lapresence\/wp-content\/uploads\/sites\/8\/2023\/11\/IMG_3539-1024x683.jpg\" alt=\"\" class=\"wp-image-1491\"\/><\/figure>\n\n\n\n<figure class=\"wp-block-image size-large\"><img decoding=\"async\" data-id=\"1490\" src=\"https:\/\/villagesaintjoseph.org\/lapresence\/wp-content\/uploads\/sites\/8\/2023\/11\/IMG_3538-1024x683.jpg\" alt=\"\" class=\"wp-image-1490\"\/><\/figure>\n\n\n\n<figure class=\"wp-block-image size-large\"><img decoding=\"async\" data-id=\"1504\" src=\"https:\/\/villagesaintjoseph.org\/lapresence\/wp-content\/uploads\/sites\/8\/2023\/11\/IMG_3558-1024x683.jpg\" alt=\"\" class=\"wp-image-1504\"\/><\/figure>\n\n\n\n<figure class=\"wp-block-image size-large\"><img decoding=\"async\" data-id=\"1502\" src=\"https:\/\/villagesaintjoseph.org\/lapresence\/wp-content\/uploads\/sites\/8\/2023\/11\/IMG_3555-1024x683.jpg\" alt=\"\" class=\"wp-image-1502\"\/><\/figure>\n<\/figure>\n\n\n\n<p><\/p>\n\n\n\n<h2 class=\"wp-block-heading\">M<strong>osa\u00efque<\/strong><\/h2>\n\n\n\n<p>C\u2019est notre <strong>premi\u00e8re<\/strong> activit\u00e9. Celle qui permet \u00e0 chacun d\u2019associer les <strong>formes<\/strong> et les <strong>couleurs <\/strong>avec de v\u00e9ritables <strong>Emaux de Briare<\/strong> pour produire des <strong>objets personnalis\u00e9s et originaux<\/strong>. Repr\u00e9sentations de la Sainte Famille, de l\u2019Esprit Saint, d\u2019animaux, cr\u00e9ations de bougeoirs, compositions de num\u00e9ros de rue ou m\u00eame du nom de votre choix : toutes nos mosa\u00efques sont expos\u00e9es \u00e0 la Maison Sainte Famille et sur <a href=\"https:\/\/villagesaintjoseph.org\/saintefamille\/sainte-famille\/boutique\/\">notre <strong>boutique<\/strong>.<\/a><\/p>\n\n\n\n<figure class=\"wp-block-gallery has-nested-images columns-6 is-cropped wp-block-gallery-2 is-layout-flex wp-block-gallery-is-layout-flex\">\n<figure class=\"wp-block-image size-large\"><img decoding=\"async\" data-id=\"1405\" src=\"https:\/\/villagesaintjoseph.org\/lapresence\/wp-content\/uploads\/sites\/8\/2023\/11\/IMG_3448-1024x683.jpg\" alt=\"\" class=\"wp-image-1405\"\/><\/figure>\n\n\n\n<figure class=\"wp-block-image size-large\"><img decoding=\"async\" data-id=\"1408\" src=\"https:\/\/villagesaintjoseph.org\/lapresence\/wp-content\/uploads\/sites\/8\/2023\/11\/IMG_3455-1024x683.jpg\" alt=\"\" class=\"wp-image-1408\"\/><\/figure>\n\n\n\n<figure class=\"wp-block-image size-large\"><img decoding=\"async\" data-id=\"1400\" src=\"https:\/\/villagesaintjoseph.org\/lapresence\/wp-content\/uploads\/sites\/8\/2023\/11\/IMG_3437-1024x683.jpg\" alt=\"\" class=\"wp-image-1400\"\/><\/figure>\n\n\n\n<figure class=\"wp-block-image size-large\"><img decoding=\"async\" data-id=\"1398\" src=\"https:\/\/villagesaintjoseph.org\/lapresence\/wp-content\/uploads\/sites\/8\/2023\/11\/IMG_3434-1024x683.jpg\" alt=\"\" class=\"wp-image-1398\"\/><\/figure>\n\n\n\n<figure class=\"wp-block-image size-large\"><img decoding=\"async\" data-id=\"1406\" src=\"https:\/\/villagesaintjoseph.org\/lapresence\/wp-content\/uploads\/sites\/8\/2023\/11\/IMG_3449-1024x683.jpg\" alt=\"\" class=\"wp-image-1406\"\/><\/figure>\n\n\n\n<figure class=\"wp-block-image size-large\"><img decoding=\"async\" data-id=\"1710\" src=\"https:\/\/villagesaintjoseph.org\/lapresence\/wp-content\/uploads\/sites\/8\/2023\/11\/IMG_3599-1024x683.jpg\" alt=\"\" class=\"wp-image-1710\"\/><\/figure>\n\n\n\n<figure class=\"wp-block-image size-large\"><img decoding=\"async\" data-id=\"1703\" src=\"https:\/\/villagesaintjoseph.org\/lapresence\/wp-content\/uploads\/sites\/8\/2023\/11\/IMG_3591-1024x683.jpg\" alt=\"\" class=\"wp-image-1703\"\/><\/figure>\n\n\n\n<figure class=\"wp-block-image size-large\"><img decoding=\"async\" data-id=\"1704\" src=\"https:\/\/villagesaintjoseph.org\/lapresence\/wp-content\/uploads\/sites\/8\/2023\/11\/IMG_3592-1024x683.jpg\" alt=\"\" class=\"wp-image-1704\"\/><\/figure>\n\n\n\n<figure class=\"wp-block-image size-large\"><img decoding=\"async\" data-id=\"1705\" src=\"https:\/\/villagesaintjoseph.org\/lapresence\/wp-content\/uploads\/sites\/8\/2023\/11\/IMG_3594-1024x683.jpg\" alt=\"\" class=\"wp-image-1705\"\/><\/figure>\n<\/figure>\n\n\n\n<p><\/p>\n\n\n\n<h2 class=\"wp-block-heading\"><strong>Activit\u00e9s quotidiennes <\/strong><\/h2>\n\n\n\n<p>A la Maison Sainte Famille, <strong>les activit\u00e9s sont aussi celles de toute famille<\/strong>, de toute maison : cuisine, m\u00e9nage, rangement, lessive, entretiens divers.<\/p>\n\n\n\n<p><\/p>\n\n\n\n<figure class=\"wp-block-gallery has-nested-images columns-7 is-cropped wp-block-gallery-3 is-layout-flex wp-block-gallery-is-layout-flex\">\n<figure class=\"wp-block-image size-large\"><img decoding=\"async\" data-id=\"1675\" src=\"https:\/\/villagesaintjoseph.org\/lapresence\/wp-content\/uploads\/sites\/8\/2023\/11\/IMG_3715-1024x683.jpg\" alt=\"\" class=\"wp-image-1675\"\/><\/figure>\n\n\n\n<figure class=\"wp-block-image size-large\"><img decoding=\"async\" data-id=\"1674\" src=\"https:\/\/villagesaintjoseph.org\/lapresence\/wp-content\/uploads\/sites\/8\/2023\/11\/IMG_3713-1024x683.jpg\" alt=\"\" class=\"wp-image-1674\"\/><\/figure>\n\n\n\n<figure class=\"wp-block-image size-large\"><img decoding=\"async\" data-id=\"1673\" src=\"https:\/\/villagesaintjoseph.org\/lapresence\/wp-content\/uploads\/sites\/8\/2023\/11\/IMG_3702-1024x683.jpg\" alt=\"\" class=\"wp-image-1673\"\/><\/figure>\n\n\n\n<figure class=\"wp-block-image size-large\"><img decoding=\"async\" data-id=\"1663\" src=\"https:\/\/villagesaintjoseph.org\/lapresence\/wp-content\/uploads\/sites\/8\/2023\/11\/IMG_3686-1024x683.jpg\" alt=\"\" class=\"wp-image-1663\"\/><\/figure>\n\n\n\n<figure class=\"wp-block-image size-large\"><img decoding=\"async\" data-id=\"1665\" src=\"https:\/\/villagesaintjoseph.org\/lapresence\/wp-content\/uploads\/sites\/8\/2023\/11\/IMG_3688-1024x683.jpg\" alt=\"\" class=\"wp-image-1665\"\/><\/figure>\n\n\n\n<figure class=\"wp-block-image size-large\"><img decoding=\"async\" data-id=\"1666\" src=\"https:\/\/villagesaintjoseph.org\/lapresence\/wp-content\/uploads\/sites\/8\/2023\/11\/IMG_3695-1024x683.jpg\" alt=\"\" class=\"wp-image-1666\"\/><\/figure>\n\n\n\n<figure class=\"wp-block-image size-large\"><img decoding=\"async\" data-id=\"1667\" src=\"https:\/\/villagesaintjoseph.org\/lapresence\/wp-content\/uploads\/sites\/8\/2023\/11\/IMG_3696-1024x683.jpg\" alt=\"\" class=\"wp-image-1667\"\/><\/figure>\n<\/figure>\n\n\n\n<p><\/p>\n\n\n\n<h2 class=\"wp-block-heading\"><strong>Les poules<\/strong><\/h2>\n\n\n\n<p>Nous avons une <strong>dizaine de poules pondeuses<\/strong> dont nous nous occupons quotidiennement. Les amateurs d\u2019\u0153ufs frais viennent les acheter directement chez nous cr\u00e9ant ainsi de belles rencontres.<\/p>\n\n\n\n<figure class=\"wp-block-gallery aligncenter has-nested-images columns-6 is-cropped wp-block-gallery-4 is-layout-flex wp-block-gallery-is-layout-flex\">\n<figure class=\"wp-block-image size-large\"><img decoding=\"async\" data-id=\"1585\" src=\"https:\/\/villagesaintjoseph.org\/lapresence\/wp-content\/uploads\/sites\/8\/2023\/11\/IMG_7552-1024x683.jpg\" alt=\"\" class=\"wp-image-1585\"\/><\/figure>\n\n\n\n<figure class=\"wp-block-image size-large\"><img decoding=\"async\" data-id=\"1583\" src=\"https:\/\/villagesaintjoseph.org\/lapresence\/wp-content\/uploads\/sites\/8\/2023\/11\/82276555.jpg\" alt=\"\" class=\"wp-image-1583\"\/><\/figure>\n\n\n\n<figure class=\"wp-block-image size-large\"><img decoding=\"async\" data-id=\"1669\" src=\"https:\/\/villagesaintjoseph.org\/lapresence\/wp-content\/uploads\/sites\/8\/2023\/11\/IMG_3748-1024x683.jpg\" alt=\"\" class=\"wp-image-1669\"\/><\/figure>\n\n\n\n<figure class=\"wp-block-image size-large\"><img decoding=\"async\" data-id=\"1670\" src=\"https:\/\/villagesaintjoseph.org\/lapresence\/wp-content\/uploads\/sites\/8\/2023\/11\/IMG_3749-1024x683.jpg\" alt=\"\" class=\"wp-image-1670\"\/><\/figure>\n<\/figure>\n\n\n\n<h2 class=\"wp-block-heading\"><strong>Bois<\/strong><\/h2>\n\n\n\n<p>L&rsquo;atelier bois: L\u2019objectif est de &#8230;&#8230;&#8230;&#8230;&#8230;&#8230;&#8230;&#8230;&#8230;&#8230; Nous avons <strong>besoin d&rsquo;outils pour d\u00e9velopper l&rsquo;activit\u00e9.<\/strong> Contactez-nous pour faire un don de mat\u00e9riel.<\/p>\n\n\n\n<figure class=\"wp-block-gallery has-nested-images columns-7 is-cropped wp-block-gallery-5 is-layout-flex wp-block-gallery-is-layout-flex\">\n<figure class=\"wp-block-image size-large\"><img decoding=\"async\" data-id=\"1734\" src=\"https:\/\/villagesaintjoseph.org\/lapresence\/wp-content\/uploads\/sites\/8\/2023\/11\/IMG_3683-1024x683.jpg\" alt=\"\" class=\"wp-image-1734\"\/><\/figure>\n\n\n\n<figure class=\"wp-block-image size-large\"><img decoding=\"async\" data-id=\"1726\" src=\"https:\/\/villagesaintjoseph.org\/lapresence\/wp-content\/uploads\/sites\/8\/2023\/11\/IMG_3664-1024x683.jpg\" alt=\"\" class=\"wp-image-1726\"\/><\/figure>\n\n\n\n<figure class=\"wp-block-image size-large\"><img decoding=\"async\" data-id=\"1724\" src=\"https:\/\/villagesaintjoseph.org\/lapresence\/wp-content\/uploads\/sites\/8\/2023\/11\/IMG_3661-683x1024.jpg\" alt=\"\" class=\"wp-image-1724\"\/><\/figure>\n\n\n\n<figure class=\"wp-block-image size-large\"><img decoding=\"async\" data-id=\"1718\" src=\"https:\/\/villagesaintjoseph.org\/lapresence\/wp-content\/uploads\/sites\/8\/2023\/11\/IMG_3652-1024x683.jpg\" alt=\"\" class=\"wp-image-1718\"\/><\/figure>\n\n\n\n<figure class=\"wp-block-image size-large\"><img decoding=\"async\" data-id=\"1712\" src=\"https:\/\/villagesaintjoseph.org\/lapresence\/wp-content\/uploads\/sites\/8\/2023\/11\/IMG_3641-1024x683.jpg\" alt=\"\" class=\"wp-image-1712\"\/><\/figure>\n\n\n\n<figure class=\"wp-block-image size-large\"><img decoding=\"async\" data-id=\"1716\" src=\"https:\/\/villagesaintjoseph.org\/lapresence\/wp-content\/uploads\/sites\/8\/2023\/11\/IMG_3650-1024x683.jpg\" alt=\"\" class=\"wp-image-1716\"\/><\/figure>\n\n\n\n<figure class=\"wp-block-image size-large\"><img decoding=\"async\" data-id=\"1737\" src=\"https:\/\/villagesaintjoseph.org\/lapresence\/wp-content\/uploads\/sites\/8\/2023\/11\/IMG_3818-1024x683.jpg\" alt=\"\" class=\"wp-image-1737\"\/><\/figure>\n<\/figure>\n\n\n\n<p><\/p>\n\n\n\n<p><\/p>\n\n\n\n<p><\/p>\n\n\n<section class=\"grille-enfants grid-x grid-container grid-margin-x align-center\">\n\n        \n                <a href=\"https:\/\/villagesaintjoseph.org\/saintefamille\/vous-accueillir\/une-journee-type-a-la-maison-sainte-famille\/\" class=\" grille-enfants__item cell large-4 medium-6 small-12\">\n                                        <p class=\"grille-enfants__item__title\">Une journ\u00e9e \u00e0 la Maison Sainte Famille<\/p>\n                                         <div class=\"grille-enfants__item__tooltip\">\n\t                   Journ\u00e9e type                    <\/div>\n                                    <\/a>  \n\n        \n                <a href=\"https:\/\/villagesaintjoseph.org\/saintefamille\/la-maison-sainte-famille\/histoire-de-la-maison-sainte-croix\/\" class=\" grille-enfants__item cell large-4 medium-6 small-12\">\n                                        <p class=\"grille-enfants__item__title\">Histoire de la Maison Sainte Famille<\/p>\n                                         <div class=\"grille-enfants__item__tooltip\">\n\t                   Une histoire s\u00e9culaire                    <\/div>\n                                    <\/a>  \n\n          \n\n    <\/section> \n \n","protected":false},"excerpt":{"rendered":"<p>Les activit\u00e9s \u00e0 la Maison Sainte Famille varient selon les saisons et les besoins, mais aussi selon les talents et les souhaits des personnes accueillies. La liste qui suit n\u2019est donc pas exhaustive&nbsp;! Espaces verts et potager L\u2019entretien du parc d&rsquo;une superficie d&rsquo;un hectare consiste en des travaux de tonte et d\u2019\u00e9lagage. Quant au potager, [&hellip;]<\/p>\n","protected":false},"author":6,"featured_media":414,"parent":14,"menu_order":3,"comment_status":"closed","ping_status":"closed","template":"","meta":{"inline_featured_image":false,"footnotes":""},"class_list":["post-218","page","type-page","status-publish","has-post-thumbnail","hentry"],"acf":[],"yoast_head":"<!-- This site is optimized with the Yoast SEO plugin v27.3 - https:\/\/yoast.com\/product\/yoast-seo-wordpress\/ -->\n<title>Les activit\u00e9s de La Maison Sainte Famille - Maison Sainte Famille<\/title>\n<meta name=\"robots\" content=\"index, follow, max-snippet:-1, max-image-preview:large, max-video-preview:-1\" \/>\n<link rel=\"canonical\" href=\"https:\/\/villagesaintjoseph.org\/saintefamille\/la-maison-sainte-famille\/activites-de-la-maison-sainte-famille\/\" \/>\n<meta property=\"og:locale\" content=\"fr_FR\" \/>\n<meta property=\"og:type\" content=\"article\" \/>\n<meta property=\"og:title\" content=\"Les activit\u00e9s de La Maison Sainte Famille - Maison Sainte Famille\" \/>\n<meta property=\"og:description\" content=\"Les activit\u00e9s \u00e0 la Maison Sainte Famille varient selon les saisons et les besoins, mais aussi selon les talents et les souhaits des personnes accueillies. La liste qui suit n\u2019est donc pas exhaustive&nbsp;! Espaces verts et potager L\u2019entretien du parc d&rsquo;une superficie d&rsquo;un hectare consiste en des travaux de tonte et d\u2019\u00e9lagage. Quant au potager, [&hellip;]\" \/>\n<meta property=\"og:url\" content=\"https:\/\/villagesaintjoseph.org\/saintefamille\/la-maison-sainte-famille\/activites-de-la-maison-sainte-famille\/\" \/>\n<meta property=\"og:site_name\" content=\"Maison Sainte Famille\" \/>\n<meta property=\"article:modified_time\" content=\"2026-03-11T15:38:24+00:00\" \/>\n<meta name=\"twitter:card\" content=\"summary_large_image\" \/>\n<meta name=\"twitter:label1\" content=\"Dur\u00e9e de lecture estim\u00e9e\" \/>\n\t<meta name=\"twitter:data1\" content=\"8 minutes\" \/>\n<script type=\"application\/ld+json\" class=\"yoast-schema-graph\">{\"@context\":\"https:\\\/\\\/schema.org\",\"@graph\":[{\"@type\":\"WebPage\",\"@id\":\"https:\\\/\\\/villagesaintjoseph.org\\\/saintefamille\\\/la-maison-sainte-famille\\\/activites-de-la-maison-sainte-famille\\\/\",\"url\":\"https:\\\/\\\/villagesaintjoseph.org\\\/saintefamille\\\/la-maison-sainte-famille\\\/activites-de-la-maison-sainte-famille\\\/\",\"name\":\"Les activit\u00e9s de La Maison Sainte Famille - Maison Sainte Famille\",\"isPartOf\":{\"@id\":\"https:\\\/\\\/villagesaintjoseph.org\\\/saintefamille\\\/#website\"},\"primaryImageOfPage\":{\"@id\":\"https:\\\/\\\/villagesaintjoseph.org\\\/saintefamille\\\/la-maison-sainte-famille\\\/activites-de-la-maison-sainte-famille\\\/#primaryimage\"},\"image\":{\"@id\":\"https:\\\/\\\/villagesaintjoseph.org\\\/saintefamille\\\/la-maison-sainte-famille\\\/activites-de-la-maison-sainte-famille\\\/#primaryimage\"},\"thumbnailUrl\":\"\",\"datePublished\":\"2022-01-18T09:56:18+00:00\",\"dateModified\":\"2026-03-11T15:38:24+00:00\",\"breadcrumb\":{\"@id\":\"https:\\\/\\\/villagesaintjoseph.org\\\/saintefamille\\\/la-maison-sainte-famille\\\/activites-de-la-maison-sainte-famille\\\/#breadcrumb\"},\"inLanguage\":\"fr-FR\",\"potentialAction\":[{\"@type\":\"ReadAction\",\"target\":[\"https:\\\/\\\/villagesaintjoseph.org\\\/saintefamille\\\/la-maison-sainte-famille\\\/activites-de-la-maison-sainte-famille\\\/\"]}]},{\"@type\":\"ImageObject\",\"inLanguage\":\"fr-FR\",\"@id\":\"https:\\\/\\\/villagesaintjoseph.org\\\/saintefamille\\\/la-maison-sainte-famille\\\/activites-de-la-maison-sainte-famille\\\/#primaryimage\",\"url\":\"\",\"contentUrl\":\"\"},{\"@type\":\"BreadcrumbList\",\"@id\":\"https:\\\/\\\/villagesaintjoseph.org\\\/saintefamille\\\/la-maison-sainte-famille\\\/activites-de-la-maison-sainte-famille\\\/#breadcrumb\",\"itemListElement\":[{\"@type\":\"ListItem\",\"position\":1,\"name\":\"Accueil\",\"item\":\"https:\\\/\\\/villagesaintjoseph.org\\\/saintefamille\\\/\"},{\"@type\":\"ListItem\",\"position\":2,\"name\":\"La Maison Sainte Famille\",\"item\":\"https:\\\/\\\/villagesaintjoseph.org\\\/saintefamille\\\/\"},{\"@type\":\"ListItem\",\"position\":3,\"name\":\"Les activit\u00e9s de La Maison Sainte Famille\"}]},{\"@type\":\"WebSite\",\"@id\":\"https:\\\/\\\/villagesaintjoseph.org\\\/saintefamille\\\/#website\",\"url\":\"https:\\\/\\\/villagesaintjoseph.org\\\/saintefamille\\\/\",\"name\":\"Maison Sainte Famille\",\"description\":\"\",\"potentialAction\":[{\"@type\":\"SearchAction\",\"target\":{\"@type\":\"EntryPoint\",\"urlTemplate\":\"https:\\\/\\\/villagesaintjoseph.org\\\/saintefamille\\\/?s={search_term_string}\"},\"query-input\":{\"@type\":\"PropertyValueSpecification\",\"valueRequired\":true,\"valueName\":\"search_term_string\"}}],\"inLanguage\":\"fr-FR\"}]}<\/script>\n<!-- \/ Yoast SEO plugin. -->","yoast_head_json":{"title":"Les activit\u00e9s de La Maison Sainte Famille - Maison Sainte Famille","robots":{"index":"index","follow":"follow","max-snippet":"max-snippet:-1","max-image-preview":"max-image-preview:large","max-video-preview":"max-video-preview:-1"},"canonical":"https:\/\/villagesaintjoseph.org\/saintefamille\/la-maison-sainte-famille\/activites-de-la-maison-sainte-famille\/","og_locale":"fr_FR","og_type":"article","og_title":"Les activit\u00e9s de La Maison Sainte Famille - Maison Sainte Famille","og_description":"Les activit\u00e9s \u00e0 la Maison Sainte Famille varient selon les saisons et les besoins, mais aussi selon les talents et les souhaits des personnes accueillies. La liste qui suit n\u2019est donc pas exhaustive&nbsp;! Espaces verts et potager L\u2019entretien du parc d&rsquo;une superficie d&rsquo;un hectare consiste en des travaux de tonte et d\u2019\u00e9lagage. Quant au potager, [&hellip;]","og_url":"https:\/\/villagesaintjoseph.org\/saintefamille\/la-maison-sainte-famille\/activites-de-la-maison-sainte-famille\/","og_site_name":"Maison Sainte Famille","article_modified_time":"2026-03-11T15:38:24+00:00","twitter_card":"summary_large_image","twitter_misc":{"Dur\u00e9e de lecture estim\u00e9e":"8 minutes"},"schema":{"@context":"https:\/\/schema.org","@graph":[{"@type":"WebPage","@id":"https:\/\/villagesaintjoseph.org\/saintefamille\/la-maison-sainte-famille\/activites-de-la-maison-sainte-famille\/","url":"https:\/\/villagesaintjoseph.org\/saintefamille\/la-maison-sainte-famille\/activites-de-la-maison-sainte-famille\/","name":"Les activit\u00e9s de La Maison Sainte Famille - Maison Sainte Famille","isPartOf":{"@id":"https:\/\/villagesaintjoseph.org\/saintefamille\/#website"},"primaryImageOfPage":{"@id":"https:\/\/villagesaintjoseph.org\/saintefamille\/la-maison-sainte-famille\/activites-de-la-maison-sainte-famille\/#primaryimage"},"image":{"@id":"https:\/\/villagesaintjoseph.org\/saintefamille\/la-maison-sainte-famille\/activites-de-la-maison-sainte-famille\/#primaryimage"},"thumbnailUrl":"","datePublished":"2022-01-18T09:56:18+00:00","dateModified":"2026-03-11T15:38:24+00:00","breadcrumb":{"@id":"https:\/\/villagesaintjoseph.org\/saintefamille\/la-maison-sainte-famille\/activites-de-la-maison-sainte-famille\/#breadcrumb"},"inLanguage":"fr-FR","potentialAction":[{"@type":"ReadAction","target":["https:\/\/villagesaintjoseph.org\/saintefamille\/la-maison-sainte-famille\/activites-de-la-maison-sainte-famille\/"]}]},{"@type":"ImageObject","inLanguage":"fr-FR","@id":"https:\/\/villagesaintjoseph.org\/saintefamille\/la-maison-sainte-famille\/activites-de-la-maison-sainte-famille\/#primaryimage","url":"","contentUrl":""},{"@type":"BreadcrumbList","@id":"https:\/\/villagesaintjoseph.org\/saintefamille\/la-maison-sainte-famille\/activites-de-la-maison-sainte-famille\/#breadcrumb","itemListElement":[{"@type":"ListItem","position":1,"name":"Accueil","item":"https:\/\/villagesaintjoseph.org\/saintefamille\/"},{"@type":"ListItem","position":2,"name":"La Maison Sainte Famille","item":"https:\/\/villagesaintjoseph.org\/saintefamille\/"},{"@type":"ListItem","position":3,"name":"Les activit\u00e9s de La Maison Sainte Famille"}]},{"@type":"WebSite","@id":"https:\/\/villagesaintjoseph.org\/saintefamille\/#website","url":"https:\/\/villagesaintjoseph.org\/saintefamille\/","name":"Maison Sainte Famille","description":"","potentialAction":[{"@type":"SearchAction","target":{"@type":"EntryPoint","urlTemplate":"https:\/\/villagesaintjoseph.org\/saintefamille\/?s={search_term_string}"},"query-input":{"@type":"PropertyValueSpecification","valueRequired":true,"valueName":"search_term_string"}}],"inLanguage":"fr-FR"}]}},"_links":{"self":[{"href":"https:\/\/villagesaintjoseph.org\/saintefamille\/wp-json\/wp\/v2\/pages\/218","targetHints":{"allow":["GET"]}}],"collection":[{"href":"https:\/\/villagesaintjoseph.org\/saintefamille\/wp-json\/wp\/v2\/pages"}],"about":[{"href":"https:\/\/villagesaintjoseph.org\/saintefamille\/wp-json\/wp\/v2\/types\/page"}],"author":[{"embeddable":true,"href":"https:\/\/villagesaintjoseph.org\/saintefamille\/wp-json\/wp\/v2\/users\/6"}],"replies":[{"embeddable":true,"href":"https:\/\/villagesaintjoseph.org\/saintefamille\/wp-json\/wp\/v2\/comments?post=218"}],"version-history":[{"count":17,"href":"https:\/\/villagesaintjoseph.org\/saintefamille\/wp-json\/wp\/v2\/pages\/218\/revisions"}],"predecessor-version":[{"id":2942,"href":"https:\/\/villagesaintjoseph.org\/saintefamille\/wp-json\/wp\/v2\/pages\/218\/revisions\/2942"}],"up":[{"embeddable":true,"href":"https:\/\/villagesaintjoseph.org\/saintefamille\/wp-json\/wp\/v2\/pages\/14"}],"wp:featuredmedia":[{"embeddable":true,"href":"https:\/\/villagesaintjoseph.org\/saintefamille\/wp-json\/"}],"wp:attachment":[{"href":"https:\/\/villagesaintjoseph.org\/saintefamille\/wp-json\/wp\/v2\/media?parent=218"}],"curies":[{"name":"wp","href":"https:\/\/api.w.org\/{rel}","templated":true}]}}