{"id":285,"date":"2022-01-20T11:22:38","date_gmt":"2022-01-20T10:22:38","guid":{"rendered":"https:\/\/sessines.stjoseph.ovh\/?page_id=285"},"modified":"2025-12-18T23:39:52","modified_gmt":"2025-12-18T22:39:52","slug":"etre-accueilli","status":"publish","type":"page","link":"https:\/\/villagesaintjoseph.org\/saintefamille\/vous-accueillir\/etre-accueilli\/","title":{"rendered":"\u00catre accueilli(e) \u00e0 la Maison Sainte Famille"},"content":{"rendered":"\n<p>Le Village Saint Joseph accueille des personnes en situation de fragilit\u00e9 qui <strong>ont envie de s\u2019en sortir<\/strong>. Ces fragilit\u00e9s peuvent \u00eatre de tous ordres : psychologique, physique, social ou de par l\u2019addiction, l\u2019\u00e2ge, le handicap, la situation financi\u00e8re, la perte de sens de la vie\u2026 L\u2019objectif de la Maison est de reprendre go\u00fbt \u00e0 la vie en <strong>communaut\u00e9<\/strong>, d\u2019\u00e9viter l\u2019isolement, de <strong>vivre la charit\u00e9 avec les autres fr\u00e8res et s\u0153urs<\/strong>, de favoriser l\u2019entraide et de donner un <strong>sens \u00e0 sa vie<\/strong>. Un s\u00e9jour au Village a \u00e9galement pour objectif \u00e0 plus long terme de <strong>permettre la r\u00e9insertion et la vie en autonomie<\/strong>..<\/p>\n\n\n\n<p>La Maison Sainte Famille dispose d\u2019une grande capacit\u00e9 d\u2019accueil avec <strong>8 chambres individuelles<\/strong> (3 chambres les femmes et 5 chambres pour les hommes). Des espaces communs dont une <strong>chapelle<\/strong>, des <strong>ateliers <\/strong>(mosa\u00efque, bois), un <strong>salon <\/strong>avec \u00e9cran pour projeter des films ou faire des jeux de soci\u00e9t\u00e9 ou se retrouver pour un moment convivial. Il y a \u00e9galement un <strong>grand bois de 10 hectares pour s&rsquo;y promener, il y a un potager, un poulailler <\/strong>avec une dizaine de poules et un verger.<\/p>\n\n\n\n<figure class=\"wp-block-gallery has-nested-images columns-7 is-cropped wp-block-gallery-1 is-layout-flex wp-block-gallery-is-layout-flex\">\n<figure class=\"wp-block-image size-large\"><img loading=\"lazy\" decoding=\"async\" width=\"1024\" height=\"576\" data-id=\"2713\" src=\"https:\/\/villagesaintjoseph.org\/saintefamille\/wp-content\/uploads\/sites\/15\/2025\/12\/20251121_083657-1024x576.jpg\" alt=\"\" class=\"wp-image-2713\" srcset=\"https:\/\/villagesaintjoseph.org\/saintefamille\/wp-content\/uploads\/sites\/15\/2025\/12\/20251121_083657-1024x576.jpg 1024w, https:\/\/villagesaintjoseph.org\/saintefamille\/wp-content\/uploads\/sites\/15\/2025\/12\/20251121_083657-300x169.jpg 300w, https:\/\/villagesaintjoseph.org\/saintefamille\/wp-content\/uploads\/sites\/15\/2025\/12\/20251121_083657-768x432.jpg 768w, https:\/\/villagesaintjoseph.org\/saintefamille\/wp-content\/uploads\/sites\/15\/2025\/12\/20251121_083657-1536x864.jpg 1536w, https:\/\/villagesaintjoseph.org\/saintefamille\/wp-content\/uploads\/sites\/15\/2025\/12\/20251121_083657-2048x1152.jpg 2048w, https:\/\/villagesaintjoseph.org\/saintefamille\/wp-content\/uploads\/sites\/15\/2025\/12\/20251121_083657-50x28.jpg 50w, https:\/\/villagesaintjoseph.org\/saintefamille\/wp-content\/uploads\/sites\/15\/2025\/12\/20251121_083657-1600x900.jpg 1600w, https:\/\/villagesaintjoseph.org\/saintefamille\/wp-content\/uploads\/sites\/15\/2025\/12\/20251121_083657-1400x788.jpg 1400w\" sizes=\"auto, (max-width: 1024px) 100vw, 1024px\" \/><\/figure>\n\n\n\n<figure class=\"wp-block-image size-large\"><img decoding=\"async\" data-id=\"1706\" src=\"https:\/\/villagesaintjoseph.org\/lapresence\/wp-content\/uploads\/sites\/8\/2023\/11\/IMG_3595-1024x683.jpg\" alt=\"\" class=\"wp-image-1706\" \/><\/figure>\n\n\n\n<figure class=\"wp-block-image size-large\"><img loading=\"lazy\" decoding=\"async\" width=\"1024\" height=\"576\" data-id=\"2755\" src=\"https:\/\/villagesaintjoseph.org\/saintefamille\/wp-content\/uploads\/sites\/15\/2025\/12\/20251128_103857-1024x576.jpg\" alt=\"\" class=\"wp-image-2755\" srcset=\"https:\/\/villagesaintjoseph.org\/saintefamille\/wp-content\/uploads\/sites\/15\/2025\/12\/20251128_103857-1024x576.jpg 1024w, https:\/\/villagesaintjoseph.org\/saintefamille\/wp-content\/uploads\/sites\/15\/2025\/12\/20251128_103857-300x169.jpg 300w, https:\/\/villagesaintjoseph.org\/saintefamille\/wp-content\/uploads\/sites\/15\/2025\/12\/20251128_103857-768x432.jpg 768w, https:\/\/villagesaintjoseph.org\/saintefamille\/wp-content\/uploads\/sites\/15\/2025\/12\/20251128_103857-1536x864.jpg 1536w, https:\/\/villagesaintjoseph.org\/saintefamille\/wp-content\/uploads\/sites\/15\/2025\/12\/20251128_103857-2048x1152.jpg 2048w, https:\/\/villagesaintjoseph.org\/saintefamille\/wp-content\/uploads\/sites\/15\/2025\/12\/20251128_103857-50x28.jpg 50w, https:\/\/villagesaintjoseph.org\/saintefamille\/wp-content\/uploads\/sites\/15\/2025\/12\/20251128_103857-1600x900.jpg 1600w, https:\/\/villagesaintjoseph.org\/saintefamille\/wp-content\/uploads\/sites\/15\/2025\/12\/20251128_103857-1400x788.jpg 1400w\" sizes=\"auto, (max-width: 1024px) 100vw, 1024px\" \/><\/figure>\n\n\n\n<figure class=\"wp-block-image size-large\"><img decoding=\"async\" data-id=\"1506\" src=\"https:\/\/villagesaintjoseph.org\/lapresence\/wp-content\/uploads\/sites\/8\/2023\/11\/IMG_3561-1024x683.jpg\" alt=\"\" class=\"wp-image-1506\" \/><\/figure>\n\n\n\n<figure class=\"wp-block-image size-large\"><img loading=\"lazy\" decoding=\"async\" width=\"1024\" height=\"576\" data-id=\"2717\" src=\"https:\/\/villagesaintjoseph.org\/saintefamille\/wp-content\/uploads\/sites\/15\/2025\/12\/20250904_201405-1024x576.jpg\" alt=\"\" class=\"wp-image-2717\" srcset=\"https:\/\/villagesaintjoseph.org\/saintefamille\/wp-content\/uploads\/sites\/15\/2025\/12\/20250904_201405-1024x576.jpg 1024w, https:\/\/villagesaintjoseph.org\/saintefamille\/wp-content\/uploads\/sites\/15\/2025\/12\/20250904_201405-300x169.jpg 300w, https:\/\/villagesaintjoseph.org\/saintefamille\/wp-content\/uploads\/sites\/15\/2025\/12\/20250904_201405-768x432.jpg 768w, https:\/\/villagesaintjoseph.org\/saintefamille\/wp-content\/uploads\/sites\/15\/2025\/12\/20250904_201405-1536x864.jpg 1536w, https:\/\/villagesaintjoseph.org\/saintefamille\/wp-content\/uploads\/sites\/15\/2025\/12\/20250904_201405-2048x1152.jpg 2048w, https:\/\/villagesaintjoseph.org\/saintefamille\/wp-content\/uploads\/sites\/15\/2025\/12\/20250904_201405-50x28.jpg 50w, https:\/\/villagesaintjoseph.org\/saintefamille\/wp-content\/uploads\/sites\/15\/2025\/12\/20250904_201405-1600x900.jpg 1600w, https:\/\/villagesaintjoseph.org\/saintefamille\/wp-content\/uploads\/sites\/15\/2025\/12\/20250904_201405-1400x788.jpg 1400w\" sizes=\"auto, (max-width: 1024px) 100vw, 1024px\" \/><\/figure>\n\n\n\n<figure class=\"wp-block-image size-large\"><img loading=\"lazy\" decoding=\"async\" width=\"866\" height=\"1024\" data-id=\"2719\" src=\"https:\/\/villagesaintjoseph.org\/saintefamille\/wp-content\/uploads\/sites\/15\/2025\/12\/20250906_152222-scaled-e1766090938846-866x1024.jpg\" alt=\"\" class=\"wp-image-2719\" srcset=\"https:\/\/villagesaintjoseph.org\/saintefamille\/wp-content\/uploads\/sites\/15\/2025\/12\/20250906_152222-scaled-e1766090938846-866x1024.jpg 866w, https:\/\/villagesaintjoseph.org\/saintefamille\/wp-content\/uploads\/sites\/15\/2025\/12\/20250906_152222-scaled-e1766090938846-254x300.jpg 254w, https:\/\/villagesaintjoseph.org\/saintefamille\/wp-content\/uploads\/sites\/15\/2025\/12\/20250906_152222-scaled-e1766090938846-768x908.jpg 768w, https:\/\/villagesaintjoseph.org\/saintefamille\/wp-content\/uploads\/sites\/15\/2025\/12\/20250906_152222-scaled-e1766090938846-50x59.jpg 50w, https:\/\/villagesaintjoseph.org\/saintefamille\/wp-content\/uploads\/sites\/15\/2025\/12\/20250906_152222-scaled-e1766090938846.jpg 920w\" sizes=\"auto, (max-width: 866px) 100vw, 866px\" \/><\/figure>\n<\/figure>\n\n\n\n<p><\/p>\n\n\n\n<h2 class=\"wp-block-heading\">Processus d&rsquo;accueil<\/h2>\n\n\n\n<p>Si vous \u00eates candidat(e), vous pouvez <strong>contacter un des responsables de la Maison Sainte Famille sur le num\u00e9ro de la Maison<\/strong>, pour faire connaissance et poser les questions utiles au discernement mutuel. Cet appel permet d\u2019\u00e9valuer si la vie au Village est adapt\u00e9e \u00e0 votre projet et si c\u2019est le cas et qu\u2019une place est disponible, de vous proposer deux semaines de d\u00e9couverte.<\/p>\n\n\n\n<p>Vous venez alors d\u00e9couvrir la Maison, les personnes et la vie au Village en passant deux semaines parmi nous. Au terme de ces deux <strong>semaines de d\u00e9couverte<\/strong>, vous repartez chez vous ou chez un proche pour discerner, en parall\u00e8le des responsables de la Maison, et choisir de vous installer au Village, ou non. C\u2019est un choix important. Il doit \u00eatre pos\u00e9 pour que cette d\u00e9cision soit synonyme d\u2019un v\u00e9ritable changement de vie.<\/p>\n\n\n\n<p>Enfin, si vous choisissez de revenir vous vous <strong>installez alors au Village<\/strong> pour une <strong>longue dur\u00e9e <\/strong>afin de vous reconstruire durablement, en prenant de nouvelles habitudes et en reprenant go\u00fbt \u00e0 la vie. Une estimation de cette dur\u00e9e est fix\u00e9e avec les responsables de la Maison en fonction du cas de chacun.<\/p>\n\n\n\n<div class=\"wp-block-buttons is-horizontal is-content-justification-center is-layout-flex wp-container-core-buttons-is-layout-03627597 wp-block-buttons-is-layout-flex\">\n<div class=\"wp-block-button\"><a class=\"wp-block-button__link has-orange-background-color has-background wp-element-button\" href=\"https:\/\/villagesaintjoseph.org\/saintefamille\/nous-contacter\/\">Nous contacter<\/a><\/div>\n<\/div>\n\n\n\n<p><\/p>\n","protected":false},"excerpt":{"rendered":"<p>Le Village Saint Joseph accueille des personnes en situation de fragilit\u00e9 qui ont envie de s\u2019en sortir. Ces fragilit\u00e9s peuvent \u00eatre de tous ordres : psychologique, physique, social ou de par l\u2019addiction, l\u2019\u00e2ge, le handicap, la situation financi\u00e8re, la perte de sens de la vie\u2026 L\u2019objectif de la Maison est de reprendre go\u00fbt \u00e0 la [&hellip;]<\/p>\n","protected":false},"author":6,"featured_media":632,"parent":73,"menu_order":18,"comment_status":"closed","ping_status":"closed","template":"","meta":{"inline_featured_image":false,"footnotes":""},"class_list":["post-285","page","type-page","status-publish","has-post-thumbnail","hentry"],"acf":[],"yoast_head":"<!-- This site is optimized with the Yoast SEO plugin v27.3 - https:\/\/yoast.com\/product\/yoast-seo-wordpress\/ -->\n<title>\u00catre accueilli(e) \u00e0 la Maison Sainte Famille - Maison Sainte Famille<\/title>\n<meta name=\"robots\" content=\"index, follow, max-snippet:-1, max-image-preview:large, max-video-preview:-1\" \/>\n<link rel=\"canonical\" href=\"https:\/\/villagesaintjoseph.org\/saintefamille\/vous-accueillir\/etre-accueilli\/\" \/>\n<meta property=\"og:locale\" content=\"fr_FR\" \/>\n<meta property=\"og:type\" content=\"article\" \/>\n<meta property=\"og:title\" content=\"\u00catre accueilli(e) \u00e0 la Maison Sainte Famille - Maison Sainte Famille\" \/>\n<meta property=\"og:description\" content=\"Le Village Saint Joseph accueille des personnes en situation de fragilit\u00e9 qui ont envie de s\u2019en sortir. Ces fragilit\u00e9s peuvent \u00eatre de tous ordres : psychologique, physique, social ou de par l\u2019addiction, l\u2019\u00e2ge, le handicap, la situation financi\u00e8re, la perte de sens de la vie\u2026 L\u2019objectif de la Maison est de reprendre go\u00fbt \u00e0 la [&hellip;]\" \/>\n<meta property=\"og:url\" content=\"https:\/\/villagesaintjoseph.org\/saintefamille\/vous-accueillir\/etre-accueilli\/\" \/>\n<meta property=\"og:site_name\" content=\"Maison Sainte Famille\" \/>\n<meta property=\"article:modified_time\" content=\"2025-12-18T22:39:52+00:00\" \/>\n<meta name=\"twitter:card\" content=\"summary_large_image\" \/>\n<meta name=\"twitter:label1\" content=\"Dur\u00e9e de lecture estim\u00e9e\" \/>\n\t<meta name=\"twitter:data1\" content=\"3 minutes\" \/>\n<script type=\"application\/ld+json\" class=\"yoast-schema-graph\">{\"@context\":\"https:\\\/\\\/schema.org\",\"@graph\":[{\"@type\":\"WebPage\",\"@id\":\"https:\\\/\\\/villagesaintjoseph.org\\\/saintefamille\\\/vous-accueillir\\\/etre-accueilli\\\/\",\"url\":\"https:\\\/\\\/villagesaintjoseph.org\\\/saintefamille\\\/vous-accueillir\\\/etre-accueilli\\\/\",\"name\":\"\u00catre accueilli(e) \u00e0 la Maison Sainte Famille - Maison Sainte Famille\",\"isPartOf\":{\"@id\":\"https:\\\/\\\/villagesaintjoseph.org\\\/saintefamille\\\/#website\"},\"primaryImageOfPage\":{\"@id\":\"https:\\\/\\\/villagesaintjoseph.org\\\/saintefamille\\\/vous-accueillir\\\/etre-accueilli\\\/#primaryimage\"},\"image\":{\"@id\":\"https:\\\/\\\/villagesaintjoseph.org\\\/saintefamille\\\/vous-accueillir\\\/etre-accueilli\\\/#primaryimage\"},\"thumbnailUrl\":\"\",\"datePublished\":\"2022-01-20T10:22:38+00:00\",\"dateModified\":\"2025-12-18T22:39:52+00:00\",\"breadcrumb\":{\"@id\":\"https:\\\/\\\/villagesaintjoseph.org\\\/saintefamille\\\/vous-accueillir\\\/etre-accueilli\\\/#breadcrumb\"},\"inLanguage\":\"fr-FR\",\"potentialAction\":[{\"@type\":\"ReadAction\",\"target\":[\"https:\\\/\\\/villagesaintjoseph.org\\\/saintefamille\\\/vous-accueillir\\\/etre-accueilli\\\/\"]}]},{\"@type\":\"ImageObject\",\"inLanguage\":\"fr-FR\",\"@id\":\"https:\\\/\\\/villagesaintjoseph.org\\\/saintefamille\\\/vous-accueillir\\\/etre-accueilli\\\/#primaryimage\",\"url\":\"\",\"contentUrl\":\"\"},{\"@type\":\"BreadcrumbList\",\"@id\":\"https:\\\/\\\/villagesaintjoseph.org\\\/saintefamille\\\/vous-accueillir\\\/etre-accueilli\\\/#breadcrumb\",\"itemListElement\":[{\"@type\":\"ListItem\",\"position\":1,\"name\":\"Accueil\",\"item\":\"https:\\\/\\\/villagesaintjoseph.org\\\/saintefamille\\\/\"},{\"@type\":\"ListItem\",\"position\":2,\"name\":\"Vous accueillir\",\"item\":\"https:\\\/\\\/villagesaintjoseph.org\\\/saintefamille\\\/vous-accueillir\\\/\"},{\"@type\":\"ListItem\",\"position\":3,\"name\":\"\u00catre accueilli(e) \u00e0 la Maison Sainte Famille\"}]},{\"@type\":\"WebSite\",\"@id\":\"https:\\\/\\\/villagesaintjoseph.org\\\/saintefamille\\\/#website\",\"url\":\"https:\\\/\\\/villagesaintjoseph.org\\\/saintefamille\\\/\",\"name\":\"Maison Sainte Famille\",\"description\":\"\",\"potentialAction\":[{\"@type\":\"SearchAction\",\"target\":{\"@type\":\"EntryPoint\",\"urlTemplate\":\"https:\\\/\\\/villagesaintjoseph.org\\\/saintefamille\\\/?s={search_term_string}\"},\"query-input\":{\"@type\":\"PropertyValueSpecification\",\"valueRequired\":true,\"valueName\":\"search_term_string\"}}],\"inLanguage\":\"fr-FR\"}]}<\/script>\n<!-- \/ Yoast SEO plugin. -->","yoast_head_json":{"title":"\u00catre accueilli(e) \u00e0 la Maison Sainte Famille - Maison Sainte Famille","robots":{"index":"index","follow":"follow","max-snippet":"max-snippet:-1","max-image-preview":"max-image-preview:large","max-video-preview":"max-video-preview:-1"},"canonical":"https:\/\/villagesaintjoseph.org\/saintefamille\/vous-accueillir\/etre-accueilli\/","og_locale":"fr_FR","og_type":"article","og_title":"\u00catre accueilli(e) \u00e0 la Maison Sainte Famille - Maison Sainte Famille","og_description":"Le Village Saint Joseph accueille des personnes en situation de fragilit\u00e9 qui ont envie de s\u2019en sortir. Ces fragilit\u00e9s peuvent \u00eatre de tous ordres : psychologique, physique, social ou de par l\u2019addiction, l\u2019\u00e2ge, le handicap, la situation financi\u00e8re, la perte de sens de la vie\u2026 L\u2019objectif de la Maison est de reprendre go\u00fbt \u00e0 la [&hellip;]","og_url":"https:\/\/villagesaintjoseph.org\/saintefamille\/vous-accueillir\/etre-accueilli\/","og_site_name":"Maison Sainte Famille","article_modified_time":"2025-12-18T22:39:52+00:00","twitter_card":"summary_large_image","twitter_misc":{"Dur\u00e9e de lecture estim\u00e9e":"3 minutes"},"schema":{"@context":"https:\/\/schema.org","@graph":[{"@type":"WebPage","@id":"https:\/\/villagesaintjoseph.org\/saintefamille\/vous-accueillir\/etre-accueilli\/","url":"https:\/\/villagesaintjoseph.org\/saintefamille\/vous-accueillir\/etre-accueilli\/","name":"\u00catre accueilli(e) \u00e0 la Maison Sainte Famille - Maison Sainte Famille","isPartOf":{"@id":"https:\/\/villagesaintjoseph.org\/saintefamille\/#website"},"primaryImageOfPage":{"@id":"https:\/\/villagesaintjoseph.org\/saintefamille\/vous-accueillir\/etre-accueilli\/#primaryimage"},"image":{"@id":"https:\/\/villagesaintjoseph.org\/saintefamille\/vous-accueillir\/etre-accueilli\/#primaryimage"},"thumbnailUrl":"","datePublished":"2022-01-20T10:22:38+00:00","dateModified":"2025-12-18T22:39:52+00:00","breadcrumb":{"@id":"https:\/\/villagesaintjoseph.org\/saintefamille\/vous-accueillir\/etre-accueilli\/#breadcrumb"},"inLanguage":"fr-FR","potentialAction":[{"@type":"ReadAction","target":["https:\/\/villagesaintjoseph.org\/saintefamille\/vous-accueillir\/etre-accueilli\/"]}]},{"@type":"ImageObject","inLanguage":"fr-FR","@id":"https:\/\/villagesaintjoseph.org\/saintefamille\/vous-accueillir\/etre-accueilli\/#primaryimage","url":"","contentUrl":""},{"@type":"BreadcrumbList","@id":"https:\/\/villagesaintjoseph.org\/saintefamille\/vous-accueillir\/etre-accueilli\/#breadcrumb","itemListElement":[{"@type":"ListItem","position":1,"name":"Accueil","item":"https:\/\/villagesaintjoseph.org\/saintefamille\/"},{"@type":"ListItem","position":2,"name":"Vous accueillir","item":"https:\/\/villagesaintjoseph.org\/saintefamille\/vous-accueillir\/"},{"@type":"ListItem","position":3,"name":"\u00catre accueilli(e) \u00e0 la Maison Sainte Famille"}]},{"@type":"WebSite","@id":"https:\/\/villagesaintjoseph.org\/saintefamille\/#website","url":"https:\/\/villagesaintjoseph.org\/saintefamille\/","name":"Maison Sainte Famille","description":"","potentialAction":[{"@type":"SearchAction","target":{"@type":"EntryPoint","urlTemplate":"https:\/\/villagesaintjoseph.org\/saintefamille\/?s={search_term_string}"},"query-input":{"@type":"PropertyValueSpecification","valueRequired":true,"valueName":"search_term_string"}}],"inLanguage":"fr-FR"}]}},"_links":{"self":[{"href":"https:\/\/villagesaintjoseph.org\/saintefamille\/wp-json\/wp\/v2\/pages\/285","targetHints":{"allow":["GET"]}}],"collection":[{"href":"https:\/\/villagesaintjoseph.org\/saintefamille\/wp-json\/wp\/v2\/pages"}],"about":[{"href":"https:\/\/villagesaintjoseph.org\/saintefamille\/wp-json\/wp\/v2\/types\/page"}],"author":[{"embeddable":true,"href":"https:\/\/villagesaintjoseph.org\/saintefamille\/wp-json\/wp\/v2\/users\/6"}],"replies":[{"embeddable":true,"href":"https:\/\/villagesaintjoseph.org\/saintefamille\/wp-json\/wp\/v2\/comments?post=285"}],"version-history":[{"count":3,"href":"https:\/\/villagesaintjoseph.org\/saintefamille\/wp-json\/wp\/v2\/pages\/285\/revisions"}],"predecessor-version":[{"id":2793,"href":"https:\/\/villagesaintjoseph.org\/saintefamille\/wp-json\/wp\/v2\/pages\/285\/revisions\/2793"}],"up":[{"embeddable":true,"href":"https:\/\/villagesaintjoseph.org\/saintefamille\/wp-json\/wp\/v2\/pages\/73"}],"wp:featuredmedia":[{"embeddable":true,"href":"https:\/\/villagesaintjoseph.org\/saintefamille\/wp-json\/"}],"wp:attachment":[{"href":"https:\/\/villagesaintjoseph.org\/saintefamille\/wp-json\/wp\/v2\/media?parent=285"}],"curies":[{"name":"wp","href":"https:\/\/api.w.org\/{rel}","templated":true}]}}