{"id":347,"date":"2022-01-21T17:58:50","date_gmt":"2022-01-21T16:58:50","guid":{"rendered":"https:\/\/sessines.stjoseph.ovh\/?page_id=347"},"modified":"2025-12-18T23:37:08","modified_gmt":"2025-12-18T22:37:08","slug":"etre-benevole","status":"publish","type":"page","link":"https:\/\/villagesaintjoseph.org\/saintefamille\/nous-aider\/etre-benevole\/","title":{"rendered":"\u00catre b\u00e9n\u00e9vole"},"content":{"rendered":"\n<p>Vous avez du <strong>temps<\/strong> ? Venez le passer avec nous ! Il existe une multitude de fa\u00e7ons d\u2019\u00eatre b\u00e9n\u00e9vole au Village <strong>selon vos talents, vos capacit\u00e9s, vos disponibilit\u00e9s<\/strong>\u2026<\/p>\n\n\n\n<p>Il est possible de :<\/p>\n\n\n\n<ul class=\"wp-block-list\">\n<li>Venir r\u00e9guli\u00e8rement passer une demi-journ\u00e9e pour <strong>nous aider dans les ateliers<\/strong> (jardinage, coupe du bois, potager, r\u00e9fection de mobilier, mosa\u00efque, cuisine, poulailler, etc)<\/li>\n\n\n\n<li><strong>Animer<\/strong> un atelier ou en proposer la cr\u00e9ation en fonction de vos talents<\/li>\n\n\n\n<li>Remplacer le couple responsable sur un week-end ou pendant les vacances<\/li>\n\n\n\n<li>S\u2019occuper de la <strong>communication<\/strong> de la Maison<\/li>\n\n\n\n<li>Venir pendant le week-end pour passer du temps avec nous<\/li>\n<\/ul>\n\n\n\n<p>Les b\u00e9n\u00e9voles sont une <strong>ressource essentielle<\/strong> pour le Village Saint Joseph, qui ne fonctionne pas sans eux. C\u2019est une vraie joie pour nous de conna\u00eetre de nouvelles personnes, de d\u00e9couvrir de nouvelles activit\u00e9s et de tisser des liens avec les b\u00e9n\u00e9voles.<\/p>\n\n\n\n<p>La Maison Sainte Famille est une <strong>Maison ouverte \u00e0 tous les chr\u00e9tiens<\/strong>, et plus g\u00e9n\u00e9ralement \u00e0 toute personne qui vit en Christ, peu importe sa confession ou sa sensibilit\u00e9. Il est primordial et urgent que les \u0153uvres de Dieu soient mises en oeuvre par tous ceux qui vivent de l\u2019\u00c9vangile, sans distinction.<\/p>\n\n\n\n<p><\/p>\n\n\n\n<blockquote class=\"wp-block-quote is-layout-flow wp-block-quote-is-layout-flow\">\n<p>\u00ab\u00a0Afin que tous soient un, comme toi, P\u00e8re, tu es en moi, et comme je suis en toi, afin qu&rsquo;eux aussi soient un en nous, pour que le monde croie que tu m&rsquo;as envoy\u00e9\u00a0\u00bb<\/p>\n<cite>Jean 17:21<\/cite><\/blockquote>\n\n\n\n<p>Plus <strong>concr\u00e8tement<\/strong>, voil\u00e0 des exemples de ce que font nos b\u00e9n\u00e9voles :<\/p>\n\n\n\n<ul class=\"wp-block-list\">\n<li>venir une fois par semaine pour aider dans les ateliers<\/li>\n\n\n\n<li>animer l\u2019atelier peinture le mardi apr\u00e8s-midi<\/li>\n\n\n\n<li>apporter de la soupe tous les samedis<\/li>\n<\/ul>\n\n\n\n<p><strong>Contactez-nous pour voir comment rejoindre l&rsquo;\u00e9quipe de b\u00e9n\u00e9voles et comment vous investir \u00e0 La Maison Sainte Famille, le Village Saint Joseph \u00e0 Belleu (02) !<\/strong><\/p>\n\n\n\n<div class=\"wp-block-buttons is-horizontal is-content-justification-center is-layout-flex wp-container-core-buttons-is-layout-03627597 wp-block-buttons-is-layout-flex\">\n<div class=\"wp-block-button\"><a class=\"wp-block-button__link has-orange-background-color has-background wp-element-button\" href=\"https:\/\/villagesaintjoseph.org\/saintefamille\/nous-contacter\/\">Nous contacter<\/a><\/div>\n<\/div>\n\n\n\n<p><\/p>\n","protected":false},"excerpt":{"rendered":"<p>Vous avez du temps ? Venez le passer avec nous ! Il existe une multitude de fa\u00e7ons d\u2019\u00eatre b\u00e9n\u00e9vole au Village selon vos talents, vos capacit\u00e9s, vos disponibilit\u00e9s\u2026 Il est possible de : Les b\u00e9n\u00e9voles sont une ressource essentielle pour le Village Saint Joseph, qui ne fonctionne pas sans eux. C\u2019est une vraie joie pour [&hellip;]<\/p>\n","protected":false},"author":6,"featured_media":380,"parent":147,"menu_order":11,"comment_status":"closed","ping_status":"closed","template":"","meta":{"inline_featured_image":false,"footnotes":""},"class_list":["post-347","page","type-page","status-publish","has-post-thumbnail","hentry"],"acf":[],"yoast_head":"<!-- This site is optimized with the Yoast SEO plugin v27.3 - https:\/\/yoast.com\/product\/yoast-seo-wordpress\/ -->\n<title>\u00catre b\u00e9n\u00e9vole - Maison Sainte Famille<\/title>\n<meta name=\"robots\" content=\"index, follow, max-snippet:-1, max-image-preview:large, max-video-preview:-1\" \/>\n<link rel=\"canonical\" href=\"https:\/\/villagesaintjoseph.org\/saintefamille\/nous-aider\/etre-benevole\/\" \/>\n<meta property=\"og:locale\" content=\"fr_FR\" \/>\n<meta property=\"og:type\" content=\"article\" \/>\n<meta property=\"og:title\" content=\"\u00catre b\u00e9n\u00e9vole - Maison Sainte Famille\" \/>\n<meta property=\"og:description\" content=\"Vous avez du temps ? Venez le passer avec nous ! Il existe une multitude de fa\u00e7ons d\u2019\u00eatre b\u00e9n\u00e9vole au Village selon vos talents, vos capacit\u00e9s, vos disponibilit\u00e9s\u2026 Il est possible de : Les b\u00e9n\u00e9voles sont une ressource essentielle pour le Village Saint Joseph, qui ne fonctionne pas sans eux. C\u2019est une vraie joie pour [&hellip;]\" \/>\n<meta property=\"og:url\" content=\"https:\/\/villagesaintjoseph.org\/saintefamille\/nous-aider\/etre-benevole\/\" \/>\n<meta property=\"og:site_name\" content=\"Maison Sainte Famille\" \/>\n<meta property=\"article:modified_time\" content=\"2025-12-18T22:37:08+00:00\" \/>\n<meta name=\"twitter:card\" content=\"summary_large_image\" \/>\n<meta name=\"twitter:label1\" content=\"Dur\u00e9e de lecture estim\u00e9e\" \/>\n\t<meta name=\"twitter:data1\" content=\"3 minutes\" \/>\n<script type=\"application\/ld+json\" class=\"yoast-schema-graph\">{\"@context\":\"https:\\\/\\\/schema.org\",\"@graph\":[{\"@type\":\"WebPage\",\"@id\":\"https:\\\/\\\/villagesaintjoseph.org\\\/saintefamille\\\/nous-aider\\\/etre-benevole\\\/\",\"url\":\"https:\\\/\\\/villagesaintjoseph.org\\\/saintefamille\\\/nous-aider\\\/etre-benevole\\\/\",\"name\":\"\u00catre b\u00e9n\u00e9vole - Maison Sainte Famille\",\"isPartOf\":{\"@id\":\"https:\\\/\\\/villagesaintjoseph.org\\\/saintefamille\\\/#website\"},\"primaryImageOfPage\":{\"@id\":\"https:\\\/\\\/villagesaintjoseph.org\\\/saintefamille\\\/nous-aider\\\/etre-benevole\\\/#primaryimage\"},\"image\":{\"@id\":\"https:\\\/\\\/villagesaintjoseph.org\\\/saintefamille\\\/nous-aider\\\/etre-benevole\\\/#primaryimage\"},\"thumbnailUrl\":\"\",\"datePublished\":\"2022-01-21T16:58:50+00:00\",\"dateModified\":\"2025-12-18T22:37:08+00:00\",\"breadcrumb\":{\"@id\":\"https:\\\/\\\/villagesaintjoseph.org\\\/saintefamille\\\/nous-aider\\\/etre-benevole\\\/#breadcrumb\"},\"inLanguage\":\"fr-FR\",\"potentialAction\":[{\"@type\":\"ReadAction\",\"target\":[\"https:\\\/\\\/villagesaintjoseph.org\\\/saintefamille\\\/nous-aider\\\/etre-benevole\\\/\"]}]},{\"@type\":\"ImageObject\",\"inLanguage\":\"fr-FR\",\"@id\":\"https:\\\/\\\/villagesaintjoseph.org\\\/saintefamille\\\/nous-aider\\\/etre-benevole\\\/#primaryimage\",\"url\":\"\",\"contentUrl\":\"\"},{\"@type\":\"BreadcrumbList\",\"@id\":\"https:\\\/\\\/villagesaintjoseph.org\\\/saintefamille\\\/nous-aider\\\/etre-benevole\\\/#breadcrumb\",\"itemListElement\":[{\"@type\":\"ListItem\",\"position\":1,\"name\":\"Accueil\",\"item\":\"https:\\\/\\\/villagesaintjoseph.org\\\/saintefamille\\\/\"},{\"@type\":\"ListItem\",\"position\":2,\"name\":\"Nous aider\",\"item\":\"https:\\\/\\\/villagesaintjoseph.org\\\/saintefamille\\\/nous-aider\\\/\"},{\"@type\":\"ListItem\",\"position\":3,\"name\":\"\u00catre b\u00e9n\u00e9vole\"}]},{\"@type\":\"WebSite\",\"@id\":\"https:\\\/\\\/villagesaintjoseph.org\\\/saintefamille\\\/#website\",\"url\":\"https:\\\/\\\/villagesaintjoseph.org\\\/saintefamille\\\/\",\"name\":\"Maison Sainte Famille\",\"description\":\"\",\"potentialAction\":[{\"@type\":\"SearchAction\",\"target\":{\"@type\":\"EntryPoint\",\"urlTemplate\":\"https:\\\/\\\/villagesaintjoseph.org\\\/saintefamille\\\/?s={search_term_string}\"},\"query-input\":{\"@type\":\"PropertyValueSpecification\",\"valueRequired\":true,\"valueName\":\"search_term_string\"}}],\"inLanguage\":\"fr-FR\"}]}<\/script>\n<!-- \/ Yoast SEO plugin. -->","yoast_head_json":{"title":"\u00catre b\u00e9n\u00e9vole - Maison Sainte Famille","robots":{"index":"index","follow":"follow","max-snippet":"max-snippet:-1","max-image-preview":"max-image-preview:large","max-video-preview":"max-video-preview:-1"},"canonical":"https:\/\/villagesaintjoseph.org\/saintefamille\/nous-aider\/etre-benevole\/","og_locale":"fr_FR","og_type":"article","og_title":"\u00catre b\u00e9n\u00e9vole - Maison Sainte Famille","og_description":"Vous avez du temps ? Venez le passer avec nous ! Il existe une multitude de fa\u00e7ons d\u2019\u00eatre b\u00e9n\u00e9vole au Village selon vos talents, vos capacit\u00e9s, vos disponibilit\u00e9s\u2026 Il est possible de : Les b\u00e9n\u00e9voles sont une ressource essentielle pour le Village Saint Joseph, qui ne fonctionne pas sans eux. C\u2019est une vraie joie pour [&hellip;]","og_url":"https:\/\/villagesaintjoseph.org\/saintefamille\/nous-aider\/etre-benevole\/","og_site_name":"Maison Sainte Famille","article_modified_time":"2025-12-18T22:37:08+00:00","twitter_card":"summary_large_image","twitter_misc":{"Dur\u00e9e de lecture estim\u00e9e":"3 minutes"},"schema":{"@context":"https:\/\/schema.org","@graph":[{"@type":"WebPage","@id":"https:\/\/villagesaintjoseph.org\/saintefamille\/nous-aider\/etre-benevole\/","url":"https:\/\/villagesaintjoseph.org\/saintefamille\/nous-aider\/etre-benevole\/","name":"\u00catre b\u00e9n\u00e9vole - Maison Sainte Famille","isPartOf":{"@id":"https:\/\/villagesaintjoseph.org\/saintefamille\/#website"},"primaryImageOfPage":{"@id":"https:\/\/villagesaintjoseph.org\/saintefamille\/nous-aider\/etre-benevole\/#primaryimage"},"image":{"@id":"https:\/\/villagesaintjoseph.org\/saintefamille\/nous-aider\/etre-benevole\/#primaryimage"},"thumbnailUrl":"","datePublished":"2022-01-21T16:58:50+00:00","dateModified":"2025-12-18T22:37:08+00:00","breadcrumb":{"@id":"https:\/\/villagesaintjoseph.org\/saintefamille\/nous-aider\/etre-benevole\/#breadcrumb"},"inLanguage":"fr-FR","potentialAction":[{"@type":"ReadAction","target":["https:\/\/villagesaintjoseph.org\/saintefamille\/nous-aider\/etre-benevole\/"]}]},{"@type":"ImageObject","inLanguage":"fr-FR","@id":"https:\/\/villagesaintjoseph.org\/saintefamille\/nous-aider\/etre-benevole\/#primaryimage","url":"","contentUrl":""},{"@type":"BreadcrumbList","@id":"https:\/\/villagesaintjoseph.org\/saintefamille\/nous-aider\/etre-benevole\/#breadcrumb","itemListElement":[{"@type":"ListItem","position":1,"name":"Accueil","item":"https:\/\/villagesaintjoseph.org\/saintefamille\/"},{"@type":"ListItem","position":2,"name":"Nous aider","item":"https:\/\/villagesaintjoseph.org\/saintefamille\/nous-aider\/"},{"@type":"ListItem","position":3,"name":"\u00catre b\u00e9n\u00e9vole"}]},{"@type":"WebSite","@id":"https:\/\/villagesaintjoseph.org\/saintefamille\/#website","url":"https:\/\/villagesaintjoseph.org\/saintefamille\/","name":"Maison Sainte Famille","description":"","potentialAction":[{"@type":"SearchAction","target":{"@type":"EntryPoint","urlTemplate":"https:\/\/villagesaintjoseph.org\/saintefamille\/?s={search_term_string}"},"query-input":{"@type":"PropertyValueSpecification","valueRequired":true,"valueName":"search_term_string"}}],"inLanguage":"fr-FR"}]}},"_links":{"self":[{"href":"https:\/\/villagesaintjoseph.org\/saintefamille\/wp-json\/wp\/v2\/pages\/347","targetHints":{"allow":["GET"]}}],"collection":[{"href":"https:\/\/villagesaintjoseph.org\/saintefamille\/wp-json\/wp\/v2\/pages"}],"about":[{"href":"https:\/\/villagesaintjoseph.org\/saintefamille\/wp-json\/wp\/v2\/types\/page"}],"author":[{"embeddable":true,"href":"https:\/\/villagesaintjoseph.org\/saintefamille\/wp-json\/wp\/v2\/users\/6"}],"replies":[{"embeddable":true,"href":"https:\/\/villagesaintjoseph.org\/saintefamille\/wp-json\/wp\/v2\/comments?post=347"}],"version-history":[{"count":4,"href":"https:\/\/villagesaintjoseph.org\/saintefamille\/wp-json\/wp\/v2\/pages\/347\/revisions"}],"predecessor-version":[{"id":2791,"href":"https:\/\/villagesaintjoseph.org\/saintefamille\/wp-json\/wp\/v2\/pages\/347\/revisions\/2791"}],"up":[{"embeddable":true,"href":"https:\/\/villagesaintjoseph.org\/saintefamille\/wp-json\/wp\/v2\/pages\/147"}],"wp:featuredmedia":[{"embeddable":true,"href":"https:\/\/villagesaintjoseph.org\/saintefamille\/wp-json\/"}],"wp:attachment":[{"href":"https:\/\/villagesaintjoseph.org\/saintefamille\/wp-json\/wp\/v2\/media?parent=347"}],"curies":[{"name":"wp","href":"https:\/\/api.w.org\/{rel}","templated":true}]}}