{"id":386,"date":"2022-01-21T18:26:07","date_gmt":"2022-01-21T17:26:07","guid":{"rendered":"https:\/\/sessines.stjoseph.ovh\/?page_id=386"},"modified":"2025-12-18T23:38:33","modified_gmt":"2025-12-18T22:38:33","slug":"faire-un-stage-un-service-civique","status":"publish","type":"page","link":"https:\/\/villagesaintjoseph.org\/saintefamille\/nous-aider\/faire-un-stage-un-service-civique\/","title":{"rendered":"Faire un stage, un service civique"},"content":{"rendered":"\n<p>Vous voulez <strong>d\u00e9couvrir la vie au Village<\/strong> ? Vous \u00eates \u00e0 l\u2019\u00e9coute et dynamique ? Vous souhaitez-vous impliquer dans une action solidaire ? Venez<strong> vivre avec nous<\/strong> et aider les responsables en partageant la vie quotidienne, les activit\u00e9s et les moments de convivialit\u00e9.<\/p>\n\n\n\n<p>Il est possible de<strong> faire un stage<\/strong> au Village, appelez-nous ou envoyez-nous un mail pour nous parler de vous et d\u00e9cider ensemble de votre engagement dans le projet.<br><\/p>\n\n\n\n<p>Nous cherchons \u00e9galement un <strong>service civique \u00e0 l\u2019ann\u00e9e<\/strong> pour aider le couple responsable en prenant des <strong>responsabilit\u00e9s<\/strong>, en d\u00e9veloppant de nouvelles <strong>comp\u00e9tences<\/strong> et en d\u00e9couvrant le<strong> milieu associatif<\/strong>.<\/p>\n\n\n\n<p>Vous vous sentez appel\u00e9s \u00e0 d\u00e9couvrir le Village Saint Joseph ?<\/p>\n\n\n\n<div class=\"wp-block-buttons is-horizontal is-content-justification-center is-layout-flex wp-container-core-buttons-is-layout-03627597 wp-block-buttons-is-layout-flex\">\n<div class=\"wp-block-button\"><a class=\"wp-block-button__link has-orange-background-color has-background wp-element-button\" href=\"https:\/\/villagesaintjoseph.org\/saintefamille\/nous-contacter\/\">Nous contacter<\/a><\/div>\n<\/div>\n\n\n\n<p><\/p>\n","protected":false},"excerpt":{"rendered":"<p>Vous voulez d\u00e9couvrir la vie au Village ? Vous \u00eates \u00e0 l\u2019\u00e9coute et dynamique ? Vous souhaitez-vous impliquer dans une action solidaire ? Venez vivre avec nous et aider les responsables en partageant la vie quotidienne, les activit\u00e9s et les moments de convivialit\u00e9. Il est possible de faire un stage au Village, appelez-nous ou envoyez-nous [&hellip;]<\/p>\n","protected":false},"author":6,"featured_media":527,"parent":147,"menu_order":13,"comment_status":"closed","ping_status":"closed","template":"","meta":{"inline_featured_image":false,"footnotes":""},"class_list":["post-386","page","type-page","status-publish","has-post-thumbnail","hentry"],"acf":[],"yoast_head":"<!-- This site is optimized with the Yoast SEO plugin v27.3 - https:\/\/yoast.com\/product\/yoast-seo-wordpress\/ -->\n<title>Faire un stage, un service civique - Maison Sainte Famille<\/title>\n<meta name=\"robots\" content=\"index, follow, max-snippet:-1, max-image-preview:large, max-video-preview:-1\" \/>\n<link rel=\"canonical\" href=\"https:\/\/villagesaintjoseph.org\/saintefamille\/nous-aider\/faire-un-stage-un-service-civique\/\" \/>\n<meta property=\"og:locale\" content=\"fr_FR\" \/>\n<meta property=\"og:type\" content=\"article\" \/>\n<meta property=\"og:title\" content=\"Faire un stage, un service civique - Maison Sainte Famille\" \/>\n<meta property=\"og:description\" content=\"Vous voulez d\u00e9couvrir la vie au Village ? Vous \u00eates \u00e0 l\u2019\u00e9coute et dynamique ? Vous souhaitez-vous impliquer dans une action solidaire ? Venez vivre avec nous et aider les responsables en partageant la vie quotidienne, les activit\u00e9s et les moments de convivialit\u00e9. Il est possible de faire un stage au Village, appelez-nous ou envoyez-nous [&hellip;]\" \/>\n<meta property=\"og:url\" content=\"https:\/\/villagesaintjoseph.org\/saintefamille\/nous-aider\/faire-un-stage-un-service-civique\/\" \/>\n<meta property=\"og:site_name\" content=\"Maison Sainte Famille\" \/>\n<meta property=\"article:modified_time\" content=\"2025-12-18T22:38:33+00:00\" \/>\n<meta name=\"twitter:card\" content=\"summary_large_image\" \/>\n<meta name=\"twitter:label1\" content=\"Dur\u00e9e de lecture estim\u00e9e\" \/>\n\t<meta name=\"twitter:data1\" content=\"2 minutes\" \/>\n<script type=\"application\/ld+json\" class=\"yoast-schema-graph\">{\"@context\":\"https:\\\/\\\/schema.org\",\"@graph\":[{\"@type\":\"WebPage\",\"@id\":\"https:\\\/\\\/villagesaintjoseph.org\\\/saintefamille\\\/nous-aider\\\/faire-un-stage-un-service-civique\\\/\",\"url\":\"https:\\\/\\\/villagesaintjoseph.org\\\/saintefamille\\\/nous-aider\\\/faire-un-stage-un-service-civique\\\/\",\"name\":\"Faire un stage, un service civique - Maison Sainte Famille\",\"isPartOf\":{\"@id\":\"https:\\\/\\\/villagesaintjoseph.org\\\/saintefamille\\\/#website\"},\"primaryImageOfPage\":{\"@id\":\"https:\\\/\\\/villagesaintjoseph.org\\\/saintefamille\\\/nous-aider\\\/faire-un-stage-un-service-civique\\\/#primaryimage\"},\"image\":{\"@id\":\"https:\\\/\\\/villagesaintjoseph.org\\\/saintefamille\\\/nous-aider\\\/faire-un-stage-un-service-civique\\\/#primaryimage\"},\"thumbnailUrl\":\"\",\"datePublished\":\"2022-01-21T17:26:07+00:00\",\"dateModified\":\"2025-12-18T22:38:33+00:00\",\"breadcrumb\":{\"@id\":\"https:\\\/\\\/villagesaintjoseph.org\\\/saintefamille\\\/nous-aider\\\/faire-un-stage-un-service-civique\\\/#breadcrumb\"},\"inLanguage\":\"fr-FR\",\"potentialAction\":[{\"@type\":\"ReadAction\",\"target\":[\"https:\\\/\\\/villagesaintjoseph.org\\\/saintefamille\\\/nous-aider\\\/faire-un-stage-un-service-civique\\\/\"]}]},{\"@type\":\"ImageObject\",\"inLanguage\":\"fr-FR\",\"@id\":\"https:\\\/\\\/villagesaintjoseph.org\\\/saintefamille\\\/nous-aider\\\/faire-un-stage-un-service-civique\\\/#primaryimage\",\"url\":\"\",\"contentUrl\":\"\"},{\"@type\":\"BreadcrumbList\",\"@id\":\"https:\\\/\\\/villagesaintjoseph.org\\\/saintefamille\\\/nous-aider\\\/faire-un-stage-un-service-civique\\\/#breadcrumb\",\"itemListElement\":[{\"@type\":\"ListItem\",\"position\":1,\"name\":\"Accueil\",\"item\":\"https:\\\/\\\/villagesaintjoseph.org\\\/saintefamille\\\/\"},{\"@type\":\"ListItem\",\"position\":2,\"name\":\"Nous aider\",\"item\":\"https:\\\/\\\/villagesaintjoseph.org\\\/saintefamille\\\/nous-aider\\\/\"},{\"@type\":\"ListItem\",\"position\":3,\"name\":\"Faire un stage, un service civique\"}]},{\"@type\":\"WebSite\",\"@id\":\"https:\\\/\\\/villagesaintjoseph.org\\\/saintefamille\\\/#website\",\"url\":\"https:\\\/\\\/villagesaintjoseph.org\\\/saintefamille\\\/\",\"name\":\"Maison Sainte Famille\",\"description\":\"\",\"potentialAction\":[{\"@type\":\"SearchAction\",\"target\":{\"@type\":\"EntryPoint\",\"urlTemplate\":\"https:\\\/\\\/villagesaintjoseph.org\\\/saintefamille\\\/?s={search_term_string}\"},\"query-input\":{\"@type\":\"PropertyValueSpecification\",\"valueRequired\":true,\"valueName\":\"search_term_string\"}}],\"inLanguage\":\"fr-FR\"}]}<\/script>\n<!-- \/ Yoast SEO plugin. -->","yoast_head_json":{"title":"Faire un stage, un service civique - Maison Sainte Famille","robots":{"index":"index","follow":"follow","max-snippet":"max-snippet:-1","max-image-preview":"max-image-preview:large","max-video-preview":"max-video-preview:-1"},"canonical":"https:\/\/villagesaintjoseph.org\/saintefamille\/nous-aider\/faire-un-stage-un-service-civique\/","og_locale":"fr_FR","og_type":"article","og_title":"Faire un stage, un service civique - Maison Sainte Famille","og_description":"Vous voulez d\u00e9couvrir la vie au Village ? Vous \u00eates \u00e0 l\u2019\u00e9coute et dynamique ? Vous souhaitez-vous impliquer dans une action solidaire ? Venez vivre avec nous et aider les responsables en partageant la vie quotidienne, les activit\u00e9s et les moments de convivialit\u00e9. Il est possible de faire un stage au Village, appelez-nous ou envoyez-nous [&hellip;]","og_url":"https:\/\/villagesaintjoseph.org\/saintefamille\/nous-aider\/faire-un-stage-un-service-civique\/","og_site_name":"Maison Sainte Famille","article_modified_time":"2025-12-18T22:38:33+00:00","twitter_card":"summary_large_image","twitter_misc":{"Dur\u00e9e de lecture estim\u00e9e":"2 minutes"},"schema":{"@context":"https:\/\/schema.org","@graph":[{"@type":"WebPage","@id":"https:\/\/villagesaintjoseph.org\/saintefamille\/nous-aider\/faire-un-stage-un-service-civique\/","url":"https:\/\/villagesaintjoseph.org\/saintefamille\/nous-aider\/faire-un-stage-un-service-civique\/","name":"Faire un stage, un service civique - Maison Sainte Famille","isPartOf":{"@id":"https:\/\/villagesaintjoseph.org\/saintefamille\/#website"},"primaryImageOfPage":{"@id":"https:\/\/villagesaintjoseph.org\/saintefamille\/nous-aider\/faire-un-stage-un-service-civique\/#primaryimage"},"image":{"@id":"https:\/\/villagesaintjoseph.org\/saintefamille\/nous-aider\/faire-un-stage-un-service-civique\/#primaryimage"},"thumbnailUrl":"","datePublished":"2022-01-21T17:26:07+00:00","dateModified":"2025-12-18T22:38:33+00:00","breadcrumb":{"@id":"https:\/\/villagesaintjoseph.org\/saintefamille\/nous-aider\/faire-un-stage-un-service-civique\/#breadcrumb"},"inLanguage":"fr-FR","potentialAction":[{"@type":"ReadAction","target":["https:\/\/villagesaintjoseph.org\/saintefamille\/nous-aider\/faire-un-stage-un-service-civique\/"]}]},{"@type":"ImageObject","inLanguage":"fr-FR","@id":"https:\/\/villagesaintjoseph.org\/saintefamille\/nous-aider\/faire-un-stage-un-service-civique\/#primaryimage","url":"","contentUrl":""},{"@type":"BreadcrumbList","@id":"https:\/\/villagesaintjoseph.org\/saintefamille\/nous-aider\/faire-un-stage-un-service-civique\/#breadcrumb","itemListElement":[{"@type":"ListItem","position":1,"name":"Accueil","item":"https:\/\/villagesaintjoseph.org\/saintefamille\/"},{"@type":"ListItem","position":2,"name":"Nous aider","item":"https:\/\/villagesaintjoseph.org\/saintefamille\/nous-aider\/"},{"@type":"ListItem","position":3,"name":"Faire un stage, un service civique"}]},{"@type":"WebSite","@id":"https:\/\/villagesaintjoseph.org\/saintefamille\/#website","url":"https:\/\/villagesaintjoseph.org\/saintefamille\/","name":"Maison Sainte Famille","description":"","potentialAction":[{"@type":"SearchAction","target":{"@type":"EntryPoint","urlTemplate":"https:\/\/villagesaintjoseph.org\/saintefamille\/?s={search_term_string}"},"query-input":{"@type":"PropertyValueSpecification","valueRequired":true,"valueName":"search_term_string"}}],"inLanguage":"fr-FR"}]}},"_links":{"self":[{"href":"https:\/\/villagesaintjoseph.org\/saintefamille\/wp-json\/wp\/v2\/pages\/386","targetHints":{"allow":["GET"]}}],"collection":[{"href":"https:\/\/villagesaintjoseph.org\/saintefamille\/wp-json\/wp\/v2\/pages"}],"about":[{"href":"https:\/\/villagesaintjoseph.org\/saintefamille\/wp-json\/wp\/v2\/types\/page"}],"author":[{"embeddable":true,"href":"https:\/\/villagesaintjoseph.org\/saintefamille\/wp-json\/wp\/v2\/users\/6"}],"replies":[{"embeddable":true,"href":"https:\/\/villagesaintjoseph.org\/saintefamille\/wp-json\/wp\/v2\/comments?post=386"}],"version-history":[{"count":1,"href":"https:\/\/villagesaintjoseph.org\/saintefamille\/wp-json\/wp\/v2\/pages\/386\/revisions"}],"predecessor-version":[{"id":2792,"href":"https:\/\/villagesaintjoseph.org\/saintefamille\/wp-json\/wp\/v2\/pages\/386\/revisions\/2792"}],"up":[{"embeddable":true,"href":"https:\/\/villagesaintjoseph.org\/saintefamille\/wp-json\/wp\/v2\/pages\/147"}],"wp:featuredmedia":[{"embeddable":true,"href":"https:\/\/villagesaintjoseph.org\/saintefamille\/wp-json\/"}],"wp:attachment":[{"href":"https:\/\/villagesaintjoseph.org\/saintefamille\/wp-json\/wp\/v2\/media?parent=386"}],"curies":[{"name":"wp","href":"https:\/\/api.w.org\/{rel}","templated":true}]}}