{"id":427,"date":"2022-01-24T15:36:53","date_gmt":"2022-01-24T14:36:53","guid":{"rendered":"https:\/\/sessines.stjoseph.ovh\/?page_id=427"},"modified":"2026-03-12T15:16:14","modified_gmt":"2026-03-12T14:16:14","slug":"faire-a-un-don-a-la-maison-sainte-famille","status":"publish","type":"page","link":"https:\/\/villagesaintjoseph.org\/saintefamille\/nous-aider\/faire-a-un-don-a-la-maison-sainte-famille\/","title":{"rendered":"Faire un don \u00e0 la Maison Sainte Famille"},"content":{"rendered":"\n<p><strong>La Maison Sainte Famille vit essentiellement de dons.<\/strong> La Maison ne re\u00e7oit aucune subvention publique afin d\u2019accueillir librement toute personne. Les personnes accueillies sont \u00e9galement invit\u00e9es \u00e0 participer par le paiement d\u2019un loyer ainsi que des charges quotidiennes, ceci en fonction de leurs ressources. Une autre partie des recettes provient des diff\u00e9rents ateliers mis en place. Nous avons donc besoin de votre soutien ! <strong>Quel que soit votre mode de r\u00e8glement, vous recevrez un re\u00e7u fiscal. <\/strong>75 % de votre don \u00e0 la Maison Sainte Famille est d\u00e9ductible dans la limite de 20 % de votre revenu imposable. (art. 200 CGI)<\/p>\n","protected":false},"excerpt":{"rendered":"<p>La Maison Sainte Famille vit essentiellement de dons. La Maison ne re\u00e7oit aucune subvention publique afin d\u2019accueillir librement toute personne. Les personnes accueillies sont \u00e9galement invit\u00e9es \u00e0 participer par le paiement d\u2019un loyer ainsi que des charges quotidiennes, ceci en fonction de leurs ressources. Une autre partie des recettes provient des diff\u00e9rents ateliers mis en [&hellip;]<\/p>\n","protected":false},"author":6,"featured_media":526,"parent":147,"menu_order":12,"comment_status":"closed","ping_status":"closed","template":"templates-pages\/faire-un-don-maison.php","meta":{"inline_featured_image":false,"footnotes":""},"class_list":["post-427","page","type-page","status-publish","has-post-thumbnail","hentry"],"acf":[],"yoast_head":"<!-- This site is optimized with the Yoast SEO plugin v27.3 - https:\/\/yoast.com\/product\/yoast-seo-wordpress\/ -->\n<title>Faire un don \u00e0 la Maison Sainte Famille - Maison Sainte Famille<\/title>\n<meta name=\"robots\" content=\"index, follow, max-snippet:-1, max-image-preview:large, max-video-preview:-1\" \/>\n<link rel=\"canonical\" href=\"https:\/\/villagesaintjoseph.org\/saintefamille\/nous-aider\/faire-a-un-don-a-la-maison-sainte-famille\/\" \/>\n<meta property=\"og:locale\" content=\"fr_FR\" \/>\n<meta property=\"og:type\" content=\"article\" \/>\n<meta property=\"og:title\" content=\"Faire un don \u00e0 la Maison Sainte Famille - Maison Sainte Famille\" \/>\n<meta property=\"og:description\" content=\"La Maison Sainte Famille vit essentiellement de dons. La Maison ne re\u00e7oit aucune subvention publique afin d\u2019accueillir librement toute personne. Les personnes accueillies sont \u00e9galement invit\u00e9es \u00e0 participer par le paiement d\u2019un loyer ainsi que des charges quotidiennes, ceci en fonction de leurs ressources. Une autre partie des recettes provient des diff\u00e9rents ateliers mis en [&hellip;]\" \/>\n<meta property=\"og:url\" content=\"https:\/\/villagesaintjoseph.org\/saintefamille\/nous-aider\/faire-a-un-don-a-la-maison-sainte-famille\/\" \/>\n<meta property=\"og:site_name\" content=\"Maison Sainte Famille\" \/>\n<meta property=\"article:modified_time\" content=\"2026-03-12T14:16:14+00:00\" \/>\n<meta name=\"twitter:card\" content=\"summary_large_image\" \/>\n<script type=\"application\/ld+json\" class=\"yoast-schema-graph\">{\"@context\":\"https:\\\/\\\/schema.org\",\"@graph\":[{\"@type\":\"WebPage\",\"@id\":\"https:\\\/\\\/villagesaintjoseph.org\\\/saintefamille\\\/nous-aider\\\/faire-a-un-don-a-la-maison-sainte-famille\\\/\",\"url\":\"https:\\\/\\\/villagesaintjoseph.org\\\/saintefamille\\\/nous-aider\\\/faire-a-un-don-a-la-maison-sainte-famille\\\/\",\"name\":\"Faire un don \u00e0 la Maison Sainte Famille - Maison Sainte Famille\",\"isPartOf\":{\"@id\":\"https:\\\/\\\/villagesaintjoseph.org\\\/saintefamille\\\/#website\"},\"primaryImageOfPage\":{\"@id\":\"https:\\\/\\\/villagesaintjoseph.org\\\/saintefamille\\\/nous-aider\\\/faire-a-un-don-a-la-maison-sainte-famille\\\/#primaryimage\"},\"image\":{\"@id\":\"https:\\\/\\\/villagesaintjoseph.org\\\/saintefamille\\\/nous-aider\\\/faire-a-un-don-a-la-maison-sainte-famille\\\/#primaryimage\"},\"thumbnailUrl\":\"\",\"datePublished\":\"2022-01-24T14:36:53+00:00\",\"dateModified\":\"2026-03-12T14:16:14+00:00\",\"breadcrumb\":{\"@id\":\"https:\\\/\\\/villagesaintjoseph.org\\\/saintefamille\\\/nous-aider\\\/faire-a-un-don-a-la-maison-sainte-famille\\\/#breadcrumb\"},\"inLanguage\":\"fr-FR\",\"potentialAction\":[{\"@type\":\"ReadAction\",\"target\":[\"https:\\\/\\\/villagesaintjoseph.org\\\/saintefamille\\\/nous-aider\\\/faire-a-un-don-a-la-maison-sainte-famille\\\/\"]}]},{\"@type\":\"ImageObject\",\"inLanguage\":\"fr-FR\",\"@id\":\"https:\\\/\\\/villagesaintjoseph.org\\\/saintefamille\\\/nous-aider\\\/faire-a-un-don-a-la-maison-sainte-famille\\\/#primaryimage\",\"url\":\"\",\"contentUrl\":\"\"},{\"@type\":\"BreadcrumbList\",\"@id\":\"https:\\\/\\\/villagesaintjoseph.org\\\/saintefamille\\\/nous-aider\\\/faire-a-un-don-a-la-maison-sainte-famille\\\/#breadcrumb\",\"itemListElement\":[{\"@type\":\"ListItem\",\"position\":1,\"name\":\"Accueil\",\"item\":\"https:\\\/\\\/villagesaintjoseph.org\\\/saintefamille\\\/\"},{\"@type\":\"ListItem\",\"position\":2,\"name\":\"Nous aider\",\"item\":\"https:\\\/\\\/villagesaintjoseph.org\\\/saintefamille\\\/nous-aider\\\/\"},{\"@type\":\"ListItem\",\"position\":3,\"name\":\"Faire un don \u00e0 la Maison Sainte Famille\"}]},{\"@type\":\"WebSite\",\"@id\":\"https:\\\/\\\/villagesaintjoseph.org\\\/saintefamille\\\/#website\",\"url\":\"https:\\\/\\\/villagesaintjoseph.org\\\/saintefamille\\\/\",\"name\":\"Maison Sainte Famille\",\"description\":\"\",\"potentialAction\":[{\"@type\":\"SearchAction\",\"target\":{\"@type\":\"EntryPoint\",\"urlTemplate\":\"https:\\\/\\\/villagesaintjoseph.org\\\/saintefamille\\\/?s={search_term_string}\"},\"query-input\":{\"@type\":\"PropertyValueSpecification\",\"valueRequired\":true,\"valueName\":\"search_term_string\"}}],\"inLanguage\":\"fr-FR\"}]}<\/script>\n<!-- \/ Yoast SEO plugin. -->","yoast_head_json":{"title":"Faire un don \u00e0 la Maison Sainte Famille - Maison Sainte Famille","robots":{"index":"index","follow":"follow","max-snippet":"max-snippet:-1","max-image-preview":"max-image-preview:large","max-video-preview":"max-video-preview:-1"},"canonical":"https:\/\/villagesaintjoseph.org\/saintefamille\/nous-aider\/faire-a-un-don-a-la-maison-sainte-famille\/","og_locale":"fr_FR","og_type":"article","og_title":"Faire un don \u00e0 la Maison Sainte Famille - Maison Sainte Famille","og_description":"La Maison Sainte Famille vit essentiellement de dons. La Maison ne re\u00e7oit aucune subvention publique afin d\u2019accueillir librement toute personne. Les personnes accueillies sont \u00e9galement invit\u00e9es \u00e0 participer par le paiement d\u2019un loyer ainsi que des charges quotidiennes, ceci en fonction de leurs ressources. Une autre partie des recettes provient des diff\u00e9rents ateliers mis en [&hellip;]","og_url":"https:\/\/villagesaintjoseph.org\/saintefamille\/nous-aider\/faire-a-un-don-a-la-maison-sainte-famille\/","og_site_name":"Maison Sainte Famille","article_modified_time":"2026-03-12T14:16:14+00:00","twitter_card":"summary_large_image","schema":{"@context":"https:\/\/schema.org","@graph":[{"@type":"WebPage","@id":"https:\/\/villagesaintjoseph.org\/saintefamille\/nous-aider\/faire-a-un-don-a-la-maison-sainte-famille\/","url":"https:\/\/villagesaintjoseph.org\/saintefamille\/nous-aider\/faire-a-un-don-a-la-maison-sainte-famille\/","name":"Faire un don \u00e0 la Maison Sainte Famille - Maison Sainte Famille","isPartOf":{"@id":"https:\/\/villagesaintjoseph.org\/saintefamille\/#website"},"primaryImageOfPage":{"@id":"https:\/\/villagesaintjoseph.org\/saintefamille\/nous-aider\/faire-a-un-don-a-la-maison-sainte-famille\/#primaryimage"},"image":{"@id":"https:\/\/villagesaintjoseph.org\/saintefamille\/nous-aider\/faire-a-un-don-a-la-maison-sainte-famille\/#primaryimage"},"thumbnailUrl":"","datePublished":"2022-01-24T14:36:53+00:00","dateModified":"2026-03-12T14:16:14+00:00","breadcrumb":{"@id":"https:\/\/villagesaintjoseph.org\/saintefamille\/nous-aider\/faire-a-un-don-a-la-maison-sainte-famille\/#breadcrumb"},"inLanguage":"fr-FR","potentialAction":[{"@type":"ReadAction","target":["https:\/\/villagesaintjoseph.org\/saintefamille\/nous-aider\/faire-a-un-don-a-la-maison-sainte-famille\/"]}]},{"@type":"ImageObject","inLanguage":"fr-FR","@id":"https:\/\/villagesaintjoseph.org\/saintefamille\/nous-aider\/faire-a-un-don-a-la-maison-sainte-famille\/#primaryimage","url":"","contentUrl":""},{"@type":"BreadcrumbList","@id":"https:\/\/villagesaintjoseph.org\/saintefamille\/nous-aider\/faire-a-un-don-a-la-maison-sainte-famille\/#breadcrumb","itemListElement":[{"@type":"ListItem","position":1,"name":"Accueil","item":"https:\/\/villagesaintjoseph.org\/saintefamille\/"},{"@type":"ListItem","position":2,"name":"Nous aider","item":"https:\/\/villagesaintjoseph.org\/saintefamille\/nous-aider\/"},{"@type":"ListItem","position":3,"name":"Faire un don \u00e0 la Maison Sainte Famille"}]},{"@type":"WebSite","@id":"https:\/\/villagesaintjoseph.org\/saintefamille\/#website","url":"https:\/\/villagesaintjoseph.org\/saintefamille\/","name":"Maison Sainte Famille","description":"","potentialAction":[{"@type":"SearchAction","target":{"@type":"EntryPoint","urlTemplate":"https:\/\/villagesaintjoseph.org\/saintefamille\/?s={search_term_string}"},"query-input":{"@type":"PropertyValueSpecification","valueRequired":true,"valueName":"search_term_string"}}],"inLanguage":"fr-FR"}]}},"_links":{"self":[{"href":"https:\/\/villagesaintjoseph.org\/saintefamille\/wp-json\/wp\/v2\/pages\/427","targetHints":{"allow":["GET"]}}],"collection":[{"href":"https:\/\/villagesaintjoseph.org\/saintefamille\/wp-json\/wp\/v2\/pages"}],"about":[{"href":"https:\/\/villagesaintjoseph.org\/saintefamille\/wp-json\/wp\/v2\/types\/page"}],"author":[{"embeddable":true,"href":"https:\/\/villagesaintjoseph.org\/saintefamille\/wp-json\/wp\/v2\/users\/6"}],"replies":[{"embeddable":true,"href":"https:\/\/villagesaintjoseph.org\/saintefamille\/wp-json\/wp\/v2\/comments?post=427"}],"version-history":[{"count":18,"href":"https:\/\/villagesaintjoseph.org\/saintefamille\/wp-json\/wp\/v2\/pages\/427\/revisions"}],"predecessor-version":[{"id":2945,"href":"https:\/\/villagesaintjoseph.org\/saintefamille\/wp-json\/wp\/v2\/pages\/427\/revisions\/2945"}],"up":[{"embeddable":true,"href":"https:\/\/villagesaintjoseph.org\/saintefamille\/wp-json\/wp\/v2\/pages\/147"}],"wp:featuredmedia":[{"embeddable":true,"href":"https:\/\/villagesaintjoseph.org\/saintefamille\/wp-json\/"}],"wp:attachment":[{"href":"https:\/\/villagesaintjoseph.org\/saintefamille\/wp-json\/wp\/v2\/media?parent=427"}],"curies":[{"name":"wp","href":"https:\/\/api.w.org\/{rel}","templated":true}]}}