{"id":49,"date":"2021-05-03T09:19:47","date_gmt":"2021-05-03T07:19:47","guid":{"rendered":"https:\/\/kerlevenez.stjoseph.ovh\/?page_id=49"},"modified":"2026-01-13T16:00:18","modified_gmt":"2026-01-13T15:00:18","slug":"histoire-de-la-maison-sainte-croix","status":"publish","type":"page","link":"https:\/\/villagesaintjoseph.org\/saintefamille\/la-maison-sainte-famille\/histoire-de-la-maison-sainte-croix\/","title":{"rendered":"Histoire de La Maison Sainte Croix \u00e0 la Maison Sainte Famille"},"content":{"rendered":"\n<p>Avant d&rsquo;accueillir une Maison du Village Saint Joseph sur le site de la Maison Sainte Croix, le site a connu une <strong>histoire multis\u00e9culaire<\/strong> en commen\u00e7ant au 16i\u00e8me si\u00e8cle comme Ch\u00e2teau de Val.<\/p>\n\n\n\n<p><\/p>\n\n\n\n<div class=\"wp-block-buttons is-layout-flex wp-block-buttons-is-layout-flex\">\n<div class=\"wp-block-button\"><a class=\"wp-block-button__link has-white-color has-orange-background-color has-text-color has-background wp-element-button\">19i\u00e8me Si\u00e8cle : Le Ch\u00e2teau de Belleu<\/a><\/div>\n<\/div>\n\n\n\n<p><\/p>\n\n\n\n<div class=\"wp-block-columns is-layout-flex wp-container-core-columns-is-layout-28f84493 wp-block-columns-is-layout-flex\">\n<div class=\"wp-block-column is-layout-flow wp-block-column-is-layout-flow\" style=\"flex-basis:33.33%\">\n<figure class=\"wp-block-image size-large\"><img loading=\"lazy\" decoding=\"async\" width=\"1024\" height=\"576\" src=\"https:\/\/villagesaintjoseph.org\/saintefamille\/wp-content\/uploads\/sites\/15\/2025\/12\/20251218_173804_resized-1024x576.jpg\" alt=\"\" class=\"wp-image-2734\" srcset=\"https:\/\/villagesaintjoseph.org\/saintefamille\/wp-content\/uploads\/sites\/15\/2025\/12\/20251218_173804_resized-1024x576.jpg 1024w, https:\/\/villagesaintjoseph.org\/saintefamille\/wp-content\/uploads\/sites\/15\/2025\/12\/20251218_173804_resized-300x169.jpg 300w, https:\/\/villagesaintjoseph.org\/saintefamille\/wp-content\/uploads\/sites\/15\/2025\/12\/20251218_173804_resized-768x432.jpg 768w, https:\/\/villagesaintjoseph.org\/saintefamille\/wp-content\/uploads\/sites\/15\/2025\/12\/20251218_173804_resized-1536x864.jpg 1536w, https:\/\/villagesaintjoseph.org\/saintefamille\/wp-content\/uploads\/sites\/15\/2025\/12\/20251218_173804_resized-50x28.jpg 50w, https:\/\/villagesaintjoseph.org\/saintefamille\/wp-content\/uploads\/sites\/15\/2025\/12\/20251218_173804_resized-1600x900.jpg 1600w, https:\/\/villagesaintjoseph.org\/saintefamille\/wp-content\/uploads\/sites\/15\/2025\/12\/20251218_173804_resized-1400x788.jpg 1400w, https:\/\/villagesaintjoseph.org\/saintefamille\/wp-content\/uploads\/sites\/15\/2025\/12\/20251218_173804_resized-rotated.jpg 1920w\" sizes=\"auto, (max-width: 1024px) 100vw, 1024px\" \/><\/figure>\n\n\n\n<figure class=\"wp-block-image size-large\"><img loading=\"lazy\" decoding=\"async\" width=\"1024\" height=\"709\" src=\"https:\/\/villagesaintjoseph.org\/saintefamille\/wp-content\/uploads\/sites\/15\/2025\/12\/20251218_174352_resized-e1766090681861-1024x709.jpg\" alt=\"\" class=\"wp-image-2742\" srcset=\"https:\/\/villagesaintjoseph.org\/saintefamille\/wp-content\/uploads\/sites\/15\/2025\/12\/20251218_174352_resized-e1766090681861-1024x709.jpg 1024w, https:\/\/villagesaintjoseph.org\/saintefamille\/wp-content\/uploads\/sites\/15\/2025\/12\/20251218_174352_resized-e1766090681861-300x208.jpg 300w, https:\/\/villagesaintjoseph.org\/saintefamille\/wp-content\/uploads\/sites\/15\/2025\/12\/20251218_174352_resized-e1766090681861-768x532.jpg 768w, https:\/\/villagesaintjoseph.org\/saintefamille\/wp-content\/uploads\/sites\/15\/2025\/12\/20251218_174352_resized-e1766090681861-50x35.jpg 50w, https:\/\/villagesaintjoseph.org\/saintefamille\/wp-content\/uploads\/sites\/15\/2025\/12\/20251218_174352_resized-e1766090681861.jpg 1386w\" sizes=\"auto, (max-width: 1024px) 100vw, 1024px\" \/><\/figure>\n\n\n\n<p>.<\/p>\n<\/div>\n\n\n\n<div class=\"wp-block-column is-layout-flow wp-block-column-is-layout-flow\" style=\"flex-basis:80%\">\n<p>Le b\u00e2timent principal fut construit en 1830 sur d\u2019anciennes fondations (13 ieme si\u00e8cle) par un Chambellan de Napol\u00e9on III (Morio de l\u2019Isle). Celui-ci est apparent\u00e9 aux familles Breuil et d\u2019Abluferat (Chateau de Montgobert). <\/p>\n\n\n\n<p>Au d\u00e9but du si\u00e8cle, le ch\u00e2teau est vendu \u00e0 Mme Dubart puis Mme Auger, sa fille, en h\u00e9rite.<\/p>\n\n\n\n<p>Le 14 Septembre 1913, un grand calvaire est \u00e9rig\u00e9 dans le Parc. C\u2019est l\u2019occasion d\u2019une grande manifestation religieuse.<\/p>\n<\/div>\n<\/div>\n\n\n\n<div class=\"wp-block-columns is-layout-flex wp-container-core-columns-is-layout-28f84493 wp-block-columns-is-layout-flex\">\n<div class=\"wp-block-column is-layout-flow wp-block-column-is-layout-flow\" style=\"flex-basis:33.33%\">\n<figure class=\"wp-block-image size-large\"><img loading=\"lazy\" decoding=\"async\" width=\"1024\" height=\"576\" src=\"https:\/\/villagesaintjoseph.org\/saintefamille\/wp-content\/uploads\/sites\/15\/2025\/12\/20251218_221430_resized-1024x576.jpg\" alt=\"\" class=\"wp-image-2748\" srcset=\"https:\/\/villagesaintjoseph.org\/saintefamille\/wp-content\/uploads\/sites\/15\/2025\/12\/20251218_221430_resized-1024x576.jpg 1024w, https:\/\/villagesaintjoseph.org\/saintefamille\/wp-content\/uploads\/sites\/15\/2025\/12\/20251218_221430_resized-300x169.jpg 300w, https:\/\/villagesaintjoseph.org\/saintefamille\/wp-content\/uploads\/sites\/15\/2025\/12\/20251218_221430_resized-768x432.jpg 768w, https:\/\/villagesaintjoseph.org\/saintefamille\/wp-content\/uploads\/sites\/15\/2025\/12\/20251218_221430_resized-1536x864.jpg 1536w, https:\/\/villagesaintjoseph.org\/saintefamille\/wp-content\/uploads\/sites\/15\/2025\/12\/20251218_221430_resized-50x28.jpg 50w, https:\/\/villagesaintjoseph.org\/saintefamille\/wp-content\/uploads\/sites\/15\/2025\/12\/20251218_221430_resized-1600x900.jpg 1600w, https:\/\/villagesaintjoseph.org\/saintefamille\/wp-content\/uploads\/sites\/15\/2025\/12\/20251218_221430_resized-1400x788.jpg 1400w, https:\/\/villagesaintjoseph.org\/saintefamille\/wp-content\/uploads\/sites\/15\/2025\/12\/20251218_221430_resized-rotated.jpg 1920w\" sizes=\"auto, (max-width: 1024px) 100vw, 1024px\" \/><\/figure>\n\n\n\n<figure class=\"wp-block-image size-large\"><img loading=\"lazy\" decoding=\"async\" width=\"1024\" height=\"576\" src=\"https:\/\/villagesaintjoseph.org\/saintefamille\/wp-content\/uploads\/sites\/15\/2025\/12\/20251218_221415_resized-1024x576.jpg\" alt=\"\" class=\"wp-image-2747\" srcset=\"https:\/\/villagesaintjoseph.org\/saintefamille\/wp-content\/uploads\/sites\/15\/2025\/12\/20251218_221415_resized-1024x576.jpg 1024w, https:\/\/villagesaintjoseph.org\/saintefamille\/wp-content\/uploads\/sites\/15\/2025\/12\/20251218_221415_resized-300x169.jpg 300w, https:\/\/villagesaintjoseph.org\/saintefamille\/wp-content\/uploads\/sites\/15\/2025\/12\/20251218_221415_resized-768x432.jpg 768w, https:\/\/villagesaintjoseph.org\/saintefamille\/wp-content\/uploads\/sites\/15\/2025\/12\/20251218_221415_resized-1536x864.jpg 1536w, https:\/\/villagesaintjoseph.org\/saintefamille\/wp-content\/uploads\/sites\/15\/2025\/12\/20251218_221415_resized-50x28.jpg 50w, https:\/\/villagesaintjoseph.org\/saintefamille\/wp-content\/uploads\/sites\/15\/2025\/12\/20251218_221415_resized-1600x900.jpg 1600w, https:\/\/villagesaintjoseph.org\/saintefamille\/wp-content\/uploads\/sites\/15\/2025\/12\/20251218_221415_resized-1400x788.jpg 1400w, https:\/\/villagesaintjoseph.org\/saintefamille\/wp-content\/uploads\/sites\/15\/2025\/12\/20251218_221415_resized-rotated.jpg 1920w\" sizes=\"auto, (max-width: 1024px) 100vw, 1024px\" \/><\/figure>\n\n\n\n<figure class=\"wp-block-image size-large\"><img loading=\"lazy\" decoding=\"async\" width=\"1024\" height=\"576\" src=\"https:\/\/villagesaintjoseph.org\/saintefamille\/wp-content\/uploads\/sites\/15\/2025\/12\/20250906_150128-1024x576.jpg\" alt=\"\" class=\"wp-image-2694\" srcset=\"https:\/\/villagesaintjoseph.org\/saintefamille\/wp-content\/uploads\/sites\/15\/2025\/12\/20250906_150128-1024x576.jpg 1024w, https:\/\/villagesaintjoseph.org\/saintefamille\/wp-content\/uploads\/sites\/15\/2025\/12\/20250906_150128-300x169.jpg 300w, https:\/\/villagesaintjoseph.org\/saintefamille\/wp-content\/uploads\/sites\/15\/2025\/12\/20250906_150128-768x432.jpg 768w, https:\/\/villagesaintjoseph.org\/saintefamille\/wp-content\/uploads\/sites\/15\/2025\/12\/20250906_150128-1536x864.jpg 1536w, https:\/\/villagesaintjoseph.org\/saintefamille\/wp-content\/uploads\/sites\/15\/2025\/12\/20250906_150128-2048x1152.jpg 2048w, https:\/\/villagesaintjoseph.org\/saintefamille\/wp-content\/uploads\/sites\/15\/2025\/12\/20250906_150128-50x28.jpg 50w, https:\/\/villagesaintjoseph.org\/saintefamille\/wp-content\/uploads\/sites\/15\/2025\/12\/20250906_150128-1600x900.jpg 1600w, https:\/\/villagesaintjoseph.org\/saintefamille\/wp-content\/uploads\/sites\/15\/2025\/12\/20250906_150128-1400x788.jpg 1400w\" sizes=\"auto, (max-width: 1024px) 100vw, 1024px\" \/><\/figure>\n<\/div>\n\n\n\n<div class=\"wp-block-column is-layout-flow wp-block-column-is-layout-flow\" style=\"flex-basis:80%\">\n<p>En 1926, Mme Auger, \u00e0 la demande du Cardinal Verdier, fait construire le b\u00e2timent de droite d\u00e9nomm\u00e9 \u00ab&nbsp;Colonie Sainte Croix&nbsp;\u00bb. Ce b\u00e2timent accueille alors des s\u00e9minaristes Sulpiciens.<\/p>\n\n\n\n<p>EN 1938, le Dioc\u00e8se de Soissons demande \u00e0 Mme Auger de faire du b\u00e2timent central une maison de repos pour pr\u00eatres \u00e2g\u00e9s. Maison du Sacr\u00e9-Coeur.<\/p>\n\n\n\n<p>1945\u00a0: \u00e0 la mort de Mme Auger, la maison est offerte aux P\u00e8res J\u00e9suites. L\u2019ensemble du lieu s\u2019appellera \u00ab\u00a0Maison Sainte Croix\u00a0\u00bb.<\/p>\n\n\n\n<p>En 1971, les P\u00e8res J\u00e9suites envisagent de se retirer de la Maison. L\u2019Ev\u00eaque de Soissons, Monseigneur Bannwarth, souhaite que la Maison Sainte Croix demeure \u00ab&nbsp;Maison de retraites spirituelles&nbsp;\u00bb. Le 20 Juin 1971, cinq S\u0153urs de La Congr\u00e9gation des S\u0153urs de l\u2019Unit\u00e9 arrivent pour 2 ans.<\/p>\n\n\n\n<p>1982-1983&nbsp;: Construction des nouveaux locaux d\u2019accueil&nbsp;: Chapelle (\u00e0 droite) et R\u00e9fectoire (\u00e0 gauche)<\/p>\n<\/div>\n<\/div>\n\n\n\n<p><\/p>\n\n\n\n<p><\/p>\n\n\n\n<div class=\"wp-block-buttons is-layout-flex wp-block-buttons-is-layout-flex\">\n<div class=\"wp-block-button\"><a class=\"wp-block-button__link has-white-color has-orange-background-color has-text-color has-background wp-element-button\">2025 Le Village Saint Joseph est accueilli, la Maison Sainte Famille est cr\u00e9\u00e9e<\/a><\/div>\n<\/div>\n\n\n\n<p><\/p>\n\n\n\n<p><\/p>\n\n\n\n<p><\/p>\n\n\n\n<p><\/p>\n\n\n\n<div class=\"wp-block-columns is-layout-flex wp-container-core-columns-is-layout-28f84493 wp-block-columns-is-layout-flex\">\n<div class=\"wp-block-column is-layout-flow wp-block-column-is-layout-flow\" style=\"flex-basis:100%\"><section class=\"grille-enfants grid-x grid-container grid-margin-x align-center\">\n\n        \n                <a href=\"https:\/\/villagesaintjoseph.org\/saintefamille\/vous-accueillir\/une-journee-type-a-la-maison-sainte-famille\/\" class=\" grille-enfants__item cell large-4 medium-6 small-12\">\n                    <img loading=\"lazy\" decoding=\"async\" width=\"500\" height=\"250\" src=\"https:\/\/villagesaintjoseph.org\/saintefamille\/wp-content\/uploads\/sites\/15\/2025\/12\/20251213_110643_resized-500x250.jpg\" class=\"attachment-miniature_medium size-miniature_medium\" alt=\"\" \/>                    <p class=\"grille-enfants__item__title\">Une journ\u00e9e \u00e0 la maison Sainte Famille<\/p>\n                                         <div class=\"grille-enfants__item__tooltip\">\n\t                   Journ\u00e9e type                    <\/div>\n                                    <\/a>  \n\n        \n                <a href=\"https:\/\/villagesaintjoseph.org\/saintefamille\/la-maison-sainte-famille\/activites-de-la-maison-sainte-famille\/\" class=\" grille-enfants__item cell large-4 medium-6 small-12\">\n                    <img loading=\"lazy\" decoding=\"async\" width=\"500\" height=\"250\" src=\"https:\/\/villagesaintjoseph.org\/saintefamille\/wp-content\/uploads\/sites\/15\/2025\/12\/20251014_095949-scaled-e1766087770538-500x250.jpg\" class=\"attachment-miniature_medium size-miniature_medium\" alt=\"\" \/>                    <p class=\"grille-enfants__item__title\">Les activit\u00e9s \u00e0 la maison Sainte Famille<\/p>\n                                         <div class=\"grille-enfants__item__tooltip\">\n\t                   Mosa\u00efque, bois, espaces verts, potager, soin de animaux                    <\/div>\n                                    <\/a>  \n\n          \n\n    <\/section> \n \n\n\n\n<p><\/p>\n<\/div>\n<\/div>\n\n\n\n<p><\/p>\n","protected":false},"excerpt":{"rendered":"<p>Avant d&rsquo;accueillir une Maison du Village Saint Joseph sur le site de la Maison Sainte Croix, le site a connu une histoire multis\u00e9culaire en commen\u00e7ant au 16i\u00e8me si\u00e8cle comme Ch\u00e2teau de Val. . Le b\u00e2timent principal fut construit en 1830 sur d\u2019anciennes fondations (13 ieme si\u00e8cle) par un Chambellan de Napol\u00e9on III (Morio de l\u2019Isle). [&hellip;]<\/p>\n","protected":false},"author":6,"featured_media":2695,"parent":14,"menu_order":2,"comment_status":"closed","ping_status":"closed","template":"","meta":{"inline_featured_image":false,"footnotes":""},"class_list":["post-49","page","type-page","status-publish","has-post-thumbnail","hentry"],"acf":[],"yoast_head":"<!-- This site is optimized with the Yoast SEO plugin v27.3 - https:\/\/yoast.com\/product\/yoast-seo-wordpress\/ -->\n<title>Histoire de La Maison Sainte Croix \u00e0 la Maison Sainte Famille - Maison Sainte Famille<\/title>\n<meta name=\"robots\" content=\"index, follow, max-snippet:-1, max-image-preview:large, max-video-preview:-1\" \/>\n<link rel=\"canonical\" href=\"https:\/\/villagesaintjoseph.org\/saintefamille\/la-maison-sainte-famille\/histoire-de-la-maison-sainte-croix\/\" \/>\n<meta property=\"og:locale\" content=\"fr_FR\" \/>\n<meta property=\"og:type\" content=\"article\" \/>\n<meta property=\"og:title\" content=\"Histoire de La Maison Sainte Croix \u00e0 la Maison Sainte Famille - Maison Sainte Famille\" \/>\n<meta property=\"og:description\" content=\"Avant d&rsquo;accueillir une Maison du Village Saint Joseph sur le site de la Maison Sainte Croix, le site a connu une histoire multis\u00e9culaire en commen\u00e7ant au 16i\u00e8me si\u00e8cle comme Ch\u00e2teau de Val. . Le b\u00e2timent principal fut construit en 1830 sur d\u2019anciennes fondations (13 ieme si\u00e8cle) par un Chambellan de Napol\u00e9on III (Morio de l\u2019Isle). [&hellip;]\" \/>\n<meta property=\"og:url\" content=\"https:\/\/villagesaintjoseph.org\/saintefamille\/la-maison-sainte-famille\/histoire-de-la-maison-sainte-croix\/\" \/>\n<meta property=\"og:site_name\" content=\"Maison Sainte Famille\" \/>\n<meta property=\"article:modified_time\" content=\"2026-01-13T15:00:18+00:00\" \/>\n<meta property=\"og:image\" content=\"https:\/\/villagesaintjoseph.org\/saintefamille\/wp-content\/uploads\/sites\/15\/2025\/12\/Entree-cours-60-rue-du-Val.jpg\" \/>\n\t<meta property=\"og:image:width\" content=\"1196\" \/>\n\t<meta property=\"og:image:height\" content=\"622\" \/>\n\t<meta property=\"og:image:type\" content=\"image\/jpeg\" \/>\n<meta name=\"twitter:card\" content=\"summary_large_image\" \/>\n<meta name=\"twitter:label1\" content=\"Dur\u00e9e de lecture estim\u00e9e\" \/>\n\t<meta name=\"twitter:data1\" content=\"3 minutes\" \/>\n<script type=\"application\/ld+json\" class=\"yoast-schema-graph\">{\"@context\":\"https:\\\/\\\/schema.org\",\"@graph\":[{\"@type\":\"WebPage\",\"@id\":\"https:\\\/\\\/villagesaintjoseph.org\\\/saintefamille\\\/la-maison-sainte-famille\\\/histoire-de-la-maison-sainte-croix\\\/\",\"url\":\"https:\\\/\\\/villagesaintjoseph.org\\\/saintefamille\\\/la-maison-sainte-famille\\\/histoire-de-la-maison-sainte-croix\\\/\",\"name\":\"Histoire de La Maison Sainte Croix \u00e0 la Maison Sainte Famille - Maison Sainte Famille\",\"isPartOf\":{\"@id\":\"https:\\\/\\\/villagesaintjoseph.org\\\/saintefamille\\\/#website\"},\"primaryImageOfPage\":{\"@id\":\"https:\\\/\\\/villagesaintjoseph.org\\\/saintefamille\\\/la-maison-sainte-famille\\\/histoire-de-la-maison-sainte-croix\\\/#primaryimage\"},\"image\":{\"@id\":\"https:\\\/\\\/villagesaintjoseph.org\\\/saintefamille\\\/la-maison-sainte-famille\\\/histoire-de-la-maison-sainte-croix\\\/#primaryimage\"},\"thumbnailUrl\":\"https:\\\/\\\/villagesaintjoseph.org\\\/saintefamille\\\/wp-content\\\/uploads\\\/sites\\\/15\\\/2025\\\/12\\\/Entree-cours-60-rue-du-Val.jpg\",\"datePublished\":\"2021-05-03T07:19:47+00:00\",\"dateModified\":\"2026-01-13T15:00:18+00:00\",\"breadcrumb\":{\"@id\":\"https:\\\/\\\/villagesaintjoseph.org\\\/saintefamille\\\/la-maison-sainte-famille\\\/histoire-de-la-maison-sainte-croix\\\/#breadcrumb\"},\"inLanguage\":\"fr-FR\",\"potentialAction\":[{\"@type\":\"ReadAction\",\"target\":[\"https:\\\/\\\/villagesaintjoseph.org\\\/saintefamille\\\/la-maison-sainte-famille\\\/histoire-de-la-maison-sainte-croix\\\/\"]}]},{\"@type\":\"ImageObject\",\"inLanguage\":\"fr-FR\",\"@id\":\"https:\\\/\\\/villagesaintjoseph.org\\\/saintefamille\\\/la-maison-sainte-famille\\\/histoire-de-la-maison-sainte-croix\\\/#primaryimage\",\"url\":\"https:\\\/\\\/villagesaintjoseph.org\\\/saintefamille\\\/wp-content\\\/uploads\\\/sites\\\/15\\\/2025\\\/12\\\/Entree-cours-60-rue-du-Val.jpg\",\"contentUrl\":\"https:\\\/\\\/villagesaintjoseph.org\\\/saintefamille\\\/wp-content\\\/uploads\\\/sites\\\/15\\\/2025\\\/12\\\/Entree-cours-60-rue-du-Val.jpg\",\"width\":1196,\"height\":622},{\"@type\":\"BreadcrumbList\",\"@id\":\"https:\\\/\\\/villagesaintjoseph.org\\\/saintefamille\\\/la-maison-sainte-famille\\\/histoire-de-la-maison-sainte-croix\\\/#breadcrumb\",\"itemListElement\":[{\"@type\":\"ListItem\",\"position\":1,\"name\":\"Accueil\",\"item\":\"https:\\\/\\\/villagesaintjoseph.org\\\/saintefamille\\\/\"},{\"@type\":\"ListItem\",\"position\":2,\"name\":\"La Maison Sainte Famille\",\"item\":\"https:\\\/\\\/villagesaintjoseph.org\\\/saintefamille\\\/\"},{\"@type\":\"ListItem\",\"position\":3,\"name\":\"Histoire de La Maison Sainte Croix \u00e0 la Maison Sainte Famille\"}]},{\"@type\":\"WebSite\",\"@id\":\"https:\\\/\\\/villagesaintjoseph.org\\\/saintefamille\\\/#website\",\"url\":\"https:\\\/\\\/villagesaintjoseph.org\\\/saintefamille\\\/\",\"name\":\"Maison Sainte Famille\",\"description\":\"\",\"potentialAction\":[{\"@type\":\"SearchAction\",\"target\":{\"@type\":\"EntryPoint\",\"urlTemplate\":\"https:\\\/\\\/villagesaintjoseph.org\\\/saintefamille\\\/?s={search_term_string}\"},\"query-input\":{\"@type\":\"PropertyValueSpecification\",\"valueRequired\":true,\"valueName\":\"search_term_string\"}}],\"inLanguage\":\"fr-FR\"}]}<\/script>\n<!-- \/ Yoast SEO plugin. -->","yoast_head_json":{"title":"Histoire de La Maison Sainte Croix \u00e0 la Maison Sainte Famille - Maison Sainte Famille","robots":{"index":"index","follow":"follow","max-snippet":"max-snippet:-1","max-image-preview":"max-image-preview:large","max-video-preview":"max-video-preview:-1"},"canonical":"https:\/\/villagesaintjoseph.org\/saintefamille\/la-maison-sainte-famille\/histoire-de-la-maison-sainte-croix\/","og_locale":"fr_FR","og_type":"article","og_title":"Histoire de La Maison Sainte Croix \u00e0 la Maison Sainte Famille - Maison Sainte Famille","og_description":"Avant d&rsquo;accueillir une Maison du Village Saint Joseph sur le site de la Maison Sainte Croix, le site a connu une histoire multis\u00e9culaire en commen\u00e7ant au 16i\u00e8me si\u00e8cle comme Ch\u00e2teau de Val. . Le b\u00e2timent principal fut construit en 1830 sur d\u2019anciennes fondations (13 ieme si\u00e8cle) par un Chambellan de Napol\u00e9on III (Morio de l\u2019Isle). [&hellip;]","og_url":"https:\/\/villagesaintjoseph.org\/saintefamille\/la-maison-sainte-famille\/histoire-de-la-maison-sainte-croix\/","og_site_name":"Maison Sainte Famille","article_modified_time":"2026-01-13T15:00:18+00:00","og_image":[{"width":1196,"height":622,"url":"https:\/\/villagesaintjoseph.org\/saintefamille\/wp-content\/uploads\/sites\/15\/2025\/12\/Entree-cours-60-rue-du-Val.jpg","type":"image\/jpeg"}],"twitter_card":"summary_large_image","twitter_misc":{"Dur\u00e9e de lecture estim\u00e9e":"3 minutes"},"schema":{"@context":"https:\/\/schema.org","@graph":[{"@type":"WebPage","@id":"https:\/\/villagesaintjoseph.org\/saintefamille\/la-maison-sainte-famille\/histoire-de-la-maison-sainte-croix\/","url":"https:\/\/villagesaintjoseph.org\/saintefamille\/la-maison-sainte-famille\/histoire-de-la-maison-sainte-croix\/","name":"Histoire de La Maison Sainte Croix \u00e0 la Maison Sainte Famille - Maison Sainte Famille","isPartOf":{"@id":"https:\/\/villagesaintjoseph.org\/saintefamille\/#website"},"primaryImageOfPage":{"@id":"https:\/\/villagesaintjoseph.org\/saintefamille\/la-maison-sainte-famille\/histoire-de-la-maison-sainte-croix\/#primaryimage"},"image":{"@id":"https:\/\/villagesaintjoseph.org\/saintefamille\/la-maison-sainte-famille\/histoire-de-la-maison-sainte-croix\/#primaryimage"},"thumbnailUrl":"https:\/\/villagesaintjoseph.org\/saintefamille\/wp-content\/uploads\/sites\/15\/2025\/12\/Entree-cours-60-rue-du-Val.jpg","datePublished":"2021-05-03T07:19:47+00:00","dateModified":"2026-01-13T15:00:18+00:00","breadcrumb":{"@id":"https:\/\/villagesaintjoseph.org\/saintefamille\/la-maison-sainte-famille\/histoire-de-la-maison-sainte-croix\/#breadcrumb"},"inLanguage":"fr-FR","potentialAction":[{"@type":"ReadAction","target":["https:\/\/villagesaintjoseph.org\/saintefamille\/la-maison-sainte-famille\/histoire-de-la-maison-sainte-croix\/"]}]},{"@type":"ImageObject","inLanguage":"fr-FR","@id":"https:\/\/villagesaintjoseph.org\/saintefamille\/la-maison-sainte-famille\/histoire-de-la-maison-sainte-croix\/#primaryimage","url":"https:\/\/villagesaintjoseph.org\/saintefamille\/wp-content\/uploads\/sites\/15\/2025\/12\/Entree-cours-60-rue-du-Val.jpg","contentUrl":"https:\/\/villagesaintjoseph.org\/saintefamille\/wp-content\/uploads\/sites\/15\/2025\/12\/Entree-cours-60-rue-du-Val.jpg","width":1196,"height":622},{"@type":"BreadcrumbList","@id":"https:\/\/villagesaintjoseph.org\/saintefamille\/la-maison-sainte-famille\/histoire-de-la-maison-sainte-croix\/#breadcrumb","itemListElement":[{"@type":"ListItem","position":1,"name":"Accueil","item":"https:\/\/villagesaintjoseph.org\/saintefamille\/"},{"@type":"ListItem","position":2,"name":"La Maison Sainte Famille","item":"https:\/\/villagesaintjoseph.org\/saintefamille\/"},{"@type":"ListItem","position":3,"name":"Histoire de La Maison Sainte Croix \u00e0 la Maison Sainte Famille"}]},{"@type":"WebSite","@id":"https:\/\/villagesaintjoseph.org\/saintefamille\/#website","url":"https:\/\/villagesaintjoseph.org\/saintefamille\/","name":"Maison Sainte Famille","description":"","potentialAction":[{"@type":"SearchAction","target":{"@type":"EntryPoint","urlTemplate":"https:\/\/villagesaintjoseph.org\/saintefamille\/?s={search_term_string}"},"query-input":{"@type":"PropertyValueSpecification","valueRequired":true,"valueName":"search_term_string"}}],"inLanguage":"fr-FR"}]}},"_links":{"self":[{"href":"https:\/\/villagesaintjoseph.org\/saintefamille\/wp-json\/wp\/v2\/pages\/49","targetHints":{"allow":["GET"]}}],"collection":[{"href":"https:\/\/villagesaintjoseph.org\/saintefamille\/wp-json\/wp\/v2\/pages"}],"about":[{"href":"https:\/\/villagesaintjoseph.org\/saintefamille\/wp-json\/wp\/v2\/types\/page"}],"author":[{"embeddable":true,"href":"https:\/\/villagesaintjoseph.org\/saintefamille\/wp-json\/wp\/v2\/users\/6"}],"replies":[{"embeddable":true,"href":"https:\/\/villagesaintjoseph.org\/saintefamille\/wp-json\/wp\/v2\/comments?post=49"}],"version-history":[{"count":32,"href":"https:\/\/villagesaintjoseph.org\/saintefamille\/wp-json\/wp\/v2\/pages\/49\/revisions"}],"predecessor-version":[{"id":2931,"href":"https:\/\/villagesaintjoseph.org\/saintefamille\/wp-json\/wp\/v2\/pages\/49\/revisions\/2931"}],"up":[{"embeddable":true,"href":"https:\/\/villagesaintjoseph.org\/saintefamille\/wp-json\/wp\/v2\/pages\/14"}],"wp:featuredmedia":[{"embeddable":true,"href":"https:\/\/villagesaintjoseph.org\/saintefamille\/wp-json\/wp\/v2\/media\/2695"}],"wp:attachment":[{"href":"https:\/\/villagesaintjoseph.org\/saintefamille\/wp-json\/wp\/v2\/media?parent=49"}],"curies":[{"name":"wp","href":"https:\/\/api.w.org\/{rel}","templated":true}]}}