{"id":427,"date":"2022-01-24T15:36:53","date_gmt":"2022-01-24T14:36:53","guid":{"rendered":"https:\/\/sessines.stjoseph.ovh\/?page_id=427"},"modified":"2025-03-26T15:27:54","modified_gmt":"2025-03-26T14:27:54","slug":"faire-a-un-don-a-la-maison-stella-maris","status":"publish","type":"page","link":"https:\/\/villagesaintjoseph.org\/stellamaris\/nous-aider\/faire-a-un-don-a-la-maison-stella-maris\/","title":{"rendered":"Faire un don d\u00e9fiscalis\u00e9 \u00e0 la Maison Stella Maris"},"content":{"rendered":"","protected":false},"excerpt":{"rendered":"","protected":false},"author":9,"featured_media":526,"parent":147,"menu_order":10,"comment_status":"closed","ping_status":"closed","template":"templates-pages\/faire-un-don-maison.php","meta":{"inline_featured_image":false,"footnotes":""},"class_list":["post-427","page","type-page","status-publish","has-post-thumbnail","hentry"],"acf":[],"yoast_head":"<!-- This site is optimized with the Yoast SEO plugin v27.4 - https:\/\/yoast.com\/product\/yoast-seo-wordpress\/ -->\n<title>Faire un don d\u00e9fiscalis\u00e9 \u00e0 la Maison Stella Maris - Maison Stella Maris<\/title>\n<meta name=\"robots\" content=\"index, follow, max-snippet:-1, max-image-preview:large, max-video-preview:-1\" \/>\n<link rel=\"canonical\" href=\"https:\/\/villagesaintjoseph.org\/stellamaris\/nous-aider\/faire-a-un-don-a-la-maison-stella-maris\/\" \/>\n<meta property=\"og:locale\" content=\"fr_FR\" \/>\n<meta property=\"og:type\" content=\"article\" \/>\n<meta property=\"og:title\" content=\"Faire un don d\u00e9fiscalis\u00e9 \u00e0 la Maison Stella Maris - Maison Stella Maris\" \/>\n<meta property=\"og:url\" content=\"https:\/\/villagesaintjoseph.org\/stellamaris\/nous-aider\/faire-a-un-don-a-la-maison-stella-maris\/\" \/>\n<meta property=\"og:site_name\" content=\"Maison Stella Maris\" \/>\n<meta property=\"article:modified_time\" content=\"2025-03-26T14:27:54+00:00\" \/>\n<meta name=\"twitter:card\" content=\"summary_large_image\" \/>\n<script type=\"application\/ld+json\" class=\"yoast-schema-graph\">{\"@context\":\"https:\\\/\\\/schema.org\",\"@graph\":[{\"@type\":\"WebPage\",\"@id\":\"https:\\\/\\\/villagesaintjoseph.org\\\/stellamaris\\\/nous-aider\\\/faire-a-un-don-a-la-maison-stella-maris\\\/\",\"url\":\"https:\\\/\\\/villagesaintjoseph.org\\\/stellamaris\\\/nous-aider\\\/faire-a-un-don-a-la-maison-stella-maris\\\/\",\"name\":\"Faire un don d\u00e9fiscalis\u00e9 \u00e0 la Maison Stella Maris - Maison Stella Maris\",\"isPartOf\":{\"@id\":\"https:\\\/\\\/villagesaintjoseph.org\\\/stellamaris\\\/#website\"},\"primaryImageOfPage\":{\"@id\":\"https:\\\/\\\/villagesaintjoseph.org\\\/stellamaris\\\/nous-aider\\\/faire-a-un-don-a-la-maison-stella-maris\\\/#primaryimage\"},\"image\":{\"@id\":\"https:\\\/\\\/villagesaintjoseph.org\\\/stellamaris\\\/nous-aider\\\/faire-a-un-don-a-la-maison-stella-maris\\\/#primaryimage\"},\"thumbnailUrl\":\"\",\"datePublished\":\"2022-01-24T14:36:53+00:00\",\"dateModified\":\"2025-03-26T14:27:54+00:00\",\"breadcrumb\":{\"@id\":\"https:\\\/\\\/villagesaintjoseph.org\\\/stellamaris\\\/nous-aider\\\/faire-a-un-don-a-la-maison-stella-maris\\\/#breadcrumb\"},\"inLanguage\":\"fr-FR\",\"potentialAction\":[{\"@type\":\"ReadAction\",\"target\":[\"https:\\\/\\\/villagesaintjoseph.org\\\/stellamaris\\\/nous-aider\\\/faire-a-un-don-a-la-maison-stella-maris\\\/\"]}]},{\"@type\":\"ImageObject\",\"inLanguage\":\"fr-FR\",\"@id\":\"https:\\\/\\\/villagesaintjoseph.org\\\/stellamaris\\\/nous-aider\\\/faire-a-un-don-a-la-maison-stella-maris\\\/#primaryimage\",\"url\":\"\",\"contentUrl\":\"\"},{\"@type\":\"BreadcrumbList\",\"@id\":\"https:\\\/\\\/villagesaintjoseph.org\\\/stellamaris\\\/nous-aider\\\/faire-a-un-don-a-la-maison-stella-maris\\\/#breadcrumb\",\"itemListElement\":[{\"@type\":\"ListItem\",\"position\":1,\"name\":\"Accueil\",\"item\":\"https:\\\/\\\/villagesaintjoseph.org\\\/stellamaris\\\/\"},{\"@type\":\"ListItem\",\"position\":2,\"name\":\"Nous aider\",\"item\":\"https:\\\/\\\/villagesaintjoseph.org\\\/stellamaris\\\/nous-aider\\\/\"},{\"@type\":\"ListItem\",\"position\":3,\"name\":\"Faire un don d\u00e9fiscalis\u00e9 \u00e0 la Maison Stella Maris\"}]},{\"@type\":\"WebSite\",\"@id\":\"https:\\\/\\\/villagesaintjoseph.org\\\/stellamaris\\\/#website\",\"url\":\"https:\\\/\\\/villagesaintjoseph.org\\\/stellamaris\\\/\",\"name\":\"Maison Stella Maris\",\"description\":\"\",\"potentialAction\":[{\"@type\":\"SearchAction\",\"target\":{\"@type\":\"EntryPoint\",\"urlTemplate\":\"https:\\\/\\\/villagesaintjoseph.org\\\/stellamaris\\\/?s={search_term_string}\"},\"query-input\":{\"@type\":\"PropertyValueSpecification\",\"valueRequired\":true,\"valueName\":\"search_term_string\"}}],\"inLanguage\":\"fr-FR\"}]}<\/script>\n<!-- \/ Yoast SEO plugin. -->","yoast_head_json":{"title":"Faire un don d\u00e9fiscalis\u00e9 \u00e0 la Maison Stella Maris - Maison Stella Maris","robots":{"index":"index","follow":"follow","max-snippet":"max-snippet:-1","max-image-preview":"max-image-preview:large","max-video-preview":"max-video-preview:-1"},"canonical":"https:\/\/villagesaintjoseph.org\/stellamaris\/nous-aider\/faire-a-un-don-a-la-maison-stella-maris\/","og_locale":"fr_FR","og_type":"article","og_title":"Faire un don d\u00e9fiscalis\u00e9 \u00e0 la Maison Stella Maris - Maison Stella Maris","og_url":"https:\/\/villagesaintjoseph.org\/stellamaris\/nous-aider\/faire-a-un-don-a-la-maison-stella-maris\/","og_site_name":"Maison Stella Maris","article_modified_time":"2025-03-26T14:27:54+00:00","twitter_card":"summary_large_image","schema":{"@context":"https:\/\/schema.org","@graph":[{"@type":"WebPage","@id":"https:\/\/villagesaintjoseph.org\/stellamaris\/nous-aider\/faire-a-un-don-a-la-maison-stella-maris\/","url":"https:\/\/villagesaintjoseph.org\/stellamaris\/nous-aider\/faire-a-un-don-a-la-maison-stella-maris\/","name":"Faire un don d\u00e9fiscalis\u00e9 \u00e0 la Maison Stella Maris - Maison Stella Maris","isPartOf":{"@id":"https:\/\/villagesaintjoseph.org\/stellamaris\/#website"},"primaryImageOfPage":{"@id":"https:\/\/villagesaintjoseph.org\/stellamaris\/nous-aider\/faire-a-un-don-a-la-maison-stella-maris\/#primaryimage"},"image":{"@id":"https:\/\/villagesaintjoseph.org\/stellamaris\/nous-aider\/faire-a-un-don-a-la-maison-stella-maris\/#primaryimage"},"thumbnailUrl":"","datePublished":"2022-01-24T14:36:53+00:00","dateModified":"2025-03-26T14:27:54+00:00","breadcrumb":{"@id":"https:\/\/villagesaintjoseph.org\/stellamaris\/nous-aider\/faire-a-un-don-a-la-maison-stella-maris\/#breadcrumb"},"inLanguage":"fr-FR","potentialAction":[{"@type":"ReadAction","target":["https:\/\/villagesaintjoseph.org\/stellamaris\/nous-aider\/faire-a-un-don-a-la-maison-stella-maris\/"]}]},{"@type":"ImageObject","inLanguage":"fr-FR","@id":"https:\/\/villagesaintjoseph.org\/stellamaris\/nous-aider\/faire-a-un-don-a-la-maison-stella-maris\/#primaryimage","url":"","contentUrl":""},{"@type":"BreadcrumbList","@id":"https:\/\/villagesaintjoseph.org\/stellamaris\/nous-aider\/faire-a-un-don-a-la-maison-stella-maris\/#breadcrumb","itemListElement":[{"@type":"ListItem","position":1,"name":"Accueil","item":"https:\/\/villagesaintjoseph.org\/stellamaris\/"},{"@type":"ListItem","position":2,"name":"Nous aider","item":"https:\/\/villagesaintjoseph.org\/stellamaris\/nous-aider\/"},{"@type":"ListItem","position":3,"name":"Faire un don d\u00e9fiscalis\u00e9 \u00e0 la Maison Stella Maris"}]},{"@type":"WebSite","@id":"https:\/\/villagesaintjoseph.org\/stellamaris\/#website","url":"https:\/\/villagesaintjoseph.org\/stellamaris\/","name":"Maison Stella Maris","description":"","potentialAction":[{"@type":"SearchAction","target":{"@type":"EntryPoint","urlTemplate":"https:\/\/villagesaintjoseph.org\/stellamaris\/?s={search_term_string}"},"query-input":{"@type":"PropertyValueSpecification","valueRequired":true,"valueName":"search_term_string"}}],"inLanguage":"fr-FR"}]}},"_links":{"self":[{"href":"https:\/\/villagesaintjoseph.org\/stellamaris\/wp-json\/wp\/v2\/pages\/427","targetHints":{"allow":["GET"]}}],"collection":[{"href":"https:\/\/villagesaintjoseph.org\/stellamaris\/wp-json\/wp\/v2\/pages"}],"about":[{"href":"https:\/\/villagesaintjoseph.org\/stellamaris\/wp-json\/wp\/v2\/types\/page"}],"author":[{"embeddable":true,"href":"https:\/\/villagesaintjoseph.org\/stellamaris\/wp-json\/wp\/v2\/users\/9"}],"replies":[{"embeddable":true,"href":"https:\/\/villagesaintjoseph.org\/stellamaris\/wp-json\/wp\/v2\/comments?post=427"}],"version-history":[{"count":25,"href":"https:\/\/villagesaintjoseph.org\/stellamaris\/wp-json\/wp\/v2\/pages\/427\/revisions"}],"predecessor-version":[{"id":1829,"href":"https:\/\/villagesaintjoseph.org\/stellamaris\/wp-json\/wp\/v2\/pages\/427\/revisions\/1829"}],"up":[{"embeddable":true,"href":"https:\/\/villagesaintjoseph.org\/stellamaris\/wp-json\/wp\/v2\/pages\/147"}],"wp:featuredmedia":[{"embeddable":true,"href":"https:\/\/villagesaintjoseph.org\/stellamaris\/wp-json\/"}],"wp:attachment":[{"href":"https:\/\/villagesaintjoseph.org\/stellamaris\/wp-json\/wp\/v2\/media?parent=427"}],"curies":[{"name":"wp","href":"https:\/\/api.w.org\/{rel}","templated":true}]}}