{"id":205,"date":"2022-01-20T10:11:05","date_gmt":"2022-01-20T09:11:05","guid":{"rendered":"https:\/\/sycomore.stjoseph.ovh\/?page_id=205"},"modified":"2022-01-26T10:01:09","modified_gmt":"2022-01-26T09:01:09","slug":"les-activites-du-sycomore","status":"publish","type":"page","link":"https:\/\/villagesaintjoseph.org\/sycomore\/la-maison-le-sycomore-2\/les-activites-du-sycomore\/","title":{"rendered":"Les activit\u00e9s du Sycomore"},"content":{"rendered":"\n<h2 class=\"wp-block-heading\">Les activit\u00e9s en int\u00e9rieur <\/h2>\n\n\n\n<p>Nous ne manquons pas d&rsquo;<strong>activit\u00e9s<\/strong> <strong>manuelles <\/strong>\u00e0 la Maison du Sycomore : mosa\u00efque, cuir, crochet, tissage, fabrication de chapelets, pyrogravure, cuisine, t\u00e2ches m\u00e9nag\u00e8res quotidiennes. <\/p>\n\n\n\n<p>Nous avons \u00e9galement un atelier <strong>menuiserie <\/strong>qui nous permet de fabriquer des bancs de pri\u00e8re et les planches servant de base \u00e0 nos mosa\u00efques et pyrogravures. Cet atelier nous permet \u00e9galement de faire des travaux pour la maison comme la fabrication de l&rsquo;ambon de la chapelle, des \u00e9tag\u00e8res etc. <\/p>\n\n\n\n<div class=\"wp-block-columns is-layout-flex wp-container-core-columns-is-layout-28f84493 wp-block-columns-is-layout-flex\">\n<div class=\"wp-block-column is-layout-flow wp-block-column-is-layout-flow\">\n<figure class=\"wp-block-image size-large\"><img loading=\"lazy\" decoding=\"async\" width=\"1024\" height=\"768\" src=\"https:\/\/villagesaintjoseph.org\/sycomore\/wp-content\/uploads\/sites\/5\/2022\/01\/IMG_8828-1024x768.jpeg\" alt=\"\" class=\"wp-image-263\" srcset=\"https:\/\/villagesaintjoseph.org\/sycomore\/wp-content\/uploads\/sites\/5\/2022\/01\/IMG_8828-1024x768.jpeg 1024w, https:\/\/villagesaintjoseph.org\/sycomore\/wp-content\/uploads\/sites\/5\/2022\/01\/IMG_8828-300x225.jpeg 300w, https:\/\/villagesaintjoseph.org\/sycomore\/wp-content\/uploads\/sites\/5\/2022\/01\/IMG_8828-768x576.jpeg 768w, https:\/\/villagesaintjoseph.org\/sycomore\/wp-content\/uploads\/sites\/5\/2022\/01\/IMG_8828-1536x1152.jpeg 1536w, https:\/\/villagesaintjoseph.org\/sycomore\/wp-content\/uploads\/sites\/5\/2022\/01\/IMG_8828-2048x1536.jpeg 2048w, https:\/\/villagesaintjoseph.org\/sycomore\/wp-content\/uploads\/sites\/5\/2022\/01\/IMG_8828-1600x1200.jpeg 1600w, https:\/\/villagesaintjoseph.org\/sycomore\/wp-content\/uploads\/sites\/5\/2022\/01\/IMG_8828-1400x1050.jpeg 1400w\" sizes=\"auto, (max-width: 1024px) 100vw, 1024px\" \/><\/figure>\n<\/div>\n\n\n\n<div class=\"wp-block-column is-layout-flow wp-block-column-is-layout-flow\">\n<figure class=\"wp-block-image size-large\"><img loading=\"lazy\" decoding=\"async\" width=\"1024\" height=\"768\" src=\"https:\/\/villagesaintjoseph.org\/sycomore\/wp-content\/uploads\/sites\/5\/2022\/01\/IMG_7496-1024x768.jpeg\" alt=\"\" class=\"wp-image-302\" srcset=\"https:\/\/villagesaintjoseph.org\/sycomore\/wp-content\/uploads\/sites\/5\/2022\/01\/IMG_7496-1024x768.jpeg 1024w, https:\/\/villagesaintjoseph.org\/sycomore\/wp-content\/uploads\/sites\/5\/2022\/01\/IMG_7496-300x225.jpeg 300w, https:\/\/villagesaintjoseph.org\/sycomore\/wp-content\/uploads\/sites\/5\/2022\/01\/IMG_7496-768x576.jpeg 768w, https:\/\/villagesaintjoseph.org\/sycomore\/wp-content\/uploads\/sites\/5\/2022\/01\/IMG_7496-1536x1152.jpeg 1536w, https:\/\/villagesaintjoseph.org\/sycomore\/wp-content\/uploads\/sites\/5\/2022\/01\/IMG_7496-2048x1536.jpeg 2048w, https:\/\/villagesaintjoseph.org\/sycomore\/wp-content\/uploads\/sites\/5\/2022\/01\/IMG_7496-1600x1200.jpeg 1600w, https:\/\/villagesaintjoseph.org\/sycomore\/wp-content\/uploads\/sites\/5\/2022\/01\/IMG_7496-1400x1050.jpeg 1400w\" sizes=\"auto, (max-width: 1024px) 100vw, 1024px\" \/><\/figure>\n<\/div>\n<\/div>\n\n\n\n<h2 class=\"wp-block-heading\">Les activit\u00e9s en ext\u00e9rieur <\/h2>\n\n\n\n<p>Le <strong>jardin<\/strong> nous offre aussi un grand nombre d&rsquo;activit\u00e9s : jardinage, soin des animaux, b\u00fbcheronnage.<\/p>\n\n\n\n<div class=\"wp-block-image\"><figure class=\"aligncenter size-large\"><img loading=\"lazy\" decoding=\"async\" width=\"1024\" height=\"576\" src=\"https:\/\/villagesaintjoseph.org\/sycomore\/wp-content\/uploads\/sites\/5\/2022\/01\/DJI_0058-1024x576.jpg\" alt=\"\" class=\"wp-image-265\" srcset=\"https:\/\/villagesaintjoseph.org\/sycomore\/wp-content\/uploads\/sites\/5\/2022\/01\/DJI_0058-1024x576.jpg 1024w, https:\/\/villagesaintjoseph.org\/sycomore\/wp-content\/uploads\/sites\/5\/2022\/01\/DJI_0058-300x169.jpg 300w, https:\/\/villagesaintjoseph.org\/sycomore\/wp-content\/uploads\/sites\/5\/2022\/01\/DJI_0058-768x432.jpg 768w, https:\/\/villagesaintjoseph.org\/sycomore\/wp-content\/uploads\/sites\/5\/2022\/01\/DJI_0058-1536x864.jpg 1536w, https:\/\/villagesaintjoseph.org\/sycomore\/wp-content\/uploads\/sites\/5\/2022\/01\/DJI_0058-2048x1152.jpg 2048w, https:\/\/villagesaintjoseph.org\/sycomore\/wp-content\/uploads\/sites\/5\/2022\/01\/DJI_0058-1600x900.jpg 1600w, https:\/\/villagesaintjoseph.org\/sycomore\/wp-content\/uploads\/sites\/5\/2022\/01\/DJI_0058-1400x788.jpg 1400w\" sizes=\"auto, (max-width: 1024px) 100vw, 1024px\" \/><\/figure><\/div>\n","protected":false},"excerpt":{"rendered":"<p>Les activit\u00e9s en int\u00e9rieur Nous ne manquons pas d&rsquo;activit\u00e9s manuelles \u00e0 la Maison du Sycomore : mosa\u00efque, cuir, crochet, tissage, fabrication de chapelets, pyrogravure, cuisine, t\u00e2ches m\u00e9nag\u00e8res quotidiennes. Nous avons \u00e9galement un atelier menuiserie qui nous permet de fabriquer des bancs de pri\u00e8re et les planches servant de base \u00e0 nos mosa\u00efques et pyrogravures. Cet [&hellip;]<\/p>\n","protected":false},"author":12,"featured_media":404,"parent":185,"menu_order":4,"comment_status":"closed","ping_status":"closed","template":"","meta":{"inline_featured_image":false,"footnotes":""},"class_list":["post-205","page","type-page","status-publish","has-post-thumbnail","hentry"],"acf":[],"yoast_head":"<!-- This site is optimized with the Yoast SEO plugin v27.4 - https:\/\/yoast.com\/product\/yoast-seo-wordpress\/ -->\n<title>Les activit\u00e9s du Sycomore - Maison Le Sycomore<\/title>\n<meta name=\"description\" content=\"Les activit\u00e9s en int\u00e9rieur Nous ne manquons pas d&#039;activit\u00e9s manuelles \u00e0 la Maison du Sycomore : mosa\u00efque, cuir, crochet, tissage, fabrication de\" \/>\n<meta name=\"robots\" content=\"index, follow, max-snippet:-1, max-image-preview:large, max-video-preview:-1\" \/>\n<link rel=\"canonical\" href=\"https:\/\/villagesaintjoseph.org\/sycomore\/la-maison-le-sycomore-2\/les-activites-du-sycomore\/\" \/>\n<meta property=\"og:locale\" content=\"fr_FR\" \/>\n<meta property=\"og:type\" content=\"article\" \/>\n<meta property=\"og:title\" content=\"Les activit\u00e9s du Sycomore - Maison Le Sycomore\" \/>\n<meta property=\"og:description\" content=\"Les activit\u00e9s en int\u00e9rieur Nous ne manquons pas d&#039;activit\u00e9s manuelles \u00e0 la Maison du Sycomore : mosa\u00efque, cuir, crochet, tissage, fabrication de\" \/>\n<meta property=\"og:url\" content=\"https:\/\/villagesaintjoseph.org\/sycomore\/la-maison-le-sycomore-2\/les-activites-du-sycomore\/\" \/>\n<meta property=\"og:site_name\" content=\"Maison Le Sycomore\" \/>\n<meta property=\"article:modified_time\" content=\"2022-01-26T09:01:09+00:00\" \/>\n<meta property=\"og:image\" content=\"https:\/\/villagesaintjoseph.org\/sycomore\/wp-content\/uploads\/sites\/5\/2022\/01\/IMG_5783-scaled-e1643042414715.jpg\" \/>\n\t<meta property=\"og:image:width\" content=\"1707\" \/>\n\t<meta property=\"og:image:height\" content=\"2560\" \/>\n\t<meta property=\"og:image:type\" content=\"image\/jpeg\" \/>\n<meta name=\"twitter:card\" content=\"summary_large_image\" \/>\n<meta name=\"twitter:label1\" content=\"Dur\u00e9e de lecture estim\u00e9e\" \/>\n\t<meta name=\"twitter:data1\" content=\"2 minutes\" \/>\n<script type=\"application\/ld+json\" class=\"yoast-schema-graph\">{\"@context\":\"https:\\\/\\\/schema.org\",\"@graph\":[{\"@type\":\"WebPage\",\"@id\":\"https:\\\/\\\/villagesaintjoseph.org\\\/sycomore\\\/la-maison-le-sycomore-2\\\/les-activites-du-sycomore\\\/\",\"url\":\"https:\\\/\\\/villagesaintjoseph.org\\\/sycomore\\\/la-maison-le-sycomore-2\\\/les-activites-du-sycomore\\\/\",\"name\":\"Les activit\u00e9s du Sycomore - Maison Le Sycomore\",\"isPartOf\":{\"@id\":\"https:\\\/\\\/villagesaintjoseph.org\\\/sycomore\\\/#website\"},\"primaryImageOfPage\":{\"@id\":\"https:\\\/\\\/villagesaintjoseph.org\\\/sycomore\\\/la-maison-le-sycomore-2\\\/les-activites-du-sycomore\\\/#primaryimage\"},\"image\":{\"@id\":\"https:\\\/\\\/villagesaintjoseph.org\\\/sycomore\\\/la-maison-le-sycomore-2\\\/les-activites-du-sycomore\\\/#primaryimage\"},\"thumbnailUrl\":\"https:\\\/\\\/villagesaintjoseph.org\\\/sycomore\\\/wp-content\\\/uploads\\\/sites\\\/5\\\/2022\\\/01\\\/IMG_5783-scaled-e1643042414715.jpg\",\"datePublished\":\"2022-01-20T09:11:05+00:00\",\"dateModified\":\"2022-01-26T09:01:09+00:00\",\"description\":\"Les activit\u00e9s en int\u00e9rieur Nous ne manquons pas d'activit\u00e9s manuelles \u00e0 la Maison du Sycomore : mosa\u00efque, cuir, crochet, tissage, fabrication de\",\"breadcrumb\":{\"@id\":\"https:\\\/\\\/villagesaintjoseph.org\\\/sycomore\\\/la-maison-le-sycomore-2\\\/les-activites-du-sycomore\\\/#breadcrumb\"},\"inLanguage\":\"fr-FR\",\"potentialAction\":[{\"@type\":\"ReadAction\",\"target\":[\"https:\\\/\\\/villagesaintjoseph.org\\\/sycomore\\\/la-maison-le-sycomore-2\\\/les-activites-du-sycomore\\\/\"]}]},{\"@type\":\"ImageObject\",\"inLanguage\":\"fr-FR\",\"@id\":\"https:\\\/\\\/villagesaintjoseph.org\\\/sycomore\\\/la-maison-le-sycomore-2\\\/les-activites-du-sycomore\\\/#primaryimage\",\"url\":\"https:\\\/\\\/villagesaintjoseph.org\\\/sycomore\\\/wp-content\\\/uploads\\\/sites\\\/5\\\/2022\\\/01\\\/IMG_5783-scaled-e1643042414715.jpg\",\"contentUrl\":\"https:\\\/\\\/villagesaintjoseph.org\\\/sycomore\\\/wp-content\\\/uploads\\\/sites\\\/5\\\/2022\\\/01\\\/IMG_5783-scaled-e1643042414715.jpg\",\"width\":1707,\"height\":2560},{\"@type\":\"BreadcrumbList\",\"@id\":\"https:\\\/\\\/villagesaintjoseph.org\\\/sycomore\\\/la-maison-le-sycomore-2\\\/les-activites-du-sycomore\\\/#breadcrumb\",\"itemListElement\":[{\"@type\":\"ListItem\",\"position\":1,\"name\":\"Accueil\",\"item\":\"https:\\\/\\\/villagesaintjoseph.org\\\/sycomore\\\/\"},{\"@type\":\"ListItem\",\"position\":2,\"name\":\"La Maison Le Sycomore\",\"item\":\"https:\\\/\\\/villagesaintjoseph.org\\\/sycomore\\\/la-maison-le-sycomore-2\\\/\"},{\"@type\":\"ListItem\",\"position\":3,\"name\":\"Les activit\u00e9s du Sycomore\"}]},{\"@type\":\"WebSite\",\"@id\":\"https:\\\/\\\/villagesaintjoseph.org\\\/sycomore\\\/#website\",\"url\":\"https:\\\/\\\/villagesaintjoseph.org\\\/sycomore\\\/\",\"name\":\"Maison Le Sycomore\",\"description\":\"\",\"potentialAction\":[{\"@type\":\"SearchAction\",\"target\":{\"@type\":\"EntryPoint\",\"urlTemplate\":\"https:\\\/\\\/villagesaintjoseph.org\\\/sycomore\\\/?s={search_term_string}\"},\"query-input\":{\"@type\":\"PropertyValueSpecification\",\"valueRequired\":true,\"valueName\":\"search_term_string\"}}],\"inLanguage\":\"fr-FR\"}]}<\/script>\n<!-- \/ Yoast SEO plugin. -->","yoast_head_json":{"title":"Les activit\u00e9s du Sycomore - Maison Le Sycomore","description":"Les activit\u00e9s en int\u00e9rieur Nous ne manquons pas d'activit\u00e9s manuelles \u00e0 la Maison du Sycomore : mosa\u00efque, cuir, crochet, tissage, fabrication de","robots":{"index":"index","follow":"follow","max-snippet":"max-snippet:-1","max-image-preview":"max-image-preview:large","max-video-preview":"max-video-preview:-1"},"canonical":"https:\/\/villagesaintjoseph.org\/sycomore\/la-maison-le-sycomore-2\/les-activites-du-sycomore\/","og_locale":"fr_FR","og_type":"article","og_title":"Les activit\u00e9s du Sycomore - Maison Le Sycomore","og_description":"Les activit\u00e9s en int\u00e9rieur Nous ne manquons pas d'activit\u00e9s manuelles \u00e0 la Maison du Sycomore : mosa\u00efque, cuir, crochet, tissage, fabrication de","og_url":"https:\/\/villagesaintjoseph.org\/sycomore\/la-maison-le-sycomore-2\/les-activites-du-sycomore\/","og_site_name":"Maison Le Sycomore","article_modified_time":"2022-01-26T09:01:09+00:00","og_image":[{"width":1707,"height":2560,"url":"https:\/\/villagesaintjoseph.org\/sycomore\/wp-content\/uploads\/sites\/5\/2022\/01\/IMG_5783-scaled-e1643042414715.jpg","type":"image\/jpeg"}],"twitter_card":"summary_large_image","twitter_misc":{"Dur\u00e9e de lecture estim\u00e9e":"2 minutes"},"schema":{"@context":"https:\/\/schema.org","@graph":[{"@type":"WebPage","@id":"https:\/\/villagesaintjoseph.org\/sycomore\/la-maison-le-sycomore-2\/les-activites-du-sycomore\/","url":"https:\/\/villagesaintjoseph.org\/sycomore\/la-maison-le-sycomore-2\/les-activites-du-sycomore\/","name":"Les activit\u00e9s du Sycomore - Maison Le Sycomore","isPartOf":{"@id":"https:\/\/villagesaintjoseph.org\/sycomore\/#website"},"primaryImageOfPage":{"@id":"https:\/\/villagesaintjoseph.org\/sycomore\/la-maison-le-sycomore-2\/les-activites-du-sycomore\/#primaryimage"},"image":{"@id":"https:\/\/villagesaintjoseph.org\/sycomore\/la-maison-le-sycomore-2\/les-activites-du-sycomore\/#primaryimage"},"thumbnailUrl":"https:\/\/villagesaintjoseph.org\/sycomore\/wp-content\/uploads\/sites\/5\/2022\/01\/IMG_5783-scaled-e1643042414715.jpg","datePublished":"2022-01-20T09:11:05+00:00","dateModified":"2022-01-26T09:01:09+00:00","description":"Les activit\u00e9s en int\u00e9rieur Nous ne manquons pas d'activit\u00e9s manuelles \u00e0 la Maison du Sycomore : mosa\u00efque, cuir, crochet, tissage, fabrication de","breadcrumb":{"@id":"https:\/\/villagesaintjoseph.org\/sycomore\/la-maison-le-sycomore-2\/les-activites-du-sycomore\/#breadcrumb"},"inLanguage":"fr-FR","potentialAction":[{"@type":"ReadAction","target":["https:\/\/villagesaintjoseph.org\/sycomore\/la-maison-le-sycomore-2\/les-activites-du-sycomore\/"]}]},{"@type":"ImageObject","inLanguage":"fr-FR","@id":"https:\/\/villagesaintjoseph.org\/sycomore\/la-maison-le-sycomore-2\/les-activites-du-sycomore\/#primaryimage","url":"https:\/\/villagesaintjoseph.org\/sycomore\/wp-content\/uploads\/sites\/5\/2022\/01\/IMG_5783-scaled-e1643042414715.jpg","contentUrl":"https:\/\/villagesaintjoseph.org\/sycomore\/wp-content\/uploads\/sites\/5\/2022\/01\/IMG_5783-scaled-e1643042414715.jpg","width":1707,"height":2560},{"@type":"BreadcrumbList","@id":"https:\/\/villagesaintjoseph.org\/sycomore\/la-maison-le-sycomore-2\/les-activites-du-sycomore\/#breadcrumb","itemListElement":[{"@type":"ListItem","position":1,"name":"Accueil","item":"https:\/\/villagesaintjoseph.org\/sycomore\/"},{"@type":"ListItem","position":2,"name":"La Maison Le Sycomore","item":"https:\/\/villagesaintjoseph.org\/sycomore\/la-maison-le-sycomore-2\/"},{"@type":"ListItem","position":3,"name":"Les activit\u00e9s du Sycomore"}]},{"@type":"WebSite","@id":"https:\/\/villagesaintjoseph.org\/sycomore\/#website","url":"https:\/\/villagesaintjoseph.org\/sycomore\/","name":"Maison Le Sycomore","description":"","potentialAction":[{"@type":"SearchAction","target":{"@type":"EntryPoint","urlTemplate":"https:\/\/villagesaintjoseph.org\/sycomore\/?s={search_term_string}"},"query-input":{"@type":"PropertyValueSpecification","valueRequired":true,"valueName":"search_term_string"}}],"inLanguage":"fr-FR"}]}},"_links":{"self":[{"href":"https:\/\/villagesaintjoseph.org\/sycomore\/wp-json\/wp\/v2\/pages\/205","targetHints":{"allow":["GET"]}}],"collection":[{"href":"https:\/\/villagesaintjoseph.org\/sycomore\/wp-json\/wp\/v2\/pages"}],"about":[{"href":"https:\/\/villagesaintjoseph.org\/sycomore\/wp-json\/wp\/v2\/types\/page"}],"author":[{"embeddable":true,"href":"https:\/\/villagesaintjoseph.org\/sycomore\/wp-json\/wp\/v2\/users\/12"}],"replies":[{"embeddable":true,"href":"https:\/\/villagesaintjoseph.org\/sycomore\/wp-json\/wp\/v2\/comments?post=205"}],"version-history":[{"count":8,"href":"https:\/\/villagesaintjoseph.org\/sycomore\/wp-json\/wp\/v2\/pages\/205\/revisions"}],"predecessor-version":[{"id":414,"href":"https:\/\/villagesaintjoseph.org\/sycomore\/wp-json\/wp\/v2\/pages\/205\/revisions\/414"}],"up":[{"embeddable":true,"href":"https:\/\/villagesaintjoseph.org\/sycomore\/wp-json\/wp\/v2\/pages\/185"}],"wp:featuredmedia":[{"embeddable":true,"href":"https:\/\/villagesaintjoseph.org\/sycomore\/wp-json\/wp\/v2\/media\/404"}],"wp:attachment":[{"href":"https:\/\/villagesaintjoseph.org\/sycomore\/wp-json\/wp\/v2\/media?parent=205"}],"curies":[{"name":"wp","href":"https:\/\/api.w.org\/{rel}","templated":true}]}}