{"id":40,"date":"2021-05-03T09:47:28","date_gmt":"2021-05-03T07:47:28","guid":{"rendered":"https:\/\/sycomore.stjoseph.ovh\/?page_id=40"},"modified":"2024-02-13T16:19:06","modified_gmt":"2024-02-13T15:19:06","slug":"organisation","status":"publish","type":"page","link":"https:\/\/villagesaintjoseph.org\/sycomore\/la-maison-le-sycomore-2\/organisation\/","title":{"rendered":"Une journ\u00e9e au Sycomore"},"content":{"rendered":"\n<h2 class=\"wp-block-heading\">Une journ\u00e9e \u00e0 la Maison \u00ab\u00a0Le Sycomore\u00a0\u00bb <\/h2>\n\n\n\n<p>Les journ\u00e9es au Sycomore sont rythm\u00e9es par les temps de pri\u00e8re, les activit\u00e9s et les temps fraternels. Les b\u00e9n\u00e9voles, les amis de passage et les visiteurs, par leur pr\u00e9sence et leurs visitent rendent chaque journ\u00e9e unique. <\/p>\n\n\n\n<h3 class=\"wp-block-heading\">Une journ\u00e9e type : <\/h3>\n\n\n\n<p>8h : Partage de la Parole<\/p>\n\n\n\n<p>8h30 : Messe (pour ceux qui le souhaitent)<\/p>\n\n\n\n<p>9h : R\u00e9partition des t\u00e2ches et lancement des activit\u00e9s<\/p>\n\n\n\n<p>12h15 : D\u00e9jeuner <\/p>\n\n\n\n<p>13h15 : Chapelet (pour ceux qui le souhaitent), puis pause<\/p>\n\n\n\n<p>15h : Reprise des activit\u00e9s<\/p>\n\n\n\n<p>18h : Fin des activit\u00e9s et heure d&rsquo;adoration (pour ceux qui le souhaitent)<\/p>\n\n\n\n<p>19h15 : D\u00eener<\/p>\n\n\n\n<h3 class=\"wp-block-heading\">Autres propositions r\u00e9guli\u00e8res :<\/h3>\n\n\n\n<p>Le samedi soir, c&rsquo;est soir\u00e9e festive avec film ou jeux de soci\u00e9t\u00e9 ! Chaque premier mardi du mois, une veill\u00e9e de louange et d&rsquo;adoration est \u00e9galement propos\u00e9e.<\/p>\n\n\n\n<div class=\"wp-block-columns is-layout-flex wp-container-core-columns-is-layout-28f84493 wp-block-columns-is-layout-flex\">\n<div class=\"wp-block-column is-layout-flow wp-block-column-is-layout-flow\">\n<figure class=\"wp-block-image size-large\"><img loading=\"lazy\" decoding=\"async\" width=\"1024\" height=\"768\" src=\"https:\/\/villagesaintjoseph.org\/sycomore\/wp-content\/uploads\/sites\/5\/2024\/02\/Carrousel-Site-Internet-Fevrier-2024-2-1024x768.png\" alt=\"\" class=\"wp-image-769\" srcset=\"https:\/\/villagesaintjoseph.org\/sycomore\/wp-content\/uploads\/sites\/5\/2024\/02\/Carrousel-Site-Internet-Fevrier-2024-2-1024x768.png 1024w, https:\/\/villagesaintjoseph.org\/sycomore\/wp-content\/uploads\/sites\/5\/2024\/02\/Carrousel-Site-Internet-Fevrier-2024-2-300x225.png 300w, https:\/\/villagesaintjoseph.org\/sycomore\/wp-content\/uploads\/sites\/5\/2024\/02\/Carrousel-Site-Internet-Fevrier-2024-2-768x576.png 768w, https:\/\/villagesaintjoseph.org\/sycomore\/wp-content\/uploads\/sites\/5\/2024\/02\/Carrousel-Site-Internet-Fevrier-2024-2-1536x1152.png 1536w, https:\/\/villagesaintjoseph.org\/sycomore\/wp-content\/uploads\/sites\/5\/2024\/02\/Carrousel-Site-Internet-Fevrier-2024-2-2048x1536.png 2048w, https:\/\/villagesaintjoseph.org\/sycomore\/wp-content\/uploads\/sites\/5\/2024\/02\/Carrousel-Site-Internet-Fevrier-2024-2-50x38.png 50w, https:\/\/villagesaintjoseph.org\/sycomore\/wp-content\/uploads\/sites\/5\/2024\/02\/Carrousel-Site-Internet-Fevrier-2024-2-1600x1200.png 1600w, https:\/\/villagesaintjoseph.org\/sycomore\/wp-content\/uploads\/sites\/5\/2024\/02\/Carrousel-Site-Internet-Fevrier-2024-2-1400x1050.png 1400w\" sizes=\"auto, (max-width: 1024px) 100vw, 1024px\" \/><\/figure>\n<\/div>\n\n\n\n<div class=\"wp-block-column is-layout-flow wp-block-column-is-layout-flow\">\n<figure class=\"wp-block-image size-large\"><img loading=\"lazy\" decoding=\"async\" width=\"1024\" height=\"768\" src=\"https:\/\/villagesaintjoseph.org\/sycomore\/wp-content\/uploads\/sites\/5\/2022\/01\/DSC05383-1024x768.jpg\" alt=\"\" class=\"wp-image-277\" srcset=\"https:\/\/villagesaintjoseph.org\/sycomore\/wp-content\/uploads\/sites\/5\/2022\/01\/DSC05383-1024x768.jpg 1024w, https:\/\/villagesaintjoseph.org\/sycomore\/wp-content\/uploads\/sites\/5\/2022\/01\/DSC05383-300x225.jpg 300w, https:\/\/villagesaintjoseph.org\/sycomore\/wp-content\/uploads\/sites\/5\/2022\/01\/DSC05383-768x576.jpg 768w, https:\/\/villagesaintjoseph.org\/sycomore\/wp-content\/uploads\/sites\/5\/2022\/01\/DSC05383-1536x1152.jpg 1536w, https:\/\/villagesaintjoseph.org\/sycomore\/wp-content\/uploads\/sites\/5\/2022\/01\/DSC05383-2048x1536.jpg 2048w, https:\/\/villagesaintjoseph.org\/sycomore\/wp-content\/uploads\/sites\/5\/2022\/01\/DSC05383-1600x1200.jpg 1600w, https:\/\/villagesaintjoseph.org\/sycomore\/wp-content\/uploads\/sites\/5\/2022\/01\/DSC05383-1400x1050.jpg 1400w\" sizes=\"auto, (max-width: 1024px) 100vw, 1024px\" \/><\/figure>\n<\/div>\n\n\n\n<div class=\"wp-block-column is-layout-flow wp-block-column-is-layout-flow\">\n<figure class=\"wp-block-image size-large\"><img loading=\"lazy\" decoding=\"async\" width=\"1024\" height=\"768\" src=\"https:\/\/villagesaintjoseph.org\/sycomore\/wp-content\/uploads\/sites\/5\/2022\/01\/IMG_6162-1024x768.jpeg\" alt=\"\" class=\"wp-image-301\" srcset=\"https:\/\/villagesaintjoseph.org\/sycomore\/wp-content\/uploads\/sites\/5\/2022\/01\/IMG_6162-1024x768.jpeg 1024w, https:\/\/villagesaintjoseph.org\/sycomore\/wp-content\/uploads\/sites\/5\/2022\/01\/IMG_6162-300x225.jpeg 300w, https:\/\/villagesaintjoseph.org\/sycomore\/wp-content\/uploads\/sites\/5\/2022\/01\/IMG_6162-768x576.jpeg 768w, https:\/\/villagesaintjoseph.org\/sycomore\/wp-content\/uploads\/sites\/5\/2022\/01\/IMG_6162-1536x1152.jpeg 1536w, https:\/\/villagesaintjoseph.org\/sycomore\/wp-content\/uploads\/sites\/5\/2022\/01\/IMG_6162-2048x1536.jpeg 2048w, https:\/\/villagesaintjoseph.org\/sycomore\/wp-content\/uploads\/sites\/5\/2022\/01\/IMG_6162-1600x1200.jpeg 1600w, https:\/\/villagesaintjoseph.org\/sycomore\/wp-content\/uploads\/sites\/5\/2022\/01\/IMG_6162-1400x1050.jpeg 1400w\" sizes=\"auto, (max-width: 1024px) 100vw, 1024px\" \/><\/figure>\n<\/div>\n<\/div>\n\n\n\n<div style=\"height:100px\" aria-hidden=\"true\" class=\"wp-block-spacer\"><\/div>\n\n\n<section class=\"grille-enfants grid-x grid-container grid-margin-x align-center\">\n\n        \n                <a href=\"https:\/\/villagesaintjoseph.org\/les-3-piliers\/\" class=\" grille-enfants__item cell large-4 medium-6 small-12\">\n                    <img loading=\"lazy\" decoding=\"async\" width=\"500\" height=\"250\" src=\"https:\/\/villagesaintjoseph.org\/sycomore\/wp-content\/uploads\/sites\/5\/2022\/01\/saint-joseph-gea8d4cacf_1920-500x250.jpg\" class=\"attachment-miniature_medium size-miniature_medium\" alt=\"\" \/>                    <p class=\"grille-enfants__item__title\">Les trois piliers<\/p>\n                                     <\/a>  \n\n          \n\n    <\/section> \n \n","protected":false},"excerpt":{"rendered":"<p>Une journ\u00e9e \u00e0 la Maison \u00ab\u00a0Le Sycomore\u00a0\u00bb Les journ\u00e9es au Sycomore sont rythm\u00e9es par les temps de pri\u00e8re, les activit\u00e9s et les temps fraternels. Les b\u00e9n\u00e9voles, les amis de passage et les visiteurs, par leur pr\u00e9sence et leurs visitent rendent chaque journ\u00e9e unique. Une journ\u00e9e type : 8h : Partage de la Parole 8h30 : [&hellip;]<\/p>\n","protected":false},"author":1,"featured_media":298,"parent":185,"menu_order":8,"comment_status":"closed","ping_status":"closed","template":"","meta":{"inline_featured_image":false,"footnotes":""},"class_list":["post-40","page","type-page","status-publish","has-post-thumbnail","hentry"],"acf":[],"yoast_head":"<!-- This site is optimized with the Yoast SEO plugin v27.4 - https:\/\/yoast.com\/product\/yoast-seo-wordpress\/ -->\n<title>Une journ\u00e9e au Sycomore - Maison Le Sycomore<\/title>\n<meta name=\"description\" content=\"Une journ\u00e9e \u00e0 la Maison &quot;Le Sycomore&quot; Les journ\u00e9es au Sycomore sont rythm\u00e9es par les temps de pri\u00e8re, les activit\u00e9s et les temps fraternels. Les\" \/>\n<meta name=\"robots\" content=\"index, follow, max-snippet:-1, max-image-preview:large, max-video-preview:-1\" \/>\n<link rel=\"canonical\" href=\"https:\/\/villagesaintjoseph.org\/sycomore\/la-maison-le-sycomore-2\/organisation\/\" \/>\n<meta property=\"og:locale\" content=\"fr_FR\" \/>\n<meta property=\"og:type\" content=\"article\" \/>\n<meta property=\"og:title\" content=\"Une journ\u00e9e au Sycomore - Maison Le Sycomore\" \/>\n<meta property=\"og:description\" content=\"Une journ\u00e9e \u00e0 la Maison &quot;Le Sycomore&quot; Les journ\u00e9es au Sycomore sont rythm\u00e9es par les temps de pri\u00e8re, les activit\u00e9s et les temps fraternels. Les\" \/>\n<meta property=\"og:url\" content=\"https:\/\/villagesaintjoseph.org\/sycomore\/la-maison-le-sycomore-2\/organisation\/\" \/>\n<meta property=\"og:site_name\" content=\"Maison Le Sycomore\" \/>\n<meta property=\"article:modified_time\" content=\"2024-02-13T15:19:06+00:00\" \/>\n<meta property=\"og:image\" content=\"https:\/\/villagesaintjoseph.org\/sycomore\/wp-content\/uploads\/sites\/5\/2022\/01\/IMG_1033-scaled.jpg\" \/>\n\t<meta property=\"og:image:width\" content=\"2560\" \/>\n\t<meta property=\"og:image:height\" content=\"1707\" \/>\n\t<meta property=\"og:image:type\" content=\"image\/jpeg\" \/>\n<meta name=\"twitter:card\" content=\"summary_large_image\" \/>\n<meta name=\"twitter:label1\" content=\"Dur\u00e9e de lecture estim\u00e9e\" \/>\n\t<meta name=\"twitter:data1\" content=\"1 minute\" \/>\n<script type=\"application\/ld+json\" class=\"yoast-schema-graph\">{\"@context\":\"https:\\\/\\\/schema.org\",\"@graph\":[{\"@type\":\"WebPage\",\"@id\":\"https:\\\/\\\/villagesaintjoseph.org\\\/sycomore\\\/la-maison-le-sycomore-2\\\/organisation\\\/\",\"url\":\"https:\\\/\\\/villagesaintjoseph.org\\\/sycomore\\\/la-maison-le-sycomore-2\\\/organisation\\\/\",\"name\":\"Une journ\u00e9e au Sycomore - Maison Le Sycomore\",\"isPartOf\":{\"@id\":\"https:\\\/\\\/villagesaintjoseph.org\\\/sycomore\\\/#website\"},\"primaryImageOfPage\":{\"@id\":\"https:\\\/\\\/villagesaintjoseph.org\\\/sycomore\\\/la-maison-le-sycomore-2\\\/organisation\\\/#primaryimage\"},\"image\":{\"@id\":\"https:\\\/\\\/villagesaintjoseph.org\\\/sycomore\\\/la-maison-le-sycomore-2\\\/organisation\\\/#primaryimage\"},\"thumbnailUrl\":\"https:\\\/\\\/villagesaintjoseph.org\\\/sycomore\\\/wp-content\\\/uploads\\\/sites\\\/5\\\/2022\\\/01\\\/IMG_1033-scaled.jpg\",\"datePublished\":\"2021-05-03T07:47:28+00:00\",\"dateModified\":\"2024-02-13T15:19:06+00:00\",\"description\":\"Une journ\u00e9e \u00e0 la Maison \\\"Le Sycomore\\\" Les journ\u00e9es au Sycomore sont rythm\u00e9es par les temps de pri\u00e8re, les activit\u00e9s et les temps fraternels. Les\",\"breadcrumb\":{\"@id\":\"https:\\\/\\\/villagesaintjoseph.org\\\/sycomore\\\/la-maison-le-sycomore-2\\\/organisation\\\/#breadcrumb\"},\"inLanguage\":\"fr-FR\",\"potentialAction\":[{\"@type\":\"ReadAction\",\"target\":[\"https:\\\/\\\/villagesaintjoseph.org\\\/sycomore\\\/la-maison-le-sycomore-2\\\/organisation\\\/\"]}]},{\"@type\":\"ImageObject\",\"inLanguage\":\"fr-FR\",\"@id\":\"https:\\\/\\\/villagesaintjoseph.org\\\/sycomore\\\/la-maison-le-sycomore-2\\\/organisation\\\/#primaryimage\",\"url\":\"https:\\\/\\\/villagesaintjoseph.org\\\/sycomore\\\/wp-content\\\/uploads\\\/sites\\\/5\\\/2022\\\/01\\\/IMG_1033-scaled.jpg\",\"contentUrl\":\"https:\\\/\\\/villagesaintjoseph.org\\\/sycomore\\\/wp-content\\\/uploads\\\/sites\\\/5\\\/2022\\\/01\\\/IMG_1033-scaled.jpg\",\"width\":2560,\"height\":1707},{\"@type\":\"BreadcrumbList\",\"@id\":\"https:\\\/\\\/villagesaintjoseph.org\\\/sycomore\\\/la-maison-le-sycomore-2\\\/organisation\\\/#breadcrumb\",\"itemListElement\":[{\"@type\":\"ListItem\",\"position\":1,\"name\":\"Accueil\",\"item\":\"https:\\\/\\\/villagesaintjoseph.org\\\/sycomore\\\/\"},{\"@type\":\"ListItem\",\"position\":2,\"name\":\"La Maison Le Sycomore\",\"item\":\"https:\\\/\\\/villagesaintjoseph.org\\\/sycomore\\\/la-maison-le-sycomore-2\\\/\"},{\"@type\":\"ListItem\",\"position\":3,\"name\":\"Une journ\u00e9e au Sycomore\"}]},{\"@type\":\"WebSite\",\"@id\":\"https:\\\/\\\/villagesaintjoseph.org\\\/sycomore\\\/#website\",\"url\":\"https:\\\/\\\/villagesaintjoseph.org\\\/sycomore\\\/\",\"name\":\"Maison Le Sycomore\",\"description\":\"\",\"potentialAction\":[{\"@type\":\"SearchAction\",\"target\":{\"@type\":\"EntryPoint\",\"urlTemplate\":\"https:\\\/\\\/villagesaintjoseph.org\\\/sycomore\\\/?s={search_term_string}\"},\"query-input\":{\"@type\":\"PropertyValueSpecification\",\"valueRequired\":true,\"valueName\":\"search_term_string\"}}],\"inLanguage\":\"fr-FR\"}]}<\/script>\n<!-- \/ Yoast SEO plugin. -->","yoast_head_json":{"title":"Une journ\u00e9e au Sycomore - Maison Le Sycomore","description":"Une journ\u00e9e \u00e0 la Maison \"Le Sycomore\" Les journ\u00e9es au Sycomore sont rythm\u00e9es par les temps de pri\u00e8re, les activit\u00e9s et les temps fraternels. Les","robots":{"index":"index","follow":"follow","max-snippet":"max-snippet:-1","max-image-preview":"max-image-preview:large","max-video-preview":"max-video-preview:-1"},"canonical":"https:\/\/villagesaintjoseph.org\/sycomore\/la-maison-le-sycomore-2\/organisation\/","og_locale":"fr_FR","og_type":"article","og_title":"Une journ\u00e9e au Sycomore - Maison Le Sycomore","og_description":"Une journ\u00e9e \u00e0 la Maison \"Le Sycomore\" Les journ\u00e9es au Sycomore sont rythm\u00e9es par les temps de pri\u00e8re, les activit\u00e9s et les temps fraternels. Les","og_url":"https:\/\/villagesaintjoseph.org\/sycomore\/la-maison-le-sycomore-2\/organisation\/","og_site_name":"Maison Le Sycomore","article_modified_time":"2024-02-13T15:19:06+00:00","og_image":[{"width":2560,"height":1707,"url":"https:\/\/villagesaintjoseph.org\/sycomore\/wp-content\/uploads\/sites\/5\/2022\/01\/IMG_1033-scaled.jpg","type":"image\/jpeg"}],"twitter_card":"summary_large_image","twitter_misc":{"Dur\u00e9e de lecture estim\u00e9e":"1 minute"},"schema":{"@context":"https:\/\/schema.org","@graph":[{"@type":"WebPage","@id":"https:\/\/villagesaintjoseph.org\/sycomore\/la-maison-le-sycomore-2\/organisation\/","url":"https:\/\/villagesaintjoseph.org\/sycomore\/la-maison-le-sycomore-2\/organisation\/","name":"Une journ\u00e9e au Sycomore - Maison Le Sycomore","isPartOf":{"@id":"https:\/\/villagesaintjoseph.org\/sycomore\/#website"},"primaryImageOfPage":{"@id":"https:\/\/villagesaintjoseph.org\/sycomore\/la-maison-le-sycomore-2\/organisation\/#primaryimage"},"image":{"@id":"https:\/\/villagesaintjoseph.org\/sycomore\/la-maison-le-sycomore-2\/organisation\/#primaryimage"},"thumbnailUrl":"https:\/\/villagesaintjoseph.org\/sycomore\/wp-content\/uploads\/sites\/5\/2022\/01\/IMG_1033-scaled.jpg","datePublished":"2021-05-03T07:47:28+00:00","dateModified":"2024-02-13T15:19:06+00:00","description":"Une journ\u00e9e \u00e0 la Maison \"Le Sycomore\" Les journ\u00e9es au Sycomore sont rythm\u00e9es par les temps de pri\u00e8re, les activit\u00e9s et les temps fraternels. Les","breadcrumb":{"@id":"https:\/\/villagesaintjoseph.org\/sycomore\/la-maison-le-sycomore-2\/organisation\/#breadcrumb"},"inLanguage":"fr-FR","potentialAction":[{"@type":"ReadAction","target":["https:\/\/villagesaintjoseph.org\/sycomore\/la-maison-le-sycomore-2\/organisation\/"]}]},{"@type":"ImageObject","inLanguage":"fr-FR","@id":"https:\/\/villagesaintjoseph.org\/sycomore\/la-maison-le-sycomore-2\/organisation\/#primaryimage","url":"https:\/\/villagesaintjoseph.org\/sycomore\/wp-content\/uploads\/sites\/5\/2022\/01\/IMG_1033-scaled.jpg","contentUrl":"https:\/\/villagesaintjoseph.org\/sycomore\/wp-content\/uploads\/sites\/5\/2022\/01\/IMG_1033-scaled.jpg","width":2560,"height":1707},{"@type":"BreadcrumbList","@id":"https:\/\/villagesaintjoseph.org\/sycomore\/la-maison-le-sycomore-2\/organisation\/#breadcrumb","itemListElement":[{"@type":"ListItem","position":1,"name":"Accueil","item":"https:\/\/villagesaintjoseph.org\/sycomore\/"},{"@type":"ListItem","position":2,"name":"La Maison Le Sycomore","item":"https:\/\/villagesaintjoseph.org\/sycomore\/la-maison-le-sycomore-2\/"},{"@type":"ListItem","position":3,"name":"Une journ\u00e9e au Sycomore"}]},{"@type":"WebSite","@id":"https:\/\/villagesaintjoseph.org\/sycomore\/#website","url":"https:\/\/villagesaintjoseph.org\/sycomore\/","name":"Maison Le Sycomore","description":"","potentialAction":[{"@type":"SearchAction","target":{"@type":"EntryPoint","urlTemplate":"https:\/\/villagesaintjoseph.org\/sycomore\/?s={search_term_string}"},"query-input":{"@type":"PropertyValueSpecification","valueRequired":true,"valueName":"search_term_string"}}],"inLanguage":"fr-FR"}]}},"_links":{"self":[{"href":"https:\/\/villagesaintjoseph.org\/sycomore\/wp-json\/wp\/v2\/pages\/40","targetHints":{"allow":["GET"]}}],"collection":[{"href":"https:\/\/villagesaintjoseph.org\/sycomore\/wp-json\/wp\/v2\/pages"}],"about":[{"href":"https:\/\/villagesaintjoseph.org\/sycomore\/wp-json\/wp\/v2\/types\/page"}],"author":[{"embeddable":true,"href":"https:\/\/villagesaintjoseph.org\/sycomore\/wp-json\/wp\/v2\/users\/1"}],"replies":[{"embeddable":true,"href":"https:\/\/villagesaintjoseph.org\/sycomore\/wp-json\/wp\/v2\/comments?post=40"}],"version-history":[{"count":21,"href":"https:\/\/villagesaintjoseph.org\/sycomore\/wp-json\/wp\/v2\/pages\/40\/revisions"}],"predecessor-version":[{"id":778,"href":"https:\/\/villagesaintjoseph.org\/sycomore\/wp-json\/wp\/v2\/pages\/40\/revisions\/778"}],"up":[{"embeddable":true,"href":"https:\/\/villagesaintjoseph.org\/sycomore\/wp-json\/wp\/v2\/pages\/185"}],"wp:featuredmedia":[{"embeddable":true,"href":"https:\/\/villagesaintjoseph.org\/sycomore\/wp-json\/wp\/v2\/media\/298"}],"wp:attachment":[{"href":"https:\/\/villagesaintjoseph.org\/sycomore\/wp-json\/wp\/v2\/media?parent=40"}],"curies":[{"name":"wp","href":"https:\/\/api.w.org\/{rel}","templated":true}]}}